{"id":1031,"date":"2026-01-15T13:09:51","date_gmt":"2026-01-15T10:09:51","guid":{"rendered":"https:\/\/22bet.spot\/albania\/?page_id=1031"},"modified":"2026-05-14T11:36:47","modified_gmt":"2026-05-14T08:36:47","slug":"promo-code","status":"publish","type":"page","link":"https:\/\/22bet.spot\/albania\/promo-code\/","title":{"rendered":"Kodi promovues"},"content":{"rendered":"","protected":false},"excerpt":{"rendered":"","protected":false},"author":1,"featured_media":0,"parent":0,"menu_order":0,"comment_status":"closed","ping_status":"closed","template":"","meta":{"_acf_changed":false,"footnotes":""},"class_list":["post-1031","page","type-page","status-publish","hentry"],"acf":[],"yoast_head":"<!-- This site is optimized with the Yoast SEO plugin v26.7 - https:\/\/yoast.com\/wordpress\/plugins\/seo\/ -->\n<title>Kodet promovuese t\u00eb 22Bet 2026 \u2014 Bonuse, rrotullime falas dhe kthim parash<\/title>\n<meta name=\"description\" content=\"M\u00ebsoni si t\u00eb p\u00ebrdorni kodet promocionale t\u00eb 22Bet \u2014 p\u00ebr t\u00eb zhbllokuar bonuse ekskluzive, rrotullime falas, rimbushje dhe cashback t\u00eb rritur. Aktivizoni kodet sekrete dhe p\u00ebrfitoni m\u00eb shum\u00eb nga loja!\" \/>\n<meta name=\"robots\" content=\"index, follow, max-snippet:-1, max-image-preview:large, max-video-preview:-1\" \/>\n<link rel=\"canonical\" href=\"https:\/\/22bet.spot\/albania\/promo-code\/\" \/>\n<meta property=\"og:locale\" content=\"sq_AL\" \/>\n<meta property=\"og:type\" content=\"article\" \/>\n<meta property=\"og:title\" content=\"Kodet promovuese t\u00eb 22Bet 2026 \u2014 Bonuse, rrotullime falas dhe kthim parash\" \/>\n<meta property=\"og:description\" content=\"M\u00ebsoni si t\u00eb p\u00ebrdorni kodet promocionale t\u00eb 22Bet \u2014 p\u00ebr t\u00eb zhbllokuar bonuse ekskluzive, rrotullime falas, rimbushje dhe cashback t\u00eb rritur. Aktivizoni kodet sekrete dhe p\u00ebrfitoni m\u00eb shum\u00eb nga loja!\" \/>\n<meta property=\"og:url\" content=\"https:\/\/22bet.spot\/albania\/promo-code\/\" \/>\n<meta property=\"og:site_name\" content=\"2bet Spot AL\" \/>\n<meta property=\"article:modified_time\" content=\"2026-05-14T08:36:47+00:00\" \/>\n<meta name=\"twitter:card\" content=\"summary_large_image\" \/>\n<script type=\"application\/ld+json\" class=\"yoast-schema-graph\">{\"@context\":\"https:\/\/schema.org\",\"@graph\":[{\"@type\":\"WebPage\",\"@id\":\"https:\/\/22bet.spot\/albania\/promo-code\/\",\"url\":\"https:\/\/22bet.spot\/albania\/promo-code\/\",\"name\":\"Kodet promovuese t\u00eb 22Bet 2026 \u2014 Bonuse, rrotullime falas dhe kthim parash\",\"isPartOf\":{\"@id\":\"https:\/\/22bet.spot\/albania\/#website\"},\"datePublished\":\"2026-01-15T10:09:51+00:00\",\"dateModified\":\"2026-05-14T08:36:47+00:00\",\"description\":\"M\u00ebsoni si t\u00eb p\u00ebrdorni kodet promocionale t\u00eb 22Bet \u2014 p\u00ebr t\u00eb zhbllokuar bonuse ekskluzive, rrotullime falas, rimbushje dhe cashback t\u00eb rritur. Aktivizoni kodet sekrete dhe p\u00ebrfitoni m\u00eb shum\u00eb nga loja!\",\"breadcrumb\":{\"@id\":\"https:\/\/22bet.spot\/albania\/promo-code\/#breadcrumb\"},\"inLanguage\":\"sq\",\"potentialAction\":[{\"@type\":\"ReadAction\",\"target\":[\"https:\/\/22bet.spot\/albania\/promo-code\/\"]}]},{\"@type\":\"BreadcrumbList\",\"@id\":\"https:\/\/22bet.spot\/albania\/promo-code\/#breadcrumb\",\"itemListElement\":[{\"@type\":\"ListItem\",\"position\":1,\"name\":\"Home\",\"item\":\"https:\/\/22bet.spot\/albania\/\"},{\"@type\":\"ListItem\",\"position\":2,\"name\":\"Kodi promovues\"}]},{\"@type\":\"WebSite\",\"@id\":\"https:\/\/22bet.spot\/albania\/#website\",\"url\":\"https:\/\/22bet.spot\/albania\/\",\"name\":\"2bet Spot AL\",\"description\":\"\",\"potentialAction\":[{\"@type\":\"SearchAction\",\"target\":{\"@type\":\"EntryPoint\",\"urlTemplate\":\"https:\/\/22bet.spot\/albania\/?s={search_term_string}\"},\"query-input\":{\"@type\":\"PropertyValueSpecification\",\"valueRequired\":true,\"valueName\":\"search_term_string\"}}],\"inLanguage\":\"sq\"}]}<\/script>\n<!-- \/ Yoast SEO plugin. -->","yoast_head_json":{"title":"Kodet promovuese t\u00eb 22Bet 2026 \u2014 Bonuse, rrotullime falas dhe kthim parash","description":"M\u00ebsoni si t\u00eb p\u00ebrdorni kodet promocionale t\u00eb 22Bet \u2014 p\u00ebr t\u00eb zhbllokuar bonuse ekskluzive, rrotullime falas, rimbushje dhe cashback t\u00eb rritur. Aktivizoni kodet sekrete dhe p\u00ebrfitoni m\u00eb shum\u00eb nga loja!","robots":{"index":"index","follow":"follow","max-snippet":"max-snippet:-1","max-image-preview":"max-image-preview:large","max-video-preview":"max-video-preview:-1"},"canonical":"https:\/\/22bet.spot\/albania\/promo-code\/","og_locale":"sq_AL","og_type":"article","og_title":"Kodet promovuese t\u00eb 22Bet 2026 \u2014 Bonuse, rrotullime falas dhe kthim parash","og_description":"M\u00ebsoni si t\u00eb p\u00ebrdorni kodet promocionale t\u00eb 22Bet \u2014 p\u00ebr t\u00eb zhbllokuar bonuse ekskluzive, rrotullime falas, rimbushje dhe cashback t\u00eb rritur. Aktivizoni kodet sekrete dhe p\u00ebrfitoni m\u00eb shum\u00eb nga loja!","og_url":"https:\/\/22bet.spot\/albania\/promo-code\/","og_site_name":"2bet Spot AL","article_modified_time":"2026-05-14T08:36:47+00:00","twitter_card":"summary_large_image","schema":{"@context":"https:\/\/schema.org","@graph":[{"@type":"WebPage","@id":"https:\/\/22bet.spot\/albania\/promo-code\/","url":"https:\/\/22bet.spot\/albania\/promo-code\/","name":"Kodet promovuese t\u00eb 22Bet 2026 \u2014 Bonuse, rrotullime falas dhe kthim parash","isPartOf":{"@id":"https:\/\/22bet.spot\/albania\/#website"},"datePublished":"2026-01-15T10:09:51+00:00","dateModified":"2026-05-14T08:36:47+00:00","description":"M\u00ebsoni si t\u00eb p\u00ebrdorni kodet promocionale t\u00eb 22Bet \u2014 p\u00ebr t\u00eb zhbllokuar bonuse ekskluzive, rrotullime falas, rimbushje dhe cashback t\u00eb rritur. Aktivizoni kodet sekrete dhe p\u00ebrfitoni m\u00eb shum\u00eb nga loja!","breadcrumb":{"@id":"https:\/\/22bet.spot\/albania\/promo-code\/#breadcrumb"},"inLanguage":"sq","potentialAction":[{"@type":"ReadAction","target":["https:\/\/22bet.spot\/albania\/promo-code\/"]}]},{"@type":"BreadcrumbList","@id":"https:\/\/22bet.spot\/albania\/promo-code\/#breadcrumb","itemListElement":[{"@type":"ListItem","position":1,"name":"Home","item":"https:\/\/22bet.spot\/albania\/"},{"@type":"ListItem","position":2,"name":"Kodi promovues"}]},{"@type":"WebSite","@id":"https:\/\/22bet.spot\/albania\/#website","url":"https:\/\/22bet.spot\/albania\/","name":"2bet Spot AL","description":"","potentialAction":[{"@type":"SearchAction","target":{"@type":"EntryPoint","urlTemplate":"https:\/\/22bet.spot\/albania\/?s={search_term_string}"},"query-input":{"@type":"PropertyValueSpecification","valueRequired":true,"valueName":"search_term_string"}}],"inLanguage":"sq"}]}},"_links":{"self":[{"href":"https:\/\/22bet.spot\/albania\/wp-json\/wp\/v2\/pages\/1031","targetHints":{"allow":["GET"]}}],"collection":[{"href":"https:\/\/22bet.spot\/albania\/wp-json\/wp\/v2\/pages"}],"about":[{"href":"https:\/\/22bet.spot\/albania\/wp-json\/wp\/v2\/types\/page"}],"author":[{"embeddable":true,"href":"https:\/\/22bet.spot\/albania\/wp-json\/wp\/v2\/users\/1"}],"replies":[{"embeddable":true,"href":"https:\/\/22bet.spot\/albania\/wp-json\/wp\/v2\/comments?post=1031"}],"version-history":[{"count":5,"href":"https:\/\/22bet.spot\/albania\/wp-json\/wp\/v2\/pages\/1031\/revisions"}],"predecessor-version":[{"id":1227,"href":"https:\/\/22bet.spot\/albania\/wp-json\/wp\/v2\/pages\/1031\/revisions\/1227"}],"wp:attachment":[{"href":"https:\/\/22bet.spot\/albania\/wp-json\/wp\/v2\/media?parent=1031"}],"curies":[{"name":"wp","href":"https:\/\/api.w.org\/{rel}","templated":true}]}}