{"id":1051,"date":"2026-01-15T18:48:14","date_gmt":"2026-01-15T15:48:14","guid":{"rendered":"https:\/\/22bet.spot\/albania\/?page_id=1051"},"modified":"2026-05-14T11:28:13","modified_gmt":"2026-05-14T08:28:13","slug":"login","status":"publish","type":"page","link":"https:\/\/22bet.spot\/albania\/login\/","title":{"rendered":"Hy"},"content":{"rendered":"","protected":false},"excerpt":{"rendered":"","protected":false},"author":1,"featured_media":0,"parent":0,"menu_order":0,"comment_status":"closed","ping_status":"closed","template":"","meta":{"_acf_changed":false,"footnotes":""},"class_list":["post-1051","page","type-page","status-publish","hentry"],"acf":[],"yoast_head":"<!-- This site is optimized with the Yoast SEO plugin v26.7 - https:\/\/yoast.com\/wordpress\/plugins\/seo\/ -->\n<title>Hyni n\u00eb 22Bet 2026 \u2014 Aksesi n\u00eb llogarin\u00eb personale nga \u00e7do pajisje<\/title>\n<meta name=\"description\" content=\"Hyni shpejt n\u00eb llogarin\u00eb tuaj 22Bet \u2014 hyrje me email\/num\u00ebr telefoni, fjal\u00ebkalim, 2FA dhe rikuperim. Qasuni bastet, kazinos\u00eb dhe bonuseve nga PC, Android ose iOS pa kufizime.\" \/>\n<meta name=\"robots\" content=\"index, follow, max-snippet:-1, max-image-preview:large, max-video-preview:-1\" \/>\n<link rel=\"canonical\" href=\"https:\/\/22bet.spot\/albania\/login\/\" \/>\n<meta property=\"og:locale\" content=\"sq_AL\" \/>\n<meta property=\"og:type\" content=\"article\" \/>\n<meta property=\"og:title\" content=\"Hyni n\u00eb 22Bet 2026 \u2014 Aksesi n\u00eb llogarin\u00eb personale nga \u00e7do pajisje\" \/>\n<meta property=\"og:description\" content=\"Hyni shpejt n\u00eb llogarin\u00eb tuaj 22Bet \u2014 hyrje me email\/num\u00ebr telefoni, fjal\u00ebkalim, 2FA dhe rikuperim. Qasuni bastet, kazinos\u00eb dhe bonuseve nga PC, Android ose iOS pa kufizime.\" \/>\n<meta property=\"og:url\" content=\"https:\/\/22bet.spot\/albania\/login\/\" \/>\n<meta property=\"og:site_name\" content=\"2bet Spot AL\" \/>\n<meta property=\"article:modified_time\" content=\"2026-05-14T08:28:13+00:00\" \/>\n<meta name=\"twitter:card\" content=\"summary_large_image\" \/>\n<script type=\"application\/ld+json\" class=\"yoast-schema-graph\">{\"@context\":\"https:\/\/schema.org\",\"@graph\":[{\"@type\":\"WebPage\",\"@id\":\"https:\/\/22bet.spot\/albania\/login\/\",\"url\":\"https:\/\/22bet.spot\/albania\/login\/\",\"name\":\"Hyni n\u00eb 22Bet 2026 \u2014 Aksesi n\u00eb llogarin\u00eb personale nga \u00e7do pajisje\",\"isPartOf\":{\"@id\":\"https:\/\/22bet.spot\/albania\/#website\"},\"datePublished\":\"2026-01-15T15:48:14+00:00\",\"dateModified\":\"2026-05-14T08:28:13+00:00\",\"description\":\"Hyni shpejt n\u00eb llogarin\u00eb tuaj 22Bet \u2014 hyrje me email\/num\u00ebr telefoni, fjal\u00ebkalim, 2FA dhe rikuperim. Qasuni bastet, kazinos\u00eb dhe bonuseve nga PC, Android ose iOS pa kufizime.\",\"breadcrumb\":{\"@id\":\"https:\/\/22bet.spot\/albania\/login\/#breadcrumb\"},\"inLanguage\":\"sq\",\"potentialAction\":[{\"@type\":\"ReadAction\",\"target\":[\"https:\/\/22bet.spot\/albania\/login\/\"]}]},{\"@type\":\"BreadcrumbList\",\"@id\":\"https:\/\/22bet.spot\/albania\/login\/#breadcrumb\",\"itemListElement\":[{\"@type\":\"ListItem\",\"position\":1,\"name\":\"Home\",\"item\":\"https:\/\/22bet.spot\/albania\/\"},{\"@type\":\"ListItem\",\"position\":2,\"name\":\"Hy\"}]},{\"@type\":\"WebSite\",\"@id\":\"https:\/\/22bet.spot\/albania\/#website\",\"url\":\"https:\/\/22bet.spot\/albania\/\",\"name\":\"2bet Spot AL\",\"description\":\"\",\"potentialAction\":[{\"@type\":\"SearchAction\",\"target\":{\"@type\":\"EntryPoint\",\"urlTemplate\":\"https:\/\/22bet.spot\/albania\/?s={search_term_string}\"},\"query-input\":{\"@type\":\"PropertyValueSpecification\",\"valueRequired\":true,\"valueName\":\"search_term_string\"}}],\"inLanguage\":\"sq\"}]}<\/script>\n<!-- \/ Yoast SEO plugin. -->","yoast_head_json":{"title":"Hyni n\u00eb 22Bet 2026 \u2014 Aksesi n\u00eb llogarin\u00eb personale nga \u00e7do pajisje","description":"Hyni shpejt n\u00eb llogarin\u00eb tuaj 22Bet \u2014 hyrje me email\/num\u00ebr telefoni, fjal\u00ebkalim, 2FA dhe rikuperim. Qasuni bastet, kazinos\u00eb dhe bonuseve nga PC, Android ose iOS pa kufizime.","robots":{"index":"index","follow":"follow","max-snippet":"max-snippet:-1","max-image-preview":"max-image-preview:large","max-video-preview":"max-video-preview:-1"},"canonical":"https:\/\/22bet.spot\/albania\/login\/","og_locale":"sq_AL","og_type":"article","og_title":"Hyni n\u00eb 22Bet 2026 \u2014 Aksesi n\u00eb llogarin\u00eb personale nga \u00e7do pajisje","og_description":"Hyni shpejt n\u00eb llogarin\u00eb tuaj 22Bet \u2014 hyrje me email\/num\u00ebr telefoni, fjal\u00ebkalim, 2FA dhe rikuperim. Qasuni bastet, kazinos\u00eb dhe bonuseve nga PC, Android ose iOS pa kufizime.","og_url":"https:\/\/22bet.spot\/albania\/login\/","og_site_name":"2bet Spot AL","article_modified_time":"2026-05-14T08:28:13+00:00","twitter_card":"summary_large_image","schema":{"@context":"https:\/\/schema.org","@graph":[{"@type":"WebPage","@id":"https:\/\/22bet.spot\/albania\/login\/","url":"https:\/\/22bet.spot\/albania\/login\/","name":"Hyni n\u00eb 22Bet 2026 \u2014 Aksesi n\u00eb llogarin\u00eb personale nga \u00e7do pajisje","isPartOf":{"@id":"https:\/\/22bet.spot\/albania\/#website"},"datePublished":"2026-01-15T15:48:14+00:00","dateModified":"2026-05-14T08:28:13+00:00","description":"Hyni shpejt n\u00eb llogarin\u00eb tuaj 22Bet \u2014 hyrje me email\/num\u00ebr telefoni, fjal\u00ebkalim, 2FA dhe rikuperim. Qasuni bastet, kazinos\u00eb dhe bonuseve nga PC, Android ose iOS pa kufizime.","breadcrumb":{"@id":"https:\/\/22bet.spot\/albania\/login\/#breadcrumb"},"inLanguage":"sq","potentialAction":[{"@type":"ReadAction","target":["https:\/\/22bet.spot\/albania\/login\/"]}]},{"@type":"BreadcrumbList","@id":"https:\/\/22bet.spot\/albania\/login\/#breadcrumb","itemListElement":[{"@type":"ListItem","position":1,"name":"Home","item":"https:\/\/22bet.spot\/albania\/"},{"@type":"ListItem","position":2,"name":"Hy"}]},{"@type":"WebSite","@id":"https:\/\/22bet.spot\/albania\/#website","url":"https:\/\/22bet.spot\/albania\/","name":"2bet Spot AL","description":"","potentialAction":[{"@type":"SearchAction","target":{"@type":"EntryPoint","urlTemplate":"https:\/\/22bet.spot\/albania\/?s={search_term_string}"},"query-input":{"@type":"PropertyValueSpecification","valueRequired":true,"valueName":"search_term_string"}}],"inLanguage":"sq"}]}},"_links":{"self":[{"href":"https:\/\/22bet.spot\/albania\/wp-json\/wp\/v2\/pages\/1051","targetHints":{"allow":["GET"]}}],"collection":[{"href":"https:\/\/22bet.spot\/albania\/wp-json\/wp\/v2\/pages"}],"about":[{"href":"https:\/\/22bet.spot\/albania\/wp-json\/wp\/v2\/types\/page"}],"author":[{"embeddable":true,"href":"https:\/\/22bet.spot\/albania\/wp-json\/wp\/v2\/users\/1"}],"replies":[{"embeddable":true,"href":"https:\/\/22bet.spot\/albania\/wp-json\/wp\/v2\/comments?post=1051"}],"version-history":[{"count":5,"href":"https:\/\/22bet.spot\/albania\/wp-json\/wp\/v2\/pages\/1051\/revisions"}],"predecessor-version":[{"id":1226,"href":"https:\/\/22bet.spot\/albania\/wp-json\/wp\/v2\/pages\/1051\/revisions\/1226"}],"wp:attachment":[{"href":"https:\/\/22bet.spot\/albania\/wp-json\/wp\/v2\/media?parent=1051"}],"curies":[{"name":"wp","href":"https:\/\/api.w.org\/{rel}","templated":true}]}}