{"id":1084,"date":"2026-01-17T07:35:15","date_gmt":"2026-01-17T04:35:15","guid":{"rendered":"https:\/\/22bet.spot\/albania\/?page_id=1084"},"modified":"2026-05-14T11:55:10","modified_gmt":"2026-05-14T08:55:10","slug":"registration","status":"publish","type":"page","link":"https:\/\/22bet.spot\/albania\/registration\/","title":{"rendered":"Regjistrimi"},"content":{"rendered":"","protected":false},"excerpt":{"rendered":"","protected":false},"author":1,"featured_media":0,"parent":0,"menu_order":0,"comment_status":"closed","ping_status":"closed","template":"","meta":{"_acf_changed":false,"footnotes":""},"class_list":["post-1084","page","type-page","status-publish","hentry"],"acf":[],"yoast_head":"<!-- This site is optimized with the Yoast SEO plugin v26.7 - https:\/\/yoast.com\/wordpress\/plugins\/seo\/ -->\n<title>Regjistroni nj\u00eb llogari 22Bet \u2014 Krijoni nj\u00eb profil dhe luani n\u00eb 2026<\/title>\n<meta name=\"description\" content=\"Zbuloni se si t\u00eb regjistroheni n\u00eb 22Bet n\u00eb pak minuta \u2014 zgjidhni nj\u00eb m\u00ebnyr\u00eb (me telefon, email ose rrjete sociale), plot\u00ebsoni formularin, konfirmoni llogarin\u00eb tuaj dhe fitoni akses n\u00eb bastet dhe loj\u00ebrat e kazinos\u00eb n\u00eb t\u00eb gjitha pajisjet.\" \/>\n<meta name=\"robots\" content=\"index, follow, max-snippet:-1, max-image-preview:large, max-video-preview:-1\" \/>\n<link rel=\"canonical\" href=\"https:\/\/22bet.spot\/albania\/registration\/\" \/>\n<meta property=\"og:locale\" content=\"sq_AL\" \/>\n<meta property=\"og:type\" content=\"article\" \/>\n<meta property=\"og:title\" content=\"Regjistroni nj\u00eb llogari 22Bet \u2014 Krijoni nj\u00eb profil dhe luani n\u00eb 2026\" \/>\n<meta property=\"og:description\" content=\"Zbuloni se si t\u00eb regjistroheni n\u00eb 22Bet n\u00eb pak minuta \u2014 zgjidhni nj\u00eb m\u00ebnyr\u00eb (me telefon, email ose rrjete sociale), plot\u00ebsoni formularin, konfirmoni llogarin\u00eb tuaj dhe fitoni akses n\u00eb bastet dhe loj\u00ebrat e kazinos\u00eb n\u00eb t\u00eb gjitha pajisjet.\" \/>\n<meta property=\"og:url\" content=\"https:\/\/22bet.spot\/albania\/registration\/\" \/>\n<meta property=\"og:site_name\" content=\"2bet Spot AL\" \/>\n<meta property=\"article:modified_time\" content=\"2026-05-14T08:55:10+00:00\" \/>\n<meta name=\"twitter:card\" content=\"summary_large_image\" \/>\n<script type=\"application\/ld+json\" class=\"yoast-schema-graph\">{\"@context\":\"https:\/\/schema.org\",\"@graph\":[{\"@type\":\"WebPage\",\"@id\":\"https:\/\/22bet.spot\/albania\/registration\/\",\"url\":\"https:\/\/22bet.spot\/albania\/registration\/\",\"name\":\"Regjistroni nj\u00eb llogari 22Bet \u2014 Krijoni nj\u00eb profil dhe luani n\u00eb 2026\",\"isPartOf\":{\"@id\":\"https:\/\/22bet.spot\/albania\/#website\"},\"datePublished\":\"2026-01-17T04:35:15+00:00\",\"dateModified\":\"2026-05-14T08:55:10+00:00\",\"description\":\"Zbuloni se si t\u00eb regjistroheni n\u00eb 22Bet n\u00eb pak minuta \u2014 zgjidhni nj\u00eb m\u00ebnyr\u00eb (me telefon, email ose rrjete sociale), plot\u00ebsoni formularin, konfirmoni llogarin\u00eb tuaj dhe fitoni akses n\u00eb bastet dhe loj\u00ebrat e kazinos\u00eb n\u00eb t\u00eb gjitha pajisjet.\",\"breadcrumb\":{\"@id\":\"https:\/\/22bet.spot\/albania\/registration\/#breadcrumb\"},\"inLanguage\":\"sq\",\"potentialAction\":[{\"@type\":\"ReadAction\",\"target\":[\"https:\/\/22bet.spot\/albania\/registration\/\"]}]},{\"@type\":\"BreadcrumbList\",\"@id\":\"https:\/\/22bet.spot\/albania\/registration\/#breadcrumb\",\"itemListElement\":[{\"@type\":\"ListItem\",\"position\":1,\"name\":\"Home\",\"item\":\"https:\/\/22bet.spot\/albania\/\"},{\"@type\":\"ListItem\",\"position\":2,\"name\":\"Regjistrimi\"}]},{\"@type\":\"WebSite\",\"@id\":\"https:\/\/22bet.spot\/albania\/#website\",\"url\":\"https:\/\/22bet.spot\/albania\/\",\"name\":\"2bet Spot AL\",\"description\":\"\",\"potentialAction\":[{\"@type\":\"SearchAction\",\"target\":{\"@type\":\"EntryPoint\",\"urlTemplate\":\"https:\/\/22bet.spot\/albania\/?s={search_term_string}\"},\"query-input\":{\"@type\":\"PropertyValueSpecification\",\"valueRequired\":true,\"valueName\":\"search_term_string\"}}],\"inLanguage\":\"sq\"}]}<\/script>\n<!-- \/ Yoast SEO plugin. -->","yoast_head_json":{"title":"Regjistroni nj\u00eb llogari 22Bet \u2014 Krijoni nj\u00eb profil dhe luani n\u00eb 2026","description":"Zbuloni se si t\u00eb regjistroheni n\u00eb 22Bet n\u00eb pak minuta \u2014 zgjidhni nj\u00eb m\u00ebnyr\u00eb (me telefon, email ose rrjete sociale), plot\u00ebsoni formularin, konfirmoni llogarin\u00eb tuaj dhe fitoni akses n\u00eb bastet dhe loj\u00ebrat e kazinos\u00eb n\u00eb t\u00eb gjitha pajisjet.","robots":{"index":"index","follow":"follow","max-snippet":"max-snippet:-1","max-image-preview":"max-image-preview:large","max-video-preview":"max-video-preview:-1"},"canonical":"https:\/\/22bet.spot\/albania\/registration\/","og_locale":"sq_AL","og_type":"article","og_title":"Regjistroni nj\u00eb llogari 22Bet \u2014 Krijoni nj\u00eb profil dhe luani n\u00eb 2026","og_description":"Zbuloni se si t\u00eb regjistroheni n\u00eb 22Bet n\u00eb pak minuta \u2014 zgjidhni nj\u00eb m\u00ebnyr\u00eb (me telefon, email ose rrjete sociale), plot\u00ebsoni formularin, konfirmoni llogarin\u00eb tuaj dhe fitoni akses n\u00eb bastet dhe loj\u00ebrat e kazinos\u00eb n\u00eb t\u00eb gjitha pajisjet.","og_url":"https:\/\/22bet.spot\/albania\/registration\/","og_site_name":"2bet Spot AL","article_modified_time":"2026-05-14T08:55:10+00:00","twitter_card":"summary_large_image","schema":{"@context":"https:\/\/schema.org","@graph":[{"@type":"WebPage","@id":"https:\/\/22bet.spot\/albania\/registration\/","url":"https:\/\/22bet.spot\/albania\/registration\/","name":"Regjistroni nj\u00eb llogari 22Bet \u2014 Krijoni nj\u00eb profil dhe luani n\u00eb 2026","isPartOf":{"@id":"https:\/\/22bet.spot\/albania\/#website"},"datePublished":"2026-01-17T04:35:15+00:00","dateModified":"2026-05-14T08:55:10+00:00","description":"Zbuloni se si t\u00eb regjistroheni n\u00eb 22Bet n\u00eb pak minuta \u2014 zgjidhni nj\u00eb m\u00ebnyr\u00eb (me telefon, email ose rrjete sociale), plot\u00ebsoni formularin, konfirmoni llogarin\u00eb tuaj dhe fitoni akses n\u00eb bastet dhe loj\u00ebrat e kazinos\u00eb n\u00eb t\u00eb gjitha pajisjet.","breadcrumb":{"@id":"https:\/\/22bet.spot\/albania\/registration\/#breadcrumb"},"inLanguage":"sq","potentialAction":[{"@type":"ReadAction","target":["https:\/\/22bet.spot\/albania\/registration\/"]}]},{"@type":"BreadcrumbList","@id":"https:\/\/22bet.spot\/albania\/registration\/#breadcrumb","itemListElement":[{"@type":"ListItem","position":1,"name":"Home","item":"https:\/\/22bet.spot\/albania\/"},{"@type":"ListItem","position":2,"name":"Regjistrimi"}]},{"@type":"WebSite","@id":"https:\/\/22bet.spot\/albania\/#website","url":"https:\/\/22bet.spot\/albania\/","name":"2bet Spot AL","description":"","potentialAction":[{"@type":"SearchAction","target":{"@type":"EntryPoint","urlTemplate":"https:\/\/22bet.spot\/albania\/?s={search_term_string}"},"query-input":{"@type":"PropertyValueSpecification","valueRequired":true,"valueName":"search_term_string"}}],"inLanguage":"sq"}]}},"_links":{"self":[{"href":"https:\/\/22bet.spot\/albania\/wp-json\/wp\/v2\/pages\/1084","targetHints":{"allow":["GET"]}}],"collection":[{"href":"https:\/\/22bet.spot\/albania\/wp-json\/wp\/v2\/pages"}],"about":[{"href":"https:\/\/22bet.spot\/albania\/wp-json\/wp\/v2\/types\/page"}],"author":[{"embeddable":true,"href":"https:\/\/22bet.spot\/albania\/wp-json\/wp\/v2\/users\/1"}],"replies":[{"embeddable":true,"href":"https:\/\/22bet.spot\/albania\/wp-json\/wp\/v2\/comments?post=1084"}],"version-history":[{"count":5,"href":"https:\/\/22bet.spot\/albania\/wp-json\/wp\/v2\/pages\/1084\/revisions"}],"predecessor-version":[{"id":1230,"href":"https:\/\/22bet.spot\/albania\/wp-json\/wp\/v2\/pages\/1084\/revisions\/1230"}],"wp:attachment":[{"href":"https:\/\/22bet.spot\/albania\/wp-json\/wp\/v2\/media?parent=1084"}],"curies":[{"name":"wp","href":"https:\/\/api.w.org\/{rel}","templated":true}]}}