{"id":880,"date":"2026-01-12T20:09:17","date_gmt":"2026-01-12T17:09:17","guid":{"rendered":"https:\/\/22bet.spot\/albania\/?page_id=880"},"modified":"2026-05-13T17:21:48","modified_gmt":"2026-05-13T14:21:48","slug":"apk","status":"publish","type":"page","link":"https:\/\/22bet.spot\/albania\/apk\/","title":{"rendered":"APK"},"content":{"rendered":"","protected":false},"excerpt":{"rendered":"","protected":false},"author":1,"featured_media":0,"parent":0,"menu_order":0,"comment_status":"closed","ping_status":"closed","template":"","meta":{"_acf_changed":false,"footnotes":""},"class_list":["post-880","page","type-page","status-publish","hentry"],"acf":[],"yoast_head":"<!-- This site is optimized with the Yoast SEO plugin v26.7 - https:\/\/yoast.com\/wordpress\/plugins\/seo\/ -->\n<title>22Bet APK 2026 \u2014 Aplikacioni zyrtar p\u00ebr Android p\u00ebr bastet dhe kazinon\u00eb<\/title>\n<meta name=\"description\" content=\"Shkarkoni APK-n\u00eb e 22Bet p\u00ebr Android nga faqja zyrtare \u2014 Bastet sportive live, mij\u00ebra slot-e kazinoje, bonuse dhe pagesa t\u00eb shpejta. Lojoni n\u00eb pajisjet Android pa kufizime!\" \/>\n<meta name=\"robots\" content=\"index, follow, max-snippet:-1, max-image-preview:large, max-video-preview:-1\" \/>\n<link rel=\"canonical\" href=\"https:\/\/22bet.spot\/albania\/apk\/\" \/>\n<meta property=\"og:locale\" content=\"sq_AL\" \/>\n<meta property=\"og:type\" content=\"article\" \/>\n<meta property=\"og:title\" content=\"22Bet APK 2026 \u2014 Aplikacioni zyrtar p\u00ebr Android p\u00ebr bastet dhe kazinon\u00eb\" \/>\n<meta property=\"og:description\" content=\"Shkarkoni APK-n\u00eb e 22Bet p\u00ebr Android nga faqja zyrtare \u2014 Bastet sportive live, mij\u00ebra slot-e kazinoje, bonuse dhe pagesa t\u00eb shpejta. Lojoni n\u00eb pajisjet Android pa kufizime!\" \/>\n<meta property=\"og:url\" content=\"https:\/\/22bet.spot\/albania\/apk\/\" \/>\n<meta property=\"og:site_name\" content=\"2bet Spot AL\" \/>\n<meta property=\"article:modified_time\" content=\"2026-05-13T14:21:48+00:00\" \/>\n<meta name=\"twitter:card\" content=\"summary_large_image\" \/>\n<script type=\"application\/ld+json\" class=\"yoast-schema-graph\">{\"@context\":\"https:\/\/schema.org\",\"@graph\":[{\"@type\":\"WebPage\",\"@id\":\"https:\/\/22bet.spot\/albania\/apk\/\",\"url\":\"https:\/\/22bet.spot\/albania\/apk\/\",\"name\":\"22Bet APK 2026 \u2014 Aplikacioni zyrtar p\u00ebr Android p\u00ebr bastet dhe kazinon\u00eb\",\"isPartOf\":{\"@id\":\"https:\/\/22bet.spot\/albania\/#website\"},\"datePublished\":\"2026-01-12T17:09:17+00:00\",\"dateModified\":\"2026-05-13T14:21:48+00:00\",\"description\":\"Shkarkoni APK-n\u00eb e 22Bet p\u00ebr Android nga faqja zyrtare \u2014 Bastet sportive live, mij\u00ebra slot-e kazinoje, bonuse dhe pagesa t\u00eb shpejta. Lojoni n\u00eb pajisjet Android pa kufizime!\",\"breadcrumb\":{\"@id\":\"https:\/\/22bet.spot\/albania\/apk\/#breadcrumb\"},\"inLanguage\":\"sq\",\"potentialAction\":[{\"@type\":\"ReadAction\",\"target\":[\"https:\/\/22bet.spot\/albania\/apk\/\"]}]},{\"@type\":\"BreadcrumbList\",\"@id\":\"https:\/\/22bet.spot\/albania\/apk\/#breadcrumb\",\"itemListElement\":[{\"@type\":\"ListItem\",\"position\":1,\"name\":\"Home\",\"item\":\"https:\/\/22bet.spot\/albania\/\"},{\"@type\":\"ListItem\",\"position\":2,\"name\":\"APK\"}]},{\"@type\":\"WebSite\",\"@id\":\"https:\/\/22bet.spot\/albania\/#website\",\"url\":\"https:\/\/22bet.spot\/albania\/\",\"name\":\"2bet Spot AL\",\"description\":\"\",\"potentialAction\":[{\"@type\":\"SearchAction\",\"target\":{\"@type\":\"EntryPoint\",\"urlTemplate\":\"https:\/\/22bet.spot\/albania\/?s={search_term_string}\"},\"query-input\":{\"@type\":\"PropertyValueSpecification\",\"valueRequired\":true,\"valueName\":\"search_term_string\"}}],\"inLanguage\":\"sq\"}]}<\/script>\n<!-- \/ Yoast SEO plugin. -->","yoast_head_json":{"title":"22Bet APK 2026 \u2014 Aplikacioni zyrtar p\u00ebr Android p\u00ebr bastet dhe kazinon\u00eb","description":"Shkarkoni APK-n\u00eb e 22Bet p\u00ebr Android nga faqja zyrtare \u2014 Bastet sportive live, mij\u00ebra slot-e kazinoje, bonuse dhe pagesa t\u00eb shpejta. Lojoni n\u00eb pajisjet Android pa kufizime!","robots":{"index":"index","follow":"follow","max-snippet":"max-snippet:-1","max-image-preview":"max-image-preview:large","max-video-preview":"max-video-preview:-1"},"canonical":"https:\/\/22bet.spot\/albania\/apk\/","og_locale":"sq_AL","og_type":"article","og_title":"22Bet APK 2026 \u2014 Aplikacioni zyrtar p\u00ebr Android p\u00ebr bastet dhe kazinon\u00eb","og_description":"Shkarkoni APK-n\u00eb e 22Bet p\u00ebr Android nga faqja zyrtare \u2014 Bastet sportive live, mij\u00ebra slot-e kazinoje, bonuse dhe pagesa t\u00eb shpejta. Lojoni n\u00eb pajisjet Android pa kufizime!","og_url":"https:\/\/22bet.spot\/albania\/apk\/","og_site_name":"2bet Spot AL","article_modified_time":"2026-05-13T14:21:48+00:00","twitter_card":"summary_large_image","schema":{"@context":"https:\/\/schema.org","@graph":[{"@type":"WebPage","@id":"https:\/\/22bet.spot\/albania\/apk\/","url":"https:\/\/22bet.spot\/albania\/apk\/","name":"22Bet APK 2026 \u2014 Aplikacioni zyrtar p\u00ebr Android p\u00ebr bastet dhe kazinon\u00eb","isPartOf":{"@id":"https:\/\/22bet.spot\/albania\/#website"},"datePublished":"2026-01-12T17:09:17+00:00","dateModified":"2026-05-13T14:21:48+00:00","description":"Shkarkoni APK-n\u00eb e 22Bet p\u00ebr Android nga faqja zyrtare \u2014 Bastet sportive live, mij\u00ebra slot-e kazinoje, bonuse dhe pagesa t\u00eb shpejta. Lojoni n\u00eb pajisjet Android pa kufizime!","breadcrumb":{"@id":"https:\/\/22bet.spot\/albania\/apk\/#breadcrumb"},"inLanguage":"sq","potentialAction":[{"@type":"ReadAction","target":["https:\/\/22bet.spot\/albania\/apk\/"]}]},{"@type":"BreadcrumbList","@id":"https:\/\/22bet.spot\/albania\/apk\/#breadcrumb","itemListElement":[{"@type":"ListItem","position":1,"name":"Home","item":"https:\/\/22bet.spot\/albania\/"},{"@type":"ListItem","position":2,"name":"APK"}]},{"@type":"WebSite","@id":"https:\/\/22bet.spot\/albania\/#website","url":"https:\/\/22bet.spot\/albania\/","name":"2bet Spot AL","description":"","potentialAction":[{"@type":"SearchAction","target":{"@type":"EntryPoint","urlTemplate":"https:\/\/22bet.spot\/albania\/?s={search_term_string}"},"query-input":{"@type":"PropertyValueSpecification","valueRequired":true,"valueName":"search_term_string"}}],"inLanguage":"sq"}]}},"_links":{"self":[{"href":"https:\/\/22bet.spot\/albania\/wp-json\/wp\/v2\/pages\/880","targetHints":{"allow":["GET"]}}],"collection":[{"href":"https:\/\/22bet.spot\/albania\/wp-json\/wp\/v2\/pages"}],"about":[{"href":"https:\/\/22bet.spot\/albania\/wp-json\/wp\/v2\/types\/page"}],"author":[{"embeddable":true,"href":"https:\/\/22bet.spot\/albania\/wp-json\/wp\/v2\/users\/1"}],"replies":[{"embeddable":true,"href":"https:\/\/22bet.spot\/albania\/wp-json\/wp\/v2\/comments?post=880"}],"version-history":[{"count":4,"href":"https:\/\/22bet.spot\/albania\/wp-json\/wp\/v2\/pages\/880\/revisions"}],"predecessor-version":[{"id":1214,"href":"https:\/\/22bet.spot\/albania\/wp-json\/wp\/v2\/pages\/880\/revisions\/1214"}],"wp:attachment":[{"href":"https:\/\/22bet.spot\/albania\/wp-json\/wp\/v2\/media?parent=880"}],"curies":[{"name":"wp","href":"https:\/\/api.w.org\/{rel}","templated":true}]}}