{"id":1051,"date":"2026-01-15T18:48:14","date_gmt":"2026-01-15T15:48:14","guid":{"rendered":"https:\/\/22bet.spot\/argentina\/?page_id=1051"},"modified":"2026-04-01T17:51:35","modified_gmt":"2026-04-01T14:51:35","slug":"login","status":"publish","type":"page","link":"https:\/\/22bet.spot\/argentina\/login\/","title":{"rendered":"Iniciar sesi\u00f3n"},"content":{"rendered":"","protected":false},"excerpt":{"rendered":"","protected":false},"author":1,"featured_media":0,"parent":0,"menu_order":0,"comment_status":"closed","ping_status":"closed","template":"","meta":{"_acf_changed":false,"footnotes":""},"class_list":["post-1051","page","type-page","status-publish","hentry"],"acf":[],"yoast_head":"<!-- This site is optimized with the Yoast SEO plugin v26.7 - https:\/\/yoast.com\/wordpress\/plugins\/seo\/ -->\n<title>Iniciar sesi\u00f3n en 22Bet Argentina 2026 \u2714\ufe0f Personal account<\/title>\n<meta name=\"description\" content=\"Inicio de sesi\u00f3n r\u00e1pido en tu cuenta de 22Bet \u2705 Inicia sesi\u00f3n con tu correo electr\u00f3nico o n\u00famero de tel\u00e9fono, contrase\u00f1a, autenticaci\u00f3n de dos factores (2FA) y recuperaci\u00f3n de contrase\u00f1a. Accede a las apuestas, al casino y a los bonos desde tu PC, dispositivo Android o iOS sin restricciones.\" \/>\n<meta name=\"robots\" content=\"index, follow, max-snippet:-1, max-image-preview:large, max-video-preview:-1\" \/>\n<link rel=\"canonical\" href=\"https:\/\/22bet.spot\/argentina\/login\/\" \/>\n<meta property=\"og:locale\" content=\"es_ES\" \/>\n<meta property=\"og:type\" content=\"article\" \/>\n<meta property=\"og:title\" content=\"Iniciar sesi\u00f3n en 22Bet Argentina 2026 \u2714\ufe0f Personal account\" \/>\n<meta property=\"og:description\" content=\"Inicio de sesi\u00f3n r\u00e1pido en tu cuenta de 22Bet \u2705 Inicia sesi\u00f3n con tu correo electr\u00f3nico o n\u00famero de tel\u00e9fono, contrase\u00f1a, autenticaci\u00f3n de dos factores (2FA) y recuperaci\u00f3n de contrase\u00f1a. Accede a las apuestas, al casino y a los bonos desde tu PC, dispositivo Android o iOS sin restricciones.\" \/>\n<meta property=\"og:url\" content=\"https:\/\/22bet.spot\/argentina\/login\/\" \/>\n<meta property=\"og:site_name\" content=\"22Bet Spot AR\" \/>\n<meta property=\"article:modified_time\" content=\"2026-04-01T14:51:35+00:00\" \/>\n<meta name=\"twitter:card\" content=\"summary_large_image\" \/>\n<script type=\"application\/ld+json\" class=\"yoast-schema-graph\">{\"@context\":\"https:\/\/schema.org\",\"@graph\":[{\"@type\":\"WebPage\",\"@id\":\"https:\/\/22bet.spot\/argentina\/login\/\",\"url\":\"https:\/\/22bet.spot\/argentina\/login\/\",\"name\":\"Iniciar sesi\u00f3n en 22Bet Argentina 2026 \u2714\ufe0f Personal account\",\"isPartOf\":{\"@id\":\"https:\/\/22bet.spot\/argentina\/#website\"},\"datePublished\":\"2026-01-15T15:48:14+00:00\",\"dateModified\":\"2026-04-01T14:51:35+00:00\",\"description\":\"Inicio de sesi\u00f3n r\u00e1pido en tu cuenta de 22Bet \u2705 Inicia sesi\u00f3n con tu correo electr\u00f3nico o n\u00famero de tel\u00e9fono, contrase\u00f1a, autenticaci\u00f3n de dos factores (2FA) y recuperaci\u00f3n de contrase\u00f1a. Accede a las apuestas, al casino y a los bonos desde tu PC, dispositivo Android o iOS sin restricciones.\",\"breadcrumb\":{\"@id\":\"https:\/\/22bet.spot\/argentina\/login\/#breadcrumb\"},\"inLanguage\":\"es-AR\",\"potentialAction\":[{\"@type\":\"ReadAction\",\"target\":[\"https:\/\/22bet.spot\/argentina\/login\/\"]}]},{\"@type\":\"BreadcrumbList\",\"@id\":\"https:\/\/22bet.spot\/argentina\/login\/#breadcrumb\",\"itemListElement\":[{\"@type\":\"ListItem\",\"position\":1,\"name\":\"Home\",\"item\":\"https:\/\/22bet.spot\/argentina\/\"},{\"@type\":\"ListItem\",\"position\":2,\"name\":\"Iniciar sesi\u00f3n\"}]},{\"@type\":\"WebSite\",\"@id\":\"https:\/\/22bet.spot\/argentina\/#website\",\"url\":\"https:\/\/22bet.spot\/argentina\/\",\"name\":\"22Bet Spot AR\",\"description\":\"\",\"potentialAction\":[{\"@type\":\"SearchAction\",\"target\":{\"@type\":\"EntryPoint\",\"urlTemplate\":\"https:\/\/22bet.spot\/argentina\/?s={search_term_string}\"},\"query-input\":{\"@type\":\"PropertyValueSpecification\",\"valueRequired\":true,\"valueName\":\"search_term_string\"}}],\"inLanguage\":\"es-AR\"}]}<\/script>\n<!-- \/ Yoast SEO plugin. -->","yoast_head_json":{"title":"Iniciar sesi\u00f3n en 22Bet Argentina 2026 \u2714\ufe0f Personal account","description":"Inicio de sesi\u00f3n r\u00e1pido en tu cuenta de 22Bet \u2705 Inicia sesi\u00f3n con tu correo electr\u00f3nico o n\u00famero de tel\u00e9fono, contrase\u00f1a, autenticaci\u00f3n de dos factores (2FA) y recuperaci\u00f3n de contrase\u00f1a. Accede a las apuestas, al casino y a los bonos desde tu PC, dispositivo Android o iOS sin restricciones.","robots":{"index":"index","follow":"follow","max-snippet":"max-snippet:-1","max-image-preview":"max-image-preview:large","max-video-preview":"max-video-preview:-1"},"canonical":"https:\/\/22bet.spot\/argentina\/login\/","og_locale":"es_ES","og_type":"article","og_title":"Iniciar sesi\u00f3n en 22Bet Argentina 2026 \u2714\ufe0f Personal account","og_description":"Inicio de sesi\u00f3n r\u00e1pido en tu cuenta de 22Bet \u2705 Inicia sesi\u00f3n con tu correo electr\u00f3nico o n\u00famero de tel\u00e9fono, contrase\u00f1a, autenticaci\u00f3n de dos factores (2FA) y recuperaci\u00f3n de contrase\u00f1a. Accede a las apuestas, al casino y a los bonos desde tu PC, dispositivo Android o iOS sin restricciones.","og_url":"https:\/\/22bet.spot\/argentina\/login\/","og_site_name":"22Bet Spot AR","article_modified_time":"2026-04-01T14:51:35+00:00","twitter_card":"summary_large_image","schema":{"@context":"https:\/\/schema.org","@graph":[{"@type":"WebPage","@id":"https:\/\/22bet.spot\/argentina\/login\/","url":"https:\/\/22bet.spot\/argentina\/login\/","name":"Iniciar sesi\u00f3n en 22Bet Argentina 2026 \u2714\ufe0f Personal account","isPartOf":{"@id":"https:\/\/22bet.spot\/argentina\/#website"},"datePublished":"2026-01-15T15:48:14+00:00","dateModified":"2026-04-01T14:51:35+00:00","description":"Inicio de sesi\u00f3n r\u00e1pido en tu cuenta de 22Bet \u2705 Inicia sesi\u00f3n con tu correo electr\u00f3nico o n\u00famero de tel\u00e9fono, contrase\u00f1a, autenticaci\u00f3n de dos factores (2FA) y recuperaci\u00f3n de contrase\u00f1a. Accede a las apuestas, al casino y a los bonos desde tu PC, dispositivo Android o iOS sin restricciones.","breadcrumb":{"@id":"https:\/\/22bet.spot\/argentina\/login\/#breadcrumb"},"inLanguage":"es-AR","potentialAction":[{"@type":"ReadAction","target":["https:\/\/22bet.spot\/argentina\/login\/"]}]},{"@type":"BreadcrumbList","@id":"https:\/\/22bet.spot\/argentina\/login\/#breadcrumb","itemListElement":[{"@type":"ListItem","position":1,"name":"Home","item":"https:\/\/22bet.spot\/argentina\/"},{"@type":"ListItem","position":2,"name":"Iniciar sesi\u00f3n"}]},{"@type":"WebSite","@id":"https:\/\/22bet.spot\/argentina\/#website","url":"https:\/\/22bet.spot\/argentina\/","name":"22Bet Spot AR","description":"","potentialAction":[{"@type":"SearchAction","target":{"@type":"EntryPoint","urlTemplate":"https:\/\/22bet.spot\/argentina\/?s={search_term_string}"},"query-input":{"@type":"PropertyValueSpecification","valueRequired":true,"valueName":"search_term_string"}}],"inLanguage":"es-AR"}]}},"_links":{"self":[{"href":"https:\/\/22bet.spot\/argentina\/wp-json\/wp\/v2\/pages\/1051","targetHints":{"allow":["GET"]}}],"collection":[{"href":"https:\/\/22bet.spot\/argentina\/wp-json\/wp\/v2\/pages"}],"about":[{"href":"https:\/\/22bet.spot\/argentina\/wp-json\/wp\/v2\/types\/page"}],"author":[{"embeddable":true,"href":"https:\/\/22bet.spot\/argentina\/wp-json\/wp\/v2\/users\/1"}],"replies":[{"embeddable":true,"href":"https:\/\/22bet.spot\/argentina\/wp-json\/wp\/v2\/comments?post=1051"}],"version-history":[{"count":5,"href":"https:\/\/22bet.spot\/argentina\/wp-json\/wp\/v2\/pages\/1051\/revisions"}],"predecessor-version":[{"id":1218,"href":"https:\/\/22bet.spot\/argentina\/wp-json\/wp\/v2\/pages\/1051\/revisions\/1218"}],"wp:attachment":[{"href":"https:\/\/22bet.spot\/argentina\/wp-json\/wp\/v2\/media?parent=1051"}],"curies":[{"name":"wp","href":"https:\/\/api.w.org\/{rel}","templated":true}]}}