{"id":1004,"date":"2026-01-14T19:50:51","date_gmt":"2026-01-14T16:50:51","guid":{"rendered":"https:\/\/22bet.spot\/br\/?page_id=1004"},"modified":"2026-03-20T10:35:42","modified_gmt":"2026-03-20T07:35:42","slug":"bonus","status":"publish","type":"page","link":"https:\/\/22bet.spot\/br\/bonus\/","title":{"rendered":"B\u00f4nus"},"content":{"rendered":"","protected":false},"excerpt":{"rendered":"","protected":false},"author":1,"featured_media":0,"parent":0,"menu_order":0,"comment_status":"closed","ping_status":"closed","template":"","meta":{"_acf_changed":false,"footnotes":""},"class_list":["post-1004","page","type-page","status-publish","hentry"],"acf":[],"yoast_head":"<!-- This site is optimized with the Yoast SEO plugin v26.7 - https:\/\/yoast.com\/wordpress\/plugins\/seo\/ -->\n<title>B\u00f4nus da 22Bet Brasil 2026 \u2714\ufe0f Promo\u00e7\u00f5es, ofertas<\/title>\n<meta name=\"description\" content=\"Saiba tudo sobre os b\u00f4nus da 22Bet \u2705 B\u00f4nus de boas-vindas de 100% para apostas esportivas e cassino, reembolso semanal, apostas gr\u00e1tis e promo\u00e7\u00f5es exclusivas para jogadores ass\u00edduos. Aproveite essas ofertas lucrativas hoje mesmo!\" \/>\n<meta name=\"robots\" content=\"index, follow, max-snippet:-1, max-image-preview:large, max-video-preview:-1\" \/>\n<link rel=\"canonical\" href=\"https:\/\/22bet.spot\/br\/bonus\/\" \/>\n<meta property=\"og:locale\" content=\"pt_BR\" \/>\n<meta property=\"og:type\" content=\"article\" \/>\n<meta property=\"og:title\" content=\"B\u00f4nus da 22Bet Brasil 2026 \u2714\ufe0f Promo\u00e7\u00f5es, ofertas\" \/>\n<meta property=\"og:description\" content=\"Saiba tudo sobre os b\u00f4nus da 22Bet \u2705 B\u00f4nus de boas-vindas de 100% para apostas esportivas e cassino, reembolso semanal, apostas gr\u00e1tis e promo\u00e7\u00f5es exclusivas para jogadores ass\u00edduos. Aproveite essas ofertas lucrativas hoje mesmo!\" \/>\n<meta property=\"og:url\" content=\"https:\/\/22bet.spot\/br\/bonus\/\" \/>\n<meta property=\"og:site_name\" content=\"22Bet Spot BR\" \/>\n<meta property=\"article:modified_time\" content=\"2026-03-20T07:35:42+00:00\" \/>\n<meta name=\"twitter:card\" content=\"summary_large_image\" \/>\n<script type=\"application\/ld+json\" class=\"yoast-schema-graph\">{\"@context\":\"https:\/\/schema.org\",\"@graph\":[{\"@type\":\"WebPage\",\"@id\":\"https:\/\/22bet.spot\/br\/bonus\/\",\"url\":\"https:\/\/22bet.spot\/br\/bonus\/\",\"name\":\"B\u00f4nus da 22Bet Brasil 2026 \u2714\ufe0f Promo\u00e7\u00f5es, ofertas\",\"isPartOf\":{\"@id\":\"https:\/\/22bet.spot\/br\/#website\"},\"datePublished\":\"2026-01-14T16:50:51+00:00\",\"dateModified\":\"2026-03-20T07:35:42+00:00\",\"description\":\"Saiba tudo sobre os b\u00f4nus da 22Bet \u2705 B\u00f4nus de boas-vindas de 100% para apostas esportivas e cassino, reembolso semanal, apostas gr\u00e1tis e promo\u00e7\u00f5es exclusivas para jogadores ass\u00edduos. Aproveite essas ofertas lucrativas hoje mesmo!\",\"breadcrumb\":{\"@id\":\"https:\/\/22bet.spot\/br\/bonus\/#breadcrumb\"},\"inLanguage\":\"pt-BR\",\"potentialAction\":[{\"@type\":\"ReadAction\",\"target\":[\"https:\/\/22bet.spot\/br\/bonus\/\"]}]},{\"@type\":\"BreadcrumbList\",\"@id\":\"https:\/\/22bet.spot\/br\/bonus\/#breadcrumb\",\"itemListElement\":[{\"@type\":\"ListItem\",\"position\":1,\"name\":\"Home\",\"item\":\"https:\/\/22bet.spot\/br\/\"},{\"@type\":\"ListItem\",\"position\":2,\"name\":\"B\u00f4nus\"}]},{\"@type\":\"WebSite\",\"@id\":\"https:\/\/22bet.spot\/br\/#website\",\"url\":\"https:\/\/22bet.spot\/br\/\",\"name\":\"22Bet Spot BR\",\"description\":\"\",\"potentialAction\":[{\"@type\":\"SearchAction\",\"target\":{\"@type\":\"EntryPoint\",\"urlTemplate\":\"https:\/\/22bet.spot\/br\/?s={search_term_string}\"},\"query-input\":{\"@type\":\"PropertyValueSpecification\",\"valueRequired\":true,\"valueName\":\"search_term_string\"}}],\"inLanguage\":\"pt-BR\"}]}<\/script>\n<!-- \/ Yoast SEO plugin. -->","yoast_head_json":{"title":"B\u00f4nus da 22Bet Brasil 2026 \u2714\ufe0f Promo\u00e7\u00f5es, ofertas","description":"Saiba tudo sobre os b\u00f4nus da 22Bet \u2705 B\u00f4nus de boas-vindas de 100% para apostas esportivas e cassino, reembolso semanal, apostas gr\u00e1tis e promo\u00e7\u00f5es exclusivas para jogadores ass\u00edduos. Aproveite essas ofertas lucrativas hoje mesmo!","robots":{"index":"index","follow":"follow","max-snippet":"max-snippet:-1","max-image-preview":"max-image-preview:large","max-video-preview":"max-video-preview:-1"},"canonical":"https:\/\/22bet.spot\/br\/bonus\/","og_locale":"pt_BR","og_type":"article","og_title":"B\u00f4nus da 22Bet Brasil 2026 \u2714\ufe0f Promo\u00e7\u00f5es, ofertas","og_description":"Saiba tudo sobre os b\u00f4nus da 22Bet \u2705 B\u00f4nus de boas-vindas de 100% para apostas esportivas e cassino, reembolso semanal, apostas gr\u00e1tis e promo\u00e7\u00f5es exclusivas para jogadores ass\u00edduos. Aproveite essas ofertas lucrativas hoje mesmo!","og_url":"https:\/\/22bet.spot\/br\/bonus\/","og_site_name":"22Bet Spot BR","article_modified_time":"2026-03-20T07:35:42+00:00","twitter_card":"summary_large_image","schema":{"@context":"https:\/\/schema.org","@graph":[{"@type":"WebPage","@id":"https:\/\/22bet.spot\/br\/bonus\/","url":"https:\/\/22bet.spot\/br\/bonus\/","name":"B\u00f4nus da 22Bet Brasil 2026 \u2714\ufe0f Promo\u00e7\u00f5es, ofertas","isPartOf":{"@id":"https:\/\/22bet.spot\/br\/#website"},"datePublished":"2026-01-14T16:50:51+00:00","dateModified":"2026-03-20T07:35:42+00:00","description":"Saiba tudo sobre os b\u00f4nus da 22Bet \u2705 B\u00f4nus de boas-vindas de 100% para apostas esportivas e cassino, reembolso semanal, apostas gr\u00e1tis e promo\u00e7\u00f5es exclusivas para jogadores ass\u00edduos. Aproveite essas ofertas lucrativas hoje mesmo!","breadcrumb":{"@id":"https:\/\/22bet.spot\/br\/bonus\/#breadcrumb"},"inLanguage":"pt-BR","potentialAction":[{"@type":"ReadAction","target":["https:\/\/22bet.spot\/br\/bonus\/"]}]},{"@type":"BreadcrumbList","@id":"https:\/\/22bet.spot\/br\/bonus\/#breadcrumb","itemListElement":[{"@type":"ListItem","position":1,"name":"Home","item":"https:\/\/22bet.spot\/br\/"},{"@type":"ListItem","position":2,"name":"B\u00f4nus"}]},{"@type":"WebSite","@id":"https:\/\/22bet.spot\/br\/#website","url":"https:\/\/22bet.spot\/br\/","name":"22Bet Spot BR","description":"","potentialAction":[{"@type":"SearchAction","target":{"@type":"EntryPoint","urlTemplate":"https:\/\/22bet.spot\/br\/?s={search_term_string}"},"query-input":{"@type":"PropertyValueSpecification","valueRequired":true,"valueName":"search_term_string"}}],"inLanguage":"pt-BR"}]}},"_links":{"self":[{"href":"https:\/\/22bet.spot\/br\/wp-json\/wp\/v2\/pages\/1004","targetHints":{"allow":["GET"]}}],"collection":[{"href":"https:\/\/22bet.spot\/br\/wp-json\/wp\/v2\/pages"}],"about":[{"href":"https:\/\/22bet.spot\/br\/wp-json\/wp\/v2\/types\/page"}],"author":[{"embeddable":true,"href":"https:\/\/22bet.spot\/br\/wp-json\/wp\/v2\/users\/1"}],"replies":[{"embeddable":true,"href":"https:\/\/22bet.spot\/br\/wp-json\/wp\/v2\/comments?post=1004"}],"version-history":[{"count":5,"href":"https:\/\/22bet.spot\/br\/wp-json\/wp\/v2\/pages\/1004\/revisions"}],"predecessor-version":[{"id":1213,"href":"https:\/\/22bet.spot\/br\/wp-json\/wp\/v2\/pages\/1004\/revisions\/1213"}],"wp:attachment":[{"href":"https:\/\/22bet.spot\/br\/wp-json\/wp\/v2\/media?parent=1004"}],"curies":[{"name":"wp","href":"https:\/\/api.w.org\/{rel}","templated":true}]}}