{"id":1051,"date":"2026-01-15T18:48:14","date_gmt":"2026-01-15T15:48:14","guid":{"rendered":"https:\/\/22bet.spot\/br\/?page_id=1051"},"modified":"2026-03-20T11:09:22","modified_gmt":"2026-03-20T08:09:22","slug":"login","status":"publish","type":"page","link":"https:\/\/22bet.spot\/br\/login\/","title":{"rendered":"Entrar"},"content":{"rendered":"","protected":false},"excerpt":{"rendered":"","protected":false},"author":1,"featured_media":0,"parent":0,"menu_order":0,"comment_status":"closed","ping_status":"closed","template":"","meta":{"_acf_changed":false,"footnotes":""},"class_list":["post-1051","page","type-page","status-publish","hentry"],"acf":[],"yoast_head":"<!-- This site is optimized with the Yoast SEO plugin v26.7 - https:\/\/yoast.com\/wordpress\/plugins\/seo\/ -->\n<title>Fa\u00e7a login na 22Bet Brasil 2026 \u2714\ufe0f Acesso \u00e0 sua conta pessoal<\/title>\n<meta name=\"description\" content=\"Acesso r\u00e1pido \u00e0 sua conta 22Bet \u2705 Fa\u00e7a login por e-mail\/telefone, senha, autentica\u00e7\u00e3o de dois fatores (2FA) e recupera\u00e7\u00e3o. Acesse apostas, cassino e b\u00f4nus pelo seu PC, Android ou iOS sem restri\u00e7\u00f5es.\" \/>\n<meta name=\"robots\" content=\"index, follow, max-snippet:-1, max-image-preview:large, max-video-preview:-1\" \/>\n<link rel=\"canonical\" href=\"https:\/\/22bet.spot\/br\/login\/\" \/>\n<meta property=\"og:locale\" content=\"pt_BR\" \/>\n<meta property=\"og:type\" content=\"article\" \/>\n<meta property=\"og:title\" content=\"Fa\u00e7a login na 22Bet Brasil 2026 \u2714\ufe0f Acesso \u00e0 sua conta pessoal\" \/>\n<meta property=\"og:description\" content=\"Acesso r\u00e1pido \u00e0 sua conta 22Bet \u2705 Fa\u00e7a login por e-mail\/telefone, senha, autentica\u00e7\u00e3o de dois fatores (2FA) e recupera\u00e7\u00e3o. Acesse apostas, cassino e b\u00f4nus pelo seu PC, Android ou iOS sem restri\u00e7\u00f5es.\" \/>\n<meta property=\"og:url\" content=\"https:\/\/22bet.spot\/br\/login\/\" \/>\n<meta property=\"og:site_name\" content=\"22Bet Spot BR\" \/>\n<meta property=\"article:modified_time\" content=\"2026-03-20T08:09:22+00:00\" \/>\n<meta name=\"twitter:card\" content=\"summary_large_image\" \/>\n<script type=\"application\/ld+json\" class=\"yoast-schema-graph\">{\"@context\":\"https:\/\/schema.org\",\"@graph\":[{\"@type\":\"WebPage\",\"@id\":\"https:\/\/22bet.spot\/br\/login\/\",\"url\":\"https:\/\/22bet.spot\/br\/login\/\",\"name\":\"Fa\u00e7a login na 22Bet Brasil 2026 \u2714\ufe0f Acesso \u00e0 sua conta pessoal\",\"isPartOf\":{\"@id\":\"https:\/\/22bet.spot\/br\/#website\"},\"datePublished\":\"2026-01-15T15:48:14+00:00\",\"dateModified\":\"2026-03-20T08:09:22+00:00\",\"description\":\"Acesso r\u00e1pido \u00e0 sua conta 22Bet \u2705 Fa\u00e7a login por e-mail\/telefone, senha, autentica\u00e7\u00e3o de dois fatores (2FA) e recupera\u00e7\u00e3o. Acesse apostas, cassino e b\u00f4nus pelo seu PC, Android ou iOS sem restri\u00e7\u00f5es.\",\"breadcrumb\":{\"@id\":\"https:\/\/22bet.spot\/br\/login\/#breadcrumb\"},\"inLanguage\":\"pt-BR\",\"potentialAction\":[{\"@type\":\"ReadAction\",\"target\":[\"https:\/\/22bet.spot\/br\/login\/\"]}]},{\"@type\":\"BreadcrumbList\",\"@id\":\"https:\/\/22bet.spot\/br\/login\/#breadcrumb\",\"itemListElement\":[{\"@type\":\"ListItem\",\"position\":1,\"name\":\"Home\",\"item\":\"https:\/\/22bet.spot\/br\/\"},{\"@type\":\"ListItem\",\"position\":2,\"name\":\"Entrar\"}]},{\"@type\":\"WebSite\",\"@id\":\"https:\/\/22bet.spot\/br\/#website\",\"url\":\"https:\/\/22bet.spot\/br\/\",\"name\":\"22Bet Spot BR\",\"description\":\"\",\"potentialAction\":[{\"@type\":\"SearchAction\",\"target\":{\"@type\":\"EntryPoint\",\"urlTemplate\":\"https:\/\/22bet.spot\/br\/?s={search_term_string}\"},\"query-input\":{\"@type\":\"PropertyValueSpecification\",\"valueRequired\":true,\"valueName\":\"search_term_string\"}}],\"inLanguage\":\"pt-BR\"}]}<\/script>\n<!-- \/ Yoast SEO plugin. -->","yoast_head_json":{"title":"Fa\u00e7a login na 22Bet Brasil 2026 \u2714\ufe0f Acesso \u00e0 sua conta pessoal","description":"Acesso r\u00e1pido \u00e0 sua conta 22Bet \u2705 Fa\u00e7a login por e-mail\/telefone, senha, autentica\u00e7\u00e3o de dois fatores (2FA) e recupera\u00e7\u00e3o. Acesse apostas, cassino e b\u00f4nus pelo seu PC, Android ou iOS sem restri\u00e7\u00f5es.","robots":{"index":"index","follow":"follow","max-snippet":"max-snippet:-1","max-image-preview":"max-image-preview:large","max-video-preview":"max-video-preview:-1"},"canonical":"https:\/\/22bet.spot\/br\/login\/","og_locale":"pt_BR","og_type":"article","og_title":"Fa\u00e7a login na 22Bet Brasil 2026 \u2714\ufe0f Acesso \u00e0 sua conta pessoal","og_description":"Acesso r\u00e1pido \u00e0 sua conta 22Bet \u2705 Fa\u00e7a login por e-mail\/telefone, senha, autentica\u00e7\u00e3o de dois fatores (2FA) e recupera\u00e7\u00e3o. Acesse apostas, cassino e b\u00f4nus pelo seu PC, Android ou iOS sem restri\u00e7\u00f5es.","og_url":"https:\/\/22bet.spot\/br\/login\/","og_site_name":"22Bet Spot BR","article_modified_time":"2026-03-20T08:09:22+00:00","twitter_card":"summary_large_image","schema":{"@context":"https:\/\/schema.org","@graph":[{"@type":"WebPage","@id":"https:\/\/22bet.spot\/br\/login\/","url":"https:\/\/22bet.spot\/br\/login\/","name":"Fa\u00e7a login na 22Bet Brasil 2026 \u2714\ufe0f Acesso \u00e0 sua conta pessoal","isPartOf":{"@id":"https:\/\/22bet.spot\/br\/#website"},"datePublished":"2026-01-15T15:48:14+00:00","dateModified":"2026-03-20T08:09:22+00:00","description":"Acesso r\u00e1pido \u00e0 sua conta 22Bet \u2705 Fa\u00e7a login por e-mail\/telefone, senha, autentica\u00e7\u00e3o de dois fatores (2FA) e recupera\u00e7\u00e3o. Acesse apostas, cassino e b\u00f4nus pelo seu PC, Android ou iOS sem restri\u00e7\u00f5es.","breadcrumb":{"@id":"https:\/\/22bet.spot\/br\/login\/#breadcrumb"},"inLanguage":"pt-BR","potentialAction":[{"@type":"ReadAction","target":["https:\/\/22bet.spot\/br\/login\/"]}]},{"@type":"BreadcrumbList","@id":"https:\/\/22bet.spot\/br\/login\/#breadcrumb","itemListElement":[{"@type":"ListItem","position":1,"name":"Home","item":"https:\/\/22bet.spot\/br\/"},{"@type":"ListItem","position":2,"name":"Entrar"}]},{"@type":"WebSite","@id":"https:\/\/22bet.spot\/br\/#website","url":"https:\/\/22bet.spot\/br\/","name":"22Bet Spot BR","description":"","potentialAction":[{"@type":"SearchAction","target":{"@type":"EntryPoint","urlTemplate":"https:\/\/22bet.spot\/br\/?s={search_term_string}"},"query-input":{"@type":"PropertyValueSpecification","valueRequired":true,"valueName":"search_term_string"}}],"inLanguage":"pt-BR"}]}},"_links":{"self":[{"href":"https:\/\/22bet.spot\/br\/wp-json\/wp\/v2\/pages\/1051","targetHints":{"allow":["GET"]}}],"collection":[{"href":"https:\/\/22bet.spot\/br\/wp-json\/wp\/v2\/pages"}],"about":[{"href":"https:\/\/22bet.spot\/br\/wp-json\/wp\/v2\/types\/page"}],"author":[{"embeddable":true,"href":"https:\/\/22bet.spot\/br\/wp-json\/wp\/v2\/users\/1"}],"replies":[{"embeddable":true,"href":"https:\/\/22bet.spot\/br\/wp-json\/wp\/v2\/comments?post=1051"}],"version-history":[{"count":5,"href":"https:\/\/22bet.spot\/br\/wp-json\/wp\/v2\/pages\/1051\/revisions"}],"predecessor-version":[{"id":1217,"href":"https:\/\/22bet.spot\/br\/wp-json\/wp\/v2\/pages\/1051\/revisions\/1217"}],"wp:attachment":[{"href":"https:\/\/22bet.spot\/br\/wp-json\/wp\/v2\/media?parent=1051"}],"curies":[{"name":"wp","href":"https:\/\/api.w.org\/{rel}","templated":true}]}}