{"id":2,"date":"2025-08-22T14:28:47","date_gmt":"2025-08-22T11:28:47","guid":{"rendered":"https:\/\/22bet.spot\/br\/?page_id=2"},"modified":"2026-03-19T18:20:59","modified_gmt":"2026-03-19T15:20:59","slug":"home","status":"publish","type":"page","link":"https:\/\/22bet.spot\/br\/","title":{"rendered":"P\u00e1gina inicial"},"content":{"rendered":"","protected":false},"excerpt":{"rendered":"","protected":false},"author":1,"featured_media":0,"parent":0,"menu_order":0,"comment_status":"closed","ping_status":"closed","template":"","meta":{"_acf_changed":false,"footnotes":""},"class_list":["post-2","page","type-page","status-publish","hentry"],"acf":[],"yoast_head":"<!-- This site is optimized with the Yoast SEO plugin v26.7 - https:\/\/yoast.com\/wordpress\/plugins\/seo\/ -->\n<title>Casa de apostas e cassino 22Bet Brasil \u27a4 B\u00f4nus de 100%<\/title>\n<meta name=\"description\" content=\"A 22Bet \u00e9 uma plataforma de apostas confi\u00e1vel que oferece um b\u00f4nus de 100% no seu primeiro dep\u00f3sito, at\u00e9 R$ 700. Uma ampla variedade de esportes, jogos de cassino e jogos de azar, pagamentos seguros e suporte 24 horas por dia!\" \/>\n<meta name=\"robots\" content=\"index, follow, max-snippet:-1, max-image-preview:large, max-video-preview:-1\" \/>\n<link rel=\"canonical\" href=\"https:\/\/22bet.spot\/br\/\" \/>\n<meta property=\"og:locale\" content=\"pt_BR\" \/>\n<meta property=\"og:type\" content=\"article\" \/>\n<meta property=\"og:title\" content=\"Casa de apostas e cassino 22Bet Brasil \u27a4 B\u00f4nus de 100%\" \/>\n<meta property=\"og:description\" content=\"A 22Bet \u00e9 uma plataforma de apostas confi\u00e1vel que oferece um b\u00f4nus de 100% no seu primeiro dep\u00f3sito, at\u00e9 R$ 700. Uma ampla variedade de esportes, jogos de cassino e jogos de azar, pagamentos seguros e suporte 24 horas por dia!\" \/>\n<meta property=\"og:url\" content=\"https:\/\/22bet.spot\/br\/\" \/>\n<meta property=\"og:site_name\" content=\"22Bet Spot BR\" \/>\n<meta property=\"article:modified_time\" content=\"2026-03-19T15:20:59+00:00\" \/>\n<meta name=\"twitter:card\" content=\"summary_large_image\" \/>\n<script type=\"application\/ld+json\" class=\"yoast-schema-graph\">{\"@context\":\"https:\/\/schema.org\",\"@graph\":[{\"@type\":\"WebPage\",\"@id\":\"https:\/\/22bet.spot\/br\/\",\"url\":\"https:\/\/22bet.spot\/br\/\",\"name\":\"Casa de apostas e cassino 22Bet Brasil \u27a4 B\u00f4nus de 100%\",\"isPartOf\":{\"@id\":\"https:\/\/22bet.spot\/br\/#website\"},\"datePublished\":\"2025-08-22T11:28:47+00:00\",\"dateModified\":\"2026-03-19T15:20:59+00:00\",\"description\":\"A 22Bet \u00e9 uma plataforma de apostas confi\u00e1vel que oferece um b\u00f4nus de 100% no seu primeiro dep\u00f3sito, at\u00e9 R$ 700. Uma ampla variedade de esportes, jogos de cassino e jogos de azar, pagamentos seguros e suporte 24 horas por dia!\",\"breadcrumb\":{\"@id\":\"https:\/\/22bet.spot\/br\/#breadcrumb\"},\"inLanguage\":\"pt-BR\",\"potentialAction\":[{\"@type\":\"ReadAction\",\"target\":[\"https:\/\/22bet.spot\/br\/\"]}]},{\"@type\":\"BreadcrumbList\",\"@id\":\"https:\/\/22bet.spot\/br\/#breadcrumb\",\"itemListElement\":[{\"@type\":\"ListItem\",\"position\":1,\"name\":\"Home\",\"item\":\"https:\/\/22bet.spot\/br\/\"},{\"@type\":\"ListItem\",\"position\":2,\"name\":\"P\u00e1gina inicial\"}]},{\"@type\":\"WebSite\",\"@id\":\"https:\/\/22bet.spot\/br\/#website\",\"url\":\"https:\/\/22bet.spot\/br\/\",\"name\":\"22Bet Spot BR\",\"description\":\"\",\"potentialAction\":[{\"@type\":\"SearchAction\",\"target\":{\"@type\":\"EntryPoint\",\"urlTemplate\":\"https:\/\/22bet.spot\/br\/?s={search_term_string}\"},\"query-input\":{\"@type\":\"PropertyValueSpecification\",\"valueRequired\":true,\"valueName\":\"search_term_string\"}}],\"inLanguage\":\"pt-BR\"}]}<\/script>\n<!-- \/ Yoast SEO plugin. -->","yoast_head_json":{"title":"Casa de apostas e cassino 22Bet Brasil \u27a4 B\u00f4nus de 100%","description":"A 22Bet \u00e9 uma plataforma de apostas confi\u00e1vel que oferece um b\u00f4nus de 100% no seu primeiro dep\u00f3sito, at\u00e9 R$ 700. Uma ampla variedade de esportes, jogos de cassino e jogos de azar, pagamentos seguros e suporte 24 horas por dia!","robots":{"index":"index","follow":"follow","max-snippet":"max-snippet:-1","max-image-preview":"max-image-preview:large","max-video-preview":"max-video-preview:-1"},"canonical":"https:\/\/22bet.spot\/br\/","og_locale":"pt_BR","og_type":"article","og_title":"Casa de apostas e cassino 22Bet Brasil \u27a4 B\u00f4nus de 100%","og_description":"A 22Bet \u00e9 uma plataforma de apostas confi\u00e1vel que oferece um b\u00f4nus de 100% no seu primeiro dep\u00f3sito, at\u00e9 R$ 700. Uma ampla variedade de esportes, jogos de cassino e jogos de azar, pagamentos seguros e suporte 24 horas por dia!","og_url":"https:\/\/22bet.spot\/br\/","og_site_name":"22Bet Spot BR","article_modified_time":"2026-03-19T15:20:59+00:00","twitter_card":"summary_large_image","schema":{"@context":"https:\/\/schema.org","@graph":[{"@type":"WebPage","@id":"https:\/\/22bet.spot\/br\/","url":"https:\/\/22bet.spot\/br\/","name":"Casa de apostas e cassino 22Bet Brasil \u27a4 B\u00f4nus de 100%","isPartOf":{"@id":"https:\/\/22bet.spot\/br\/#website"},"datePublished":"2025-08-22T11:28:47+00:00","dateModified":"2026-03-19T15:20:59+00:00","description":"A 22Bet \u00e9 uma plataforma de apostas confi\u00e1vel que oferece um b\u00f4nus de 100% no seu primeiro dep\u00f3sito, at\u00e9 R$ 700. Uma ampla variedade de esportes, jogos de cassino e jogos de azar, pagamentos seguros e suporte 24 horas por dia!","breadcrumb":{"@id":"https:\/\/22bet.spot\/br\/#breadcrumb"},"inLanguage":"pt-BR","potentialAction":[{"@type":"ReadAction","target":["https:\/\/22bet.spot\/br\/"]}]},{"@type":"BreadcrumbList","@id":"https:\/\/22bet.spot\/br\/#breadcrumb","itemListElement":[{"@type":"ListItem","position":1,"name":"Home","item":"https:\/\/22bet.spot\/br\/"},{"@type":"ListItem","position":2,"name":"P\u00e1gina inicial"}]},{"@type":"WebSite","@id":"https:\/\/22bet.spot\/br\/#website","url":"https:\/\/22bet.spot\/br\/","name":"22Bet Spot BR","description":"","potentialAction":[{"@type":"SearchAction","target":{"@type":"EntryPoint","urlTemplate":"https:\/\/22bet.spot\/br\/?s={search_term_string}"},"query-input":{"@type":"PropertyValueSpecification","valueRequired":true,"valueName":"search_term_string"}}],"inLanguage":"pt-BR"}]}},"_links":{"self":[{"href":"https:\/\/22bet.spot\/br\/wp-json\/wp\/v2\/pages\/2","targetHints":{"allow":["GET"]}}],"collection":[{"href":"https:\/\/22bet.spot\/br\/wp-json\/wp\/v2\/pages"}],"about":[{"href":"https:\/\/22bet.spot\/br\/wp-json\/wp\/v2\/types\/page"}],"author":[{"embeddable":true,"href":"https:\/\/22bet.spot\/br\/wp-json\/wp\/v2\/users\/1"}],"replies":[{"embeddable":true,"href":"https:\/\/22bet.spot\/br\/wp-json\/wp\/v2\/comments?post=2"}],"version-history":[{"count":5,"href":"https:\/\/22bet.spot\/br\/wp-json\/wp\/v2\/pages\/2\/revisions"}],"predecessor-version":[{"id":1209,"href":"https:\/\/22bet.spot\/br\/wp-json\/wp\/v2\/pages\/2\/revisions\/1209"}],"wp:attachment":[{"href":"https:\/\/22bet.spot\/br\/wp-json\/wp\/v2\/media?parent=2"}],"curies":[{"name":"wp","href":"https:\/\/api.w.org\/{rel}","templated":true}]}}