{"id":853,"date":"2026-01-12T14:39:34","date_gmt":"2026-01-12T11:39:34","guid":{"rendered":"https:\/\/22bet.spot\/br\/?page_id=853"},"modified":"2026-03-28T18:19:42","modified_gmt":"2026-03-28T15:19:42","slug":"app","status":"publish","type":"page","link":"https:\/\/22bet.spot\/br\/app\/","title":{"rendered":"Aplicativo"},"content":{"rendered":"","protected":false},"excerpt":{"rendered":"","protected":false},"author":1,"featured_media":0,"parent":0,"menu_order":0,"comment_status":"closed","ping_status":"closed","template":"","meta":{"_acf_changed":false,"footnotes":""},"class_list":["post-853","page","type-page","status-publish","hentry"],"acf":[],"yoast_head":"<!-- This site is optimized with the Yoast SEO plugin v26.7 - https:\/\/yoast.com\/wordpress\/plugins\/seo\/ -->\n<title>Aplicativo 22Bet Brasil Ano atual \u2705 Baixe o aplicativo<\/title>\n<meta name=\"description\" content=\"Baixe o aplicativo da 22Bet para Android e iOS \u2714\ufe0f apostas esportivas, cassino ao vivo, b\u00f4nus e acesso r\u00e1pido \u00e0s suas contas. Toda a funcionalidade do site em um aplicativo m\u00f3vel pr\u00e1tico, j\u00e1 dispon\u00edvel!\" \/>\n<meta name=\"robots\" content=\"index, follow, max-snippet:-1, max-image-preview:large, max-video-preview:-1\" \/>\n<link rel=\"canonical\" href=\"https:\/\/22bet.spot\/br\/app\/\" \/>\n<meta property=\"og:locale\" content=\"pt_BR\" \/>\n<meta property=\"og:type\" content=\"article\" \/>\n<meta property=\"og:title\" content=\"Aplicativo 22Bet Brasil Ano atual \u2705 Baixe o aplicativo\" \/>\n<meta property=\"og:description\" content=\"Baixe o aplicativo da 22Bet para Android e iOS \u2714\ufe0f apostas esportivas, cassino ao vivo, b\u00f4nus e acesso r\u00e1pido \u00e0s suas contas. Toda a funcionalidade do site em um aplicativo m\u00f3vel pr\u00e1tico, j\u00e1 dispon\u00edvel!\" \/>\n<meta property=\"og:url\" content=\"https:\/\/22bet.spot\/br\/app\/\" \/>\n<meta property=\"og:site_name\" content=\"22Bet Spot BR\" \/>\n<meta property=\"article:modified_time\" content=\"2026-03-28T15:19:42+00:00\" \/>\n<meta name=\"twitter:card\" content=\"summary_large_image\" \/>\n<script type=\"application\/ld+json\" class=\"yoast-schema-graph\">{\"@context\":\"https:\/\/schema.org\",\"@graph\":[{\"@type\":\"WebPage\",\"@id\":\"https:\/\/22bet.spot\/br\/app\/\",\"url\":\"https:\/\/22bet.spot\/br\/app\/\",\"name\":\"Aplicativo 22Bet Brasil Ano atual \u2705 Baixe o aplicativo\",\"isPartOf\":{\"@id\":\"https:\/\/22bet.spot\/br\/#website\"},\"datePublished\":\"2026-01-12T11:39:34+00:00\",\"dateModified\":\"2026-03-28T15:19:42+00:00\",\"description\":\"Baixe o aplicativo da 22Bet para Android e iOS \u2714\ufe0f apostas esportivas, cassino ao vivo, b\u00f4nus e acesso r\u00e1pido \u00e0s suas contas. Toda a funcionalidade do site em um aplicativo m\u00f3vel pr\u00e1tico, j\u00e1 dispon\u00edvel!\",\"breadcrumb\":{\"@id\":\"https:\/\/22bet.spot\/br\/app\/#breadcrumb\"},\"inLanguage\":\"pt-BR\",\"potentialAction\":[{\"@type\":\"ReadAction\",\"target\":[\"https:\/\/22bet.spot\/br\/app\/\"]}]},{\"@type\":\"BreadcrumbList\",\"@id\":\"https:\/\/22bet.spot\/br\/app\/#breadcrumb\",\"itemListElement\":[{\"@type\":\"ListItem\",\"position\":1,\"name\":\"Home\",\"item\":\"https:\/\/22bet.spot\/br\/\"},{\"@type\":\"ListItem\",\"position\":2,\"name\":\"Aplicativo\"}]},{\"@type\":\"WebSite\",\"@id\":\"https:\/\/22bet.spot\/br\/#website\",\"url\":\"https:\/\/22bet.spot\/br\/\",\"name\":\"22Bet Spot BR\",\"description\":\"\",\"potentialAction\":[{\"@type\":\"SearchAction\",\"target\":{\"@type\":\"EntryPoint\",\"urlTemplate\":\"https:\/\/22bet.spot\/br\/?s={search_term_string}\"},\"query-input\":{\"@type\":\"PropertyValueSpecification\",\"valueRequired\":true,\"valueName\":\"search_term_string\"}}],\"inLanguage\":\"pt-BR\"}]}<\/script>\n<!-- \/ Yoast SEO plugin. -->","yoast_head_json":{"title":"Aplicativo 22Bet Brasil Ano atual \u2705 Baixe o aplicativo","description":"Baixe o aplicativo da 22Bet para Android e iOS \u2714\ufe0f apostas esportivas, cassino ao vivo, b\u00f4nus e acesso r\u00e1pido \u00e0s suas contas. Toda a funcionalidade do site em um aplicativo m\u00f3vel pr\u00e1tico, j\u00e1 dispon\u00edvel!","robots":{"index":"index","follow":"follow","max-snippet":"max-snippet:-1","max-image-preview":"max-image-preview:large","max-video-preview":"max-video-preview:-1"},"canonical":"https:\/\/22bet.spot\/br\/app\/","og_locale":"pt_BR","og_type":"article","og_title":"Aplicativo 22Bet Brasil Ano atual \u2705 Baixe o aplicativo","og_description":"Baixe o aplicativo da 22Bet para Android e iOS \u2714\ufe0f apostas esportivas, cassino ao vivo, b\u00f4nus e acesso r\u00e1pido \u00e0s suas contas. Toda a funcionalidade do site em um aplicativo m\u00f3vel pr\u00e1tico, j\u00e1 dispon\u00edvel!","og_url":"https:\/\/22bet.spot\/br\/app\/","og_site_name":"22Bet Spot BR","article_modified_time":"2026-03-28T15:19:42+00:00","twitter_card":"summary_large_image","schema":{"@context":"https:\/\/schema.org","@graph":[{"@type":"WebPage","@id":"https:\/\/22bet.spot\/br\/app\/","url":"https:\/\/22bet.spot\/br\/app\/","name":"Aplicativo 22Bet Brasil Ano atual \u2705 Baixe o aplicativo","isPartOf":{"@id":"https:\/\/22bet.spot\/br\/#website"},"datePublished":"2026-01-12T11:39:34+00:00","dateModified":"2026-03-28T15:19:42+00:00","description":"Baixe o aplicativo da 22Bet para Android e iOS \u2714\ufe0f apostas esportivas, cassino ao vivo, b\u00f4nus e acesso r\u00e1pido \u00e0s suas contas. Toda a funcionalidade do site em um aplicativo m\u00f3vel pr\u00e1tico, j\u00e1 dispon\u00edvel!","breadcrumb":{"@id":"https:\/\/22bet.spot\/br\/app\/#breadcrumb"},"inLanguage":"pt-BR","potentialAction":[{"@type":"ReadAction","target":["https:\/\/22bet.spot\/br\/app\/"]}]},{"@type":"BreadcrumbList","@id":"https:\/\/22bet.spot\/br\/app\/#breadcrumb","itemListElement":[{"@type":"ListItem","position":1,"name":"Home","item":"https:\/\/22bet.spot\/br\/"},{"@type":"ListItem","position":2,"name":"Aplicativo"}]},{"@type":"WebSite","@id":"https:\/\/22bet.spot\/br\/#website","url":"https:\/\/22bet.spot\/br\/","name":"22Bet Spot BR","description":"","potentialAction":[{"@type":"SearchAction","target":{"@type":"EntryPoint","urlTemplate":"https:\/\/22bet.spot\/br\/?s={search_term_string}"},"query-input":{"@type":"PropertyValueSpecification","valueRequired":true,"valueName":"search_term_string"}}],"inLanguage":"pt-BR"}]}},"_links":{"self":[{"href":"https:\/\/22bet.spot\/br\/wp-json\/wp\/v2\/pages\/853","targetHints":{"allow":["GET"]}}],"collection":[{"href":"https:\/\/22bet.spot\/br\/wp-json\/wp\/v2\/pages"}],"about":[{"href":"https:\/\/22bet.spot\/br\/wp-json\/wp\/v2\/types\/page"}],"author":[{"embeddable":true,"href":"https:\/\/22bet.spot\/br\/wp-json\/wp\/v2\/users\/1"}],"replies":[{"embeddable":true,"href":"https:\/\/22bet.spot\/br\/wp-json\/wp\/v2\/comments?post=853"}],"version-history":[{"count":5,"href":"https:\/\/22bet.spot\/br\/wp-json\/wp\/v2\/pages\/853\/revisions"}],"predecessor-version":[{"id":1221,"href":"https:\/\/22bet.spot\/br\/wp-json\/wp\/v2\/pages\/853\/revisions\/1221"}],"wp:attachment":[{"href":"https:\/\/22bet.spot\/br\/wp-json\/wp\/v2\/media?parent=853"}],"curies":[{"name":"wp","href":"https:\/\/api.w.org\/{rel}","templated":true}]}}