{"id":880,"date":"2026-01-12T20:09:17","date_gmt":"2026-01-12T17:09:17","guid":{"rendered":"https:\/\/22bet.spot\/br\/?page_id=880"},"modified":"2026-03-19T17:39:41","modified_gmt":"2026-03-19T14:39:41","slug":"apk","status":"publish","type":"page","link":"https:\/\/22bet.spot\/br\/apk\/","title":{"rendered":"Apk"},"content":{"rendered":"","protected":false},"excerpt":{"rendered":"","protected":false},"author":1,"featured_media":0,"parent":0,"menu_order":0,"comment_status":"closed","ping_status":"closed","template":"","meta":{"_acf_changed":false,"footnotes":""},"class_list":["post-880","page","type-page","status-publish","hentry"],"acf":[],"yoast_head":"<!-- This site is optimized with the Yoast SEO plugin v26.7 - https:\/\/yoast.com\/wordpress\/plugins\/seo\/ -->\n<title>APK da 22Bet Brasil 2026 \u2705 Aplicativo oficial<\/title>\n<meta name=\"description\" content=\"Baixe o APK da 22Bet para Android no site oficial \u2714\ufe0f Apostas esportivas ao vivo, milhares de ca\u00e7a-n\u00edqueis de cassino, b\u00f4nus e pagamentos r\u00e1pidos. Jogue em dispositivos Android sem restri\u00e7\u00f5es!\" \/>\n<meta name=\"robots\" content=\"index, follow, max-snippet:-1, max-image-preview:large, max-video-preview:-1\" \/>\n<link rel=\"canonical\" href=\"https:\/\/22bet.spot\/br\/apk\/\" \/>\n<meta property=\"og:locale\" content=\"pt_BR\" \/>\n<meta property=\"og:type\" content=\"article\" \/>\n<meta property=\"og:title\" content=\"APK da 22Bet Brasil 2026 \u2705 Aplicativo oficial\" \/>\n<meta property=\"og:description\" content=\"Baixe o APK da 22Bet para Android no site oficial \u2714\ufe0f Apostas esportivas ao vivo, milhares de ca\u00e7a-n\u00edqueis de cassino, b\u00f4nus e pagamentos r\u00e1pidos. Jogue em dispositivos Android sem restri\u00e7\u00f5es!\" \/>\n<meta property=\"og:url\" content=\"https:\/\/22bet.spot\/br\/apk\/\" \/>\n<meta property=\"og:site_name\" content=\"22Bet Spot BR\" \/>\n<meta property=\"article:modified_time\" content=\"2026-03-19T14:39:41+00:00\" \/>\n<meta name=\"twitter:card\" content=\"summary_large_image\" \/>\n<script type=\"application\/ld+json\" class=\"yoast-schema-graph\">{\"@context\":\"https:\/\/schema.org\",\"@graph\":[{\"@type\":\"WebPage\",\"@id\":\"https:\/\/22bet.spot\/br\/apk\/\",\"url\":\"https:\/\/22bet.spot\/br\/apk\/\",\"name\":\"APK da 22Bet Brasil 2026 \u2705 Aplicativo oficial\",\"isPartOf\":{\"@id\":\"https:\/\/22bet.spot\/br\/#website\"},\"datePublished\":\"2026-01-12T17:09:17+00:00\",\"dateModified\":\"2026-03-19T14:39:41+00:00\",\"description\":\"Baixe o APK da 22Bet para Android no site oficial \u2714\ufe0f Apostas esportivas ao vivo, milhares de ca\u00e7a-n\u00edqueis de cassino, b\u00f4nus e pagamentos r\u00e1pidos. Jogue em dispositivos Android sem restri\u00e7\u00f5es!\",\"breadcrumb\":{\"@id\":\"https:\/\/22bet.spot\/br\/apk\/#breadcrumb\"},\"inLanguage\":\"pt-BR\",\"potentialAction\":[{\"@type\":\"ReadAction\",\"target\":[\"https:\/\/22bet.spot\/br\/apk\/\"]}]},{\"@type\":\"BreadcrumbList\",\"@id\":\"https:\/\/22bet.spot\/br\/apk\/#breadcrumb\",\"itemListElement\":[{\"@type\":\"ListItem\",\"position\":1,\"name\":\"Home\",\"item\":\"https:\/\/22bet.spot\/br\/\"},{\"@type\":\"ListItem\",\"position\":2,\"name\":\"Apk\"}]},{\"@type\":\"WebSite\",\"@id\":\"https:\/\/22bet.spot\/br\/#website\",\"url\":\"https:\/\/22bet.spot\/br\/\",\"name\":\"22Bet Spot BR\",\"description\":\"\",\"potentialAction\":[{\"@type\":\"SearchAction\",\"target\":{\"@type\":\"EntryPoint\",\"urlTemplate\":\"https:\/\/22bet.spot\/br\/?s={search_term_string}\"},\"query-input\":{\"@type\":\"PropertyValueSpecification\",\"valueRequired\":true,\"valueName\":\"search_term_string\"}}],\"inLanguage\":\"pt-BR\"}]}<\/script>\n<!-- \/ Yoast SEO plugin. -->","yoast_head_json":{"title":"APK da 22Bet Brasil 2026 \u2705 Aplicativo oficial","description":"Baixe o APK da 22Bet para Android no site oficial \u2714\ufe0f Apostas esportivas ao vivo, milhares de ca\u00e7a-n\u00edqueis de cassino, b\u00f4nus e pagamentos r\u00e1pidos. Jogue em dispositivos Android sem restri\u00e7\u00f5es!","robots":{"index":"index","follow":"follow","max-snippet":"max-snippet:-1","max-image-preview":"max-image-preview:large","max-video-preview":"max-video-preview:-1"},"canonical":"https:\/\/22bet.spot\/br\/apk\/","og_locale":"pt_BR","og_type":"article","og_title":"APK da 22Bet Brasil 2026 \u2705 Aplicativo oficial","og_description":"Baixe o APK da 22Bet para Android no site oficial \u2714\ufe0f Apostas esportivas ao vivo, milhares de ca\u00e7a-n\u00edqueis de cassino, b\u00f4nus e pagamentos r\u00e1pidos. Jogue em dispositivos Android sem restri\u00e7\u00f5es!","og_url":"https:\/\/22bet.spot\/br\/apk\/","og_site_name":"22Bet Spot BR","article_modified_time":"2026-03-19T14:39:41+00:00","twitter_card":"summary_large_image","schema":{"@context":"https:\/\/schema.org","@graph":[{"@type":"WebPage","@id":"https:\/\/22bet.spot\/br\/apk\/","url":"https:\/\/22bet.spot\/br\/apk\/","name":"APK da 22Bet Brasil 2026 \u2705 Aplicativo oficial","isPartOf":{"@id":"https:\/\/22bet.spot\/br\/#website"},"datePublished":"2026-01-12T17:09:17+00:00","dateModified":"2026-03-19T14:39:41+00:00","description":"Baixe o APK da 22Bet para Android no site oficial \u2714\ufe0f Apostas esportivas ao vivo, milhares de ca\u00e7a-n\u00edqueis de cassino, b\u00f4nus e pagamentos r\u00e1pidos. Jogue em dispositivos Android sem restri\u00e7\u00f5es!","breadcrumb":{"@id":"https:\/\/22bet.spot\/br\/apk\/#breadcrumb"},"inLanguage":"pt-BR","potentialAction":[{"@type":"ReadAction","target":["https:\/\/22bet.spot\/br\/apk\/"]}]},{"@type":"BreadcrumbList","@id":"https:\/\/22bet.spot\/br\/apk\/#breadcrumb","itemListElement":[{"@type":"ListItem","position":1,"name":"Home","item":"https:\/\/22bet.spot\/br\/"},{"@type":"ListItem","position":2,"name":"Apk"}]},{"@type":"WebSite","@id":"https:\/\/22bet.spot\/br\/#website","url":"https:\/\/22bet.spot\/br\/","name":"22Bet Spot BR","description":"","potentialAction":[{"@type":"SearchAction","target":{"@type":"EntryPoint","urlTemplate":"https:\/\/22bet.spot\/br\/?s={search_term_string}"},"query-input":{"@type":"PropertyValueSpecification","valueRequired":true,"valueName":"search_term_string"}}],"inLanguage":"pt-BR"}]}},"_links":{"self":[{"href":"https:\/\/22bet.spot\/br\/wp-json\/wp\/v2\/pages\/880","targetHints":{"allow":["GET"]}}],"collection":[{"href":"https:\/\/22bet.spot\/br\/wp-json\/wp\/v2\/pages"}],"about":[{"href":"https:\/\/22bet.spot\/br\/wp-json\/wp\/v2\/types\/page"}],"author":[{"embeddable":true,"href":"https:\/\/22bet.spot\/br\/wp-json\/wp\/v2\/users\/1"}],"replies":[{"embeddable":true,"href":"https:\/\/22bet.spot\/br\/wp-json\/wp\/v2\/comments?post=880"}],"version-history":[{"count":5,"href":"https:\/\/22bet.spot\/br\/wp-json\/wp\/v2\/pages\/880\/revisions"}],"predecessor-version":[{"id":1207,"href":"https:\/\/22bet.spot\/br\/wp-json\/wp\/v2\/pages\/880\/revisions\/1207"}],"wp:attachment":[{"href":"https:\/\/22bet.spot\/br\/wp-json\/wp\/v2\/media?parent=880"}],"curies":[{"name":"wp","href":"https:\/\/api.w.org\/{rel}","templated":true}]}}