{"id":932,"date":"2026-01-13T14:24:28","date_gmt":"2026-01-13T11:24:28","guid":{"rendered":"https:\/\/22bet.spot\/br\/?page_id=932"},"modified":"2026-03-20T10:55:33","modified_gmt":"2026-03-20T07:55:33","slug":"casino","status":"publish","type":"page","link":"https:\/\/22bet.spot\/br\/casino\/","title":{"rendered":"Cassino"},"content":{"rendered":"","protected":false},"excerpt":{"rendered":"","protected":false},"author":1,"featured_media":0,"parent":0,"menu_order":0,"comment_status":"closed","ping_status":"closed","template":"","meta":{"_acf_changed":false,"footnotes":""},"class_list":["post-932","page","type-page","status-publish","hentry"],"acf":[],"yoast_head":"<!-- This site is optimized with the Yoast SEO plugin v26.7 - https:\/\/yoast.com\/wordpress\/plugins\/seo\/ -->\n<title>22Bet Casino Brasil 2026 \u2714\ufe0f jogos, b\u00f4nus, entretenimento<\/title>\n<meta name=\"description\" content=\"Jogue no 22Bet Casino \u2705 milhares de ca\u00e7a-n\u00edqueis e jogos ao vivo, um b\u00f4nus de boas-vindas de 100% no seu primeiro dep\u00f3sito e promo\u00e7\u00f5es regulares. Desfrute do melhor entretenimento de apostas no seu PC e smartphone!\" \/>\n<meta name=\"robots\" content=\"index, follow, max-snippet:-1, max-image-preview:large, max-video-preview:-1\" \/>\n<link rel=\"canonical\" href=\"https:\/\/22bet.spot\/br\/casino\/\" \/>\n<meta property=\"og:locale\" content=\"pt_BR\" \/>\n<meta property=\"og:type\" content=\"article\" \/>\n<meta property=\"og:title\" content=\"22Bet Casino Brasil 2026 \u2714\ufe0f jogos, b\u00f4nus, entretenimento\" \/>\n<meta property=\"og:description\" content=\"Jogue no 22Bet Casino \u2705 milhares de ca\u00e7a-n\u00edqueis e jogos ao vivo, um b\u00f4nus de boas-vindas de 100% no seu primeiro dep\u00f3sito e promo\u00e7\u00f5es regulares. Desfrute do melhor entretenimento de apostas no seu PC e smartphone!\" \/>\n<meta property=\"og:url\" content=\"https:\/\/22bet.spot\/br\/casino\/\" \/>\n<meta property=\"og:site_name\" content=\"22Bet Spot BR\" \/>\n<meta property=\"article:modified_time\" content=\"2026-03-20T07:55:33+00:00\" \/>\n<meta name=\"twitter:card\" content=\"summary_large_image\" \/>\n<script type=\"application\/ld+json\" class=\"yoast-schema-graph\">{\"@context\":\"https:\/\/schema.org\",\"@graph\":[{\"@type\":\"WebPage\",\"@id\":\"https:\/\/22bet.spot\/br\/casino\/\",\"url\":\"https:\/\/22bet.spot\/br\/casino\/\",\"name\":\"22Bet Casino Brasil 2026 \u2714\ufe0f jogos, b\u00f4nus, entretenimento\",\"isPartOf\":{\"@id\":\"https:\/\/22bet.spot\/br\/#website\"},\"datePublished\":\"2026-01-13T11:24:28+00:00\",\"dateModified\":\"2026-03-20T07:55:33+00:00\",\"description\":\"Jogue no 22Bet Casino \u2705 milhares de ca\u00e7a-n\u00edqueis e jogos ao vivo, um b\u00f4nus de boas-vindas de 100% no seu primeiro dep\u00f3sito e promo\u00e7\u00f5es regulares. Desfrute do melhor entretenimento de apostas no seu PC e smartphone!\",\"breadcrumb\":{\"@id\":\"https:\/\/22bet.spot\/br\/casino\/#breadcrumb\"},\"inLanguage\":\"pt-BR\",\"potentialAction\":[{\"@type\":\"ReadAction\",\"target\":[\"https:\/\/22bet.spot\/br\/casino\/\"]}]},{\"@type\":\"BreadcrumbList\",\"@id\":\"https:\/\/22bet.spot\/br\/casino\/#breadcrumb\",\"itemListElement\":[{\"@type\":\"ListItem\",\"position\":1,\"name\":\"Home\",\"item\":\"https:\/\/22bet.spot\/br\/\"},{\"@type\":\"ListItem\",\"position\":2,\"name\":\"Cassino\"}]},{\"@type\":\"WebSite\",\"@id\":\"https:\/\/22bet.spot\/br\/#website\",\"url\":\"https:\/\/22bet.spot\/br\/\",\"name\":\"22Bet Spot BR\",\"description\":\"\",\"potentialAction\":[{\"@type\":\"SearchAction\",\"target\":{\"@type\":\"EntryPoint\",\"urlTemplate\":\"https:\/\/22bet.spot\/br\/?s={search_term_string}\"},\"query-input\":{\"@type\":\"PropertyValueSpecification\",\"valueRequired\":true,\"valueName\":\"search_term_string\"}}],\"inLanguage\":\"pt-BR\"}]}<\/script>\n<!-- \/ Yoast SEO plugin. -->","yoast_head_json":{"title":"22Bet Casino Brasil 2026 \u2714\ufe0f jogos, b\u00f4nus, entretenimento","description":"Jogue no 22Bet Casino \u2705 milhares de ca\u00e7a-n\u00edqueis e jogos ao vivo, um b\u00f4nus de boas-vindas de 100% no seu primeiro dep\u00f3sito e promo\u00e7\u00f5es regulares. Desfrute do melhor entretenimento de apostas no seu PC e smartphone!","robots":{"index":"index","follow":"follow","max-snippet":"max-snippet:-1","max-image-preview":"max-image-preview:large","max-video-preview":"max-video-preview:-1"},"canonical":"https:\/\/22bet.spot\/br\/casino\/","og_locale":"pt_BR","og_type":"article","og_title":"22Bet Casino Brasil 2026 \u2714\ufe0f jogos, b\u00f4nus, entretenimento","og_description":"Jogue no 22Bet Casino \u2705 milhares de ca\u00e7a-n\u00edqueis e jogos ao vivo, um b\u00f4nus de boas-vindas de 100% no seu primeiro dep\u00f3sito e promo\u00e7\u00f5es regulares. Desfrute do melhor entretenimento de apostas no seu PC e smartphone!","og_url":"https:\/\/22bet.spot\/br\/casino\/","og_site_name":"22Bet Spot BR","article_modified_time":"2026-03-20T07:55:33+00:00","twitter_card":"summary_large_image","schema":{"@context":"https:\/\/schema.org","@graph":[{"@type":"WebPage","@id":"https:\/\/22bet.spot\/br\/casino\/","url":"https:\/\/22bet.spot\/br\/casino\/","name":"22Bet Casino Brasil 2026 \u2714\ufe0f jogos, b\u00f4nus, entretenimento","isPartOf":{"@id":"https:\/\/22bet.spot\/br\/#website"},"datePublished":"2026-01-13T11:24:28+00:00","dateModified":"2026-03-20T07:55:33+00:00","description":"Jogue no 22Bet Casino \u2705 milhares de ca\u00e7a-n\u00edqueis e jogos ao vivo, um b\u00f4nus de boas-vindas de 100% no seu primeiro dep\u00f3sito e promo\u00e7\u00f5es regulares. Desfrute do melhor entretenimento de apostas no seu PC e smartphone!","breadcrumb":{"@id":"https:\/\/22bet.spot\/br\/casino\/#breadcrumb"},"inLanguage":"pt-BR","potentialAction":[{"@type":"ReadAction","target":["https:\/\/22bet.spot\/br\/casino\/"]}]},{"@type":"BreadcrumbList","@id":"https:\/\/22bet.spot\/br\/casino\/#breadcrumb","itemListElement":[{"@type":"ListItem","position":1,"name":"Home","item":"https:\/\/22bet.spot\/br\/"},{"@type":"ListItem","position":2,"name":"Cassino"}]},{"@type":"WebSite","@id":"https:\/\/22bet.spot\/br\/#website","url":"https:\/\/22bet.spot\/br\/","name":"22Bet Spot BR","description":"","potentialAction":[{"@type":"SearchAction","target":{"@type":"EntryPoint","urlTemplate":"https:\/\/22bet.spot\/br\/?s={search_term_string}"},"query-input":{"@type":"PropertyValueSpecification","valueRequired":true,"valueName":"search_term_string"}}],"inLanguage":"pt-BR"}]}},"_links":{"self":[{"href":"https:\/\/22bet.spot\/br\/wp-json\/wp\/v2\/pages\/932","targetHints":{"allow":["GET"]}}],"collection":[{"href":"https:\/\/22bet.spot\/br\/wp-json\/wp\/v2\/pages"}],"about":[{"href":"https:\/\/22bet.spot\/br\/wp-json\/wp\/v2\/types\/page"}],"author":[{"embeddable":true,"href":"https:\/\/22bet.spot\/br\/wp-json\/wp\/v2\/users\/1"}],"replies":[{"embeddable":true,"href":"https:\/\/22bet.spot\/br\/wp-json\/wp\/v2\/comments?post=932"}],"version-history":[{"count":5,"href":"https:\/\/22bet.spot\/br\/wp-json\/wp\/v2\/pages\/932\/revisions"}],"predecessor-version":[{"id":1215,"href":"https:\/\/22bet.spot\/br\/wp-json\/wp\/v2\/pages\/932\/revisions\/1215"}],"wp:attachment":[{"href":"https:\/\/22bet.spot\/br\/wp-json\/wp\/v2\/media?parent=932"}],"curies":[{"name":"wp","href":"https:\/\/api.w.org\/{rel}","templated":true}]}}