{"id":1084,"date":"2026-01-17T07:35:15","date_gmt":"2026-01-17T04:35:15","guid":{"rendered":"https:\/\/22bet.spot\/ch\/?page_id=1084"},"modified":"2026-02-18T12:02:34","modified_gmt":"2026-02-18T09:02:34","slug":"registration","status":"publish","type":"page","link":"https:\/\/22bet.spot\/ch\/registration\/","title":{"rendered":"Anmeldung"},"content":{"rendered":"","protected":false},"excerpt":{"rendered":"","protected":false},"author":1,"featured_media":0,"parent":0,"menu_order":0,"comment_status":"closed","ping_status":"closed","template":"","meta":{"_acf_changed":false,"footnotes":""},"class_list":["post-1084","page","type-page","status-publish","hentry"],"acf":[],"yoast_head":"<!-- This site is optimized with the Yoast SEO plugin v26.7 - https:\/\/yoast.com\/wordpress\/plugins\/seo\/ -->\n<title>Registrieren bei 22Bet \u2714\ufe0f Erstellen Sie ein Profil und spielen Sie<\/title>\n<meta name=\"description\" content=\"Erfahren Sie, wie Sie sich in wenigen Minuten bei 22Bet Schweiz registrieren k\u00f6nnen \u2705 W\u00e4hlen Sie eine Methode (Telefon, E-Mail oder soziale Medien), f\u00fcllen Sie das Formular aus, best\u00e4tigen Sie Ihr Konto und erhalten Sie Zugriff auf Wett- und Casinospiele auf allen Ger\u00e4ten.\" \/>\n<meta name=\"robots\" content=\"index, follow, max-snippet:-1, max-image-preview:large, max-video-preview:-1\" \/>\n<link rel=\"canonical\" href=\"https:\/\/22bet.spot\/ch\/registration\/\" \/>\n<meta property=\"og:locale\" content=\"de_DE\" \/>\n<meta property=\"og:type\" content=\"article\" \/>\n<meta property=\"og:title\" content=\"Registrieren bei 22Bet \u2714\ufe0f Erstellen Sie ein Profil und spielen Sie\" \/>\n<meta property=\"og:description\" content=\"Erfahren Sie, wie Sie sich in wenigen Minuten bei 22Bet Schweiz registrieren k\u00f6nnen \u2705 W\u00e4hlen Sie eine Methode (Telefon, E-Mail oder soziale Medien), f\u00fcllen Sie das Formular aus, best\u00e4tigen Sie Ihr Konto und erhalten Sie Zugriff auf Wett- und Casinospiele auf allen Ger\u00e4ten.\" \/>\n<meta property=\"og:url\" content=\"https:\/\/22bet.spot\/ch\/registration\/\" \/>\n<meta property=\"og:site_name\" content=\"22bet.spot CH\" \/>\n<meta property=\"article:modified_time\" content=\"2026-02-18T09:02:34+00:00\" \/>\n<meta name=\"twitter:card\" content=\"summary_large_image\" \/>\n<script type=\"application\/ld+json\" class=\"yoast-schema-graph\">{\"@context\":\"https:\/\/schema.org\",\"@graph\":[{\"@type\":\"WebPage\",\"@id\":\"https:\/\/22bet.spot\/ch\/registration\/\",\"url\":\"https:\/\/22bet.spot\/ch\/registration\/\",\"name\":\"Registrieren bei 22Bet \u2714\ufe0f Erstellen Sie ein Profil und spielen Sie\",\"isPartOf\":{\"@id\":\"https:\/\/22bet.spot\/ch\/#website\"},\"datePublished\":\"2026-01-17T04:35:15+00:00\",\"dateModified\":\"2026-02-18T09:02:34+00:00\",\"description\":\"Erfahren Sie, wie Sie sich in wenigen Minuten bei 22Bet Schweiz registrieren k\u00f6nnen \u2705 W\u00e4hlen Sie eine Methode (Telefon, E-Mail oder soziale Medien), f\u00fcllen Sie das Formular aus, best\u00e4tigen Sie Ihr Konto und erhalten Sie Zugriff auf Wett- und Casinospiele auf allen Ger\u00e4ten.\",\"breadcrumb\":{\"@id\":\"https:\/\/22bet.spot\/ch\/registration\/#breadcrumb\"},\"inLanguage\":\"de-CH\",\"potentialAction\":[{\"@type\":\"ReadAction\",\"target\":[\"https:\/\/22bet.spot\/ch\/registration\/\"]}]},{\"@type\":\"BreadcrumbList\",\"@id\":\"https:\/\/22bet.spot\/ch\/registration\/#breadcrumb\",\"itemListElement\":[{\"@type\":\"ListItem\",\"position\":1,\"name\":\"Home\",\"item\":\"https:\/\/22bet.spot\/ch\/\"},{\"@type\":\"ListItem\",\"position\":2,\"name\":\"Anmeldung\"}]},{\"@type\":\"WebSite\",\"@id\":\"https:\/\/22bet.spot\/ch\/#website\",\"url\":\"https:\/\/22bet.spot\/ch\/\",\"name\":\"22bet.spot CH\",\"description\":\"\",\"potentialAction\":[{\"@type\":\"SearchAction\",\"target\":{\"@type\":\"EntryPoint\",\"urlTemplate\":\"https:\/\/22bet.spot\/ch\/?s={search_term_string}\"},\"query-input\":{\"@type\":\"PropertyValueSpecification\",\"valueRequired\":true,\"valueName\":\"search_term_string\"}}],\"inLanguage\":\"de-CH\"}]}<\/script>\n<!-- \/ Yoast SEO plugin. -->","yoast_head_json":{"title":"Registrieren bei 22Bet \u2714\ufe0f Erstellen Sie ein Profil und spielen Sie","description":"Erfahren Sie, wie Sie sich in wenigen Minuten bei 22Bet Schweiz registrieren k\u00f6nnen \u2705 W\u00e4hlen Sie eine Methode (Telefon, E-Mail oder soziale Medien), f\u00fcllen Sie das Formular aus, best\u00e4tigen Sie Ihr Konto und erhalten Sie Zugriff auf Wett- und Casinospiele auf allen Ger\u00e4ten.","robots":{"index":"index","follow":"follow","max-snippet":"max-snippet:-1","max-image-preview":"max-image-preview:large","max-video-preview":"max-video-preview:-1"},"canonical":"https:\/\/22bet.spot\/ch\/registration\/","og_locale":"de_DE","og_type":"article","og_title":"Registrieren bei 22Bet \u2714\ufe0f Erstellen Sie ein Profil und spielen Sie","og_description":"Erfahren Sie, wie Sie sich in wenigen Minuten bei 22Bet Schweiz registrieren k\u00f6nnen \u2705 W\u00e4hlen Sie eine Methode (Telefon, E-Mail oder soziale Medien), f\u00fcllen Sie das Formular aus, best\u00e4tigen Sie Ihr Konto und erhalten Sie Zugriff auf Wett- und Casinospiele auf allen Ger\u00e4ten.","og_url":"https:\/\/22bet.spot\/ch\/registration\/","og_site_name":"22bet.spot CH","article_modified_time":"2026-02-18T09:02:34+00:00","twitter_card":"summary_large_image","schema":{"@context":"https:\/\/schema.org","@graph":[{"@type":"WebPage","@id":"https:\/\/22bet.spot\/ch\/registration\/","url":"https:\/\/22bet.spot\/ch\/registration\/","name":"Registrieren bei 22Bet \u2714\ufe0f Erstellen Sie ein Profil und spielen Sie","isPartOf":{"@id":"https:\/\/22bet.spot\/ch\/#website"},"datePublished":"2026-01-17T04:35:15+00:00","dateModified":"2026-02-18T09:02:34+00:00","description":"Erfahren Sie, wie Sie sich in wenigen Minuten bei 22Bet Schweiz registrieren k\u00f6nnen \u2705 W\u00e4hlen Sie eine Methode (Telefon, E-Mail oder soziale Medien), f\u00fcllen Sie das Formular aus, best\u00e4tigen Sie Ihr Konto und erhalten Sie Zugriff auf Wett- und Casinospiele auf allen Ger\u00e4ten.","breadcrumb":{"@id":"https:\/\/22bet.spot\/ch\/registration\/#breadcrumb"},"inLanguage":"de-CH","potentialAction":[{"@type":"ReadAction","target":["https:\/\/22bet.spot\/ch\/registration\/"]}]},{"@type":"BreadcrumbList","@id":"https:\/\/22bet.spot\/ch\/registration\/#breadcrumb","itemListElement":[{"@type":"ListItem","position":1,"name":"Home","item":"https:\/\/22bet.spot\/ch\/"},{"@type":"ListItem","position":2,"name":"Anmeldung"}]},{"@type":"WebSite","@id":"https:\/\/22bet.spot\/ch\/#website","url":"https:\/\/22bet.spot\/ch\/","name":"22bet.spot CH","description":"","potentialAction":[{"@type":"SearchAction","target":{"@type":"EntryPoint","urlTemplate":"https:\/\/22bet.spot\/ch\/?s={search_term_string}"},"query-input":{"@type":"PropertyValueSpecification","valueRequired":true,"valueName":"search_term_string"}}],"inLanguage":"de-CH"}]}},"_links":{"self":[{"href":"https:\/\/22bet.spot\/ch\/wp-json\/wp\/v2\/pages\/1084","targetHints":{"allow":["GET"]}}],"collection":[{"href":"https:\/\/22bet.spot\/ch\/wp-json\/wp\/v2\/pages"}],"about":[{"href":"https:\/\/22bet.spot\/ch\/wp-json\/wp\/v2\/types\/page"}],"author":[{"embeddable":true,"href":"https:\/\/22bet.spot\/ch\/wp-json\/wp\/v2\/users\/1"}],"replies":[{"embeddable":true,"href":"https:\/\/22bet.spot\/ch\/wp-json\/wp\/v2\/comments?post=1084"}],"version-history":[{"count":5,"href":"https:\/\/22bet.spot\/ch\/wp-json\/wp\/v2\/pages\/1084\/revisions"}],"predecessor-version":[{"id":1228,"href":"https:\/\/22bet.spot\/ch\/wp-json\/wp\/v2\/pages\/1084\/revisions\/1228"}],"wp:attachment":[{"href":"https:\/\/22bet.spot\/ch\/wp-json\/wp\/v2\/media?parent=1084"}],"curies":[{"name":"wp","href":"https:\/\/api.w.org\/{rel}","templated":true}]}}