{"id":1084,"date":"2026-01-17T07:35:15","date_gmt":"2026-01-17T04:35:15","guid":{"rendered":"https:\/\/22bet.spot\/co\/?page_id=1084"},"modified":"2026-02-24T16:06:43","modified_gmt":"2026-02-24T13:06:43","slug":"registration","status":"publish","type":"page","link":"https:\/\/22bet.spot\/co\/registration\/","title":{"rendered":"Registro"},"content":{"rendered":"","protected":false},"excerpt":{"rendered":"","protected":false},"author":1,"featured_media":0,"parent":0,"menu_order":0,"comment_status":"closed","ping_status":"closed","template":"","meta":{"_acf_changed":false,"footnotes":""},"class_list":["post-1084","page","type-page","status-publish","hentry"],"acf":[],"yoast_head":"<!-- This site is optimized with the Yoast SEO plugin v26.7 - https:\/\/yoast.com\/wordpress\/plugins\/seo\/ -->\n<title>Registrar una cuenta en 22Bet \u2714\ufe0f Crear un perfil2026<\/title>\n<meta name=\"description\" content=\"Descubre c\u00f3mo registrarte en 22Bet Colombia en un par de minutos \u2705 elige un m\u00e9todo (tel\u00e9fono, correo electr\u00f3nico o redes sociales), rellena el formulario, confirma tu cuenta y obt\u00e9n acceso a las apuestas y los juegos de casino en todos los dispositivos.\" \/>\n<meta name=\"robots\" content=\"index, follow, max-snippet:-1, max-image-preview:large, max-video-preview:-1\" \/>\n<link rel=\"canonical\" href=\"https:\/\/22bet.spot\/co\/registration\/\" \/>\n<meta property=\"og:locale\" content=\"es_ES\" \/>\n<meta property=\"og:type\" content=\"article\" \/>\n<meta property=\"og:title\" content=\"Registrar una cuenta en 22Bet \u2714\ufe0f Crear un perfil2026\" \/>\n<meta property=\"og:description\" content=\"Descubre c\u00f3mo registrarte en 22Bet Colombia en un par de minutos \u2705 elige un m\u00e9todo (tel\u00e9fono, correo electr\u00f3nico o redes sociales), rellena el formulario, confirma tu cuenta y obt\u00e9n acceso a las apuestas y los juegos de casino en todos los dispositivos.\" \/>\n<meta property=\"og:url\" content=\"https:\/\/22bet.spot\/co\/registration\/\" \/>\n<meta property=\"og:site_name\" content=\"22Bet Spot CO\" \/>\n<meta property=\"article:modified_time\" content=\"2026-02-24T13:06:43+00:00\" \/>\n<meta name=\"twitter:card\" content=\"summary_large_image\" \/>\n<script type=\"application\/ld+json\" class=\"yoast-schema-graph\">{\"@context\":\"https:\/\/schema.org\",\"@graph\":[{\"@type\":\"WebPage\",\"@id\":\"https:\/\/22bet.spot\/co\/registration\/\",\"url\":\"https:\/\/22bet.spot\/co\/registration\/\",\"name\":\"Registrar una cuenta en 22Bet \u2714\ufe0f Crear un perfil2026\",\"isPartOf\":{\"@id\":\"https:\/\/22bet.spot\/co\/#website\"},\"datePublished\":\"2026-01-17T04:35:15+00:00\",\"dateModified\":\"2026-02-24T13:06:43+00:00\",\"description\":\"Descubre c\u00f3mo registrarte en 22Bet Colombia en un par de minutos \u2705 elige un m\u00e9todo (tel\u00e9fono, correo electr\u00f3nico o redes sociales), rellena el formulario, confirma tu cuenta y obt\u00e9n acceso a las apuestas y los juegos de casino en todos los dispositivos.\",\"breadcrumb\":{\"@id\":\"https:\/\/22bet.spot\/co\/registration\/#breadcrumb\"},\"inLanguage\":\"es-CO\",\"potentialAction\":[{\"@type\":\"ReadAction\",\"target\":[\"https:\/\/22bet.spot\/co\/registration\/\"]}]},{\"@type\":\"BreadcrumbList\",\"@id\":\"https:\/\/22bet.spot\/co\/registration\/#breadcrumb\",\"itemListElement\":[{\"@type\":\"ListItem\",\"position\":1,\"name\":\"Home\",\"item\":\"https:\/\/22bet.spot\/co\/\"},{\"@type\":\"ListItem\",\"position\":2,\"name\":\"Registro\"}]},{\"@type\":\"WebSite\",\"@id\":\"https:\/\/22bet.spot\/co\/#website\",\"url\":\"https:\/\/22bet.spot\/co\/\",\"name\":\"22Bet Spot CO\",\"description\":\"\",\"potentialAction\":[{\"@type\":\"SearchAction\",\"target\":{\"@type\":\"EntryPoint\",\"urlTemplate\":\"https:\/\/22bet.spot\/co\/?s={search_term_string}\"},\"query-input\":{\"@type\":\"PropertyValueSpecification\",\"valueRequired\":true,\"valueName\":\"search_term_string\"}}],\"inLanguage\":\"es-CO\"}]}<\/script>\n<!-- \/ Yoast SEO plugin. -->","yoast_head_json":{"title":"Registrar una cuenta en 22Bet \u2714\ufe0f Crear un perfil2026","description":"Descubre c\u00f3mo registrarte en 22Bet Colombia en un par de minutos \u2705 elige un m\u00e9todo (tel\u00e9fono, correo electr\u00f3nico o redes sociales), rellena el formulario, confirma tu cuenta y obt\u00e9n acceso a las apuestas y los juegos de casino en todos los dispositivos.","robots":{"index":"index","follow":"follow","max-snippet":"max-snippet:-1","max-image-preview":"max-image-preview:large","max-video-preview":"max-video-preview:-1"},"canonical":"https:\/\/22bet.spot\/co\/registration\/","og_locale":"es_ES","og_type":"article","og_title":"Registrar una cuenta en 22Bet \u2714\ufe0f Crear un perfil2026","og_description":"Descubre c\u00f3mo registrarte en 22Bet Colombia en un par de minutos \u2705 elige un m\u00e9todo (tel\u00e9fono, correo electr\u00f3nico o redes sociales), rellena el formulario, confirma tu cuenta y obt\u00e9n acceso a las apuestas y los juegos de casino en todos los dispositivos.","og_url":"https:\/\/22bet.spot\/co\/registration\/","og_site_name":"22Bet Spot CO","article_modified_time":"2026-02-24T13:06:43+00:00","twitter_card":"summary_large_image","schema":{"@context":"https:\/\/schema.org","@graph":[{"@type":"WebPage","@id":"https:\/\/22bet.spot\/co\/registration\/","url":"https:\/\/22bet.spot\/co\/registration\/","name":"Registrar una cuenta en 22Bet \u2714\ufe0f Crear un perfil2026","isPartOf":{"@id":"https:\/\/22bet.spot\/co\/#website"},"datePublished":"2026-01-17T04:35:15+00:00","dateModified":"2026-02-24T13:06:43+00:00","description":"Descubre c\u00f3mo registrarte en 22Bet Colombia en un par de minutos \u2705 elige un m\u00e9todo (tel\u00e9fono, correo electr\u00f3nico o redes sociales), rellena el formulario, confirma tu cuenta y obt\u00e9n acceso a las apuestas y los juegos de casino en todos los dispositivos.","breadcrumb":{"@id":"https:\/\/22bet.spot\/co\/registration\/#breadcrumb"},"inLanguage":"es-CO","potentialAction":[{"@type":"ReadAction","target":["https:\/\/22bet.spot\/co\/registration\/"]}]},{"@type":"BreadcrumbList","@id":"https:\/\/22bet.spot\/co\/registration\/#breadcrumb","itemListElement":[{"@type":"ListItem","position":1,"name":"Home","item":"https:\/\/22bet.spot\/co\/"},{"@type":"ListItem","position":2,"name":"Registro"}]},{"@type":"WebSite","@id":"https:\/\/22bet.spot\/co\/#website","url":"https:\/\/22bet.spot\/co\/","name":"22Bet Spot CO","description":"","potentialAction":[{"@type":"SearchAction","target":{"@type":"EntryPoint","urlTemplate":"https:\/\/22bet.spot\/co\/?s={search_term_string}"},"query-input":{"@type":"PropertyValueSpecification","valueRequired":true,"valueName":"search_term_string"}}],"inLanguage":"es-CO"}]}},"_links":{"self":[{"href":"https:\/\/22bet.spot\/co\/wp-json\/wp\/v2\/pages\/1084","targetHints":{"allow":["GET"]}}],"collection":[{"href":"https:\/\/22bet.spot\/co\/wp-json\/wp\/v2\/pages"}],"about":[{"href":"https:\/\/22bet.spot\/co\/wp-json\/wp\/v2\/types\/page"}],"author":[{"embeddable":true,"href":"https:\/\/22bet.spot\/co\/wp-json\/wp\/v2\/users\/1"}],"replies":[{"embeddable":true,"href":"https:\/\/22bet.spot\/co\/wp-json\/wp\/v2\/comments?post=1084"}],"version-history":[{"count":5,"href":"https:\/\/22bet.spot\/co\/wp-json\/wp\/v2\/pages\/1084\/revisions"}],"predecessor-version":[{"id":1216,"href":"https:\/\/22bet.spot\/co\/wp-json\/wp\/v2\/pages\/1084\/revisions\/1216"}],"wp:attachment":[{"href":"https:\/\/22bet.spot\/co\/wp-json\/wp\/v2\/media?parent=1084"}],"curies":[{"name":"wp","href":"https:\/\/api.w.org\/{rel}","templated":true}]}}