{"id":1031,"date":"2026-01-15T13:09:51","date_gmt":"2026-01-15T10:09:51","guid":{"rendered":"https:\/\/22bet.spot\/cs\/?page_id=1031"},"modified":"2026-03-27T13:46:23","modified_gmt":"2026-03-27T10:46:23","slug":"promo-code","status":"publish","type":"page","link":"https:\/\/22bet.spot\/cs\/promo-code\/","title":{"rendered":"Propaga\u010dn\u00ed k\u00f3d"},"content":{"rendered":"","protected":false},"excerpt":{"rendered":"","protected":false},"author":1,"featured_media":0,"parent":0,"menu_order":0,"comment_status":"closed","ping_status":"closed","template":"","meta":{"_acf_changed":false,"footnotes":""},"class_list":["post-1031","page","type-page","status-publish","hentry"],"acf":[],"yoast_head":"<!-- This site is optimized with the Yoast SEO plugin v26.7 - https:\/\/yoast.com\/wordpress\/plugins\/seo\/ -->\n<title>Promo k\u00f3dy 22Bet 2026 \u2705 Bonusy a vr\u00e1cen\u00ed pen\u011bz<\/title>\n<meta name=\"description\" content=\"Zjist\u011bte, jak pou\u017e\u00edvat promo k\u00f3dy 22Bet \u2714\ufe0f a z\u00edskejte exkluzivn\u00ed bonusy, zato\u010den\u00ed zdarma, bonusy za dobit\u00ed a vy\u0161\u0161\u00ed cashback. Aktivujte tajn\u00e9 k\u00f3dy a z\u00edskejte z hran\u00ed je\u0161t\u011b v\u00edce v\u00fdhod!\" \/>\n<meta name=\"robots\" content=\"index, follow, max-snippet:-1, max-image-preview:large, max-video-preview:-1\" \/>\n<link rel=\"canonical\" href=\"https:\/\/22bet.spot\/cs\/promo-code\/\" \/>\n<meta property=\"og:locale\" content=\"cs_CZ\" \/>\n<meta property=\"og:type\" content=\"article\" \/>\n<meta property=\"og:title\" content=\"Promo k\u00f3dy 22Bet 2026 \u2705 Bonusy a vr\u00e1cen\u00ed pen\u011bz\" \/>\n<meta property=\"og:description\" content=\"Zjist\u011bte, jak pou\u017e\u00edvat promo k\u00f3dy 22Bet \u2714\ufe0f a z\u00edskejte exkluzivn\u00ed bonusy, zato\u010den\u00ed zdarma, bonusy za dobit\u00ed a vy\u0161\u0161\u00ed cashback. Aktivujte tajn\u00e9 k\u00f3dy a z\u00edskejte z hran\u00ed je\u0161t\u011b v\u00edce v\u00fdhod!\" \/>\n<meta property=\"og:url\" content=\"https:\/\/22bet.spot\/cs\/promo-code\/\" \/>\n<meta property=\"og:site_name\" content=\"22Bet Spot CZ\" \/>\n<meta property=\"article:modified_time\" content=\"2026-03-27T10:46:23+00:00\" \/>\n<meta name=\"twitter:card\" content=\"summary_large_image\" \/>\n<script type=\"application\/ld+json\" class=\"yoast-schema-graph\">{\"@context\":\"https:\/\/schema.org\",\"@graph\":[{\"@type\":\"WebPage\",\"@id\":\"https:\/\/22bet.spot\/cs\/promo-code\/\",\"url\":\"https:\/\/22bet.spot\/cs\/promo-code\/\",\"name\":\"Promo k\u00f3dy 22Bet 2026 \u2705 Bonusy a vr\u00e1cen\u00ed pen\u011bz\",\"isPartOf\":{\"@id\":\"https:\/\/22bet.spot\/cs\/#website\"},\"datePublished\":\"2026-01-15T10:09:51+00:00\",\"dateModified\":\"2026-03-27T10:46:23+00:00\",\"description\":\"Zjist\u011bte, jak pou\u017e\u00edvat promo k\u00f3dy 22Bet \u2714\ufe0f a z\u00edskejte exkluzivn\u00ed bonusy, zato\u010den\u00ed zdarma, bonusy za dobit\u00ed a vy\u0161\u0161\u00ed cashback. Aktivujte tajn\u00e9 k\u00f3dy a z\u00edskejte z hran\u00ed je\u0161t\u011b v\u00edce v\u00fdhod!\",\"breadcrumb\":{\"@id\":\"https:\/\/22bet.spot\/cs\/promo-code\/#breadcrumb\"},\"inLanguage\":\"cs\",\"potentialAction\":[{\"@type\":\"ReadAction\",\"target\":[\"https:\/\/22bet.spot\/cs\/promo-code\/\"]}]},{\"@type\":\"BreadcrumbList\",\"@id\":\"https:\/\/22bet.spot\/cs\/promo-code\/#breadcrumb\",\"itemListElement\":[{\"@type\":\"ListItem\",\"position\":1,\"name\":\"Home\",\"item\":\"https:\/\/22bet.spot\/cs\/\"},{\"@type\":\"ListItem\",\"position\":2,\"name\":\"Propaga\u010dn\u00ed k\u00f3d\"}]},{\"@type\":\"WebSite\",\"@id\":\"https:\/\/22bet.spot\/cs\/#website\",\"url\":\"https:\/\/22bet.spot\/cs\/\",\"name\":\"22Bet Spot CZ\",\"description\":\"\",\"potentialAction\":[{\"@type\":\"SearchAction\",\"target\":{\"@type\":\"EntryPoint\",\"urlTemplate\":\"https:\/\/22bet.spot\/cs\/?s={search_term_string}\"},\"query-input\":{\"@type\":\"PropertyValueSpecification\",\"valueRequired\":true,\"valueName\":\"search_term_string\"}}],\"inLanguage\":\"cs\"}]}<\/script>\n<!-- \/ Yoast SEO plugin. -->","yoast_head_json":{"title":"Promo k\u00f3dy 22Bet 2026 \u2705 Bonusy a vr\u00e1cen\u00ed pen\u011bz","description":"Zjist\u011bte, jak pou\u017e\u00edvat promo k\u00f3dy 22Bet \u2714\ufe0f a z\u00edskejte exkluzivn\u00ed bonusy, zato\u010den\u00ed zdarma, bonusy za dobit\u00ed a vy\u0161\u0161\u00ed cashback. Aktivujte tajn\u00e9 k\u00f3dy a z\u00edskejte z hran\u00ed je\u0161t\u011b v\u00edce v\u00fdhod!","robots":{"index":"index","follow":"follow","max-snippet":"max-snippet:-1","max-image-preview":"max-image-preview:large","max-video-preview":"max-video-preview:-1"},"canonical":"https:\/\/22bet.spot\/cs\/promo-code\/","og_locale":"cs_CZ","og_type":"article","og_title":"Promo k\u00f3dy 22Bet 2026 \u2705 Bonusy a vr\u00e1cen\u00ed pen\u011bz","og_description":"Zjist\u011bte, jak pou\u017e\u00edvat promo k\u00f3dy 22Bet \u2714\ufe0f a z\u00edskejte exkluzivn\u00ed bonusy, zato\u010den\u00ed zdarma, bonusy za dobit\u00ed a vy\u0161\u0161\u00ed cashback. Aktivujte tajn\u00e9 k\u00f3dy a z\u00edskejte z hran\u00ed je\u0161t\u011b v\u00edce v\u00fdhod!","og_url":"https:\/\/22bet.spot\/cs\/promo-code\/","og_site_name":"22Bet Spot CZ","article_modified_time":"2026-03-27T10:46:23+00:00","twitter_card":"summary_large_image","schema":{"@context":"https:\/\/schema.org","@graph":[{"@type":"WebPage","@id":"https:\/\/22bet.spot\/cs\/promo-code\/","url":"https:\/\/22bet.spot\/cs\/promo-code\/","name":"Promo k\u00f3dy 22Bet 2026 \u2705 Bonusy a vr\u00e1cen\u00ed pen\u011bz","isPartOf":{"@id":"https:\/\/22bet.spot\/cs\/#website"},"datePublished":"2026-01-15T10:09:51+00:00","dateModified":"2026-03-27T10:46:23+00:00","description":"Zjist\u011bte, jak pou\u017e\u00edvat promo k\u00f3dy 22Bet \u2714\ufe0f a z\u00edskejte exkluzivn\u00ed bonusy, zato\u010den\u00ed zdarma, bonusy za dobit\u00ed a vy\u0161\u0161\u00ed cashback. Aktivujte tajn\u00e9 k\u00f3dy a z\u00edskejte z hran\u00ed je\u0161t\u011b v\u00edce v\u00fdhod!","breadcrumb":{"@id":"https:\/\/22bet.spot\/cs\/promo-code\/#breadcrumb"},"inLanguage":"cs","potentialAction":[{"@type":"ReadAction","target":["https:\/\/22bet.spot\/cs\/promo-code\/"]}]},{"@type":"BreadcrumbList","@id":"https:\/\/22bet.spot\/cs\/promo-code\/#breadcrumb","itemListElement":[{"@type":"ListItem","position":1,"name":"Home","item":"https:\/\/22bet.spot\/cs\/"},{"@type":"ListItem","position":2,"name":"Propaga\u010dn\u00ed k\u00f3d"}]},{"@type":"WebSite","@id":"https:\/\/22bet.spot\/cs\/#website","url":"https:\/\/22bet.spot\/cs\/","name":"22Bet Spot CZ","description":"","potentialAction":[{"@type":"SearchAction","target":{"@type":"EntryPoint","urlTemplate":"https:\/\/22bet.spot\/cs\/?s={search_term_string}"},"query-input":{"@type":"PropertyValueSpecification","valueRequired":true,"valueName":"search_term_string"}}],"inLanguage":"cs"}]}},"_links":{"self":[{"href":"https:\/\/22bet.spot\/cs\/wp-json\/wp\/v2\/pages\/1031","targetHints":{"allow":["GET"]}}],"collection":[{"href":"https:\/\/22bet.spot\/cs\/wp-json\/wp\/v2\/pages"}],"about":[{"href":"https:\/\/22bet.spot\/cs\/wp-json\/wp\/v2\/types\/page"}],"author":[{"embeddable":true,"href":"https:\/\/22bet.spot\/cs\/wp-json\/wp\/v2\/users\/1"}],"replies":[{"embeddable":true,"href":"https:\/\/22bet.spot\/cs\/wp-json\/wp\/v2\/comments?post=1031"}],"version-history":[{"count":5,"href":"https:\/\/22bet.spot\/cs\/wp-json\/wp\/v2\/pages\/1031\/revisions"}],"predecessor-version":[{"id":1217,"href":"https:\/\/22bet.spot\/cs\/wp-json\/wp\/v2\/pages\/1031\/revisions\/1217"}],"wp:attachment":[{"href":"https:\/\/22bet.spot\/cs\/wp-json\/wp\/v2\/media?parent=1031"}],"curies":[{"name":"wp","href":"https:\/\/api.w.org\/{rel}","templated":true}]}}