{"id":1051,"date":"2026-01-15T18:48:14","date_gmt":"2026-01-15T15:48:14","guid":{"rendered":"https:\/\/22bet.spot\/cs\/?page_id=1051"},"modified":"2026-03-27T13:34:29","modified_gmt":"2026-03-27T10:34:29","slug":"login","status":"publish","type":"page","link":"https:\/\/22bet.spot\/cs\/login\/","title":{"rendered":"P\u0159ihl\u00e1sit se"},"content":{"rendered":"","protected":false},"excerpt":{"rendered":"","protected":false},"author":1,"featured_media":0,"parent":0,"menu_order":0,"comment_status":"closed","ping_status":"closed","template":"","meta":{"_acf_changed":false,"footnotes":""},"class_list":["post-1051","page","type-page","status-publish","hentry"],"acf":[],"yoast_head":"<!-- This site is optimized with the Yoast SEO plugin v26.7 - https:\/\/yoast.com\/wordpress\/plugins\/seo\/ -->\n<title>P\u0159ihlaste se na 22Bet 2026 \u2714\ufe0f P\u0159\u00edstup k osobn\u00edmu \u00fa\u010dtu<\/title>\n<meta name=\"description\" content=\"Rychl\u00e9 p\u0159ihl\u00e1\u0161en\u00ed k va\u0161emu \u00fa\u010dtu 22Bet \u2705 P\u0159ihlaste se pomoc\u00ed e-mailu\/telefonn\u00edho \u010d\u00edsla, hesla, dvoufaktorov\u00e9ho ov\u011b\u0159en\u00ed (2FA) a obnoven\u00ed hesla. Vyu\u017eijte s\u00e1zky, kasino a bonusy z po\u010d\u00edta\u010de, za\u0159\u00edzen\u00ed s Androidem nebo iOS bez jak\u00fdchkoli omezen\u00ed.\" \/>\n<meta name=\"robots\" content=\"index, follow, max-snippet:-1, max-image-preview:large, max-video-preview:-1\" \/>\n<link rel=\"canonical\" href=\"https:\/\/22bet.spot\/cs\/login\/\" \/>\n<meta property=\"og:locale\" content=\"cs_CZ\" \/>\n<meta property=\"og:type\" content=\"article\" \/>\n<meta property=\"og:title\" content=\"P\u0159ihlaste se na 22Bet 2026 \u2714\ufe0f P\u0159\u00edstup k osobn\u00edmu \u00fa\u010dtu\" \/>\n<meta property=\"og:description\" content=\"Rychl\u00e9 p\u0159ihl\u00e1\u0161en\u00ed k va\u0161emu \u00fa\u010dtu 22Bet \u2705 P\u0159ihlaste se pomoc\u00ed e-mailu\/telefonn\u00edho \u010d\u00edsla, hesla, dvoufaktorov\u00e9ho ov\u011b\u0159en\u00ed (2FA) a obnoven\u00ed hesla. Vyu\u017eijte s\u00e1zky, kasino a bonusy z po\u010d\u00edta\u010de, za\u0159\u00edzen\u00ed s Androidem nebo iOS bez jak\u00fdchkoli omezen\u00ed.\" \/>\n<meta property=\"og:url\" content=\"https:\/\/22bet.spot\/cs\/login\/\" \/>\n<meta property=\"og:site_name\" content=\"22Bet Spot CZ\" \/>\n<meta property=\"article:modified_time\" content=\"2026-03-27T10:34:29+00:00\" \/>\n<meta name=\"twitter:card\" content=\"summary_large_image\" \/>\n<script type=\"application\/ld+json\" class=\"yoast-schema-graph\">{\"@context\":\"https:\/\/schema.org\",\"@graph\":[{\"@type\":\"WebPage\",\"@id\":\"https:\/\/22bet.spot\/cs\/login\/\",\"url\":\"https:\/\/22bet.spot\/cs\/login\/\",\"name\":\"P\u0159ihlaste se na 22Bet 2026 \u2714\ufe0f P\u0159\u00edstup k osobn\u00edmu \u00fa\u010dtu\",\"isPartOf\":{\"@id\":\"https:\/\/22bet.spot\/cs\/#website\"},\"datePublished\":\"2026-01-15T15:48:14+00:00\",\"dateModified\":\"2026-03-27T10:34:29+00:00\",\"description\":\"Rychl\u00e9 p\u0159ihl\u00e1\u0161en\u00ed k va\u0161emu \u00fa\u010dtu 22Bet \u2705 P\u0159ihlaste se pomoc\u00ed e-mailu\/telefonn\u00edho \u010d\u00edsla, hesla, dvoufaktorov\u00e9ho ov\u011b\u0159en\u00ed (2FA) a obnoven\u00ed hesla. Vyu\u017eijte s\u00e1zky, kasino a bonusy z po\u010d\u00edta\u010de, za\u0159\u00edzen\u00ed s Androidem nebo iOS bez jak\u00fdchkoli omezen\u00ed.\",\"breadcrumb\":{\"@id\":\"https:\/\/22bet.spot\/cs\/login\/#breadcrumb\"},\"inLanguage\":\"cs\",\"potentialAction\":[{\"@type\":\"ReadAction\",\"target\":[\"https:\/\/22bet.spot\/cs\/login\/\"]}]},{\"@type\":\"BreadcrumbList\",\"@id\":\"https:\/\/22bet.spot\/cs\/login\/#breadcrumb\",\"itemListElement\":[{\"@type\":\"ListItem\",\"position\":1,\"name\":\"Home\",\"item\":\"https:\/\/22bet.spot\/cs\/\"},{\"@type\":\"ListItem\",\"position\":2,\"name\":\"P\u0159ihl\u00e1sit se\"}]},{\"@type\":\"WebSite\",\"@id\":\"https:\/\/22bet.spot\/cs\/#website\",\"url\":\"https:\/\/22bet.spot\/cs\/\",\"name\":\"22Bet Spot CZ\",\"description\":\"\",\"potentialAction\":[{\"@type\":\"SearchAction\",\"target\":{\"@type\":\"EntryPoint\",\"urlTemplate\":\"https:\/\/22bet.spot\/cs\/?s={search_term_string}\"},\"query-input\":{\"@type\":\"PropertyValueSpecification\",\"valueRequired\":true,\"valueName\":\"search_term_string\"}}],\"inLanguage\":\"cs\"}]}<\/script>\n<!-- \/ Yoast SEO plugin. -->","yoast_head_json":{"title":"P\u0159ihlaste se na 22Bet 2026 \u2714\ufe0f P\u0159\u00edstup k osobn\u00edmu \u00fa\u010dtu","description":"Rychl\u00e9 p\u0159ihl\u00e1\u0161en\u00ed k va\u0161emu \u00fa\u010dtu 22Bet \u2705 P\u0159ihlaste se pomoc\u00ed e-mailu\/telefonn\u00edho \u010d\u00edsla, hesla, dvoufaktorov\u00e9ho ov\u011b\u0159en\u00ed (2FA) a obnoven\u00ed hesla. Vyu\u017eijte s\u00e1zky, kasino a bonusy z po\u010d\u00edta\u010de, za\u0159\u00edzen\u00ed s Androidem nebo iOS bez jak\u00fdchkoli omezen\u00ed.","robots":{"index":"index","follow":"follow","max-snippet":"max-snippet:-1","max-image-preview":"max-image-preview:large","max-video-preview":"max-video-preview:-1"},"canonical":"https:\/\/22bet.spot\/cs\/login\/","og_locale":"cs_CZ","og_type":"article","og_title":"P\u0159ihlaste se na 22Bet 2026 \u2714\ufe0f P\u0159\u00edstup k osobn\u00edmu \u00fa\u010dtu","og_description":"Rychl\u00e9 p\u0159ihl\u00e1\u0161en\u00ed k va\u0161emu \u00fa\u010dtu 22Bet \u2705 P\u0159ihlaste se pomoc\u00ed e-mailu\/telefonn\u00edho \u010d\u00edsla, hesla, dvoufaktorov\u00e9ho ov\u011b\u0159en\u00ed (2FA) a obnoven\u00ed hesla. Vyu\u017eijte s\u00e1zky, kasino a bonusy z po\u010d\u00edta\u010de, za\u0159\u00edzen\u00ed s Androidem nebo iOS bez jak\u00fdchkoli omezen\u00ed.","og_url":"https:\/\/22bet.spot\/cs\/login\/","og_site_name":"22Bet Spot CZ","article_modified_time":"2026-03-27T10:34:29+00:00","twitter_card":"summary_large_image","schema":{"@context":"https:\/\/schema.org","@graph":[{"@type":"WebPage","@id":"https:\/\/22bet.spot\/cs\/login\/","url":"https:\/\/22bet.spot\/cs\/login\/","name":"P\u0159ihlaste se na 22Bet 2026 \u2714\ufe0f P\u0159\u00edstup k osobn\u00edmu \u00fa\u010dtu","isPartOf":{"@id":"https:\/\/22bet.spot\/cs\/#website"},"datePublished":"2026-01-15T15:48:14+00:00","dateModified":"2026-03-27T10:34:29+00:00","description":"Rychl\u00e9 p\u0159ihl\u00e1\u0161en\u00ed k va\u0161emu \u00fa\u010dtu 22Bet \u2705 P\u0159ihlaste se pomoc\u00ed e-mailu\/telefonn\u00edho \u010d\u00edsla, hesla, dvoufaktorov\u00e9ho ov\u011b\u0159en\u00ed (2FA) a obnoven\u00ed hesla. Vyu\u017eijte s\u00e1zky, kasino a bonusy z po\u010d\u00edta\u010de, za\u0159\u00edzen\u00ed s Androidem nebo iOS bez jak\u00fdchkoli omezen\u00ed.","breadcrumb":{"@id":"https:\/\/22bet.spot\/cs\/login\/#breadcrumb"},"inLanguage":"cs","potentialAction":[{"@type":"ReadAction","target":["https:\/\/22bet.spot\/cs\/login\/"]}]},{"@type":"BreadcrumbList","@id":"https:\/\/22bet.spot\/cs\/login\/#breadcrumb","itemListElement":[{"@type":"ListItem","position":1,"name":"Home","item":"https:\/\/22bet.spot\/cs\/"},{"@type":"ListItem","position":2,"name":"P\u0159ihl\u00e1sit se"}]},{"@type":"WebSite","@id":"https:\/\/22bet.spot\/cs\/#website","url":"https:\/\/22bet.spot\/cs\/","name":"22Bet Spot CZ","description":"","potentialAction":[{"@type":"SearchAction","target":{"@type":"EntryPoint","urlTemplate":"https:\/\/22bet.spot\/cs\/?s={search_term_string}"},"query-input":{"@type":"PropertyValueSpecification","valueRequired":true,"valueName":"search_term_string"}}],"inLanguage":"cs"}]}},"_links":{"self":[{"href":"https:\/\/22bet.spot\/cs\/wp-json\/wp\/v2\/pages\/1051","targetHints":{"allow":["GET"]}}],"collection":[{"href":"https:\/\/22bet.spot\/cs\/wp-json\/wp\/v2\/pages"}],"about":[{"href":"https:\/\/22bet.spot\/cs\/wp-json\/wp\/v2\/types\/page"}],"author":[{"embeddable":true,"href":"https:\/\/22bet.spot\/cs\/wp-json\/wp\/v2\/users\/1"}],"replies":[{"embeddable":true,"href":"https:\/\/22bet.spot\/cs\/wp-json\/wp\/v2\/comments?post=1051"}],"version-history":[{"count":5,"href":"https:\/\/22bet.spot\/cs\/wp-json\/wp\/v2\/pages\/1051\/revisions"}],"predecessor-version":[{"id":1216,"href":"https:\/\/22bet.spot\/cs\/wp-json\/wp\/v2\/pages\/1051\/revisions\/1216"}],"wp:attachment":[{"href":"https:\/\/22bet.spot\/cs\/wp-json\/wp\/v2\/media?parent=1051"}],"curies":[{"name":"wp","href":"https:\/\/api.w.org\/{rel}","templated":true}]}}