{"id":1084,"date":"2026-01-17T07:35:15","date_gmt":"2026-01-17T04:35:15","guid":{"rendered":"https:\/\/22bet.spot\/cs\/?page_id=1084"},"modified":"2026-03-27T13:56:18","modified_gmt":"2026-03-27T10:56:18","slug":"registration","status":"publish","type":"page","link":"https:\/\/22bet.spot\/cs\/registration\/","title":{"rendered":"Registrace"},"content":{"rendered":"","protected":false},"excerpt":{"rendered":"","protected":false},"author":1,"featured_media":0,"parent":0,"menu_order":0,"comment_status":"closed","ping_status":"closed","template":"","meta":{"_acf_changed":false,"footnotes":""},"class_list":["post-1084","page","type-page","status-publish","hentry"],"acf":[],"yoast_head":"<!-- This site is optimized with the Yoast SEO plugin v26.7 - https:\/\/yoast.com\/wordpress\/plugins\/seo\/ -->\n<title>Registrace \u00fa\u010dtu na 22Bet \u2714\ufe0f Vytvo\u0159te si profil a hrajte v2026<\/title>\n<meta name=\"description\" content=\"Zjist\u011bte, jak se zaregistrovat na 22Bet b\u011bhem n\u011bkolika minut \u2705 vyberte si zp\u016fsob registrace (telefon, e-mail nebo soci\u00e1ln\u00ed s\u00edt\u011b), vypl\u0148te formul\u00e1\u0159, potvr\u010fte sv\u016fj \u00fa\u010det a z\u00edskejte p\u0159\u00edstup k s\u00e1zk\u00e1m a kasinov\u00fdm hr\u00e1m na v\u0161ech za\u0159\u00edzen\u00edch.\" \/>\n<meta name=\"robots\" content=\"index, follow, max-snippet:-1, max-image-preview:large, max-video-preview:-1\" \/>\n<link rel=\"canonical\" href=\"https:\/\/22bet.spot\/cs\/registration\/\" \/>\n<meta property=\"og:locale\" content=\"cs_CZ\" \/>\n<meta property=\"og:type\" content=\"article\" \/>\n<meta property=\"og:title\" content=\"Registrace \u00fa\u010dtu na 22Bet \u2714\ufe0f Vytvo\u0159te si profil a hrajte v2026\" \/>\n<meta property=\"og:description\" content=\"Zjist\u011bte, jak se zaregistrovat na 22Bet b\u011bhem n\u011bkolika minut \u2705 vyberte si zp\u016fsob registrace (telefon, e-mail nebo soci\u00e1ln\u00ed s\u00edt\u011b), vypl\u0148te formul\u00e1\u0159, potvr\u010fte sv\u016fj \u00fa\u010det a z\u00edskejte p\u0159\u00edstup k s\u00e1zk\u00e1m a kasinov\u00fdm hr\u00e1m na v\u0161ech za\u0159\u00edzen\u00edch.\" \/>\n<meta property=\"og:url\" content=\"https:\/\/22bet.spot\/cs\/registration\/\" \/>\n<meta property=\"og:site_name\" content=\"22Bet Spot CZ\" \/>\n<meta property=\"article:modified_time\" content=\"2026-03-27T10:56:18+00:00\" \/>\n<meta name=\"twitter:card\" content=\"summary_large_image\" \/>\n<script type=\"application\/ld+json\" class=\"yoast-schema-graph\">{\"@context\":\"https:\/\/schema.org\",\"@graph\":[{\"@type\":\"WebPage\",\"@id\":\"https:\/\/22bet.spot\/cs\/registration\/\",\"url\":\"https:\/\/22bet.spot\/cs\/registration\/\",\"name\":\"Registrace \u00fa\u010dtu na 22Bet \u2714\ufe0f Vytvo\u0159te si profil a hrajte v2026\",\"isPartOf\":{\"@id\":\"https:\/\/22bet.spot\/cs\/#website\"},\"datePublished\":\"2026-01-17T04:35:15+00:00\",\"dateModified\":\"2026-03-27T10:56:18+00:00\",\"description\":\"Zjist\u011bte, jak se zaregistrovat na 22Bet b\u011bhem n\u011bkolika minut \u2705 vyberte si zp\u016fsob registrace (telefon, e-mail nebo soci\u00e1ln\u00ed s\u00edt\u011b), vypl\u0148te formul\u00e1\u0159, potvr\u010fte sv\u016fj \u00fa\u010det a z\u00edskejte p\u0159\u00edstup k s\u00e1zk\u00e1m a kasinov\u00fdm hr\u00e1m na v\u0161ech za\u0159\u00edzen\u00edch.\",\"breadcrumb\":{\"@id\":\"https:\/\/22bet.spot\/cs\/registration\/#breadcrumb\"},\"inLanguage\":\"cs\",\"potentialAction\":[{\"@type\":\"ReadAction\",\"target\":[\"https:\/\/22bet.spot\/cs\/registration\/\"]}]},{\"@type\":\"BreadcrumbList\",\"@id\":\"https:\/\/22bet.spot\/cs\/registration\/#breadcrumb\",\"itemListElement\":[{\"@type\":\"ListItem\",\"position\":1,\"name\":\"Home\",\"item\":\"https:\/\/22bet.spot\/cs\/\"},{\"@type\":\"ListItem\",\"position\":2,\"name\":\"Registrace\"}]},{\"@type\":\"WebSite\",\"@id\":\"https:\/\/22bet.spot\/cs\/#website\",\"url\":\"https:\/\/22bet.spot\/cs\/\",\"name\":\"22Bet Spot CZ\",\"description\":\"\",\"potentialAction\":[{\"@type\":\"SearchAction\",\"target\":{\"@type\":\"EntryPoint\",\"urlTemplate\":\"https:\/\/22bet.spot\/cs\/?s={search_term_string}\"},\"query-input\":{\"@type\":\"PropertyValueSpecification\",\"valueRequired\":true,\"valueName\":\"search_term_string\"}}],\"inLanguage\":\"cs\"}]}<\/script>\n<!-- \/ Yoast SEO plugin. -->","yoast_head_json":{"title":"Registrace \u00fa\u010dtu na 22Bet \u2714\ufe0f Vytvo\u0159te si profil a hrajte v2026","description":"Zjist\u011bte, jak se zaregistrovat na 22Bet b\u011bhem n\u011bkolika minut \u2705 vyberte si zp\u016fsob registrace (telefon, e-mail nebo soci\u00e1ln\u00ed s\u00edt\u011b), vypl\u0148te formul\u00e1\u0159, potvr\u010fte sv\u016fj \u00fa\u010det a z\u00edskejte p\u0159\u00edstup k s\u00e1zk\u00e1m a kasinov\u00fdm hr\u00e1m na v\u0161ech za\u0159\u00edzen\u00edch.","robots":{"index":"index","follow":"follow","max-snippet":"max-snippet:-1","max-image-preview":"max-image-preview:large","max-video-preview":"max-video-preview:-1"},"canonical":"https:\/\/22bet.spot\/cs\/registration\/","og_locale":"cs_CZ","og_type":"article","og_title":"Registrace \u00fa\u010dtu na 22Bet \u2714\ufe0f Vytvo\u0159te si profil a hrajte v2026","og_description":"Zjist\u011bte, jak se zaregistrovat na 22Bet b\u011bhem n\u011bkolika minut \u2705 vyberte si zp\u016fsob registrace (telefon, e-mail nebo soci\u00e1ln\u00ed s\u00edt\u011b), vypl\u0148te formul\u00e1\u0159, potvr\u010fte sv\u016fj \u00fa\u010det a z\u00edskejte p\u0159\u00edstup k s\u00e1zk\u00e1m a kasinov\u00fdm hr\u00e1m na v\u0161ech za\u0159\u00edzen\u00edch.","og_url":"https:\/\/22bet.spot\/cs\/registration\/","og_site_name":"22Bet Spot CZ","article_modified_time":"2026-03-27T10:56:18+00:00","twitter_card":"summary_large_image","schema":{"@context":"https:\/\/schema.org","@graph":[{"@type":"WebPage","@id":"https:\/\/22bet.spot\/cs\/registration\/","url":"https:\/\/22bet.spot\/cs\/registration\/","name":"Registrace \u00fa\u010dtu na 22Bet \u2714\ufe0f Vytvo\u0159te si profil a hrajte v2026","isPartOf":{"@id":"https:\/\/22bet.spot\/cs\/#website"},"datePublished":"2026-01-17T04:35:15+00:00","dateModified":"2026-03-27T10:56:18+00:00","description":"Zjist\u011bte, jak se zaregistrovat na 22Bet b\u011bhem n\u011bkolika minut \u2705 vyberte si zp\u016fsob registrace (telefon, e-mail nebo soci\u00e1ln\u00ed s\u00edt\u011b), vypl\u0148te formul\u00e1\u0159, potvr\u010fte sv\u016fj \u00fa\u010det a z\u00edskejte p\u0159\u00edstup k s\u00e1zk\u00e1m a kasinov\u00fdm hr\u00e1m na v\u0161ech za\u0159\u00edzen\u00edch.","breadcrumb":{"@id":"https:\/\/22bet.spot\/cs\/registration\/#breadcrumb"},"inLanguage":"cs","potentialAction":[{"@type":"ReadAction","target":["https:\/\/22bet.spot\/cs\/registration\/"]}]},{"@type":"BreadcrumbList","@id":"https:\/\/22bet.spot\/cs\/registration\/#breadcrumb","itemListElement":[{"@type":"ListItem","position":1,"name":"Home","item":"https:\/\/22bet.spot\/cs\/"},{"@type":"ListItem","position":2,"name":"Registrace"}]},{"@type":"WebSite","@id":"https:\/\/22bet.spot\/cs\/#website","url":"https:\/\/22bet.spot\/cs\/","name":"22Bet Spot CZ","description":"","potentialAction":[{"@type":"SearchAction","target":{"@type":"EntryPoint","urlTemplate":"https:\/\/22bet.spot\/cs\/?s={search_term_string}"},"query-input":{"@type":"PropertyValueSpecification","valueRequired":true,"valueName":"search_term_string"}}],"inLanguage":"cs"}]}},"_links":{"self":[{"href":"https:\/\/22bet.spot\/cs\/wp-json\/wp\/v2\/pages\/1084","targetHints":{"allow":["GET"]}}],"collection":[{"href":"https:\/\/22bet.spot\/cs\/wp-json\/wp\/v2\/pages"}],"about":[{"href":"https:\/\/22bet.spot\/cs\/wp-json\/wp\/v2\/types\/page"}],"author":[{"embeddable":true,"href":"https:\/\/22bet.spot\/cs\/wp-json\/wp\/v2\/users\/1"}],"replies":[{"embeddable":true,"href":"https:\/\/22bet.spot\/cs\/wp-json\/wp\/v2\/comments?post=1084"}],"version-history":[{"count":5,"href":"https:\/\/22bet.spot\/cs\/wp-json\/wp\/v2\/pages\/1084\/revisions"}],"predecessor-version":[{"id":1218,"href":"https:\/\/22bet.spot\/cs\/wp-json\/wp\/v2\/pages\/1084\/revisions\/1218"}],"wp:attachment":[{"href":"https:\/\/22bet.spot\/cs\/wp-json\/wp\/v2\/media?parent=1084"}],"curies":[{"name":"wp","href":"https:\/\/api.w.org\/{rel}","templated":true}]}}