{"id":1114,"date":"2026-01-18T09:10:57","date_gmt":"2026-01-18T06:10:57","guid":{"rendered":"https:\/\/22bet.spot\/cs\/?page_id=1114"},"modified":"2026-03-23T16:44:02","modified_gmt":"2026-03-23T13:44:02","slug":"affiliate","status":"publish","type":"page","link":"https:\/\/22bet.spot\/cs\/affiliate\/","title":{"rendered":"Partnersk\u00fd program"},"content":{"rendered":"","protected":false},"excerpt":{"rendered":"","protected":false},"author":1,"featured_media":0,"parent":0,"menu_order":0,"comment_status":"closed","ping_status":"closed","template":"","meta":{"_acf_changed":false,"footnotes":""},"class_list":["post-1114","page","type-page","status-publish","hentry"],"acf":[],"yoast_head":"<!-- This site is optimized with the Yoast SEO plugin v26.7 - https:\/\/yoast.com\/wordpress\/plugins\/seo\/ -->\n<title>Partne\u0159i 22Bet 2026 partnersk\u00fd program \u2714\ufe0f 50% pod\u00edl na tr\u017eb\u00e1ch<\/title>\n<meta name=\"description\" content=\"P\u0159ipojte se k programu 22Bet Partners \u2705 a z\u00edskejte a\u017e 50 % provizi z obratu (RevShare) nebo CPA, p\u0159ive\u010fte hr\u00e1\u010de do sekce sportu a kasina. T\u00fddenn\u00ed v\u00fdplaty, marketingov\u00e9 materi\u00e1ly a podpora.\" \/>\n<meta name=\"robots\" content=\"index, follow, max-snippet:-1, max-image-preview:large, max-video-preview:-1\" \/>\n<link rel=\"canonical\" href=\"https:\/\/22bet.spot\/cs\/affiliate\/\" \/>\n<meta property=\"og:locale\" content=\"cs_CZ\" \/>\n<meta property=\"og:type\" content=\"article\" \/>\n<meta property=\"og:title\" content=\"Partne\u0159i 22Bet 2026 partnersk\u00fd program \u2714\ufe0f 50% pod\u00edl na tr\u017eb\u00e1ch\" \/>\n<meta property=\"og:description\" content=\"P\u0159ipojte se k programu 22Bet Partners \u2705 a z\u00edskejte a\u017e 50 % provizi z obratu (RevShare) nebo CPA, p\u0159ive\u010fte hr\u00e1\u010de do sekce sportu a kasina. T\u00fddenn\u00ed v\u00fdplaty, marketingov\u00e9 materi\u00e1ly a podpora.\" \/>\n<meta property=\"og:url\" content=\"https:\/\/22bet.spot\/cs\/affiliate\/\" \/>\n<meta property=\"og:site_name\" content=\"22Bet Spot CZ\" \/>\n<meta property=\"article:modified_time\" content=\"2026-03-23T13:44:02+00:00\" \/>\n<meta name=\"twitter:card\" content=\"summary_large_image\" \/>\n<script type=\"application\/ld+json\" class=\"yoast-schema-graph\">{\"@context\":\"https:\/\/schema.org\",\"@graph\":[{\"@type\":\"WebPage\",\"@id\":\"https:\/\/22bet.spot\/cs\/affiliate\/\",\"url\":\"https:\/\/22bet.spot\/cs\/affiliate\/\",\"name\":\"Partne\u0159i 22Bet 2026 partnersk\u00fd program \u2714\ufe0f 50% pod\u00edl na tr\u017eb\u00e1ch\",\"isPartOf\":{\"@id\":\"https:\/\/22bet.spot\/cs\/#website\"},\"datePublished\":\"2026-01-18T06:10:57+00:00\",\"dateModified\":\"2026-03-23T13:44:02+00:00\",\"description\":\"P\u0159ipojte se k programu 22Bet Partners \u2705 a z\u00edskejte a\u017e 50 % provizi z obratu (RevShare) nebo CPA, p\u0159ive\u010fte hr\u00e1\u010de do sekce sportu a kasina. T\u00fddenn\u00ed v\u00fdplaty, marketingov\u00e9 materi\u00e1ly a podpora.\",\"breadcrumb\":{\"@id\":\"https:\/\/22bet.spot\/cs\/affiliate\/#breadcrumb\"},\"inLanguage\":\"cs\",\"potentialAction\":[{\"@type\":\"ReadAction\",\"target\":[\"https:\/\/22bet.spot\/cs\/affiliate\/\"]}]},{\"@type\":\"BreadcrumbList\",\"@id\":\"https:\/\/22bet.spot\/cs\/affiliate\/#breadcrumb\",\"itemListElement\":[{\"@type\":\"ListItem\",\"position\":1,\"name\":\"Home\",\"item\":\"https:\/\/22bet.spot\/cs\/\"},{\"@type\":\"ListItem\",\"position\":2,\"name\":\"Partnersk\u00fd program\"}]},{\"@type\":\"WebSite\",\"@id\":\"https:\/\/22bet.spot\/cs\/#website\",\"url\":\"https:\/\/22bet.spot\/cs\/\",\"name\":\"22Bet Spot CZ\",\"description\":\"\",\"potentialAction\":[{\"@type\":\"SearchAction\",\"target\":{\"@type\":\"EntryPoint\",\"urlTemplate\":\"https:\/\/22bet.spot\/cs\/?s={search_term_string}\"},\"query-input\":{\"@type\":\"PropertyValueSpecification\",\"valueRequired\":true,\"valueName\":\"search_term_string\"}}],\"inLanguage\":\"cs\"}]}<\/script>\n<!-- \/ Yoast SEO plugin. -->","yoast_head_json":{"title":"Partne\u0159i 22Bet 2026 partnersk\u00fd program \u2714\ufe0f 50% pod\u00edl na tr\u017eb\u00e1ch","description":"P\u0159ipojte se k programu 22Bet Partners \u2705 a z\u00edskejte a\u017e 50 % provizi z obratu (RevShare) nebo CPA, p\u0159ive\u010fte hr\u00e1\u010de do sekce sportu a kasina. T\u00fddenn\u00ed v\u00fdplaty, marketingov\u00e9 materi\u00e1ly a podpora.","robots":{"index":"index","follow":"follow","max-snippet":"max-snippet:-1","max-image-preview":"max-image-preview:large","max-video-preview":"max-video-preview:-1"},"canonical":"https:\/\/22bet.spot\/cs\/affiliate\/","og_locale":"cs_CZ","og_type":"article","og_title":"Partne\u0159i 22Bet 2026 partnersk\u00fd program \u2714\ufe0f 50% pod\u00edl na tr\u017eb\u00e1ch","og_description":"P\u0159ipojte se k programu 22Bet Partners \u2705 a z\u00edskejte a\u017e 50 % provizi z obratu (RevShare) nebo CPA, p\u0159ive\u010fte hr\u00e1\u010de do sekce sportu a kasina. T\u00fddenn\u00ed v\u00fdplaty, marketingov\u00e9 materi\u00e1ly a podpora.","og_url":"https:\/\/22bet.spot\/cs\/affiliate\/","og_site_name":"22Bet Spot CZ","article_modified_time":"2026-03-23T13:44:02+00:00","twitter_card":"summary_large_image","schema":{"@context":"https:\/\/schema.org","@graph":[{"@type":"WebPage","@id":"https:\/\/22bet.spot\/cs\/affiliate\/","url":"https:\/\/22bet.spot\/cs\/affiliate\/","name":"Partne\u0159i 22Bet 2026 partnersk\u00fd program \u2714\ufe0f 50% pod\u00edl na tr\u017eb\u00e1ch","isPartOf":{"@id":"https:\/\/22bet.spot\/cs\/#website"},"datePublished":"2026-01-18T06:10:57+00:00","dateModified":"2026-03-23T13:44:02+00:00","description":"P\u0159ipojte se k programu 22Bet Partners \u2705 a z\u00edskejte a\u017e 50 % provizi z obratu (RevShare) nebo CPA, p\u0159ive\u010fte hr\u00e1\u010de do sekce sportu a kasina. T\u00fddenn\u00ed v\u00fdplaty, marketingov\u00e9 materi\u00e1ly a podpora.","breadcrumb":{"@id":"https:\/\/22bet.spot\/cs\/affiliate\/#breadcrumb"},"inLanguage":"cs","potentialAction":[{"@type":"ReadAction","target":["https:\/\/22bet.spot\/cs\/affiliate\/"]}]},{"@type":"BreadcrumbList","@id":"https:\/\/22bet.spot\/cs\/affiliate\/#breadcrumb","itemListElement":[{"@type":"ListItem","position":1,"name":"Home","item":"https:\/\/22bet.spot\/cs\/"},{"@type":"ListItem","position":2,"name":"Partnersk\u00fd program"}]},{"@type":"WebSite","@id":"https:\/\/22bet.spot\/cs\/#website","url":"https:\/\/22bet.spot\/cs\/","name":"22Bet Spot CZ","description":"","potentialAction":[{"@type":"SearchAction","target":{"@type":"EntryPoint","urlTemplate":"https:\/\/22bet.spot\/cs\/?s={search_term_string}"},"query-input":{"@type":"PropertyValueSpecification","valueRequired":true,"valueName":"search_term_string"}}],"inLanguage":"cs"}]}},"_links":{"self":[{"href":"https:\/\/22bet.spot\/cs\/wp-json\/wp\/v2\/pages\/1114","targetHints":{"allow":["GET"]}}],"collection":[{"href":"https:\/\/22bet.spot\/cs\/wp-json\/wp\/v2\/pages"}],"about":[{"href":"https:\/\/22bet.spot\/cs\/wp-json\/wp\/v2\/types\/page"}],"author":[{"embeddable":true,"href":"https:\/\/22bet.spot\/cs\/wp-json\/wp\/v2\/users\/1"}],"replies":[{"embeddable":true,"href":"https:\/\/22bet.spot\/cs\/wp-json\/wp\/v2\/comments?post=1114"}],"version-history":[{"count":5,"href":"https:\/\/22bet.spot\/cs\/wp-json\/wp\/v2\/pages\/1114\/revisions"}],"predecessor-version":[{"id":1206,"href":"https:\/\/22bet.spot\/cs\/wp-json\/wp\/v2\/pages\/1114\/revisions\/1206"}],"wp:attachment":[{"href":"https:\/\/22bet.spot\/cs\/wp-json\/wp\/v2\/media?parent=1114"}],"curies":[{"name":"wp","href":"https:\/\/api.w.org\/{rel}","templated":true}]}}