{"id":853,"date":"2026-01-12T14:39:34","date_gmt":"2026-01-12T11:39:34","guid":{"rendered":"https:\/\/22bet.spot\/cs\/?page_id=853"},"modified":"2026-03-25T17:17:24","modified_gmt":"2026-03-25T14:17:24","slug":"app","status":"publish","type":"page","link":"https:\/\/22bet.spot\/cs\/app\/","title":{"rendered":"Aplikace"},"content":{"rendered":"","protected":false},"excerpt":{"rendered":"","protected":false},"author":1,"featured_media":0,"parent":0,"menu_order":0,"comment_status":"closed","ping_status":"closed","template":"","meta":{"_acf_changed":false,"footnotes":""},"class_list":["post-853","page","type-page","status-publish","hentry"],"acf":[],"yoast_head":"<!-- This site is optimized with the Yoast SEO plugin v26.7 - https:\/\/yoast.com\/wordpress\/plugins\/seo\/ -->\n<title>Aplikace 22Bet 2026 \u2705 St\u00e1hnout aplikaci pro Android a iOS<\/title>\n<meta name=\"description\" content=\"St\u00e1hn\u011bte si aplikaci 22Bet pro Android a iOS \u2714\ufe0f sportovn\u00ed s\u00e1zky, live kasino, bonusy a rychl\u00fd p\u0159\u00edstup k va\u0161im \u00fa\u010dt\u016fm. Pln\u00e1 funk\u010dnost webov\u00fdch str\u00e1nek v praktick\u00e9 mobiln\u00ed aplikaci \u2013 hned te\u010f!\" \/>\n<meta name=\"robots\" content=\"index, follow, max-snippet:-1, max-image-preview:large, max-video-preview:-1\" \/>\n<link rel=\"canonical\" href=\"https:\/\/22bet.spot\/cs\/app\/\" \/>\n<meta property=\"og:locale\" content=\"cs_CZ\" \/>\n<meta property=\"og:type\" content=\"article\" \/>\n<meta property=\"og:title\" content=\"Aplikace 22Bet 2026 \u2705 St\u00e1hnout aplikaci pro Android a iOS\" \/>\n<meta property=\"og:description\" content=\"St\u00e1hn\u011bte si aplikaci 22Bet pro Android a iOS \u2714\ufe0f sportovn\u00ed s\u00e1zky, live kasino, bonusy a rychl\u00fd p\u0159\u00edstup k va\u0161im \u00fa\u010dt\u016fm. Pln\u00e1 funk\u010dnost webov\u00fdch str\u00e1nek v praktick\u00e9 mobiln\u00ed aplikaci \u2013 hned te\u010f!\" \/>\n<meta property=\"og:url\" content=\"https:\/\/22bet.spot\/cs\/app\/\" \/>\n<meta property=\"og:site_name\" content=\"22Bet Spot CZ\" \/>\n<meta property=\"article:modified_time\" content=\"2026-03-25T14:17:24+00:00\" \/>\n<meta name=\"twitter:card\" content=\"summary_large_image\" \/>\n<script type=\"application\/ld+json\" class=\"yoast-schema-graph\">{\"@context\":\"https:\/\/schema.org\",\"@graph\":[{\"@type\":\"WebPage\",\"@id\":\"https:\/\/22bet.spot\/cs\/app\/\",\"url\":\"https:\/\/22bet.spot\/cs\/app\/\",\"name\":\"Aplikace 22Bet 2026 \u2705 St\u00e1hnout aplikaci pro Android a iOS\",\"isPartOf\":{\"@id\":\"https:\/\/22bet.spot\/cs\/#website\"},\"datePublished\":\"2026-01-12T11:39:34+00:00\",\"dateModified\":\"2026-03-25T14:17:24+00:00\",\"description\":\"St\u00e1hn\u011bte si aplikaci 22Bet pro Android a iOS \u2714\ufe0f sportovn\u00ed s\u00e1zky, live kasino, bonusy a rychl\u00fd p\u0159\u00edstup k va\u0161im \u00fa\u010dt\u016fm. Pln\u00e1 funk\u010dnost webov\u00fdch str\u00e1nek v praktick\u00e9 mobiln\u00ed aplikaci \u2013 hned te\u010f!\",\"breadcrumb\":{\"@id\":\"https:\/\/22bet.spot\/cs\/app\/#breadcrumb\"},\"inLanguage\":\"cs\",\"potentialAction\":[{\"@type\":\"ReadAction\",\"target\":[\"https:\/\/22bet.spot\/cs\/app\/\"]}]},{\"@type\":\"BreadcrumbList\",\"@id\":\"https:\/\/22bet.spot\/cs\/app\/#breadcrumb\",\"itemListElement\":[{\"@type\":\"ListItem\",\"position\":1,\"name\":\"Home\",\"item\":\"https:\/\/22bet.spot\/cs\/\"},{\"@type\":\"ListItem\",\"position\":2,\"name\":\"Aplikace\"}]},{\"@type\":\"WebSite\",\"@id\":\"https:\/\/22bet.spot\/cs\/#website\",\"url\":\"https:\/\/22bet.spot\/cs\/\",\"name\":\"22Bet Spot CZ\",\"description\":\"\",\"potentialAction\":[{\"@type\":\"SearchAction\",\"target\":{\"@type\":\"EntryPoint\",\"urlTemplate\":\"https:\/\/22bet.spot\/cs\/?s={search_term_string}\"},\"query-input\":{\"@type\":\"PropertyValueSpecification\",\"valueRequired\":true,\"valueName\":\"search_term_string\"}}],\"inLanguage\":\"cs\"}]}<\/script>\n<!-- \/ Yoast SEO plugin. -->","yoast_head_json":{"title":"Aplikace 22Bet 2026 \u2705 St\u00e1hnout aplikaci pro Android a iOS","description":"St\u00e1hn\u011bte si aplikaci 22Bet pro Android a iOS \u2714\ufe0f sportovn\u00ed s\u00e1zky, live kasino, bonusy a rychl\u00fd p\u0159\u00edstup k va\u0161im \u00fa\u010dt\u016fm. Pln\u00e1 funk\u010dnost webov\u00fdch str\u00e1nek v praktick\u00e9 mobiln\u00ed aplikaci \u2013 hned te\u010f!","robots":{"index":"index","follow":"follow","max-snippet":"max-snippet:-1","max-image-preview":"max-image-preview:large","max-video-preview":"max-video-preview:-1"},"canonical":"https:\/\/22bet.spot\/cs\/app\/","og_locale":"cs_CZ","og_type":"article","og_title":"Aplikace 22Bet 2026 \u2705 St\u00e1hnout aplikaci pro Android a iOS","og_description":"St\u00e1hn\u011bte si aplikaci 22Bet pro Android a iOS \u2714\ufe0f sportovn\u00ed s\u00e1zky, live kasino, bonusy a rychl\u00fd p\u0159\u00edstup k va\u0161im \u00fa\u010dt\u016fm. Pln\u00e1 funk\u010dnost webov\u00fdch str\u00e1nek v praktick\u00e9 mobiln\u00ed aplikaci \u2013 hned te\u010f!","og_url":"https:\/\/22bet.spot\/cs\/app\/","og_site_name":"22Bet Spot CZ","article_modified_time":"2026-03-25T14:17:24+00:00","twitter_card":"summary_large_image","schema":{"@context":"https:\/\/schema.org","@graph":[{"@type":"WebPage","@id":"https:\/\/22bet.spot\/cs\/app\/","url":"https:\/\/22bet.spot\/cs\/app\/","name":"Aplikace 22Bet 2026 \u2705 St\u00e1hnout aplikaci pro Android a iOS","isPartOf":{"@id":"https:\/\/22bet.spot\/cs\/#website"},"datePublished":"2026-01-12T11:39:34+00:00","dateModified":"2026-03-25T14:17:24+00:00","description":"St\u00e1hn\u011bte si aplikaci 22Bet pro Android a iOS \u2714\ufe0f sportovn\u00ed s\u00e1zky, live kasino, bonusy a rychl\u00fd p\u0159\u00edstup k va\u0161im \u00fa\u010dt\u016fm. Pln\u00e1 funk\u010dnost webov\u00fdch str\u00e1nek v praktick\u00e9 mobiln\u00ed aplikaci \u2013 hned te\u010f!","breadcrumb":{"@id":"https:\/\/22bet.spot\/cs\/app\/#breadcrumb"},"inLanguage":"cs","potentialAction":[{"@type":"ReadAction","target":["https:\/\/22bet.spot\/cs\/app\/"]}]},{"@type":"BreadcrumbList","@id":"https:\/\/22bet.spot\/cs\/app\/#breadcrumb","itemListElement":[{"@type":"ListItem","position":1,"name":"Home","item":"https:\/\/22bet.spot\/cs\/"},{"@type":"ListItem","position":2,"name":"Aplikace"}]},{"@type":"WebSite","@id":"https:\/\/22bet.spot\/cs\/#website","url":"https:\/\/22bet.spot\/cs\/","name":"22Bet Spot CZ","description":"","potentialAction":[{"@type":"SearchAction","target":{"@type":"EntryPoint","urlTemplate":"https:\/\/22bet.spot\/cs\/?s={search_term_string}"},"query-input":{"@type":"PropertyValueSpecification","valueRequired":true,"valueName":"search_term_string"}}],"inLanguage":"cs"}]}},"_links":{"self":[{"href":"https:\/\/22bet.spot\/cs\/wp-json\/wp\/v2\/pages\/853","targetHints":{"allow":["GET"]}}],"collection":[{"href":"https:\/\/22bet.spot\/cs\/wp-json\/wp\/v2\/pages"}],"about":[{"href":"https:\/\/22bet.spot\/cs\/wp-json\/wp\/v2\/types\/page"}],"author":[{"embeddable":true,"href":"https:\/\/22bet.spot\/cs\/wp-json\/wp\/v2\/users\/1"}],"replies":[{"embeddable":true,"href":"https:\/\/22bet.spot\/cs\/wp-json\/wp\/v2\/comments?post=853"}],"version-history":[{"count":5,"href":"https:\/\/22bet.spot\/cs\/wp-json\/wp\/v2\/pages\/853\/revisions"}],"predecessor-version":[{"id":1211,"href":"https:\/\/22bet.spot\/cs\/wp-json\/wp\/v2\/pages\/853\/revisions\/1211"}],"wp:attachment":[{"href":"https:\/\/22bet.spot\/cs\/wp-json\/wp\/v2\/media?parent=853"}],"curies":[{"name":"wp","href":"https:\/\/api.w.org\/{rel}","templated":true}]}}