{"id":880,"date":"2026-01-12T20:09:17","date_gmt":"2026-01-12T17:09:17","guid":{"rendered":"https:\/\/22bet.spot\/cs\/?page_id=880"},"modified":"2026-03-23T16:59:00","modified_gmt":"2026-03-23T13:59:00","slug":"apk","status":"publish","type":"page","link":"https:\/\/22bet.spot\/cs\/apk\/","title":{"rendered":"APK"},"content":{"rendered":"","protected":false},"excerpt":{"rendered":"","protected":false},"author":1,"featured_media":0,"parent":0,"menu_order":0,"comment_status":"closed","ping_status":"closed","template":"","meta":{"_acf_changed":false,"footnotes":""},"class_list":["post-880","page","type-page","status-publish","hentry"],"acf":[],"yoast_head":"<!-- This site is optimized with the Yoast SEO plugin v26.7 - https:\/\/yoast.com\/wordpress\/plugins\/seo\/ -->\n<title>22Bet APK 2026 \u2705 Ofici\u00e1ln\u00ed aplikace<\/title>\n<meta name=\"description\" content=\"St\u00e1hn\u011bte si APK soubor 22Bet pro Android z ofici\u00e1ln\u00edch str\u00e1nek \u2714\ufe0f S\u00e1zky na \u017eiv\u00e9 sportovn\u00ed p\u0159enosy, tis\u00edce kasinov\u00fdch automat\u016f, bonusy a rychl\u00e9 v\u00fdplaty. Hrajte na za\u0159\u00edzen\u00edch s Androidem bez omezen\u00ed!\" \/>\n<meta name=\"robots\" content=\"index, follow, max-snippet:-1, max-image-preview:large, max-video-preview:-1\" \/>\n<link rel=\"canonical\" href=\"https:\/\/22bet.spot\/cs\/apk\/\" \/>\n<meta property=\"og:locale\" content=\"cs_CZ\" \/>\n<meta property=\"og:type\" content=\"article\" \/>\n<meta property=\"og:title\" content=\"22Bet APK 2026 \u2705 Ofici\u00e1ln\u00ed aplikace\" \/>\n<meta property=\"og:description\" content=\"St\u00e1hn\u011bte si APK soubor 22Bet pro Android z ofici\u00e1ln\u00edch str\u00e1nek \u2714\ufe0f S\u00e1zky na \u017eiv\u00e9 sportovn\u00ed p\u0159enosy, tis\u00edce kasinov\u00fdch automat\u016f, bonusy a rychl\u00e9 v\u00fdplaty. Hrajte na za\u0159\u00edzen\u00edch s Androidem bez omezen\u00ed!\" \/>\n<meta property=\"og:url\" content=\"https:\/\/22bet.spot\/cs\/apk\/\" \/>\n<meta property=\"og:site_name\" content=\"22Bet Spot CZ\" \/>\n<meta property=\"article:modified_time\" content=\"2026-03-23T13:59:00+00:00\" \/>\n<meta name=\"twitter:card\" content=\"summary_large_image\" \/>\n<script type=\"application\/ld+json\" class=\"yoast-schema-graph\">{\"@context\":\"https:\/\/schema.org\",\"@graph\":[{\"@type\":\"WebPage\",\"@id\":\"https:\/\/22bet.spot\/cs\/apk\/\",\"url\":\"https:\/\/22bet.spot\/cs\/apk\/\",\"name\":\"22Bet APK 2026 \u2705 Ofici\u00e1ln\u00ed aplikace\",\"isPartOf\":{\"@id\":\"https:\/\/22bet.spot\/cs\/#website\"},\"datePublished\":\"2026-01-12T17:09:17+00:00\",\"dateModified\":\"2026-03-23T13:59:00+00:00\",\"description\":\"St\u00e1hn\u011bte si APK soubor 22Bet pro Android z ofici\u00e1ln\u00edch str\u00e1nek \u2714\ufe0f S\u00e1zky na \u017eiv\u00e9 sportovn\u00ed p\u0159enosy, tis\u00edce kasinov\u00fdch automat\u016f, bonusy a rychl\u00e9 v\u00fdplaty. Hrajte na za\u0159\u00edzen\u00edch s Androidem bez omezen\u00ed!\",\"breadcrumb\":{\"@id\":\"https:\/\/22bet.spot\/cs\/apk\/#breadcrumb\"},\"inLanguage\":\"cs\",\"potentialAction\":[{\"@type\":\"ReadAction\",\"target\":[\"https:\/\/22bet.spot\/cs\/apk\/\"]}]},{\"@type\":\"BreadcrumbList\",\"@id\":\"https:\/\/22bet.spot\/cs\/apk\/#breadcrumb\",\"itemListElement\":[{\"@type\":\"ListItem\",\"position\":1,\"name\":\"Home\",\"item\":\"https:\/\/22bet.spot\/cs\/\"},{\"@type\":\"ListItem\",\"position\":2,\"name\":\"APK\"}]},{\"@type\":\"WebSite\",\"@id\":\"https:\/\/22bet.spot\/cs\/#website\",\"url\":\"https:\/\/22bet.spot\/cs\/\",\"name\":\"22Bet Spot CZ\",\"description\":\"\",\"potentialAction\":[{\"@type\":\"SearchAction\",\"target\":{\"@type\":\"EntryPoint\",\"urlTemplate\":\"https:\/\/22bet.spot\/cs\/?s={search_term_string}\"},\"query-input\":{\"@type\":\"PropertyValueSpecification\",\"valueRequired\":true,\"valueName\":\"search_term_string\"}}],\"inLanguage\":\"cs\"}]}<\/script>\n<!-- \/ Yoast SEO plugin. -->","yoast_head_json":{"title":"22Bet APK 2026 \u2705 Ofici\u00e1ln\u00ed aplikace","description":"St\u00e1hn\u011bte si APK soubor 22Bet pro Android z ofici\u00e1ln\u00edch str\u00e1nek \u2714\ufe0f S\u00e1zky na \u017eiv\u00e9 sportovn\u00ed p\u0159enosy, tis\u00edce kasinov\u00fdch automat\u016f, bonusy a rychl\u00e9 v\u00fdplaty. Hrajte na za\u0159\u00edzen\u00edch s Androidem bez omezen\u00ed!","robots":{"index":"index","follow":"follow","max-snippet":"max-snippet:-1","max-image-preview":"max-image-preview:large","max-video-preview":"max-video-preview:-1"},"canonical":"https:\/\/22bet.spot\/cs\/apk\/","og_locale":"cs_CZ","og_type":"article","og_title":"22Bet APK 2026 \u2705 Ofici\u00e1ln\u00ed aplikace","og_description":"St\u00e1hn\u011bte si APK soubor 22Bet pro Android z ofici\u00e1ln\u00edch str\u00e1nek \u2714\ufe0f S\u00e1zky na \u017eiv\u00e9 sportovn\u00ed p\u0159enosy, tis\u00edce kasinov\u00fdch automat\u016f, bonusy a rychl\u00e9 v\u00fdplaty. Hrajte na za\u0159\u00edzen\u00edch s Androidem bez omezen\u00ed!","og_url":"https:\/\/22bet.spot\/cs\/apk\/","og_site_name":"22Bet Spot CZ","article_modified_time":"2026-03-23T13:59:00+00:00","twitter_card":"summary_large_image","schema":{"@context":"https:\/\/schema.org","@graph":[{"@type":"WebPage","@id":"https:\/\/22bet.spot\/cs\/apk\/","url":"https:\/\/22bet.spot\/cs\/apk\/","name":"22Bet APK 2026 \u2705 Ofici\u00e1ln\u00ed aplikace","isPartOf":{"@id":"https:\/\/22bet.spot\/cs\/#website"},"datePublished":"2026-01-12T17:09:17+00:00","dateModified":"2026-03-23T13:59:00+00:00","description":"St\u00e1hn\u011bte si APK soubor 22Bet pro Android z ofici\u00e1ln\u00edch str\u00e1nek \u2714\ufe0f S\u00e1zky na \u017eiv\u00e9 sportovn\u00ed p\u0159enosy, tis\u00edce kasinov\u00fdch automat\u016f, bonusy a rychl\u00e9 v\u00fdplaty. Hrajte na za\u0159\u00edzen\u00edch s Androidem bez omezen\u00ed!","breadcrumb":{"@id":"https:\/\/22bet.spot\/cs\/apk\/#breadcrumb"},"inLanguage":"cs","potentialAction":[{"@type":"ReadAction","target":["https:\/\/22bet.spot\/cs\/apk\/"]}]},{"@type":"BreadcrumbList","@id":"https:\/\/22bet.spot\/cs\/apk\/#breadcrumb","itemListElement":[{"@type":"ListItem","position":1,"name":"Home","item":"https:\/\/22bet.spot\/cs\/"},{"@type":"ListItem","position":2,"name":"APK"}]},{"@type":"WebSite","@id":"https:\/\/22bet.spot\/cs\/#website","url":"https:\/\/22bet.spot\/cs\/","name":"22Bet Spot CZ","description":"","potentialAction":[{"@type":"SearchAction","target":{"@type":"EntryPoint","urlTemplate":"https:\/\/22bet.spot\/cs\/?s={search_term_string}"},"query-input":{"@type":"PropertyValueSpecification","valueRequired":true,"valueName":"search_term_string"}}],"inLanguage":"cs"}]}},"_links":{"self":[{"href":"https:\/\/22bet.spot\/cs\/wp-json\/wp\/v2\/pages\/880","targetHints":{"allow":["GET"]}}],"collection":[{"href":"https:\/\/22bet.spot\/cs\/wp-json\/wp\/v2\/pages"}],"about":[{"href":"https:\/\/22bet.spot\/cs\/wp-json\/wp\/v2\/types\/page"}],"author":[{"embeddable":true,"href":"https:\/\/22bet.spot\/cs\/wp-json\/wp\/v2\/users\/1"}],"replies":[{"embeddable":true,"href":"https:\/\/22bet.spot\/cs\/wp-json\/wp\/v2\/comments?post=880"}],"version-history":[{"count":5,"href":"https:\/\/22bet.spot\/cs\/wp-json\/wp\/v2\/pages\/880\/revisions"}],"predecessor-version":[{"id":1208,"href":"https:\/\/22bet.spot\/cs\/wp-json\/wp\/v2\/pages\/880\/revisions\/1208"}],"wp:attachment":[{"href":"https:\/\/22bet.spot\/cs\/wp-json\/wp\/v2\/media?parent=880"}],"curies":[{"name":"wp","href":"https:\/\/api.w.org\/{rel}","templated":true}]}}