{"id":932,"date":"2026-01-13T14:24:28","date_gmt":"2026-01-13T11:24:28","guid":{"rendered":"https:\/\/22bet.spot\/cs\/?page_id=932"},"modified":"2026-03-27T13:11:39","modified_gmt":"2026-03-27T10:11:39","slug":"casino","status":"publish","type":"page","link":"https:\/\/22bet.spot\/cs\/casino\/","title":{"rendered":"Kasino"},"content":{"rendered":"","protected":false},"excerpt":{"rendered":"","protected":false},"author":1,"featured_media":0,"parent":0,"menu_order":0,"comment_status":"closed","ping_status":"closed","template":"","meta":{"_acf_changed":false,"footnotes":""},"class_list":["post-932","page","type-page","status-publish","hentry"],"acf":[],"yoast_head":"<!-- This site is optimized with the Yoast SEO plugin v26.7 - https:\/\/yoast.com\/wordpress\/plugins\/seo\/ -->\n<title>Kasino 22Bet 2026 \u2714\ufe0f hry, bonusy a ta nejlep\u0161\u00ed z\u00e1bava<\/title>\n<meta name=\"description\" content=\"Hrajte v kasinu 22Bet \u2705 tis\u00edce automat\u016f a \u017eiv\u00fdch her, 100% uv\u00edtac\u00ed bonus k prvn\u00edmu vkladu a pravideln\u00e9 akce. U\u017eijte si tu nejlep\u0161\u00ed z\u00e1bavu v oblasti hazardn\u00edch her na po\u010d\u00edta\u010di i smartphonu!\" \/>\n<meta name=\"robots\" content=\"index, follow, max-snippet:-1, max-image-preview:large, max-video-preview:-1\" \/>\n<link rel=\"canonical\" href=\"https:\/\/22bet.spot\/cs\/casino\/\" \/>\n<meta property=\"og:locale\" content=\"cs_CZ\" \/>\n<meta property=\"og:type\" content=\"article\" \/>\n<meta property=\"og:title\" content=\"Kasino 22Bet 2026 \u2714\ufe0f hry, bonusy a ta nejlep\u0161\u00ed z\u00e1bava\" \/>\n<meta property=\"og:description\" content=\"Hrajte v kasinu 22Bet \u2705 tis\u00edce automat\u016f a \u017eiv\u00fdch her, 100% uv\u00edtac\u00ed bonus k prvn\u00edmu vkladu a pravideln\u00e9 akce. U\u017eijte si tu nejlep\u0161\u00ed z\u00e1bavu v oblasti hazardn\u00edch her na po\u010d\u00edta\u010di i smartphonu!\" \/>\n<meta property=\"og:url\" content=\"https:\/\/22bet.spot\/cs\/casino\/\" \/>\n<meta property=\"og:site_name\" content=\"22Bet Spot CZ\" \/>\n<meta property=\"article:modified_time\" content=\"2026-03-27T10:11:39+00:00\" \/>\n<meta name=\"twitter:card\" content=\"summary_large_image\" \/>\n<script type=\"application\/ld+json\" class=\"yoast-schema-graph\">{\"@context\":\"https:\/\/schema.org\",\"@graph\":[{\"@type\":\"WebPage\",\"@id\":\"https:\/\/22bet.spot\/cs\/casino\/\",\"url\":\"https:\/\/22bet.spot\/cs\/casino\/\",\"name\":\"Kasino 22Bet 2026 \u2714\ufe0f hry, bonusy a ta nejlep\u0161\u00ed z\u00e1bava\",\"isPartOf\":{\"@id\":\"https:\/\/22bet.spot\/cs\/#website\"},\"datePublished\":\"2026-01-13T11:24:28+00:00\",\"dateModified\":\"2026-03-27T10:11:39+00:00\",\"description\":\"Hrajte v kasinu 22Bet \u2705 tis\u00edce automat\u016f a \u017eiv\u00fdch her, 100% uv\u00edtac\u00ed bonus k prvn\u00edmu vkladu a pravideln\u00e9 akce. U\u017eijte si tu nejlep\u0161\u00ed z\u00e1bavu v oblasti hazardn\u00edch her na po\u010d\u00edta\u010di i smartphonu!\",\"breadcrumb\":{\"@id\":\"https:\/\/22bet.spot\/cs\/casino\/#breadcrumb\"},\"inLanguage\":\"cs\",\"potentialAction\":[{\"@type\":\"ReadAction\",\"target\":[\"https:\/\/22bet.spot\/cs\/casino\/\"]}]},{\"@type\":\"BreadcrumbList\",\"@id\":\"https:\/\/22bet.spot\/cs\/casino\/#breadcrumb\",\"itemListElement\":[{\"@type\":\"ListItem\",\"position\":1,\"name\":\"Home\",\"item\":\"https:\/\/22bet.spot\/cs\/\"},{\"@type\":\"ListItem\",\"position\":2,\"name\":\"Kasino\"}]},{\"@type\":\"WebSite\",\"@id\":\"https:\/\/22bet.spot\/cs\/#website\",\"url\":\"https:\/\/22bet.spot\/cs\/\",\"name\":\"22Bet Spot CZ\",\"description\":\"\",\"potentialAction\":[{\"@type\":\"SearchAction\",\"target\":{\"@type\":\"EntryPoint\",\"urlTemplate\":\"https:\/\/22bet.spot\/cs\/?s={search_term_string}\"},\"query-input\":{\"@type\":\"PropertyValueSpecification\",\"valueRequired\":true,\"valueName\":\"search_term_string\"}}],\"inLanguage\":\"cs\"}]}<\/script>\n<!-- \/ Yoast SEO plugin. -->","yoast_head_json":{"title":"Kasino 22Bet 2026 \u2714\ufe0f hry, bonusy a ta nejlep\u0161\u00ed z\u00e1bava","description":"Hrajte v kasinu 22Bet \u2705 tis\u00edce automat\u016f a \u017eiv\u00fdch her, 100% uv\u00edtac\u00ed bonus k prvn\u00edmu vkladu a pravideln\u00e9 akce. U\u017eijte si tu nejlep\u0161\u00ed z\u00e1bavu v oblasti hazardn\u00edch her na po\u010d\u00edta\u010di i smartphonu!","robots":{"index":"index","follow":"follow","max-snippet":"max-snippet:-1","max-image-preview":"max-image-preview:large","max-video-preview":"max-video-preview:-1"},"canonical":"https:\/\/22bet.spot\/cs\/casino\/","og_locale":"cs_CZ","og_type":"article","og_title":"Kasino 22Bet 2026 \u2714\ufe0f hry, bonusy a ta nejlep\u0161\u00ed z\u00e1bava","og_description":"Hrajte v kasinu 22Bet \u2705 tis\u00edce automat\u016f a \u017eiv\u00fdch her, 100% uv\u00edtac\u00ed bonus k prvn\u00edmu vkladu a pravideln\u00e9 akce. U\u017eijte si tu nejlep\u0161\u00ed z\u00e1bavu v oblasti hazardn\u00edch her na po\u010d\u00edta\u010di i smartphonu!","og_url":"https:\/\/22bet.spot\/cs\/casino\/","og_site_name":"22Bet Spot CZ","article_modified_time":"2026-03-27T10:11:39+00:00","twitter_card":"summary_large_image","schema":{"@context":"https:\/\/schema.org","@graph":[{"@type":"WebPage","@id":"https:\/\/22bet.spot\/cs\/casino\/","url":"https:\/\/22bet.spot\/cs\/casino\/","name":"Kasino 22Bet 2026 \u2714\ufe0f hry, bonusy a ta nejlep\u0161\u00ed z\u00e1bava","isPartOf":{"@id":"https:\/\/22bet.spot\/cs\/#website"},"datePublished":"2026-01-13T11:24:28+00:00","dateModified":"2026-03-27T10:11:39+00:00","description":"Hrajte v kasinu 22Bet \u2705 tis\u00edce automat\u016f a \u017eiv\u00fdch her, 100% uv\u00edtac\u00ed bonus k prvn\u00edmu vkladu a pravideln\u00e9 akce. U\u017eijte si tu nejlep\u0161\u00ed z\u00e1bavu v oblasti hazardn\u00edch her na po\u010d\u00edta\u010di i smartphonu!","breadcrumb":{"@id":"https:\/\/22bet.spot\/cs\/casino\/#breadcrumb"},"inLanguage":"cs","potentialAction":[{"@type":"ReadAction","target":["https:\/\/22bet.spot\/cs\/casino\/"]}]},{"@type":"BreadcrumbList","@id":"https:\/\/22bet.spot\/cs\/casino\/#breadcrumb","itemListElement":[{"@type":"ListItem","position":1,"name":"Home","item":"https:\/\/22bet.spot\/cs\/"},{"@type":"ListItem","position":2,"name":"Kasino"}]},{"@type":"WebSite","@id":"https:\/\/22bet.spot\/cs\/#website","url":"https:\/\/22bet.spot\/cs\/","name":"22Bet Spot CZ","description":"","potentialAction":[{"@type":"SearchAction","target":{"@type":"EntryPoint","urlTemplate":"https:\/\/22bet.spot\/cs\/?s={search_term_string}"},"query-input":{"@type":"PropertyValueSpecification","valueRequired":true,"valueName":"search_term_string"}}],"inLanguage":"cs"}]}},"_links":{"self":[{"href":"https:\/\/22bet.spot\/cs\/wp-json\/wp\/v2\/pages\/932","targetHints":{"allow":["GET"]}}],"collection":[{"href":"https:\/\/22bet.spot\/cs\/wp-json\/wp\/v2\/pages"}],"about":[{"href":"https:\/\/22bet.spot\/cs\/wp-json\/wp\/v2\/types\/page"}],"author":[{"embeddable":true,"href":"https:\/\/22bet.spot\/cs\/wp-json\/wp\/v2\/users\/1"}],"replies":[{"embeddable":true,"href":"https:\/\/22bet.spot\/cs\/wp-json\/wp\/v2\/comments?post=932"}],"version-history":[{"count":5,"href":"https:\/\/22bet.spot\/cs\/wp-json\/wp\/v2\/pages\/932\/revisions"}],"predecessor-version":[{"id":1214,"href":"https:\/\/22bet.spot\/cs\/wp-json\/wp\/v2\/pages\/932\/revisions\/1214"}],"wp:attachment":[{"href":"https:\/\/22bet.spot\/cs\/wp-json\/wp\/v2\/media?parent=932"}],"curies":[{"name":"wp","href":"https:\/\/api.w.org\/{rel}","templated":true}]}}