{"id":1084,"date":"2026-01-17T07:35:15","date_gmt":"2026-01-17T04:35:15","guid":{"rendered":"https:\/\/22bet.spot\/da\/?page_id=1084"},"modified":"2026-03-28T17:37:44","modified_gmt":"2026-03-28T14:37:44","slug":"registration","status":"publish","type":"page","link":"https:\/\/22bet.spot\/da\/registration\/","title":{"rendered":"Tilmelding"},"content":{"rendered":"","protected":false},"excerpt":{"rendered":"","protected":false},"author":1,"featured_media":0,"parent":0,"menu_order":0,"comment_status":"closed","ping_status":"closed","template":"","meta":{"_acf_changed":false,"footnotes":""},"class_list":["post-1084","page","type-page","status-publish","hentry"],"acf":[],"yoast_head":"<!-- This site is optimized with the Yoast SEO plugin v26.7 - https:\/\/yoast.com\/wordpress\/plugins\/seo\/ -->\n<title>Opret en konto p\u00e5 22Bet \u2714\ufe0f Opret en profil og spil<\/title>\n<meta name=\"description\" content=\"Find ud af, hvordan du opretter en konto hos 22Bet p\u00e5 blot et par minutter \u2705 V\u00e6lg en metode (telefon, e-mail eller sociale medier), udfyld formularen, bekr\u00e6ft din konto, og f\u00e5 adgang til v\u00e6ddem\u00e5l og casinospil p\u00e5 alle enheder.\" \/>\n<meta name=\"robots\" content=\"index, follow, max-snippet:-1, max-image-preview:large, max-video-preview:-1\" \/>\n<link rel=\"canonical\" href=\"https:\/\/22bet.spot\/da\/registration\/\" \/>\n<meta property=\"og:locale\" content=\"da_DK\" \/>\n<meta property=\"og:type\" content=\"article\" \/>\n<meta property=\"og:title\" content=\"Opret en konto p\u00e5 22Bet \u2714\ufe0f Opret en profil og spil\" \/>\n<meta property=\"og:description\" content=\"Find ud af, hvordan du opretter en konto hos 22Bet p\u00e5 blot et par minutter \u2705 V\u00e6lg en metode (telefon, e-mail eller sociale medier), udfyld formularen, bekr\u00e6ft din konto, og f\u00e5 adgang til v\u00e6ddem\u00e5l og casinospil p\u00e5 alle enheder.\" \/>\n<meta property=\"og:url\" content=\"https:\/\/22bet.spot\/da\/registration\/\" \/>\n<meta property=\"og:site_name\" content=\"22Bet Spot DA\" \/>\n<meta property=\"article:modified_time\" content=\"2026-03-28T14:37:44+00:00\" \/>\n<meta name=\"twitter:card\" content=\"summary_large_image\" \/>\n<script type=\"application\/ld+json\" class=\"yoast-schema-graph\">{\"@context\":\"https:\/\/schema.org\",\"@graph\":[{\"@type\":\"WebPage\",\"@id\":\"https:\/\/22bet.spot\/da\/registration\/\",\"url\":\"https:\/\/22bet.spot\/da\/registration\/\",\"name\":\"Opret en konto p\u00e5 22Bet \u2714\ufe0f Opret en profil og spil\",\"isPartOf\":{\"@id\":\"https:\/\/22bet.spot\/da\/#website\"},\"datePublished\":\"2026-01-17T04:35:15+00:00\",\"dateModified\":\"2026-03-28T14:37:44+00:00\",\"description\":\"Find ud af, hvordan du opretter en konto hos 22Bet p\u00e5 blot et par minutter \u2705 V\u00e6lg en metode (telefon, e-mail eller sociale medier), udfyld formularen, bekr\u00e6ft din konto, og f\u00e5 adgang til v\u00e6ddem\u00e5l og casinospil p\u00e5 alle enheder.\",\"breadcrumb\":{\"@id\":\"https:\/\/22bet.spot\/da\/registration\/#breadcrumb\"},\"inLanguage\":\"da-DK\",\"potentialAction\":[{\"@type\":\"ReadAction\",\"target\":[\"https:\/\/22bet.spot\/da\/registration\/\"]}]},{\"@type\":\"BreadcrumbList\",\"@id\":\"https:\/\/22bet.spot\/da\/registration\/#breadcrumb\",\"itemListElement\":[{\"@type\":\"ListItem\",\"position\":1,\"name\":\"Home\",\"item\":\"https:\/\/22bet.spot\/da\/\"},{\"@type\":\"ListItem\",\"position\":2,\"name\":\"Tilmelding\"}]},{\"@type\":\"WebSite\",\"@id\":\"https:\/\/22bet.spot\/da\/#website\",\"url\":\"https:\/\/22bet.spot\/da\/\",\"name\":\"22Bet Spot DA\",\"description\":\"\",\"potentialAction\":[{\"@type\":\"SearchAction\",\"target\":{\"@type\":\"EntryPoint\",\"urlTemplate\":\"https:\/\/22bet.spot\/da\/?s={search_term_string}\"},\"query-input\":{\"@type\":\"PropertyValueSpecification\",\"valueRequired\":true,\"valueName\":\"search_term_string\"}}],\"inLanguage\":\"da-DK\"}]}<\/script>\n<!-- \/ Yoast SEO plugin. -->","yoast_head_json":{"title":"Opret en konto p\u00e5 22Bet \u2714\ufe0f Opret en profil og spil","description":"Find ud af, hvordan du opretter en konto hos 22Bet p\u00e5 blot et par minutter \u2705 V\u00e6lg en metode (telefon, e-mail eller sociale medier), udfyld formularen, bekr\u00e6ft din konto, og f\u00e5 adgang til v\u00e6ddem\u00e5l og casinospil p\u00e5 alle enheder.","robots":{"index":"index","follow":"follow","max-snippet":"max-snippet:-1","max-image-preview":"max-image-preview:large","max-video-preview":"max-video-preview:-1"},"canonical":"https:\/\/22bet.spot\/da\/registration\/","og_locale":"da_DK","og_type":"article","og_title":"Opret en konto p\u00e5 22Bet \u2714\ufe0f Opret en profil og spil","og_description":"Find ud af, hvordan du opretter en konto hos 22Bet p\u00e5 blot et par minutter \u2705 V\u00e6lg en metode (telefon, e-mail eller sociale medier), udfyld formularen, bekr\u00e6ft din konto, og f\u00e5 adgang til v\u00e6ddem\u00e5l og casinospil p\u00e5 alle enheder.","og_url":"https:\/\/22bet.spot\/da\/registration\/","og_site_name":"22Bet Spot DA","article_modified_time":"2026-03-28T14:37:44+00:00","twitter_card":"summary_large_image","schema":{"@context":"https:\/\/schema.org","@graph":[{"@type":"WebPage","@id":"https:\/\/22bet.spot\/da\/registration\/","url":"https:\/\/22bet.spot\/da\/registration\/","name":"Opret en konto p\u00e5 22Bet \u2714\ufe0f Opret en profil og spil","isPartOf":{"@id":"https:\/\/22bet.spot\/da\/#website"},"datePublished":"2026-01-17T04:35:15+00:00","dateModified":"2026-03-28T14:37:44+00:00","description":"Find ud af, hvordan du opretter en konto hos 22Bet p\u00e5 blot et par minutter \u2705 V\u00e6lg en metode (telefon, e-mail eller sociale medier), udfyld formularen, bekr\u00e6ft din konto, og f\u00e5 adgang til v\u00e6ddem\u00e5l og casinospil p\u00e5 alle enheder.","breadcrumb":{"@id":"https:\/\/22bet.spot\/da\/registration\/#breadcrumb"},"inLanguage":"da-DK","potentialAction":[{"@type":"ReadAction","target":["https:\/\/22bet.spot\/da\/registration\/"]}]},{"@type":"BreadcrumbList","@id":"https:\/\/22bet.spot\/da\/registration\/#breadcrumb","itemListElement":[{"@type":"ListItem","position":1,"name":"Home","item":"https:\/\/22bet.spot\/da\/"},{"@type":"ListItem","position":2,"name":"Tilmelding"}]},{"@type":"WebSite","@id":"https:\/\/22bet.spot\/da\/#website","url":"https:\/\/22bet.spot\/da\/","name":"22Bet Spot DA","description":"","potentialAction":[{"@type":"SearchAction","target":{"@type":"EntryPoint","urlTemplate":"https:\/\/22bet.spot\/da\/?s={search_term_string}"},"query-input":{"@type":"PropertyValueSpecification","valueRequired":true,"valueName":"search_term_string"}}],"inLanguage":"da-DK"}]}},"_links":{"self":[{"href":"https:\/\/22bet.spot\/da\/wp-json\/wp\/v2\/pages\/1084","targetHints":{"allow":["GET"]}}],"collection":[{"href":"https:\/\/22bet.spot\/da\/wp-json\/wp\/v2\/pages"}],"about":[{"href":"https:\/\/22bet.spot\/da\/wp-json\/wp\/v2\/types\/page"}],"author":[{"embeddable":true,"href":"https:\/\/22bet.spot\/da\/wp-json\/wp\/v2\/users\/1"}],"replies":[{"embeddable":true,"href":"https:\/\/22bet.spot\/da\/wp-json\/wp\/v2\/comments?post=1084"}],"version-history":[{"count":5,"href":"https:\/\/22bet.spot\/da\/wp-json\/wp\/v2\/pages\/1084\/revisions"}],"predecessor-version":[{"id":1233,"href":"https:\/\/22bet.spot\/da\/wp-json\/wp\/v2\/pages\/1084\/revisions\/1233"}],"wp:attachment":[{"href":"https:\/\/22bet.spot\/da\/wp-json\/wp\/v2\/media?parent=1084"}],"curies":[{"name":"wp","href":"https:\/\/api.w.org\/{rel}","templated":true}]}}