{"id":1114,"date":"2026-01-18T09:10:57","date_gmt":"2026-01-18T06:10:57","guid":{"rendered":"https:\/\/22bet.spot\/da\/?page_id=1114"},"modified":"2026-03-28T17:35:06","modified_gmt":"2026-03-28T14:35:06","slug":"affiliate","status":"publish","type":"page","link":"https:\/\/22bet.spot\/da\/affiliate\/","title":{"rendered":"Partner"},"content":{"rendered":"","protected":false},"excerpt":{"rendered":"","protected":false},"author":1,"featured_media":0,"parent":0,"menu_order":0,"comment_status":"closed","ping_status":"closed","template":"","meta":{"_acf_changed":false,"footnotes":""},"class_list":["post-1114","page","type-page","status-publish","hentry"],"acf":[],"yoast_head":"<!-- This site is optimized with the Yoast SEO plugin v26.7 - https:\/\/yoast.com\/wordpress\/plugins\/seo\/ -->\n<title>22Bet Affiliate Program 2026<\/title>\n<meta name=\"description\" content=\"Bliv partner hos 22Bet \u2705 Tjen op til 50 % i RevShare eller CPA, og tiltr\u00e6k spillere til sportsv\u00e6ddem\u00e5l og casino. Ugentlige udbetalinger, markedsf\u00f8ringsmateriale og support.\" \/>\n<meta name=\"robots\" content=\"index, follow, max-snippet:-1, max-image-preview:large, max-video-preview:-1\" \/>\n<link rel=\"canonical\" href=\"https:\/\/22bet.spot\/da\/affiliate\/\" \/>\n<meta property=\"og:locale\" content=\"da_DK\" \/>\n<meta property=\"og:type\" content=\"article\" \/>\n<meta property=\"og:title\" content=\"22Bet Affiliate Program 2026\" \/>\n<meta property=\"og:description\" content=\"Bliv partner hos 22Bet \u2705 Tjen op til 50 % i RevShare eller CPA, og tiltr\u00e6k spillere til sportsv\u00e6ddem\u00e5l og casino. Ugentlige udbetalinger, markedsf\u00f8ringsmateriale og support.\" \/>\n<meta property=\"og:url\" content=\"https:\/\/22bet.spot\/da\/affiliate\/\" \/>\n<meta property=\"og:site_name\" content=\"22Bet Spot DA\" \/>\n<meta property=\"article:modified_time\" content=\"2026-03-28T14:35:06+00:00\" \/>\n<meta name=\"twitter:card\" content=\"summary_large_image\" \/>\n<script type=\"application\/ld+json\" class=\"yoast-schema-graph\">{\"@context\":\"https:\/\/schema.org\",\"@graph\":[{\"@type\":\"WebPage\",\"@id\":\"https:\/\/22bet.spot\/da\/affiliate\/\",\"url\":\"https:\/\/22bet.spot\/da\/affiliate\/\",\"name\":\"22Bet Affiliate Program 2026\",\"isPartOf\":{\"@id\":\"https:\/\/22bet.spot\/da\/#website\"},\"datePublished\":\"2026-01-18T06:10:57+00:00\",\"dateModified\":\"2026-03-28T14:35:06+00:00\",\"description\":\"Bliv partner hos 22Bet \u2705 Tjen op til 50 % i RevShare eller CPA, og tiltr\u00e6k spillere til sportsv\u00e6ddem\u00e5l og casino. Ugentlige udbetalinger, markedsf\u00f8ringsmateriale og support.\",\"breadcrumb\":{\"@id\":\"https:\/\/22bet.spot\/da\/affiliate\/#breadcrumb\"},\"inLanguage\":\"da-DK\",\"potentialAction\":[{\"@type\":\"ReadAction\",\"target\":[\"https:\/\/22bet.spot\/da\/affiliate\/\"]}]},{\"@type\":\"BreadcrumbList\",\"@id\":\"https:\/\/22bet.spot\/da\/affiliate\/#breadcrumb\",\"itemListElement\":[{\"@type\":\"ListItem\",\"position\":1,\"name\":\"Home\",\"item\":\"https:\/\/22bet.spot\/da\/\"},{\"@type\":\"ListItem\",\"position\":2,\"name\":\"Partner\"}]},{\"@type\":\"WebSite\",\"@id\":\"https:\/\/22bet.spot\/da\/#website\",\"url\":\"https:\/\/22bet.spot\/da\/\",\"name\":\"22Bet Spot DA\",\"description\":\"\",\"potentialAction\":[{\"@type\":\"SearchAction\",\"target\":{\"@type\":\"EntryPoint\",\"urlTemplate\":\"https:\/\/22bet.spot\/da\/?s={search_term_string}\"},\"query-input\":{\"@type\":\"PropertyValueSpecification\",\"valueRequired\":true,\"valueName\":\"search_term_string\"}}],\"inLanguage\":\"da-DK\"}]}<\/script>\n<!-- \/ Yoast SEO plugin. -->","yoast_head_json":{"title":"22Bet Affiliate Program 2026","description":"Bliv partner hos 22Bet \u2705 Tjen op til 50 % i RevShare eller CPA, og tiltr\u00e6k spillere til sportsv\u00e6ddem\u00e5l og casino. Ugentlige udbetalinger, markedsf\u00f8ringsmateriale og support.","robots":{"index":"index","follow":"follow","max-snippet":"max-snippet:-1","max-image-preview":"max-image-preview:large","max-video-preview":"max-video-preview:-1"},"canonical":"https:\/\/22bet.spot\/da\/affiliate\/","og_locale":"da_DK","og_type":"article","og_title":"22Bet Affiliate Program 2026","og_description":"Bliv partner hos 22Bet \u2705 Tjen op til 50 % i RevShare eller CPA, og tiltr\u00e6k spillere til sportsv\u00e6ddem\u00e5l og casino. Ugentlige udbetalinger, markedsf\u00f8ringsmateriale og support.","og_url":"https:\/\/22bet.spot\/da\/affiliate\/","og_site_name":"22Bet Spot DA","article_modified_time":"2026-03-28T14:35:06+00:00","twitter_card":"summary_large_image","schema":{"@context":"https:\/\/schema.org","@graph":[{"@type":"WebPage","@id":"https:\/\/22bet.spot\/da\/affiliate\/","url":"https:\/\/22bet.spot\/da\/affiliate\/","name":"22Bet Affiliate Program 2026","isPartOf":{"@id":"https:\/\/22bet.spot\/da\/#website"},"datePublished":"2026-01-18T06:10:57+00:00","dateModified":"2026-03-28T14:35:06+00:00","description":"Bliv partner hos 22Bet \u2705 Tjen op til 50 % i RevShare eller CPA, og tiltr\u00e6k spillere til sportsv\u00e6ddem\u00e5l og casino. Ugentlige udbetalinger, markedsf\u00f8ringsmateriale og support.","breadcrumb":{"@id":"https:\/\/22bet.spot\/da\/affiliate\/#breadcrumb"},"inLanguage":"da-DK","potentialAction":[{"@type":"ReadAction","target":["https:\/\/22bet.spot\/da\/affiliate\/"]}]},{"@type":"BreadcrumbList","@id":"https:\/\/22bet.spot\/da\/affiliate\/#breadcrumb","itemListElement":[{"@type":"ListItem","position":1,"name":"Home","item":"https:\/\/22bet.spot\/da\/"},{"@type":"ListItem","position":2,"name":"Partner"}]},{"@type":"WebSite","@id":"https:\/\/22bet.spot\/da\/#website","url":"https:\/\/22bet.spot\/da\/","name":"22Bet Spot DA","description":"","potentialAction":[{"@type":"SearchAction","target":{"@type":"EntryPoint","urlTemplate":"https:\/\/22bet.spot\/da\/?s={search_term_string}"},"query-input":{"@type":"PropertyValueSpecification","valueRequired":true,"valueName":"search_term_string"}}],"inLanguage":"da-DK"}]}},"_links":{"self":[{"href":"https:\/\/22bet.spot\/da\/wp-json\/wp\/v2\/pages\/1114","targetHints":{"allow":["GET"]}}],"collection":[{"href":"https:\/\/22bet.spot\/da\/wp-json\/wp\/v2\/pages"}],"about":[{"href":"https:\/\/22bet.spot\/da\/wp-json\/wp\/v2\/types\/page"}],"author":[{"embeddable":true,"href":"https:\/\/22bet.spot\/da\/wp-json\/wp\/v2\/users\/1"}],"replies":[{"embeddable":true,"href":"https:\/\/22bet.spot\/da\/wp-json\/wp\/v2\/comments?post=1114"}],"version-history":[{"count":5,"href":"https:\/\/22bet.spot\/da\/wp-json\/wp\/v2\/pages\/1114\/revisions"}],"predecessor-version":[{"id":1231,"href":"https:\/\/22bet.spot\/da\/wp-json\/wp\/v2\/pages\/1114\/revisions\/1231"}],"wp:attachment":[{"href":"https:\/\/22bet.spot\/da\/wp-json\/wp\/v2\/media?parent=1114"}],"curies":[{"name":"wp","href":"https:\/\/api.w.org\/{rel}","templated":true}]}}