{"id":932,"date":"2026-01-13T14:24:28","date_gmt":"2026-01-13T11:24:28","guid":{"rendered":"https:\/\/22bet.spot\/da\/?page_id=932"},"modified":"2026-03-13T17:51:46","modified_gmt":"2026-03-13T14:51:46","slug":"casino","status":"publish","type":"page","link":"https:\/\/22bet.spot\/da\/casino\/","title":{"rendered":"Casino"},"content":{"rendered":"","protected":false},"excerpt":{"rendered":"","protected":false},"author":1,"featured_media":0,"parent":0,"menu_order":0,"comment_status":"closed","ping_status":"closed","template":"","meta":{"_acf_changed":false,"footnotes":""},"class_list":["post-932","page","type-page","status-publish","hentry"],"acf":[],"yoast_head":"<!-- This site is optimized with the Yoast SEO plugin v26.7 - https:\/\/yoast.com\/wordpress\/plugins\/seo\/ -->\n<title>22Bet Casino 2026 \u2714\ufe0f spil, bonusser<\/title>\n<meta name=\"description\" content=\"Spil p\u00e5 22Bet Casino \u2705 tusindvis af spilleautomater og live-spil, en velkomstbonus p\u00e5 100 % p\u00e5 din f\u00f8rste indbetaling samt regelm\u00e6ssige kampagner. Nyd den bedste spilunderholdning p\u00e5 din pc og smartphone!\" \/>\n<meta name=\"robots\" content=\"index, follow, max-snippet:-1, max-image-preview:large, max-video-preview:-1\" \/>\n<link rel=\"canonical\" href=\"https:\/\/22bet.spot\/da\/casino\/\" \/>\n<meta property=\"og:locale\" content=\"da_DK\" \/>\n<meta property=\"og:type\" content=\"article\" \/>\n<meta property=\"og:title\" content=\"22Bet Casino 2026 \u2714\ufe0f spil, bonusser\" \/>\n<meta property=\"og:description\" content=\"Spil p\u00e5 22Bet Casino \u2705 tusindvis af spilleautomater og live-spil, en velkomstbonus p\u00e5 100 % p\u00e5 din f\u00f8rste indbetaling samt regelm\u00e6ssige kampagner. Nyd den bedste spilunderholdning p\u00e5 din pc og smartphone!\" \/>\n<meta property=\"og:url\" content=\"https:\/\/22bet.spot\/da\/casino\/\" \/>\n<meta property=\"og:site_name\" content=\"22Bet Spot DA\" \/>\n<meta property=\"article:modified_time\" content=\"2026-03-13T14:51:46+00:00\" \/>\n<meta name=\"twitter:card\" content=\"summary_large_image\" \/>\n<script type=\"application\/ld+json\" class=\"yoast-schema-graph\">{\"@context\":\"https:\/\/schema.org\",\"@graph\":[{\"@type\":\"WebPage\",\"@id\":\"https:\/\/22bet.spot\/da\/casino\/\",\"url\":\"https:\/\/22bet.spot\/da\/casino\/\",\"name\":\"22Bet Casino 2026 \u2714\ufe0f spil, bonusser\",\"isPartOf\":{\"@id\":\"https:\/\/22bet.spot\/da\/#website\"},\"datePublished\":\"2026-01-13T11:24:28+00:00\",\"dateModified\":\"2026-03-13T14:51:46+00:00\",\"description\":\"Spil p\u00e5 22Bet Casino \u2705 tusindvis af spilleautomater og live-spil, en velkomstbonus p\u00e5 100 % p\u00e5 din f\u00f8rste indbetaling samt regelm\u00e6ssige kampagner. Nyd den bedste spilunderholdning p\u00e5 din pc og smartphone!\",\"breadcrumb\":{\"@id\":\"https:\/\/22bet.spot\/da\/casino\/#breadcrumb\"},\"inLanguage\":\"da-DK\",\"potentialAction\":[{\"@type\":\"ReadAction\",\"target\":[\"https:\/\/22bet.spot\/da\/casino\/\"]}]},{\"@type\":\"BreadcrumbList\",\"@id\":\"https:\/\/22bet.spot\/da\/casino\/#breadcrumb\",\"itemListElement\":[{\"@type\":\"ListItem\",\"position\":1,\"name\":\"Home\",\"item\":\"https:\/\/22bet.spot\/da\/\"},{\"@type\":\"ListItem\",\"position\":2,\"name\":\"Casino\"}]},{\"@type\":\"WebSite\",\"@id\":\"https:\/\/22bet.spot\/da\/#website\",\"url\":\"https:\/\/22bet.spot\/da\/\",\"name\":\"22Bet Spot DA\",\"description\":\"\",\"potentialAction\":[{\"@type\":\"SearchAction\",\"target\":{\"@type\":\"EntryPoint\",\"urlTemplate\":\"https:\/\/22bet.spot\/da\/?s={search_term_string}\"},\"query-input\":{\"@type\":\"PropertyValueSpecification\",\"valueRequired\":true,\"valueName\":\"search_term_string\"}}],\"inLanguage\":\"da-DK\"}]}<\/script>\n<!-- \/ Yoast SEO plugin. -->","yoast_head_json":{"title":"22Bet Casino 2026 \u2714\ufe0f spil, bonusser","description":"Spil p\u00e5 22Bet Casino \u2705 tusindvis af spilleautomater og live-spil, en velkomstbonus p\u00e5 100 % p\u00e5 din f\u00f8rste indbetaling samt regelm\u00e6ssige kampagner. Nyd den bedste spilunderholdning p\u00e5 din pc og smartphone!","robots":{"index":"index","follow":"follow","max-snippet":"max-snippet:-1","max-image-preview":"max-image-preview:large","max-video-preview":"max-video-preview:-1"},"canonical":"https:\/\/22bet.spot\/da\/casino\/","og_locale":"da_DK","og_type":"article","og_title":"22Bet Casino 2026 \u2714\ufe0f spil, bonusser","og_description":"Spil p\u00e5 22Bet Casino \u2705 tusindvis af spilleautomater og live-spil, en velkomstbonus p\u00e5 100 % p\u00e5 din f\u00f8rste indbetaling samt regelm\u00e6ssige kampagner. Nyd den bedste spilunderholdning p\u00e5 din pc og smartphone!","og_url":"https:\/\/22bet.spot\/da\/casino\/","og_site_name":"22Bet Spot DA","article_modified_time":"2026-03-13T14:51:46+00:00","twitter_card":"summary_large_image","schema":{"@context":"https:\/\/schema.org","@graph":[{"@type":"WebPage","@id":"https:\/\/22bet.spot\/da\/casino\/","url":"https:\/\/22bet.spot\/da\/casino\/","name":"22Bet Casino 2026 \u2714\ufe0f spil, bonusser","isPartOf":{"@id":"https:\/\/22bet.spot\/da\/#website"},"datePublished":"2026-01-13T11:24:28+00:00","dateModified":"2026-03-13T14:51:46+00:00","description":"Spil p\u00e5 22Bet Casino \u2705 tusindvis af spilleautomater og live-spil, en velkomstbonus p\u00e5 100 % p\u00e5 din f\u00f8rste indbetaling samt regelm\u00e6ssige kampagner. Nyd den bedste spilunderholdning p\u00e5 din pc og smartphone!","breadcrumb":{"@id":"https:\/\/22bet.spot\/da\/casino\/#breadcrumb"},"inLanguage":"da-DK","potentialAction":[{"@type":"ReadAction","target":["https:\/\/22bet.spot\/da\/casino\/"]}]},{"@type":"BreadcrumbList","@id":"https:\/\/22bet.spot\/da\/casino\/#breadcrumb","itemListElement":[{"@type":"ListItem","position":1,"name":"Home","item":"https:\/\/22bet.spot\/da\/"},{"@type":"ListItem","position":2,"name":"Casino"}]},{"@type":"WebSite","@id":"https:\/\/22bet.spot\/da\/#website","url":"https:\/\/22bet.spot\/da\/","name":"22Bet Spot DA","description":"","potentialAction":[{"@type":"SearchAction","target":{"@type":"EntryPoint","urlTemplate":"https:\/\/22bet.spot\/da\/?s={search_term_string}"},"query-input":{"@type":"PropertyValueSpecification","valueRequired":true,"valueName":"search_term_string"}}],"inLanguage":"da-DK"}]}},"_links":{"self":[{"href":"https:\/\/22bet.spot\/da\/wp-json\/wp\/v2\/pages\/932","targetHints":{"allow":["GET"]}}],"collection":[{"href":"https:\/\/22bet.spot\/da\/wp-json\/wp\/v2\/pages"}],"about":[{"href":"https:\/\/22bet.spot\/da\/wp-json\/wp\/v2\/types\/page"}],"author":[{"embeddable":true,"href":"https:\/\/22bet.spot\/da\/wp-json\/wp\/v2\/users\/1"}],"replies":[{"embeddable":true,"href":"https:\/\/22bet.spot\/da\/wp-json\/wp\/v2\/comments?post=932"}],"version-history":[{"count":5,"href":"https:\/\/22bet.spot\/da\/wp-json\/wp\/v2\/pages\/932\/revisions"}],"predecessor-version":[{"id":1216,"href":"https:\/\/22bet.spot\/da\/wp-json\/wp\/v2\/pages\/932\/revisions\/1216"}],"wp:attachment":[{"href":"https:\/\/22bet.spot\/da\/wp-json\/wp\/v2\/media?parent=932"}],"curies":[{"name":"wp","href":"https:\/\/api.w.org\/{rel}","templated":true}]}}