{"id":1031,"date":"2026-01-15T13:09:51","date_gmt":"2026-01-15T10:09:51","guid":{"rendered":"https:\/\/22bet.spot\/fi\/?page_id=1031"},"modified":"2026-03-31T10:45:11","modified_gmt":"2026-03-31T07:45:11","slug":"promo-code","status":"publish","type":"page","link":"https:\/\/22bet.spot\/fi\/promo-code\/","title":{"rendered":"Alennuskoodi"},"content":{"rendered":"","protected":false},"excerpt":{"rendered":"","protected":false},"author":1,"featured_media":0,"parent":0,"menu_order":0,"comment_status":"closed","ping_status":"closed","template":"","meta":{"_acf_changed":false,"footnotes":""},"class_list":["post-1031","page","type-page","status-publish","hentry"],"acf":[],"yoast_head":"<!-- This site is optimized with the Yoast SEO plugin v26.7 - https:\/\/yoast.com\/wordpress\/plugins\/seo\/ -->\n<title>22Bet-tarjouskoodit Kuluvan vuoden\u2705 Bonukset, ilmaiskierrokset ja rahanpalautus<\/title>\n<meta name=\"description\" content=\"Opi k\u00e4ytt\u00e4m\u00e4\u00e4n 22Bet-tarjouskoodeja \u2714\ufe0f ja lunasta eksklusiivisia bonuksia, ilmaiskierroksia, uudelleenlatausbonuksia ja suurempaa cashback-palautusta. Aktivoi salaiset koodit ja nauti pelist\u00e4 entist\u00e4 enemm\u00e4n!\" \/>\n<meta name=\"robots\" content=\"index, follow, max-snippet:-1, max-image-preview:large, max-video-preview:-1\" \/>\n<link rel=\"canonical\" href=\"https:\/\/22bet.spot\/fi\/promo-code\/\" \/>\n<meta property=\"og:locale\" content=\"fi_FI\" \/>\n<meta property=\"og:type\" content=\"article\" \/>\n<meta property=\"og:title\" content=\"22Bet-tarjouskoodit Kuluvan vuoden\u2705 Bonukset, ilmaiskierrokset ja rahanpalautus\" \/>\n<meta property=\"og:description\" content=\"Opi k\u00e4ytt\u00e4m\u00e4\u00e4n 22Bet-tarjouskoodeja \u2714\ufe0f ja lunasta eksklusiivisia bonuksia, ilmaiskierroksia, uudelleenlatausbonuksia ja suurempaa cashback-palautusta. Aktivoi salaiset koodit ja nauti pelist\u00e4 entist\u00e4 enemm\u00e4n!\" \/>\n<meta property=\"og:url\" content=\"https:\/\/22bet.spot\/fi\/promo-code\/\" \/>\n<meta property=\"og:site_name\" content=\"22Bet Spot fi\" \/>\n<meta property=\"article:modified_time\" content=\"2026-03-31T07:45:11+00:00\" \/>\n<meta name=\"twitter:card\" content=\"summary_large_image\" \/>\n<script type=\"application\/ld+json\" class=\"yoast-schema-graph\">{\"@context\":\"https:\/\/schema.org\",\"@graph\":[{\"@type\":\"WebPage\",\"@id\":\"https:\/\/22bet.spot\/fi\/promo-code\/\",\"url\":\"https:\/\/22bet.spot\/fi\/promo-code\/\",\"name\":\"22Bet-tarjouskoodit Kuluvan vuoden\u2705 Bonukset, ilmaiskierrokset ja rahanpalautus\",\"isPartOf\":{\"@id\":\"https:\/\/22bet.spot\/fi\/#website\"},\"datePublished\":\"2026-01-15T10:09:51+00:00\",\"dateModified\":\"2026-03-31T07:45:11+00:00\",\"description\":\"Opi k\u00e4ytt\u00e4m\u00e4\u00e4n 22Bet-tarjouskoodeja \u2714\ufe0f ja lunasta eksklusiivisia bonuksia, ilmaiskierroksia, uudelleenlatausbonuksia ja suurempaa cashback-palautusta. Aktivoi salaiset koodit ja nauti pelist\u00e4 entist\u00e4 enemm\u00e4n!\",\"breadcrumb\":{\"@id\":\"https:\/\/22bet.spot\/fi\/promo-code\/#breadcrumb\"},\"inLanguage\":\"fi\",\"potentialAction\":[{\"@type\":\"ReadAction\",\"target\":[\"https:\/\/22bet.spot\/fi\/promo-code\/\"]}]},{\"@type\":\"BreadcrumbList\",\"@id\":\"https:\/\/22bet.spot\/fi\/promo-code\/#breadcrumb\",\"itemListElement\":[{\"@type\":\"ListItem\",\"position\":1,\"name\":\"Home\",\"item\":\"https:\/\/22bet.spot\/fi\/\"},{\"@type\":\"ListItem\",\"position\":2,\"name\":\"Alennuskoodi\"}]},{\"@type\":\"WebSite\",\"@id\":\"https:\/\/22bet.spot\/fi\/#website\",\"url\":\"https:\/\/22bet.spot\/fi\/\",\"name\":\"22Bet Spot fi\",\"description\":\"\",\"potentialAction\":[{\"@type\":\"SearchAction\",\"target\":{\"@type\":\"EntryPoint\",\"urlTemplate\":\"https:\/\/22bet.spot\/fi\/?s={search_term_string}\"},\"query-input\":{\"@type\":\"PropertyValueSpecification\",\"valueRequired\":true,\"valueName\":\"search_term_string\"}}],\"inLanguage\":\"fi\"}]}<\/script>\n<!-- \/ Yoast SEO plugin. -->","yoast_head_json":{"title":"22Bet-tarjouskoodit Kuluvan vuoden\u2705 Bonukset, ilmaiskierrokset ja rahanpalautus","description":"Opi k\u00e4ytt\u00e4m\u00e4\u00e4n 22Bet-tarjouskoodeja \u2714\ufe0f ja lunasta eksklusiivisia bonuksia, ilmaiskierroksia, uudelleenlatausbonuksia ja suurempaa cashback-palautusta. Aktivoi salaiset koodit ja nauti pelist\u00e4 entist\u00e4 enemm\u00e4n!","robots":{"index":"index","follow":"follow","max-snippet":"max-snippet:-1","max-image-preview":"max-image-preview:large","max-video-preview":"max-video-preview:-1"},"canonical":"https:\/\/22bet.spot\/fi\/promo-code\/","og_locale":"fi_FI","og_type":"article","og_title":"22Bet-tarjouskoodit Kuluvan vuoden\u2705 Bonukset, ilmaiskierrokset ja rahanpalautus","og_description":"Opi k\u00e4ytt\u00e4m\u00e4\u00e4n 22Bet-tarjouskoodeja \u2714\ufe0f ja lunasta eksklusiivisia bonuksia, ilmaiskierroksia, uudelleenlatausbonuksia ja suurempaa cashback-palautusta. Aktivoi salaiset koodit ja nauti pelist\u00e4 entist\u00e4 enemm\u00e4n!","og_url":"https:\/\/22bet.spot\/fi\/promo-code\/","og_site_name":"22Bet Spot fi","article_modified_time":"2026-03-31T07:45:11+00:00","twitter_card":"summary_large_image","schema":{"@context":"https:\/\/schema.org","@graph":[{"@type":"WebPage","@id":"https:\/\/22bet.spot\/fi\/promo-code\/","url":"https:\/\/22bet.spot\/fi\/promo-code\/","name":"22Bet-tarjouskoodit Kuluvan vuoden\u2705 Bonukset, ilmaiskierrokset ja rahanpalautus","isPartOf":{"@id":"https:\/\/22bet.spot\/fi\/#website"},"datePublished":"2026-01-15T10:09:51+00:00","dateModified":"2026-03-31T07:45:11+00:00","description":"Opi k\u00e4ytt\u00e4m\u00e4\u00e4n 22Bet-tarjouskoodeja \u2714\ufe0f ja lunasta eksklusiivisia bonuksia, ilmaiskierroksia, uudelleenlatausbonuksia ja suurempaa cashback-palautusta. Aktivoi salaiset koodit ja nauti pelist\u00e4 entist\u00e4 enemm\u00e4n!","breadcrumb":{"@id":"https:\/\/22bet.spot\/fi\/promo-code\/#breadcrumb"},"inLanguage":"fi","potentialAction":[{"@type":"ReadAction","target":["https:\/\/22bet.spot\/fi\/promo-code\/"]}]},{"@type":"BreadcrumbList","@id":"https:\/\/22bet.spot\/fi\/promo-code\/#breadcrumb","itemListElement":[{"@type":"ListItem","position":1,"name":"Home","item":"https:\/\/22bet.spot\/fi\/"},{"@type":"ListItem","position":2,"name":"Alennuskoodi"}]},{"@type":"WebSite","@id":"https:\/\/22bet.spot\/fi\/#website","url":"https:\/\/22bet.spot\/fi\/","name":"22Bet Spot fi","description":"","potentialAction":[{"@type":"SearchAction","target":{"@type":"EntryPoint","urlTemplate":"https:\/\/22bet.spot\/fi\/?s={search_term_string}"},"query-input":{"@type":"PropertyValueSpecification","valueRequired":true,"valueName":"search_term_string"}}],"inLanguage":"fi"}]}},"_links":{"self":[{"href":"https:\/\/22bet.spot\/fi\/wp-json\/wp\/v2\/pages\/1031","targetHints":{"allow":["GET"]}}],"collection":[{"href":"https:\/\/22bet.spot\/fi\/wp-json\/wp\/v2\/pages"}],"about":[{"href":"https:\/\/22bet.spot\/fi\/wp-json\/wp\/v2\/types\/page"}],"author":[{"embeddable":true,"href":"https:\/\/22bet.spot\/fi\/wp-json\/wp\/v2\/users\/1"}],"replies":[{"embeddable":true,"href":"https:\/\/22bet.spot\/fi\/wp-json\/wp\/v2\/comments?post=1031"}],"version-history":[{"count":5,"href":"https:\/\/22bet.spot\/fi\/wp-json\/wp\/v2\/pages\/1031\/revisions"}],"predecessor-version":[{"id":1216,"href":"https:\/\/22bet.spot\/fi\/wp-json\/wp\/v2\/pages\/1031\/revisions\/1216"}],"wp:attachment":[{"href":"https:\/\/22bet.spot\/fi\/wp-json\/wp\/v2\/media?parent=1031"}],"curies":[{"name":"wp","href":"https:\/\/api.w.org\/{rel}","templated":true}]}}