{"id":1084,"date":"2026-01-17T07:35:15","date_gmt":"2026-01-17T04:35:15","guid":{"rendered":"https:\/\/22bet.spot\/fi\/?page_id=1084"},"modified":"2026-03-31T10:58:18","modified_gmt":"2026-03-31T07:58:18","slug":"registration","status":"publish","type":"page","link":"https:\/\/22bet.spot\/fi\/registration\/","title":{"rendered":"Ilmoittautuminen"},"content":{"rendered":"","protected":false},"excerpt":{"rendered":"","protected":false},"author":1,"featured_media":0,"parent":0,"menu_order":0,"comment_status":"closed","ping_status":"closed","template":"","meta":{"_acf_changed":false,"footnotes":""},"class_list":["post-1084","page","type-page","status-publish","hentry"],"acf":[],"yoast_head":"<!-- This site is optimized with the Yoast SEO plugin v26.7 - https:\/\/yoast.com\/wordpress\/plugins\/seo\/ -->\n<title>22Bet-tilin rekister\u00f6inti \u2714\ufe0f Luo profiili ja pelaa Kuluvan vuoden<\/title>\n<meta name=\"description\" content=\"Katso, miten rekister\u00f6idyt 22Bet-palveluun muutamassa minuutissa \u2705 valitse yhteydenottotapa (puhelin, s\u00e4hk\u00f6posti tai sosiaalinen media), t\u00e4yt\u00e4 lomake, vahvista tilisi ja p\u00e4\u00e4set pelaamaan vedonly\u00f6nti- ja kasinopelej\u00e4 kaikilla laitteilla.\" \/>\n<meta name=\"robots\" content=\"index, follow, max-snippet:-1, max-image-preview:large, max-video-preview:-1\" \/>\n<link rel=\"canonical\" href=\"https:\/\/22bet.spot\/fi\/registration\/\" \/>\n<meta property=\"og:locale\" content=\"fi_FI\" \/>\n<meta property=\"og:type\" content=\"article\" \/>\n<meta property=\"og:title\" content=\"22Bet-tilin rekister\u00f6inti \u2714\ufe0f Luo profiili ja pelaa Kuluvan vuoden\" \/>\n<meta property=\"og:description\" content=\"Katso, miten rekister\u00f6idyt 22Bet-palveluun muutamassa minuutissa \u2705 valitse yhteydenottotapa (puhelin, s\u00e4hk\u00f6posti tai sosiaalinen media), t\u00e4yt\u00e4 lomake, vahvista tilisi ja p\u00e4\u00e4set pelaamaan vedonly\u00f6nti- ja kasinopelej\u00e4 kaikilla laitteilla.\" \/>\n<meta property=\"og:url\" content=\"https:\/\/22bet.spot\/fi\/registration\/\" \/>\n<meta property=\"og:site_name\" content=\"22Bet Spot fi\" \/>\n<meta property=\"article:modified_time\" content=\"2026-03-31T07:58:18+00:00\" \/>\n<meta name=\"twitter:card\" content=\"summary_large_image\" \/>\n<script type=\"application\/ld+json\" class=\"yoast-schema-graph\">{\"@context\":\"https:\/\/schema.org\",\"@graph\":[{\"@type\":\"WebPage\",\"@id\":\"https:\/\/22bet.spot\/fi\/registration\/\",\"url\":\"https:\/\/22bet.spot\/fi\/registration\/\",\"name\":\"22Bet-tilin rekister\u00f6inti \u2714\ufe0f Luo profiili ja pelaa Kuluvan vuoden\",\"isPartOf\":{\"@id\":\"https:\/\/22bet.spot\/fi\/#website\"},\"datePublished\":\"2026-01-17T04:35:15+00:00\",\"dateModified\":\"2026-03-31T07:58:18+00:00\",\"description\":\"Katso, miten rekister\u00f6idyt 22Bet-palveluun muutamassa minuutissa \u2705 valitse yhteydenottotapa (puhelin, s\u00e4hk\u00f6posti tai sosiaalinen media), t\u00e4yt\u00e4 lomake, vahvista tilisi ja p\u00e4\u00e4set pelaamaan vedonly\u00f6nti- ja kasinopelej\u00e4 kaikilla laitteilla.\",\"breadcrumb\":{\"@id\":\"https:\/\/22bet.spot\/fi\/registration\/#breadcrumb\"},\"inLanguage\":\"fi\",\"potentialAction\":[{\"@type\":\"ReadAction\",\"target\":[\"https:\/\/22bet.spot\/fi\/registration\/\"]}]},{\"@type\":\"BreadcrumbList\",\"@id\":\"https:\/\/22bet.spot\/fi\/registration\/#breadcrumb\",\"itemListElement\":[{\"@type\":\"ListItem\",\"position\":1,\"name\":\"Home\",\"item\":\"https:\/\/22bet.spot\/fi\/\"},{\"@type\":\"ListItem\",\"position\":2,\"name\":\"Ilmoittautuminen\"}]},{\"@type\":\"WebSite\",\"@id\":\"https:\/\/22bet.spot\/fi\/#website\",\"url\":\"https:\/\/22bet.spot\/fi\/\",\"name\":\"22Bet Spot fi\",\"description\":\"\",\"potentialAction\":[{\"@type\":\"SearchAction\",\"target\":{\"@type\":\"EntryPoint\",\"urlTemplate\":\"https:\/\/22bet.spot\/fi\/?s={search_term_string}\"},\"query-input\":{\"@type\":\"PropertyValueSpecification\",\"valueRequired\":true,\"valueName\":\"search_term_string\"}}],\"inLanguage\":\"fi\"}]}<\/script>\n<!-- \/ Yoast SEO plugin. -->","yoast_head_json":{"title":"22Bet-tilin rekister\u00f6inti \u2714\ufe0f Luo profiili ja pelaa Kuluvan vuoden","description":"Katso, miten rekister\u00f6idyt 22Bet-palveluun muutamassa minuutissa \u2705 valitse yhteydenottotapa (puhelin, s\u00e4hk\u00f6posti tai sosiaalinen media), t\u00e4yt\u00e4 lomake, vahvista tilisi ja p\u00e4\u00e4set pelaamaan vedonly\u00f6nti- ja kasinopelej\u00e4 kaikilla laitteilla.","robots":{"index":"index","follow":"follow","max-snippet":"max-snippet:-1","max-image-preview":"max-image-preview:large","max-video-preview":"max-video-preview:-1"},"canonical":"https:\/\/22bet.spot\/fi\/registration\/","og_locale":"fi_FI","og_type":"article","og_title":"22Bet-tilin rekister\u00f6inti \u2714\ufe0f Luo profiili ja pelaa Kuluvan vuoden","og_description":"Katso, miten rekister\u00f6idyt 22Bet-palveluun muutamassa minuutissa \u2705 valitse yhteydenottotapa (puhelin, s\u00e4hk\u00f6posti tai sosiaalinen media), t\u00e4yt\u00e4 lomake, vahvista tilisi ja p\u00e4\u00e4set pelaamaan vedonly\u00f6nti- ja kasinopelej\u00e4 kaikilla laitteilla.","og_url":"https:\/\/22bet.spot\/fi\/registration\/","og_site_name":"22Bet Spot fi","article_modified_time":"2026-03-31T07:58:18+00:00","twitter_card":"summary_large_image","schema":{"@context":"https:\/\/schema.org","@graph":[{"@type":"WebPage","@id":"https:\/\/22bet.spot\/fi\/registration\/","url":"https:\/\/22bet.spot\/fi\/registration\/","name":"22Bet-tilin rekister\u00f6inti \u2714\ufe0f Luo profiili ja pelaa Kuluvan vuoden","isPartOf":{"@id":"https:\/\/22bet.spot\/fi\/#website"},"datePublished":"2026-01-17T04:35:15+00:00","dateModified":"2026-03-31T07:58:18+00:00","description":"Katso, miten rekister\u00f6idyt 22Bet-palveluun muutamassa minuutissa \u2705 valitse yhteydenottotapa (puhelin, s\u00e4hk\u00f6posti tai sosiaalinen media), t\u00e4yt\u00e4 lomake, vahvista tilisi ja p\u00e4\u00e4set pelaamaan vedonly\u00f6nti- ja kasinopelej\u00e4 kaikilla laitteilla.","breadcrumb":{"@id":"https:\/\/22bet.spot\/fi\/registration\/#breadcrumb"},"inLanguage":"fi","potentialAction":[{"@type":"ReadAction","target":["https:\/\/22bet.spot\/fi\/registration\/"]}]},{"@type":"BreadcrumbList","@id":"https:\/\/22bet.spot\/fi\/registration\/#breadcrumb","itemListElement":[{"@type":"ListItem","position":1,"name":"Home","item":"https:\/\/22bet.spot\/fi\/"},{"@type":"ListItem","position":2,"name":"Ilmoittautuminen"}]},{"@type":"WebSite","@id":"https:\/\/22bet.spot\/fi\/#website","url":"https:\/\/22bet.spot\/fi\/","name":"22Bet Spot fi","description":"","potentialAction":[{"@type":"SearchAction","target":{"@type":"EntryPoint","urlTemplate":"https:\/\/22bet.spot\/fi\/?s={search_term_string}"},"query-input":{"@type":"PropertyValueSpecification","valueRequired":true,"valueName":"search_term_string"}}],"inLanguage":"fi"}]}},"_links":{"self":[{"href":"https:\/\/22bet.spot\/fi\/wp-json\/wp\/v2\/pages\/1084","targetHints":{"allow":["GET"]}}],"collection":[{"href":"https:\/\/22bet.spot\/fi\/wp-json\/wp\/v2\/pages"}],"about":[{"href":"https:\/\/22bet.spot\/fi\/wp-json\/wp\/v2\/types\/page"}],"author":[{"embeddable":true,"href":"https:\/\/22bet.spot\/fi\/wp-json\/wp\/v2\/users\/1"}],"replies":[{"embeddable":true,"href":"https:\/\/22bet.spot\/fi\/wp-json\/wp\/v2\/comments?post=1084"}],"version-history":[{"count":5,"href":"https:\/\/22bet.spot\/fi\/wp-json\/wp\/v2\/pages\/1084\/revisions"}],"predecessor-version":[{"id":1217,"href":"https:\/\/22bet.spot\/fi\/wp-json\/wp\/v2\/pages\/1084\/revisions\/1217"}],"wp:attachment":[{"href":"https:\/\/22bet.spot\/fi\/wp-json\/wp\/v2\/media?parent=1084"}],"curies":[{"name":"wp","href":"https:\/\/api.w.org\/{rel}","templated":true}]}}