{"id":853,"date":"2026-01-12T14:39:34","date_gmt":"2026-01-12T11:39:34","guid":{"rendered":"https:\/\/22bet.spot\/fi\/?page_id=853"},"modified":"2026-03-31T08:34:42","modified_gmt":"2026-03-31T05:34:42","slug":"app","status":"publish","type":"page","link":"https:\/\/22bet.spot\/fi\/app\/","title":{"rendered":"Sovellus"},"content":{"rendered":"","protected":false},"excerpt":{"rendered":"","protected":false},"author":1,"featured_media":0,"parent":0,"menu_order":0,"comment_status":"closed","ping_status":"closed","template":"","meta":{"_acf_changed":false,"footnotes":""},"class_list":["post-853","page","type-page","status-publish","hentry"],"acf":[],"yoast_head":"<!-- This site is optimized with the Yoast SEO plugin v26.7 - https:\/\/yoast.com\/wordpress\/plugins\/seo\/ -->\n<title>22Bet-sovellus Kuluvan vuoden\u2705 Lataa sovellus Androidille ja iOS:lle<\/title>\n<meta name=\"description\" content=\"Lataa 22Bet-sovellus Androidille ja iOS:lle \u2714\ufe0f vedonly\u00f6nti, live-kasino, bonukset ja nopea p\u00e4\u00e4sy tilillesi. Verkkosivuston kaikki toiminnot k\u00e4tev\u00e4ss\u00e4 mobiilisovelluksessa jo nyt!\" \/>\n<meta name=\"robots\" content=\"index, follow, max-snippet:-1, max-image-preview:large, max-video-preview:-1\" \/>\n<link rel=\"canonical\" href=\"https:\/\/22bet.spot\/fi\/app\/\" \/>\n<meta property=\"og:locale\" content=\"fi_FI\" \/>\n<meta property=\"og:type\" content=\"article\" \/>\n<meta property=\"og:title\" content=\"22Bet-sovellus Kuluvan vuoden\u2705 Lataa sovellus Androidille ja iOS:lle\" \/>\n<meta property=\"og:description\" content=\"Lataa 22Bet-sovellus Androidille ja iOS:lle \u2714\ufe0f vedonly\u00f6nti, live-kasino, bonukset ja nopea p\u00e4\u00e4sy tilillesi. Verkkosivuston kaikki toiminnot k\u00e4tev\u00e4ss\u00e4 mobiilisovelluksessa jo nyt!\" \/>\n<meta property=\"og:url\" content=\"https:\/\/22bet.spot\/fi\/app\/\" \/>\n<meta property=\"og:site_name\" content=\"22Bet Spot fi\" \/>\n<meta property=\"article:modified_time\" content=\"2026-03-31T05:34:42+00:00\" \/>\n<meta name=\"twitter:card\" content=\"summary_large_image\" \/>\n<script type=\"application\/ld+json\" class=\"yoast-schema-graph\">{\"@context\":\"https:\/\/schema.org\",\"@graph\":[{\"@type\":\"WebPage\",\"@id\":\"https:\/\/22bet.spot\/fi\/app\/\",\"url\":\"https:\/\/22bet.spot\/fi\/app\/\",\"name\":\"22Bet-sovellus Kuluvan vuoden\u2705 Lataa sovellus Androidille ja iOS:lle\",\"isPartOf\":{\"@id\":\"https:\/\/22bet.spot\/fi\/#website\"},\"datePublished\":\"2026-01-12T11:39:34+00:00\",\"dateModified\":\"2026-03-31T05:34:42+00:00\",\"description\":\"Lataa 22Bet-sovellus Androidille ja iOS:lle \u2714\ufe0f vedonly\u00f6nti, live-kasino, bonukset ja nopea p\u00e4\u00e4sy tilillesi. Verkkosivuston kaikki toiminnot k\u00e4tev\u00e4ss\u00e4 mobiilisovelluksessa jo nyt!\",\"breadcrumb\":{\"@id\":\"https:\/\/22bet.spot\/fi\/app\/#breadcrumb\"},\"inLanguage\":\"fi\",\"potentialAction\":[{\"@type\":\"ReadAction\",\"target\":[\"https:\/\/22bet.spot\/fi\/app\/\"]}]},{\"@type\":\"BreadcrumbList\",\"@id\":\"https:\/\/22bet.spot\/fi\/app\/#breadcrumb\",\"itemListElement\":[{\"@type\":\"ListItem\",\"position\":1,\"name\":\"Home\",\"item\":\"https:\/\/22bet.spot\/fi\/\"},{\"@type\":\"ListItem\",\"position\":2,\"name\":\"Sovellus\"}]},{\"@type\":\"WebSite\",\"@id\":\"https:\/\/22bet.spot\/fi\/#website\",\"url\":\"https:\/\/22bet.spot\/fi\/\",\"name\":\"22Bet Spot fi\",\"description\":\"\",\"potentialAction\":[{\"@type\":\"SearchAction\",\"target\":{\"@type\":\"EntryPoint\",\"urlTemplate\":\"https:\/\/22bet.spot\/fi\/?s={search_term_string}\"},\"query-input\":{\"@type\":\"PropertyValueSpecification\",\"valueRequired\":true,\"valueName\":\"search_term_string\"}}],\"inLanguage\":\"fi\"}]}<\/script>\n<!-- \/ Yoast SEO plugin. -->","yoast_head_json":{"title":"22Bet-sovellus Kuluvan vuoden\u2705 Lataa sovellus Androidille ja iOS:lle","description":"Lataa 22Bet-sovellus Androidille ja iOS:lle \u2714\ufe0f vedonly\u00f6nti, live-kasino, bonukset ja nopea p\u00e4\u00e4sy tilillesi. Verkkosivuston kaikki toiminnot k\u00e4tev\u00e4ss\u00e4 mobiilisovelluksessa jo nyt!","robots":{"index":"index","follow":"follow","max-snippet":"max-snippet:-1","max-image-preview":"max-image-preview:large","max-video-preview":"max-video-preview:-1"},"canonical":"https:\/\/22bet.spot\/fi\/app\/","og_locale":"fi_FI","og_type":"article","og_title":"22Bet-sovellus Kuluvan vuoden\u2705 Lataa sovellus Androidille ja iOS:lle","og_description":"Lataa 22Bet-sovellus Androidille ja iOS:lle \u2714\ufe0f vedonly\u00f6nti, live-kasino, bonukset ja nopea p\u00e4\u00e4sy tilillesi. Verkkosivuston kaikki toiminnot k\u00e4tev\u00e4ss\u00e4 mobiilisovelluksessa jo nyt!","og_url":"https:\/\/22bet.spot\/fi\/app\/","og_site_name":"22Bet Spot fi","article_modified_time":"2026-03-31T05:34:42+00:00","twitter_card":"summary_large_image","schema":{"@context":"https:\/\/schema.org","@graph":[{"@type":"WebPage","@id":"https:\/\/22bet.spot\/fi\/app\/","url":"https:\/\/22bet.spot\/fi\/app\/","name":"22Bet-sovellus Kuluvan vuoden\u2705 Lataa sovellus Androidille ja iOS:lle","isPartOf":{"@id":"https:\/\/22bet.spot\/fi\/#website"},"datePublished":"2026-01-12T11:39:34+00:00","dateModified":"2026-03-31T05:34:42+00:00","description":"Lataa 22Bet-sovellus Androidille ja iOS:lle \u2714\ufe0f vedonly\u00f6nti, live-kasino, bonukset ja nopea p\u00e4\u00e4sy tilillesi. Verkkosivuston kaikki toiminnot k\u00e4tev\u00e4ss\u00e4 mobiilisovelluksessa jo nyt!","breadcrumb":{"@id":"https:\/\/22bet.spot\/fi\/app\/#breadcrumb"},"inLanguage":"fi","potentialAction":[{"@type":"ReadAction","target":["https:\/\/22bet.spot\/fi\/app\/"]}]},{"@type":"BreadcrumbList","@id":"https:\/\/22bet.spot\/fi\/app\/#breadcrumb","itemListElement":[{"@type":"ListItem","position":1,"name":"Home","item":"https:\/\/22bet.spot\/fi\/"},{"@type":"ListItem","position":2,"name":"Sovellus"}]},{"@type":"WebSite","@id":"https:\/\/22bet.spot\/fi\/#website","url":"https:\/\/22bet.spot\/fi\/","name":"22Bet Spot fi","description":"","potentialAction":[{"@type":"SearchAction","target":{"@type":"EntryPoint","urlTemplate":"https:\/\/22bet.spot\/fi\/?s={search_term_string}"},"query-input":{"@type":"PropertyValueSpecification","valueRequired":true,"valueName":"search_term_string"}}],"inLanguage":"fi"}]}},"_links":{"self":[{"href":"https:\/\/22bet.spot\/fi\/wp-json\/wp\/v2\/pages\/853","targetHints":{"allow":["GET"]}}],"collection":[{"href":"https:\/\/22bet.spot\/fi\/wp-json\/wp\/v2\/pages"}],"about":[{"href":"https:\/\/22bet.spot\/fi\/wp-json\/wp\/v2\/types\/page"}],"author":[{"embeddable":true,"href":"https:\/\/22bet.spot\/fi\/wp-json\/wp\/v2\/users\/1"}],"replies":[{"embeddable":true,"href":"https:\/\/22bet.spot\/fi\/wp-json\/wp\/v2\/comments?post=853"}],"version-history":[{"count":5,"href":"https:\/\/22bet.spot\/fi\/wp-json\/wp\/v2\/pages\/853\/revisions"}],"predecessor-version":[{"id":1209,"href":"https:\/\/22bet.spot\/fi\/wp-json\/wp\/v2\/pages\/853\/revisions\/1209"}],"wp:attachment":[{"href":"https:\/\/22bet.spot\/fi\/wp-json\/wp\/v2\/media?parent=853"}],"curies":[{"name":"wp","href":"https:\/\/api.w.org\/{rel}","templated":true}]}}