{"id":932,"date":"2026-01-13T14:24:28","date_gmt":"2026-01-13T11:24:28","guid":{"rendered":"https:\/\/22bet.spot\/fi\/?page_id=932"},"modified":"2026-03-31T09:18:21","modified_gmt":"2026-03-31T06:18:21","slug":"casino","status":"publish","type":"page","link":"https:\/\/22bet.spot\/fi\/casino\/","title":{"rendered":"Kasino"},"content":{"rendered":"","protected":false},"excerpt":{"rendered":"","protected":false},"author":1,"featured_media":0,"parent":0,"menu_order":0,"comment_status":"closed","ping_status":"closed","template":"","meta":{"_acf_changed":false,"footnotes":""},"class_list":["post-932","page","type-page","status-publish","hentry"],"acf":[],"yoast_head":"<!-- This site is optimized with the Yoast SEO plugin v26.7 - https:\/\/yoast.com\/wordpress\/plugins\/seo\/ -->\n<title>22Bet-kasino Kuluvan vuoden\u2714\ufe0f pelej\u00e4, bonuksia ja parasta viihdett\u00e4<\/title>\n<meta name=\"description\" content=\"Pelaa 22Bet-kasinolla \u2705 tuhansia kolikkopelej\u00e4 ja live-pelej\u00e4, 100 % tervetuliaisbonus ensimm\u00e4iselle talletuksellesi sek\u00e4 s\u00e4\u00e4nn\u00f6llisi\u00e4 tarjouksia. Nauti parhaasta peliviihteest\u00e4 tietokoneella ja \u00e4lypuhelimella!\" \/>\n<meta name=\"robots\" content=\"index, follow, max-snippet:-1, max-image-preview:large, max-video-preview:-1\" \/>\n<link rel=\"canonical\" href=\"https:\/\/22bet.spot\/fi\/casino\/\" \/>\n<meta property=\"og:locale\" content=\"fi_FI\" \/>\n<meta property=\"og:type\" content=\"article\" \/>\n<meta property=\"og:title\" content=\"22Bet-kasino Kuluvan vuoden\u2714\ufe0f pelej\u00e4, bonuksia ja parasta viihdett\u00e4\" \/>\n<meta property=\"og:description\" content=\"Pelaa 22Bet-kasinolla \u2705 tuhansia kolikkopelej\u00e4 ja live-pelej\u00e4, 100 % tervetuliaisbonus ensimm\u00e4iselle talletuksellesi sek\u00e4 s\u00e4\u00e4nn\u00f6llisi\u00e4 tarjouksia. Nauti parhaasta peliviihteest\u00e4 tietokoneella ja \u00e4lypuhelimella!\" \/>\n<meta property=\"og:url\" content=\"https:\/\/22bet.spot\/fi\/casino\/\" \/>\n<meta property=\"og:site_name\" content=\"22Bet Spot fi\" \/>\n<meta property=\"article:modified_time\" content=\"2026-03-31T06:18:21+00:00\" \/>\n<meta name=\"twitter:card\" content=\"summary_large_image\" \/>\n<script type=\"application\/ld+json\" class=\"yoast-schema-graph\">{\"@context\":\"https:\/\/schema.org\",\"@graph\":[{\"@type\":\"WebPage\",\"@id\":\"https:\/\/22bet.spot\/fi\/casino\/\",\"url\":\"https:\/\/22bet.spot\/fi\/casino\/\",\"name\":\"22Bet-kasino Kuluvan vuoden\u2714\ufe0f pelej\u00e4, bonuksia ja parasta viihdett\u00e4\",\"isPartOf\":{\"@id\":\"https:\/\/22bet.spot\/fi\/#website\"},\"datePublished\":\"2026-01-13T11:24:28+00:00\",\"dateModified\":\"2026-03-31T06:18:21+00:00\",\"description\":\"Pelaa 22Bet-kasinolla \u2705 tuhansia kolikkopelej\u00e4 ja live-pelej\u00e4, 100 % tervetuliaisbonus ensimm\u00e4iselle talletuksellesi sek\u00e4 s\u00e4\u00e4nn\u00f6llisi\u00e4 tarjouksia. Nauti parhaasta peliviihteest\u00e4 tietokoneella ja \u00e4lypuhelimella!\",\"breadcrumb\":{\"@id\":\"https:\/\/22bet.spot\/fi\/casino\/#breadcrumb\"},\"inLanguage\":\"fi\",\"potentialAction\":[{\"@type\":\"ReadAction\",\"target\":[\"https:\/\/22bet.spot\/fi\/casino\/\"]}]},{\"@type\":\"BreadcrumbList\",\"@id\":\"https:\/\/22bet.spot\/fi\/casino\/#breadcrumb\",\"itemListElement\":[{\"@type\":\"ListItem\",\"position\":1,\"name\":\"Home\",\"item\":\"https:\/\/22bet.spot\/fi\/\"},{\"@type\":\"ListItem\",\"position\":2,\"name\":\"Kasino\"}]},{\"@type\":\"WebSite\",\"@id\":\"https:\/\/22bet.spot\/fi\/#website\",\"url\":\"https:\/\/22bet.spot\/fi\/\",\"name\":\"22Bet Spot fi\",\"description\":\"\",\"potentialAction\":[{\"@type\":\"SearchAction\",\"target\":{\"@type\":\"EntryPoint\",\"urlTemplate\":\"https:\/\/22bet.spot\/fi\/?s={search_term_string}\"},\"query-input\":{\"@type\":\"PropertyValueSpecification\",\"valueRequired\":true,\"valueName\":\"search_term_string\"}}],\"inLanguage\":\"fi\"}]}<\/script>\n<!-- \/ Yoast SEO plugin. -->","yoast_head_json":{"title":"22Bet-kasino Kuluvan vuoden\u2714\ufe0f pelej\u00e4, bonuksia ja parasta viihdett\u00e4","description":"Pelaa 22Bet-kasinolla \u2705 tuhansia kolikkopelej\u00e4 ja live-pelej\u00e4, 100 % tervetuliaisbonus ensimm\u00e4iselle talletuksellesi sek\u00e4 s\u00e4\u00e4nn\u00f6llisi\u00e4 tarjouksia. Nauti parhaasta peliviihteest\u00e4 tietokoneella ja \u00e4lypuhelimella!","robots":{"index":"index","follow":"follow","max-snippet":"max-snippet:-1","max-image-preview":"max-image-preview:large","max-video-preview":"max-video-preview:-1"},"canonical":"https:\/\/22bet.spot\/fi\/casino\/","og_locale":"fi_FI","og_type":"article","og_title":"22Bet-kasino Kuluvan vuoden\u2714\ufe0f pelej\u00e4, bonuksia ja parasta viihdett\u00e4","og_description":"Pelaa 22Bet-kasinolla \u2705 tuhansia kolikkopelej\u00e4 ja live-pelej\u00e4, 100 % tervetuliaisbonus ensimm\u00e4iselle talletuksellesi sek\u00e4 s\u00e4\u00e4nn\u00f6llisi\u00e4 tarjouksia. Nauti parhaasta peliviihteest\u00e4 tietokoneella ja \u00e4lypuhelimella!","og_url":"https:\/\/22bet.spot\/fi\/casino\/","og_site_name":"22Bet Spot fi","article_modified_time":"2026-03-31T06:18:21+00:00","twitter_card":"summary_large_image","schema":{"@context":"https:\/\/schema.org","@graph":[{"@type":"WebPage","@id":"https:\/\/22bet.spot\/fi\/casino\/","url":"https:\/\/22bet.spot\/fi\/casino\/","name":"22Bet-kasino Kuluvan vuoden\u2714\ufe0f pelej\u00e4, bonuksia ja parasta viihdett\u00e4","isPartOf":{"@id":"https:\/\/22bet.spot\/fi\/#website"},"datePublished":"2026-01-13T11:24:28+00:00","dateModified":"2026-03-31T06:18:21+00:00","description":"Pelaa 22Bet-kasinolla \u2705 tuhansia kolikkopelej\u00e4 ja live-pelej\u00e4, 100 % tervetuliaisbonus ensimm\u00e4iselle talletuksellesi sek\u00e4 s\u00e4\u00e4nn\u00f6llisi\u00e4 tarjouksia. Nauti parhaasta peliviihteest\u00e4 tietokoneella ja \u00e4lypuhelimella!","breadcrumb":{"@id":"https:\/\/22bet.spot\/fi\/casino\/#breadcrumb"},"inLanguage":"fi","potentialAction":[{"@type":"ReadAction","target":["https:\/\/22bet.spot\/fi\/casino\/"]}]},{"@type":"BreadcrumbList","@id":"https:\/\/22bet.spot\/fi\/casino\/#breadcrumb","itemListElement":[{"@type":"ListItem","position":1,"name":"Home","item":"https:\/\/22bet.spot\/fi\/"},{"@type":"ListItem","position":2,"name":"Kasino"}]},{"@type":"WebSite","@id":"https:\/\/22bet.spot\/fi\/#website","url":"https:\/\/22bet.spot\/fi\/","name":"22Bet Spot fi","description":"","potentialAction":[{"@type":"SearchAction","target":{"@type":"EntryPoint","urlTemplate":"https:\/\/22bet.spot\/fi\/?s={search_term_string}"},"query-input":{"@type":"PropertyValueSpecification","valueRequired":true,"valueName":"search_term_string"}}],"inLanguage":"fi"}]}},"_links":{"self":[{"href":"https:\/\/22bet.spot\/fi\/wp-json\/wp\/v2\/pages\/932","targetHints":{"allow":["GET"]}}],"collection":[{"href":"https:\/\/22bet.spot\/fi\/wp-json\/wp\/v2\/pages"}],"about":[{"href":"https:\/\/22bet.spot\/fi\/wp-json\/wp\/v2\/types\/page"}],"author":[{"embeddable":true,"href":"https:\/\/22bet.spot\/fi\/wp-json\/wp\/v2\/users\/1"}],"replies":[{"embeddable":true,"href":"https:\/\/22bet.spot\/fi\/wp-json\/wp\/v2\/comments?post=932"}],"version-history":[{"count":5,"href":"https:\/\/22bet.spot\/fi\/wp-json\/wp\/v2\/pages\/932\/revisions"}],"predecessor-version":[{"id":1212,"href":"https:\/\/22bet.spot\/fi\/wp-json\/wp\/v2\/pages\/932\/revisions\/1212"}],"wp:attachment":[{"href":"https:\/\/22bet.spot\/fi\/wp-json\/wp\/v2\/media?parent=932"}],"curies":[{"name":"wp","href":"https:\/\/api.w.org\/{rel}","templated":true}]}}