{"id":1031,"date":"2026-01-15T13:09:51","date_gmt":"2026-01-15T10:09:51","guid":{"rendered":"https:\/\/22bet.spot\/hr\/?page_id=1031"},"modified":"2026-03-10T12:32:44","modified_gmt":"2026-03-10T09:32:44","slug":"promo-code","status":"publish","type":"page","link":"https:\/\/22bet.spot\/hr\/promo-code\/","title":{"rendered":"Promocijski kod"},"content":{"rendered":"","protected":false},"excerpt":{"rendered":"","protected":false},"author":1,"featured_media":0,"parent":0,"menu_order":0,"comment_status":"closed","ping_status":"closed","template":"","meta":{"_acf_changed":false,"footnotes":""},"class_list":["post-1031","page","type-page","status-publish","hentry"],"acf":[],"yoast_head":"<!-- This site is optimized with the Yoast SEO plugin v26.7 - https:\/\/yoast.com\/wordpress\/plugins\/seo\/ -->\n<title>22Bet promotivni kodovi 2026 \u2705 Bonusi i povrat novca<\/title>\n<meta name=\"description\" content=\"Nau\u010dite kako koristiti 22Bet promotivne kodove \u2714\ufe0f otklju\u010dajte ekskluzivne bonuse, besplatne vrtnje, ponovna polaganja i pove\u0107ani povrat novca. Aktivirajte tajne kodove i ostvarite vi\u0161e pogodnosti u igri!\" \/>\n<meta name=\"robots\" content=\"index, follow, max-snippet:-1, max-image-preview:large, max-video-preview:-1\" \/>\n<link rel=\"canonical\" href=\"https:\/\/22bet.spot\/hr\/promo-code\/\" \/>\n<meta property=\"og:locale\" content=\"hr_HR\" \/>\n<meta property=\"og:type\" content=\"article\" \/>\n<meta property=\"og:title\" content=\"22Bet promotivni kodovi 2026 \u2705 Bonusi i povrat novca\" \/>\n<meta property=\"og:description\" content=\"Nau\u010dite kako koristiti 22Bet promotivne kodove \u2714\ufe0f otklju\u010dajte ekskluzivne bonuse, besplatne vrtnje, ponovna polaganja i pove\u0107ani povrat novca. Aktivirajte tajne kodove i ostvarite vi\u0161e pogodnosti u igri!\" \/>\n<meta property=\"og:url\" content=\"https:\/\/22bet.spot\/hr\/promo-code\/\" \/>\n<meta property=\"og:site_name\" content=\"22Bet Spot HR\" \/>\n<meta property=\"article:modified_time\" content=\"2026-03-10T09:32:44+00:00\" \/>\n<meta name=\"twitter:card\" content=\"summary_large_image\" \/>\n<script type=\"application\/ld+json\" class=\"yoast-schema-graph\">{\"@context\":\"https:\/\/schema.org\",\"@graph\":[{\"@type\":\"WebPage\",\"@id\":\"https:\/\/22bet.spot\/hr\/promo-code\/\",\"url\":\"https:\/\/22bet.spot\/hr\/promo-code\/\",\"name\":\"22Bet promotivni kodovi 2026 \u2705 Bonusi i povrat novca\",\"isPartOf\":{\"@id\":\"https:\/\/22bet.spot\/hr\/#website\"},\"datePublished\":\"2026-01-15T10:09:51+00:00\",\"dateModified\":\"2026-03-10T09:32:44+00:00\",\"description\":\"Nau\u010dite kako koristiti 22Bet promotivne kodove \u2714\ufe0f otklju\u010dajte ekskluzivne bonuse, besplatne vrtnje, ponovna polaganja i pove\u0107ani povrat novca. Aktivirajte tajne kodove i ostvarite vi\u0161e pogodnosti u igri!\",\"breadcrumb\":{\"@id\":\"https:\/\/22bet.spot\/hr\/promo-code\/#breadcrumb\"},\"inLanguage\":\"hr\",\"potentialAction\":[{\"@type\":\"ReadAction\",\"target\":[\"https:\/\/22bet.spot\/hr\/promo-code\/\"]}]},{\"@type\":\"BreadcrumbList\",\"@id\":\"https:\/\/22bet.spot\/hr\/promo-code\/#breadcrumb\",\"itemListElement\":[{\"@type\":\"ListItem\",\"position\":1,\"name\":\"Home\",\"item\":\"https:\/\/22bet.spot\/hr\/\"},{\"@type\":\"ListItem\",\"position\":2,\"name\":\"Promocijski kod\"}]},{\"@type\":\"WebSite\",\"@id\":\"https:\/\/22bet.spot\/hr\/#website\",\"url\":\"https:\/\/22bet.spot\/hr\/\",\"name\":\"22Bet Spot HR\",\"description\":\"\",\"potentialAction\":[{\"@type\":\"SearchAction\",\"target\":{\"@type\":\"EntryPoint\",\"urlTemplate\":\"https:\/\/22bet.spot\/hr\/?s={search_term_string}\"},\"query-input\":{\"@type\":\"PropertyValueSpecification\",\"valueRequired\":true,\"valueName\":\"search_term_string\"}}],\"inLanguage\":\"hr\"}]}<\/script>\n<!-- \/ Yoast SEO plugin. -->","yoast_head_json":{"title":"22Bet promotivni kodovi 2026 \u2705 Bonusi i povrat novca","description":"Nau\u010dite kako koristiti 22Bet promotivne kodove \u2714\ufe0f otklju\u010dajte ekskluzivne bonuse, besplatne vrtnje, ponovna polaganja i pove\u0107ani povrat novca. Aktivirajte tajne kodove i ostvarite vi\u0161e pogodnosti u igri!","robots":{"index":"index","follow":"follow","max-snippet":"max-snippet:-1","max-image-preview":"max-image-preview:large","max-video-preview":"max-video-preview:-1"},"canonical":"https:\/\/22bet.spot\/hr\/promo-code\/","og_locale":"hr_HR","og_type":"article","og_title":"22Bet promotivni kodovi 2026 \u2705 Bonusi i povrat novca","og_description":"Nau\u010dite kako koristiti 22Bet promotivne kodove \u2714\ufe0f otklju\u010dajte ekskluzivne bonuse, besplatne vrtnje, ponovna polaganja i pove\u0107ani povrat novca. Aktivirajte tajne kodove i ostvarite vi\u0161e pogodnosti u igri!","og_url":"https:\/\/22bet.spot\/hr\/promo-code\/","og_site_name":"22Bet Spot HR","article_modified_time":"2026-03-10T09:32:44+00:00","twitter_card":"summary_large_image","schema":{"@context":"https:\/\/schema.org","@graph":[{"@type":"WebPage","@id":"https:\/\/22bet.spot\/hr\/promo-code\/","url":"https:\/\/22bet.spot\/hr\/promo-code\/","name":"22Bet promotivni kodovi 2026 \u2705 Bonusi i povrat novca","isPartOf":{"@id":"https:\/\/22bet.spot\/hr\/#website"},"datePublished":"2026-01-15T10:09:51+00:00","dateModified":"2026-03-10T09:32:44+00:00","description":"Nau\u010dite kako koristiti 22Bet promotivne kodove \u2714\ufe0f otklju\u010dajte ekskluzivne bonuse, besplatne vrtnje, ponovna polaganja i pove\u0107ani povrat novca. Aktivirajte tajne kodove i ostvarite vi\u0161e pogodnosti u igri!","breadcrumb":{"@id":"https:\/\/22bet.spot\/hr\/promo-code\/#breadcrumb"},"inLanguage":"hr","potentialAction":[{"@type":"ReadAction","target":["https:\/\/22bet.spot\/hr\/promo-code\/"]}]},{"@type":"BreadcrumbList","@id":"https:\/\/22bet.spot\/hr\/promo-code\/#breadcrumb","itemListElement":[{"@type":"ListItem","position":1,"name":"Home","item":"https:\/\/22bet.spot\/hr\/"},{"@type":"ListItem","position":2,"name":"Promocijski kod"}]},{"@type":"WebSite","@id":"https:\/\/22bet.spot\/hr\/#website","url":"https:\/\/22bet.spot\/hr\/","name":"22Bet Spot HR","description":"","potentialAction":[{"@type":"SearchAction","target":{"@type":"EntryPoint","urlTemplate":"https:\/\/22bet.spot\/hr\/?s={search_term_string}"},"query-input":{"@type":"PropertyValueSpecification","valueRequired":true,"valueName":"search_term_string"}}],"inLanguage":"hr"}]}},"_links":{"self":[{"href":"https:\/\/22bet.spot\/hr\/wp-json\/wp\/v2\/pages\/1031","targetHints":{"allow":["GET"]}}],"collection":[{"href":"https:\/\/22bet.spot\/hr\/wp-json\/wp\/v2\/pages"}],"about":[{"href":"https:\/\/22bet.spot\/hr\/wp-json\/wp\/v2\/types\/page"}],"author":[{"embeddable":true,"href":"https:\/\/22bet.spot\/hr\/wp-json\/wp\/v2\/users\/1"}],"replies":[{"embeddable":true,"href":"https:\/\/22bet.spot\/hr\/wp-json\/wp\/v2\/comments?post=1031"}],"version-history":[{"count":5,"href":"https:\/\/22bet.spot\/hr\/wp-json\/wp\/v2\/pages\/1031\/revisions"}],"predecessor-version":[{"id":1216,"href":"https:\/\/22bet.spot\/hr\/wp-json\/wp\/v2\/pages\/1031\/revisions\/1216"}],"wp:attachment":[{"href":"https:\/\/22bet.spot\/hr\/wp-json\/wp\/v2\/media?parent=1031"}],"curies":[{"name":"wp","href":"https:\/\/api.w.org\/{rel}","templated":true}]}}