{"id":1051,"date":"2026-01-15T18:48:14","date_gmt":"2026-01-15T15:48:14","guid":{"rendered":"https:\/\/22bet.spot\/hr\/?page_id=1051"},"modified":"2026-03-10T12:23:18","modified_gmt":"2026-03-10T09:23:18","slug":"login","status":"publish","type":"page","link":"https:\/\/22bet.spot\/hr\/login\/","title":{"rendered":"Prijava"},"content":{"rendered":"","protected":false},"excerpt":{"rendered":"","protected":false},"author":1,"featured_media":0,"parent":0,"menu_order":0,"comment_status":"closed","ping_status":"closed","template":"","meta":{"_acf_changed":false,"footnotes":""},"class_list":["post-1051","page","type-page","status-publish","hentry"],"acf":[],"yoast_head":"<!-- This site is optimized with the Yoast SEO plugin v26.7 - https:\/\/yoast.com\/wordpress\/plugins\/seo\/ -->\n<title>Prijava na 22Bet 2026 \u2714\ufe0f Dobijte pristup svom li\u010dnom ra\u010dunu<\/title>\n<meta name=\"description\" content=\"Brzi prijem na va\u0161 22Bet ra\u010dun \u2705 prijava putem e-po\u0161te\/telefona, lozinke, 2FA i oporavka. Pristupite kla\u0111enju, kasinu i bonusima s va\u0161eg ra\u010dunala, Androida ili iOS-a bez ograni\u010denja.\" \/>\n<meta name=\"robots\" content=\"index, follow, max-snippet:-1, max-image-preview:large, max-video-preview:-1\" \/>\n<link rel=\"canonical\" href=\"https:\/\/22bet.spot\/hr\/login\/\" \/>\n<meta property=\"og:locale\" content=\"hr_HR\" \/>\n<meta property=\"og:type\" content=\"article\" \/>\n<meta property=\"og:title\" content=\"Prijava na 22Bet 2026 \u2714\ufe0f Dobijte pristup svom li\u010dnom ra\u010dunu\" \/>\n<meta property=\"og:description\" content=\"Brzi prijem na va\u0161 22Bet ra\u010dun \u2705 prijava putem e-po\u0161te\/telefona, lozinke, 2FA i oporavka. Pristupite kla\u0111enju, kasinu i bonusima s va\u0161eg ra\u010dunala, Androida ili iOS-a bez ograni\u010denja.\" \/>\n<meta property=\"og:url\" content=\"https:\/\/22bet.spot\/hr\/login\/\" \/>\n<meta property=\"og:site_name\" content=\"22Bet Spot HR\" \/>\n<meta property=\"article:modified_time\" content=\"2026-03-10T09:23:18+00:00\" \/>\n<meta name=\"twitter:card\" content=\"summary_large_image\" \/>\n<script type=\"application\/ld+json\" class=\"yoast-schema-graph\">{\"@context\":\"https:\/\/schema.org\",\"@graph\":[{\"@type\":\"WebPage\",\"@id\":\"https:\/\/22bet.spot\/hr\/login\/\",\"url\":\"https:\/\/22bet.spot\/hr\/login\/\",\"name\":\"Prijava na 22Bet 2026 \u2714\ufe0f Dobijte pristup svom li\u010dnom ra\u010dunu\",\"isPartOf\":{\"@id\":\"https:\/\/22bet.spot\/hr\/#website\"},\"datePublished\":\"2026-01-15T15:48:14+00:00\",\"dateModified\":\"2026-03-10T09:23:18+00:00\",\"description\":\"Brzi prijem na va\u0161 22Bet ra\u010dun \u2705 prijava putem e-po\u0161te\/telefona, lozinke, 2FA i oporavka. Pristupite kla\u0111enju, kasinu i bonusima s va\u0161eg ra\u010dunala, Androida ili iOS-a bez ograni\u010denja.\",\"breadcrumb\":{\"@id\":\"https:\/\/22bet.spot\/hr\/login\/#breadcrumb\"},\"inLanguage\":\"hr\",\"potentialAction\":[{\"@type\":\"ReadAction\",\"target\":[\"https:\/\/22bet.spot\/hr\/login\/\"]}]},{\"@type\":\"BreadcrumbList\",\"@id\":\"https:\/\/22bet.spot\/hr\/login\/#breadcrumb\",\"itemListElement\":[{\"@type\":\"ListItem\",\"position\":1,\"name\":\"Home\",\"item\":\"https:\/\/22bet.spot\/hr\/\"},{\"@type\":\"ListItem\",\"position\":2,\"name\":\"Prijava\"}]},{\"@type\":\"WebSite\",\"@id\":\"https:\/\/22bet.spot\/hr\/#website\",\"url\":\"https:\/\/22bet.spot\/hr\/\",\"name\":\"22Bet Spot HR\",\"description\":\"\",\"potentialAction\":[{\"@type\":\"SearchAction\",\"target\":{\"@type\":\"EntryPoint\",\"urlTemplate\":\"https:\/\/22bet.spot\/hr\/?s={search_term_string}\"},\"query-input\":{\"@type\":\"PropertyValueSpecification\",\"valueRequired\":true,\"valueName\":\"search_term_string\"}}],\"inLanguage\":\"hr\"}]}<\/script>\n<!-- \/ Yoast SEO plugin. -->","yoast_head_json":{"title":"Prijava na 22Bet 2026 \u2714\ufe0f Dobijte pristup svom li\u010dnom ra\u010dunu","description":"Brzi prijem na va\u0161 22Bet ra\u010dun \u2705 prijava putem e-po\u0161te\/telefona, lozinke, 2FA i oporavka. Pristupite kla\u0111enju, kasinu i bonusima s va\u0161eg ra\u010dunala, Androida ili iOS-a bez ograni\u010denja.","robots":{"index":"index","follow":"follow","max-snippet":"max-snippet:-1","max-image-preview":"max-image-preview:large","max-video-preview":"max-video-preview:-1"},"canonical":"https:\/\/22bet.spot\/hr\/login\/","og_locale":"hr_HR","og_type":"article","og_title":"Prijava na 22Bet 2026 \u2714\ufe0f Dobijte pristup svom li\u010dnom ra\u010dunu","og_description":"Brzi prijem na va\u0161 22Bet ra\u010dun \u2705 prijava putem e-po\u0161te\/telefona, lozinke, 2FA i oporavka. Pristupite kla\u0111enju, kasinu i bonusima s va\u0161eg ra\u010dunala, Androida ili iOS-a bez ograni\u010denja.","og_url":"https:\/\/22bet.spot\/hr\/login\/","og_site_name":"22Bet Spot HR","article_modified_time":"2026-03-10T09:23:18+00:00","twitter_card":"summary_large_image","schema":{"@context":"https:\/\/schema.org","@graph":[{"@type":"WebPage","@id":"https:\/\/22bet.spot\/hr\/login\/","url":"https:\/\/22bet.spot\/hr\/login\/","name":"Prijava na 22Bet 2026 \u2714\ufe0f Dobijte pristup svom li\u010dnom ra\u010dunu","isPartOf":{"@id":"https:\/\/22bet.spot\/hr\/#website"},"datePublished":"2026-01-15T15:48:14+00:00","dateModified":"2026-03-10T09:23:18+00:00","description":"Brzi prijem na va\u0161 22Bet ra\u010dun \u2705 prijava putem e-po\u0161te\/telefona, lozinke, 2FA i oporavka. Pristupite kla\u0111enju, kasinu i bonusima s va\u0161eg ra\u010dunala, Androida ili iOS-a bez ograni\u010denja.","breadcrumb":{"@id":"https:\/\/22bet.spot\/hr\/login\/#breadcrumb"},"inLanguage":"hr","potentialAction":[{"@type":"ReadAction","target":["https:\/\/22bet.spot\/hr\/login\/"]}]},{"@type":"BreadcrumbList","@id":"https:\/\/22bet.spot\/hr\/login\/#breadcrumb","itemListElement":[{"@type":"ListItem","position":1,"name":"Home","item":"https:\/\/22bet.spot\/hr\/"},{"@type":"ListItem","position":2,"name":"Prijava"}]},{"@type":"WebSite","@id":"https:\/\/22bet.spot\/hr\/#website","url":"https:\/\/22bet.spot\/hr\/","name":"22Bet Spot HR","description":"","potentialAction":[{"@type":"SearchAction","target":{"@type":"EntryPoint","urlTemplate":"https:\/\/22bet.spot\/hr\/?s={search_term_string}"},"query-input":{"@type":"PropertyValueSpecification","valueRequired":true,"valueName":"search_term_string"}}],"inLanguage":"hr"}]}},"_links":{"self":[{"href":"https:\/\/22bet.spot\/hr\/wp-json\/wp\/v2\/pages\/1051","targetHints":{"allow":["GET"]}}],"collection":[{"href":"https:\/\/22bet.spot\/hr\/wp-json\/wp\/v2\/pages"}],"about":[{"href":"https:\/\/22bet.spot\/hr\/wp-json\/wp\/v2\/types\/page"}],"author":[{"embeddable":true,"href":"https:\/\/22bet.spot\/hr\/wp-json\/wp\/v2\/users\/1"}],"replies":[{"embeddable":true,"href":"https:\/\/22bet.spot\/hr\/wp-json\/wp\/v2\/comments?post=1051"}],"version-history":[{"count":5,"href":"https:\/\/22bet.spot\/hr\/wp-json\/wp\/v2\/pages\/1051\/revisions"}],"predecessor-version":[{"id":1215,"href":"https:\/\/22bet.spot\/hr\/wp-json\/wp\/v2\/pages\/1051\/revisions\/1215"}],"wp:attachment":[{"href":"https:\/\/22bet.spot\/hr\/wp-json\/wp\/v2\/media?parent=1051"}],"curies":[{"name":"wp","href":"https:\/\/api.w.org\/{rel}","templated":true}]}}