{"id":1084,"date":"2026-01-17T07:35:15","date_gmt":"2026-01-17T04:35:15","guid":{"rendered":"https:\/\/22bet.spot\/hr\/?page_id=1084"},"modified":"2026-03-10T12:52:23","modified_gmt":"2026-03-10T09:52:23","slug":"registration","status":"publish","type":"page","link":"https:\/\/22bet.spot\/hr\/registration\/","title":{"rendered":"Registracija"},"content":{"rendered":"","protected":false},"excerpt":{"rendered":"","protected":false},"author":1,"featured_media":0,"parent":0,"menu_order":0,"comment_status":"closed","ping_status":"closed","template":"","meta":{"_acf_changed":false,"footnotes":""},"class_list":["post-1084","page","type-page","status-publish","hentry"],"acf":[],"yoast_head":"<!-- This site is optimized with the Yoast SEO plugin v26.7 - https:\/\/yoast.com\/wordpress\/plugins\/seo\/ -->\n<title>Registracija 22Bet ra\u010duna \u2714\ufe0f Kreirajte profil i igrajte 2026<\/title>\n<meta name=\"description\" content=\"Saznajte kako se registrirati na 22Bet za nekoliko minuta \u2705 odaberite metodu (telefon, e-po\u0161ta ili dru\u0161tveni mediji), ispunite obrazac, potvrdite svoj ra\u010dun i dobijte pristup kla\u0111enju i kasino igrama na svim ure\u0111ajima.\" \/>\n<meta name=\"robots\" content=\"index, follow, max-snippet:-1, max-image-preview:large, max-video-preview:-1\" \/>\n<link rel=\"canonical\" href=\"https:\/\/22bet.spot\/hr\/registration\/\" \/>\n<meta property=\"og:locale\" content=\"hr_HR\" \/>\n<meta property=\"og:type\" content=\"article\" \/>\n<meta property=\"og:title\" content=\"Registracija 22Bet ra\u010duna \u2714\ufe0f Kreirajte profil i igrajte 2026\" \/>\n<meta property=\"og:description\" content=\"Saznajte kako se registrirati na 22Bet za nekoliko minuta \u2705 odaberite metodu (telefon, e-po\u0161ta ili dru\u0161tveni mediji), ispunite obrazac, potvrdite svoj ra\u010dun i dobijte pristup kla\u0111enju i kasino igrama na svim ure\u0111ajima.\" \/>\n<meta property=\"og:url\" content=\"https:\/\/22bet.spot\/hr\/registration\/\" \/>\n<meta property=\"og:site_name\" content=\"22Bet Spot HR\" \/>\n<meta property=\"article:modified_time\" content=\"2026-03-10T09:52:23+00:00\" \/>\n<meta name=\"twitter:card\" content=\"summary_large_image\" \/>\n<script type=\"application\/ld+json\" class=\"yoast-schema-graph\">{\"@context\":\"https:\/\/schema.org\",\"@graph\":[{\"@type\":\"WebPage\",\"@id\":\"https:\/\/22bet.spot\/hr\/registration\/\",\"url\":\"https:\/\/22bet.spot\/hr\/registration\/\",\"name\":\"Registracija 22Bet ra\u010duna \u2714\ufe0f Kreirajte profil i igrajte 2026\",\"isPartOf\":{\"@id\":\"https:\/\/22bet.spot\/hr\/#website\"},\"datePublished\":\"2026-01-17T04:35:15+00:00\",\"dateModified\":\"2026-03-10T09:52:23+00:00\",\"description\":\"Saznajte kako se registrirati na 22Bet za nekoliko minuta \u2705 odaberite metodu (telefon, e-po\u0161ta ili dru\u0161tveni mediji), ispunite obrazac, potvrdite svoj ra\u010dun i dobijte pristup kla\u0111enju i kasino igrama na svim ure\u0111ajima.\",\"breadcrumb\":{\"@id\":\"https:\/\/22bet.spot\/hr\/registration\/#breadcrumb\"},\"inLanguage\":\"hr\",\"potentialAction\":[{\"@type\":\"ReadAction\",\"target\":[\"https:\/\/22bet.spot\/hr\/registration\/\"]}]},{\"@type\":\"BreadcrumbList\",\"@id\":\"https:\/\/22bet.spot\/hr\/registration\/#breadcrumb\",\"itemListElement\":[{\"@type\":\"ListItem\",\"position\":1,\"name\":\"Home\",\"item\":\"https:\/\/22bet.spot\/hr\/\"},{\"@type\":\"ListItem\",\"position\":2,\"name\":\"Registracija\"}]},{\"@type\":\"WebSite\",\"@id\":\"https:\/\/22bet.spot\/hr\/#website\",\"url\":\"https:\/\/22bet.spot\/hr\/\",\"name\":\"22Bet Spot HR\",\"description\":\"\",\"potentialAction\":[{\"@type\":\"SearchAction\",\"target\":{\"@type\":\"EntryPoint\",\"urlTemplate\":\"https:\/\/22bet.spot\/hr\/?s={search_term_string}\"},\"query-input\":{\"@type\":\"PropertyValueSpecification\",\"valueRequired\":true,\"valueName\":\"search_term_string\"}}],\"inLanguage\":\"hr\"}]}<\/script>\n<!-- \/ Yoast SEO plugin. -->","yoast_head_json":{"title":"Registracija 22Bet ra\u010duna \u2714\ufe0f Kreirajte profil i igrajte 2026","description":"Saznajte kako se registrirati na 22Bet za nekoliko minuta \u2705 odaberite metodu (telefon, e-po\u0161ta ili dru\u0161tveni mediji), ispunite obrazac, potvrdite svoj ra\u010dun i dobijte pristup kla\u0111enju i kasino igrama na svim ure\u0111ajima.","robots":{"index":"index","follow":"follow","max-snippet":"max-snippet:-1","max-image-preview":"max-image-preview:large","max-video-preview":"max-video-preview:-1"},"canonical":"https:\/\/22bet.spot\/hr\/registration\/","og_locale":"hr_HR","og_type":"article","og_title":"Registracija 22Bet ra\u010duna \u2714\ufe0f Kreirajte profil i igrajte 2026","og_description":"Saznajte kako se registrirati na 22Bet za nekoliko minuta \u2705 odaberite metodu (telefon, e-po\u0161ta ili dru\u0161tveni mediji), ispunite obrazac, potvrdite svoj ra\u010dun i dobijte pristup kla\u0111enju i kasino igrama na svim ure\u0111ajima.","og_url":"https:\/\/22bet.spot\/hr\/registration\/","og_site_name":"22Bet Spot HR","article_modified_time":"2026-03-10T09:52:23+00:00","twitter_card":"summary_large_image","schema":{"@context":"https:\/\/schema.org","@graph":[{"@type":"WebPage","@id":"https:\/\/22bet.spot\/hr\/registration\/","url":"https:\/\/22bet.spot\/hr\/registration\/","name":"Registracija 22Bet ra\u010duna \u2714\ufe0f Kreirajte profil i igrajte 2026","isPartOf":{"@id":"https:\/\/22bet.spot\/hr\/#website"},"datePublished":"2026-01-17T04:35:15+00:00","dateModified":"2026-03-10T09:52:23+00:00","description":"Saznajte kako se registrirati na 22Bet za nekoliko minuta \u2705 odaberite metodu (telefon, e-po\u0161ta ili dru\u0161tveni mediji), ispunite obrazac, potvrdite svoj ra\u010dun i dobijte pristup kla\u0111enju i kasino igrama na svim ure\u0111ajima.","breadcrumb":{"@id":"https:\/\/22bet.spot\/hr\/registration\/#breadcrumb"},"inLanguage":"hr","potentialAction":[{"@type":"ReadAction","target":["https:\/\/22bet.spot\/hr\/registration\/"]}]},{"@type":"BreadcrumbList","@id":"https:\/\/22bet.spot\/hr\/registration\/#breadcrumb","itemListElement":[{"@type":"ListItem","position":1,"name":"Home","item":"https:\/\/22bet.spot\/hr\/"},{"@type":"ListItem","position":2,"name":"Registracija"}]},{"@type":"WebSite","@id":"https:\/\/22bet.spot\/hr\/#website","url":"https:\/\/22bet.spot\/hr\/","name":"22Bet Spot HR","description":"","potentialAction":[{"@type":"SearchAction","target":{"@type":"EntryPoint","urlTemplate":"https:\/\/22bet.spot\/hr\/?s={search_term_string}"},"query-input":{"@type":"PropertyValueSpecification","valueRequired":true,"valueName":"search_term_string"}}],"inLanguage":"hr"}]}},"_links":{"self":[{"href":"https:\/\/22bet.spot\/hr\/wp-json\/wp\/v2\/pages\/1084","targetHints":{"allow":["GET"]}}],"collection":[{"href":"https:\/\/22bet.spot\/hr\/wp-json\/wp\/v2\/pages"}],"about":[{"href":"https:\/\/22bet.spot\/hr\/wp-json\/wp\/v2\/types\/page"}],"author":[{"embeddable":true,"href":"https:\/\/22bet.spot\/hr\/wp-json\/wp\/v2\/users\/1"}],"replies":[{"embeddable":true,"href":"https:\/\/22bet.spot\/hr\/wp-json\/wp\/v2\/comments?post=1084"}],"version-history":[{"count":5,"href":"https:\/\/22bet.spot\/hr\/wp-json\/wp\/v2\/pages\/1084\/revisions"}],"predecessor-version":[{"id":1217,"href":"https:\/\/22bet.spot\/hr\/wp-json\/wp\/v2\/pages\/1084\/revisions\/1217"}],"wp:attachment":[{"href":"https:\/\/22bet.spot\/hr\/wp-json\/wp\/v2\/media?parent=1084"}],"curies":[{"name":"wp","href":"https:\/\/api.w.org\/{rel}","templated":true}]}}