{"id":2,"date":"2025-08-22T14:28:47","date_gmt":"2025-08-22T11:28:47","guid":{"rendered":"https:\/\/22bet.spot\/hr\/?page_id=2"},"modified":"2026-03-09T11:06:19","modified_gmt":"2026-03-09T08:06:19","slug":"home","status":"publish","type":"page","link":"https:\/\/22bet.spot\/hr\/","title":{"rendered":"Po\u010detna"},"content":{"rendered":"","protected":false},"excerpt":{"rendered":"","protected":false},"author":1,"featured_media":0,"parent":0,"menu_order":0,"comment_status":"closed","ping_status":"closed","template":"","meta":{"_acf_changed":false,"footnotes":""},"class_list":["post-2","page","type-page","status-publish","hentry"],"acf":[],"yoast_head":"<!-- This site is optimized with the Yoast SEO plugin v26.7 - https:\/\/yoast.com\/wordpress\/plugins\/seo\/ -->\n<title>22Bet kladionica i kasino \u27a4 100% bonus do 122 \u20ac<\/title>\n<meta name=\"description\" content=\"22Bet je pouzdana platforma za kla\u0111enje s 100% bonusom na va\u0161 prvi polog do 122 \u20ac. \u0160irok izbor sportova, kasino i kockarskih igara, sigurni pla\u0107aji i podr\u0161ka 24 sata dnevno!\" \/>\n<meta name=\"robots\" content=\"index, follow, max-snippet:-1, max-image-preview:large, max-video-preview:-1\" \/>\n<link rel=\"canonical\" href=\"https:\/\/22bet.spot\/hr\/\" \/>\n<meta property=\"og:locale\" content=\"hr_HR\" \/>\n<meta property=\"og:type\" content=\"article\" \/>\n<meta property=\"og:title\" content=\"22Bet kladionica i kasino \u27a4 100% bonus do 122 \u20ac\" \/>\n<meta property=\"og:description\" content=\"22Bet je pouzdana platforma za kla\u0111enje s 100% bonusom na va\u0161 prvi polog do 122 \u20ac. \u0160irok izbor sportova, kasino i kockarskih igara, sigurni pla\u0107aji i podr\u0161ka 24 sata dnevno!\" \/>\n<meta property=\"og:url\" content=\"https:\/\/22bet.spot\/hr\/\" \/>\n<meta property=\"og:site_name\" content=\"22Bet Spot HR\" \/>\n<meta property=\"article:modified_time\" content=\"2026-03-09T08:06:19+00:00\" \/>\n<meta name=\"twitter:card\" content=\"summary_large_image\" \/>\n<script type=\"application\/ld+json\" class=\"yoast-schema-graph\">{\"@context\":\"https:\/\/schema.org\",\"@graph\":[{\"@type\":\"WebPage\",\"@id\":\"https:\/\/22bet.spot\/hr\/\",\"url\":\"https:\/\/22bet.spot\/hr\/\",\"name\":\"22Bet kladionica i kasino \u27a4 100% bonus do 122 \u20ac\",\"isPartOf\":{\"@id\":\"https:\/\/22bet.spot\/hr\/#website\"},\"datePublished\":\"2025-08-22T11:28:47+00:00\",\"dateModified\":\"2026-03-09T08:06:19+00:00\",\"description\":\"22Bet je pouzdana platforma za kla\u0111enje s 100% bonusom na va\u0161 prvi polog do 122 \u20ac. \u0160irok izbor sportova, kasino i kockarskih igara, sigurni pla\u0107aji i podr\u0161ka 24 sata dnevno!\",\"breadcrumb\":{\"@id\":\"https:\/\/22bet.spot\/hr\/#breadcrumb\"},\"inLanguage\":\"hr\",\"potentialAction\":[{\"@type\":\"ReadAction\",\"target\":[\"https:\/\/22bet.spot\/hr\/\"]}]},{\"@type\":\"BreadcrumbList\",\"@id\":\"https:\/\/22bet.spot\/hr\/#breadcrumb\",\"itemListElement\":[{\"@type\":\"ListItem\",\"position\":1,\"name\":\"Home\",\"item\":\"https:\/\/22bet.spot\/hr\/\"},{\"@type\":\"ListItem\",\"position\":2,\"name\":\"Po\u010detna\"}]},{\"@type\":\"WebSite\",\"@id\":\"https:\/\/22bet.spot\/hr\/#website\",\"url\":\"https:\/\/22bet.spot\/hr\/\",\"name\":\"22Bet Spot HR\",\"description\":\"\",\"potentialAction\":[{\"@type\":\"SearchAction\",\"target\":{\"@type\":\"EntryPoint\",\"urlTemplate\":\"https:\/\/22bet.spot\/hr\/?s={search_term_string}\"},\"query-input\":{\"@type\":\"PropertyValueSpecification\",\"valueRequired\":true,\"valueName\":\"search_term_string\"}}],\"inLanguage\":\"hr\"}]}<\/script>\n<!-- \/ Yoast SEO plugin. -->","yoast_head_json":{"title":"22Bet kladionica i kasino \u27a4 100% bonus do 122 \u20ac","description":"22Bet je pouzdana platforma za kla\u0111enje s 100% bonusom na va\u0161 prvi polog do 122 \u20ac. \u0160irok izbor sportova, kasino i kockarskih igara, sigurni pla\u0107aji i podr\u0161ka 24 sata dnevno!","robots":{"index":"index","follow":"follow","max-snippet":"max-snippet:-1","max-image-preview":"max-image-preview:large","max-video-preview":"max-video-preview:-1"},"canonical":"https:\/\/22bet.spot\/hr\/","og_locale":"hr_HR","og_type":"article","og_title":"22Bet kladionica i kasino \u27a4 100% bonus do 122 \u20ac","og_description":"22Bet je pouzdana platforma za kla\u0111enje s 100% bonusom na va\u0161 prvi polog do 122 \u20ac. \u0160irok izbor sportova, kasino i kockarskih igara, sigurni pla\u0107aji i podr\u0161ka 24 sata dnevno!","og_url":"https:\/\/22bet.spot\/hr\/","og_site_name":"22Bet Spot HR","article_modified_time":"2026-03-09T08:06:19+00:00","twitter_card":"summary_large_image","schema":{"@context":"https:\/\/schema.org","@graph":[{"@type":"WebPage","@id":"https:\/\/22bet.spot\/hr\/","url":"https:\/\/22bet.spot\/hr\/","name":"22Bet kladionica i kasino \u27a4 100% bonus do 122 \u20ac","isPartOf":{"@id":"https:\/\/22bet.spot\/hr\/#website"},"datePublished":"2025-08-22T11:28:47+00:00","dateModified":"2026-03-09T08:06:19+00:00","description":"22Bet je pouzdana platforma za kla\u0111enje s 100% bonusom na va\u0161 prvi polog do 122 \u20ac. \u0160irok izbor sportova, kasino i kockarskih igara, sigurni pla\u0107aji i podr\u0161ka 24 sata dnevno!","breadcrumb":{"@id":"https:\/\/22bet.spot\/hr\/#breadcrumb"},"inLanguage":"hr","potentialAction":[{"@type":"ReadAction","target":["https:\/\/22bet.spot\/hr\/"]}]},{"@type":"BreadcrumbList","@id":"https:\/\/22bet.spot\/hr\/#breadcrumb","itemListElement":[{"@type":"ListItem","position":1,"name":"Home","item":"https:\/\/22bet.spot\/hr\/"},{"@type":"ListItem","position":2,"name":"Po\u010detna"}]},{"@type":"WebSite","@id":"https:\/\/22bet.spot\/hr\/#website","url":"https:\/\/22bet.spot\/hr\/","name":"22Bet Spot HR","description":"","potentialAction":[{"@type":"SearchAction","target":{"@type":"EntryPoint","urlTemplate":"https:\/\/22bet.spot\/hr\/?s={search_term_string}"},"query-input":{"@type":"PropertyValueSpecification","valueRequired":true,"valueName":"search_term_string"}}],"inLanguage":"hr"}]}},"_links":{"self":[{"href":"https:\/\/22bet.spot\/hr\/wp-json\/wp\/v2\/pages\/2","targetHints":{"allow":["GET"]}}],"collection":[{"href":"https:\/\/22bet.spot\/hr\/wp-json\/wp\/v2\/pages"}],"about":[{"href":"https:\/\/22bet.spot\/hr\/wp-json\/wp\/v2\/types\/page"}],"author":[{"embeddable":true,"href":"https:\/\/22bet.spot\/hr\/wp-json\/wp\/v2\/users\/1"}],"replies":[{"embeddable":true,"href":"https:\/\/22bet.spot\/hr\/wp-json\/wp\/v2\/comments?post=2"}],"version-history":[{"count":5,"href":"https:\/\/22bet.spot\/hr\/wp-json\/wp\/v2\/pages\/2\/revisions"}],"predecessor-version":[{"id":1207,"href":"https:\/\/22bet.spot\/hr\/wp-json\/wp\/v2\/pages\/2\/revisions\/1207"}],"wp:attachment":[{"href":"https:\/\/22bet.spot\/hr\/wp-json\/wp\/v2\/media?parent=2"}],"curies":[{"name":"wp","href":"https:\/\/api.w.org\/{rel}","templated":true}]}}