{"id":1004,"date":"2026-01-14T19:50:51","date_gmt":"2026-01-14T16:50:51","guid":{"rendered":"https:\/\/22bet.spot\/hu\/?page_id=1004"},"modified":"2026-02-02T15:25:59","modified_gmt":"2026-02-02T12:25:59","slug":"bonusz","status":"publish","type":"page","link":"https:\/\/22bet.spot\/hu\/bonusz\/","title":{"rendered":"B\u00f3nusz"},"content":{"rendered":"","protected":false},"excerpt":{"rendered":"","protected":false},"author":1,"featured_media":0,"parent":0,"menu_order":0,"comment_status":"closed","ping_status":"closed","template":"","meta":{"_acf_changed":false,"footnotes":""},"class_list":["post-1004","page","type-page","status-publish","hentry"],"acf":[],"yoast_head":"<!-- This site is optimized with the Yoast SEO plugin v26.7 - https:\/\/yoast.com\/wordpress\/plugins\/seo\/ -->\n<title>22Bet b\u00f3nuszok 2026 \u2714\ufe0f Prom\u00f3ci\u00f3k, aj\u00e1nlatok \u00e9s jutalmak<\/title>\n<meta name=\"description\" content=\"Tudjon meg mindent a 22Bet b\u00f3nuszokr\u00f3l \u2705 100% \u00fcdv\u00f6zl\u0151 b\u00f3nusz sportfogad\u00e1sra \u00e9s kaszin\u00f3ra, heti cashback, ingyenes fogad\u00e1sok \u00e9s exkluz\u00edv prom\u00f3ci\u00f3k a rendszeres j\u00e1t\u00e9kosok sz\u00e1m\u00e1ra. Aktiv\u00e1lja m\u00e9g ma ezeket a j\u00f6vedelmez\u0151 aj\u00e1nlatokat!\" \/>\n<meta name=\"robots\" content=\"index, follow, max-snippet:-1, max-image-preview:large, max-video-preview:-1\" \/>\n<link rel=\"canonical\" href=\"https:\/\/22bet.spot\/hu\/bonusz\/\" \/>\n<meta property=\"og:locale\" content=\"hu_HU\" \/>\n<meta property=\"og:type\" content=\"article\" \/>\n<meta property=\"og:title\" content=\"22Bet b\u00f3nuszok 2026 \u2714\ufe0f Prom\u00f3ci\u00f3k, aj\u00e1nlatok \u00e9s jutalmak\" \/>\n<meta property=\"og:description\" content=\"Tudjon meg mindent a 22Bet b\u00f3nuszokr\u00f3l \u2705 100% \u00fcdv\u00f6zl\u0151 b\u00f3nusz sportfogad\u00e1sra \u00e9s kaszin\u00f3ra, heti cashback, ingyenes fogad\u00e1sok \u00e9s exkluz\u00edv prom\u00f3ci\u00f3k a rendszeres j\u00e1t\u00e9kosok sz\u00e1m\u00e1ra. Aktiv\u00e1lja m\u00e9g ma ezeket a j\u00f6vedelmez\u0151 aj\u00e1nlatokat!\" \/>\n<meta property=\"og:url\" content=\"https:\/\/22bet.spot\/hu\/bonusz\/\" \/>\n<meta property=\"og:site_name\" content=\"22Bet Spot HU\" \/>\n<meta property=\"article:modified_time\" content=\"2026-02-02T12:25:59+00:00\" \/>\n<meta name=\"twitter:card\" content=\"summary_large_image\" \/>\n<script type=\"application\/ld+json\" class=\"yoast-schema-graph\">{\"@context\":\"https:\/\/schema.org\",\"@graph\":[{\"@type\":\"WebPage\",\"@id\":\"https:\/\/22bet.spot\/hu\/bonusz\/\",\"url\":\"https:\/\/22bet.spot\/hu\/bonusz\/\",\"name\":\"22Bet b\u00f3nuszok 2026 \u2714\ufe0f Prom\u00f3ci\u00f3k, aj\u00e1nlatok \u00e9s jutalmak\",\"isPartOf\":{\"@id\":\"https:\/\/22bet.spot\/hu\/#website\"},\"datePublished\":\"2026-01-14T16:50:51+00:00\",\"dateModified\":\"2026-02-02T12:25:59+00:00\",\"description\":\"Tudjon meg mindent a 22Bet b\u00f3nuszokr\u00f3l \u2705 100% \u00fcdv\u00f6zl\u0151 b\u00f3nusz sportfogad\u00e1sra \u00e9s kaszin\u00f3ra, heti cashback, ingyenes fogad\u00e1sok \u00e9s exkluz\u00edv prom\u00f3ci\u00f3k a rendszeres j\u00e1t\u00e9kosok sz\u00e1m\u00e1ra. Aktiv\u00e1lja m\u00e9g ma ezeket a j\u00f6vedelmez\u0151 aj\u00e1nlatokat!\",\"breadcrumb\":{\"@id\":\"https:\/\/22bet.spot\/hu\/bonusz\/#breadcrumb\"},\"inLanguage\":\"hu\",\"potentialAction\":[{\"@type\":\"ReadAction\",\"target\":[\"https:\/\/22bet.spot\/hu\/bonusz\/\"]}]},{\"@type\":\"BreadcrumbList\",\"@id\":\"https:\/\/22bet.spot\/hu\/bonusz\/#breadcrumb\",\"itemListElement\":[{\"@type\":\"ListItem\",\"position\":1,\"name\":\"Home\",\"item\":\"https:\/\/22bet.spot\/hu\/\"},{\"@type\":\"ListItem\",\"position\":2,\"name\":\"B\u00f3nusz\"}]},{\"@type\":\"WebSite\",\"@id\":\"https:\/\/22bet.spot\/hu\/#website\",\"url\":\"https:\/\/22bet.spot\/hu\/\",\"name\":\"22Bet Spot HU\",\"description\":\"\",\"potentialAction\":[{\"@type\":\"SearchAction\",\"target\":{\"@type\":\"EntryPoint\",\"urlTemplate\":\"https:\/\/22bet.spot\/hu\/?s={search_term_string}\"},\"query-input\":{\"@type\":\"PropertyValueSpecification\",\"valueRequired\":true,\"valueName\":\"search_term_string\"}}],\"inLanguage\":\"hu\"}]}<\/script>\n<!-- \/ Yoast SEO plugin. -->","yoast_head_json":{"title":"22Bet b\u00f3nuszok 2026 \u2714\ufe0f Prom\u00f3ci\u00f3k, aj\u00e1nlatok \u00e9s jutalmak","description":"Tudjon meg mindent a 22Bet b\u00f3nuszokr\u00f3l \u2705 100% \u00fcdv\u00f6zl\u0151 b\u00f3nusz sportfogad\u00e1sra \u00e9s kaszin\u00f3ra, heti cashback, ingyenes fogad\u00e1sok \u00e9s exkluz\u00edv prom\u00f3ci\u00f3k a rendszeres j\u00e1t\u00e9kosok sz\u00e1m\u00e1ra. Aktiv\u00e1lja m\u00e9g ma ezeket a j\u00f6vedelmez\u0151 aj\u00e1nlatokat!","robots":{"index":"index","follow":"follow","max-snippet":"max-snippet:-1","max-image-preview":"max-image-preview:large","max-video-preview":"max-video-preview:-1"},"canonical":"https:\/\/22bet.spot\/hu\/bonusz\/","og_locale":"hu_HU","og_type":"article","og_title":"22Bet b\u00f3nuszok 2026 \u2714\ufe0f Prom\u00f3ci\u00f3k, aj\u00e1nlatok \u00e9s jutalmak","og_description":"Tudjon meg mindent a 22Bet b\u00f3nuszokr\u00f3l \u2705 100% \u00fcdv\u00f6zl\u0151 b\u00f3nusz sportfogad\u00e1sra \u00e9s kaszin\u00f3ra, heti cashback, ingyenes fogad\u00e1sok \u00e9s exkluz\u00edv prom\u00f3ci\u00f3k a rendszeres j\u00e1t\u00e9kosok sz\u00e1m\u00e1ra. Aktiv\u00e1lja m\u00e9g ma ezeket a j\u00f6vedelmez\u0151 aj\u00e1nlatokat!","og_url":"https:\/\/22bet.spot\/hu\/bonusz\/","og_site_name":"22Bet Spot HU","article_modified_time":"2026-02-02T12:25:59+00:00","twitter_card":"summary_large_image","schema":{"@context":"https:\/\/schema.org","@graph":[{"@type":"WebPage","@id":"https:\/\/22bet.spot\/hu\/bonusz\/","url":"https:\/\/22bet.spot\/hu\/bonusz\/","name":"22Bet b\u00f3nuszok 2026 \u2714\ufe0f Prom\u00f3ci\u00f3k, aj\u00e1nlatok \u00e9s jutalmak","isPartOf":{"@id":"https:\/\/22bet.spot\/hu\/#website"},"datePublished":"2026-01-14T16:50:51+00:00","dateModified":"2026-02-02T12:25:59+00:00","description":"Tudjon meg mindent a 22Bet b\u00f3nuszokr\u00f3l \u2705 100% \u00fcdv\u00f6zl\u0151 b\u00f3nusz sportfogad\u00e1sra \u00e9s kaszin\u00f3ra, heti cashback, ingyenes fogad\u00e1sok \u00e9s exkluz\u00edv prom\u00f3ci\u00f3k a rendszeres j\u00e1t\u00e9kosok sz\u00e1m\u00e1ra. Aktiv\u00e1lja m\u00e9g ma ezeket a j\u00f6vedelmez\u0151 aj\u00e1nlatokat!","breadcrumb":{"@id":"https:\/\/22bet.spot\/hu\/bonusz\/#breadcrumb"},"inLanguage":"hu","potentialAction":[{"@type":"ReadAction","target":["https:\/\/22bet.spot\/hu\/bonusz\/"]}]},{"@type":"BreadcrumbList","@id":"https:\/\/22bet.spot\/hu\/bonusz\/#breadcrumb","itemListElement":[{"@type":"ListItem","position":1,"name":"Home","item":"https:\/\/22bet.spot\/hu\/"},{"@type":"ListItem","position":2,"name":"B\u00f3nusz"}]},{"@type":"WebSite","@id":"https:\/\/22bet.spot\/hu\/#website","url":"https:\/\/22bet.spot\/hu\/","name":"22Bet Spot HU","description":"","potentialAction":[{"@type":"SearchAction","target":{"@type":"EntryPoint","urlTemplate":"https:\/\/22bet.spot\/hu\/?s={search_term_string}"},"query-input":{"@type":"PropertyValueSpecification","valueRequired":true,"valueName":"search_term_string"}}],"inLanguage":"hu"}]}},"_links":{"self":[{"href":"https:\/\/22bet.spot\/hu\/wp-json\/wp\/v2\/pages\/1004","targetHints":{"allow":["GET"]}}],"collection":[{"href":"https:\/\/22bet.spot\/hu\/wp-json\/wp\/v2\/pages"}],"about":[{"href":"https:\/\/22bet.spot\/hu\/wp-json\/wp\/v2\/types\/page"}],"author":[{"embeddable":true,"href":"https:\/\/22bet.spot\/hu\/wp-json\/wp\/v2\/users\/1"}],"replies":[{"embeddable":true,"href":"https:\/\/22bet.spot\/hu\/wp-json\/wp\/v2\/comments?post=1004"}],"version-history":[{"count":5,"href":"https:\/\/22bet.spot\/hu\/wp-json\/wp\/v2\/pages\/1004\/revisions"}],"predecessor-version":[{"id":1220,"href":"https:\/\/22bet.spot\/hu\/wp-json\/wp\/v2\/pages\/1004\/revisions\/1220"}],"wp:attachment":[{"href":"https:\/\/22bet.spot\/hu\/wp-json\/wp\/v2\/media?parent=1004"}],"curies":[{"name":"wp","href":"https:\/\/api.w.org\/{rel}","templated":true}]}}