{"id":1084,"date":"2026-01-17T07:35:15","date_gmt":"2026-01-17T04:35:15","guid":{"rendered":"https:\/\/22bet.spot\/hu\/?page_id=1084"},"modified":"2026-02-02T15:11:07","modified_gmt":"2026-02-02T12:11:07","slug":"registration","status":"publish","type":"page","link":"https:\/\/22bet.spot\/hu\/registration\/","title":{"rendered":"Regisztr\u00e1ci\u00f3"},"content":{"rendered":"","protected":false},"excerpt":{"rendered":"","protected":false},"author":1,"featured_media":0,"parent":0,"menu_order":0,"comment_status":"closed","ping_status":"closed","template":"","meta":{"_acf_changed":false,"footnotes":""},"class_list":["post-1084","page","type-page","status-publish","hentry"],"acf":[],"yoast_head":"<!-- This site is optimized with the Yoast SEO plugin v26.7 - https:\/\/yoast.com\/wordpress\/plugins\/seo\/ -->\n<title>22Bet fi\u00f3k regisztr\u00e1ci\u00f3 \u2714\ufe0f Profil l\u00e9trehoz\u00e1sa \u00e9s j\u00e1t\u00e9k 2026<\/title>\n<meta name=\"description\" content=\"Tudja meg, hogyan regisztr\u00e1lhat a 22Bet-en p\u00e1r perc alatt \u2705 v\u00e1lasszon egy m\u00f3dszert (telefon, e-mail vagy k\u00f6z\u00f6ss\u00e9gi m\u00e9dia), t\u00f6ltse ki az \u0171rlapot, er\u0151s\u00edtse meg fi\u00f3kj\u00e1t, \u00e9s m\u00e1ris hozz\u00e1f\u00e9rhet a fogad\u00e1sokhoz \u00e9s kaszin\u00f3 j\u00e1t\u00e9kokhoz minden eszk\u00f6z\u00f6n.\" \/>\n<meta name=\"robots\" content=\"index, follow, max-snippet:-1, max-image-preview:large, max-video-preview:-1\" \/>\n<link rel=\"canonical\" href=\"https:\/\/22bet.spot\/hu\/registration\/\" \/>\n<meta property=\"og:locale\" content=\"hu_HU\" \/>\n<meta property=\"og:type\" content=\"article\" \/>\n<meta property=\"og:title\" content=\"22Bet fi\u00f3k regisztr\u00e1ci\u00f3 \u2714\ufe0f Profil l\u00e9trehoz\u00e1sa \u00e9s j\u00e1t\u00e9k 2026\" \/>\n<meta property=\"og:description\" content=\"Tudja meg, hogyan regisztr\u00e1lhat a 22Bet-en p\u00e1r perc alatt \u2705 v\u00e1lasszon egy m\u00f3dszert (telefon, e-mail vagy k\u00f6z\u00f6ss\u00e9gi m\u00e9dia), t\u00f6ltse ki az \u0171rlapot, er\u0151s\u00edtse meg fi\u00f3kj\u00e1t, \u00e9s m\u00e1ris hozz\u00e1f\u00e9rhet a fogad\u00e1sokhoz \u00e9s kaszin\u00f3 j\u00e1t\u00e9kokhoz minden eszk\u00f6z\u00f6n.\" \/>\n<meta property=\"og:url\" content=\"https:\/\/22bet.spot\/hu\/registration\/\" \/>\n<meta property=\"og:site_name\" content=\"22Bet Spot HU\" \/>\n<meta property=\"article:modified_time\" content=\"2026-02-02T12:11:07+00:00\" \/>\n<meta name=\"twitter:card\" content=\"summary_large_image\" \/>\n<script type=\"application\/ld+json\" class=\"yoast-schema-graph\">{\"@context\":\"https:\/\/schema.org\",\"@graph\":[{\"@type\":\"WebPage\",\"@id\":\"https:\/\/22bet.spot\/hu\/registration\/\",\"url\":\"https:\/\/22bet.spot\/hu\/registration\/\",\"name\":\"22Bet fi\u00f3k regisztr\u00e1ci\u00f3 \u2714\ufe0f Profil l\u00e9trehoz\u00e1sa \u00e9s j\u00e1t\u00e9k 2026\",\"isPartOf\":{\"@id\":\"https:\/\/22bet.spot\/hu\/#website\"},\"datePublished\":\"2026-01-17T04:35:15+00:00\",\"dateModified\":\"2026-02-02T12:11:07+00:00\",\"description\":\"Tudja meg, hogyan regisztr\u00e1lhat a 22Bet-en p\u00e1r perc alatt \u2705 v\u00e1lasszon egy m\u00f3dszert (telefon, e-mail vagy k\u00f6z\u00f6ss\u00e9gi m\u00e9dia), t\u00f6ltse ki az \u0171rlapot, er\u0151s\u00edtse meg fi\u00f3kj\u00e1t, \u00e9s m\u00e1ris hozz\u00e1f\u00e9rhet a fogad\u00e1sokhoz \u00e9s kaszin\u00f3 j\u00e1t\u00e9kokhoz minden eszk\u00f6z\u00f6n.\",\"breadcrumb\":{\"@id\":\"https:\/\/22bet.spot\/hu\/registration\/#breadcrumb\"},\"inLanguage\":\"hu\",\"potentialAction\":[{\"@type\":\"ReadAction\",\"target\":[\"https:\/\/22bet.spot\/hu\/registration\/\"]}]},{\"@type\":\"BreadcrumbList\",\"@id\":\"https:\/\/22bet.spot\/hu\/registration\/#breadcrumb\",\"itemListElement\":[{\"@type\":\"ListItem\",\"position\":1,\"name\":\"Home\",\"item\":\"https:\/\/22bet.spot\/hu\/\"},{\"@type\":\"ListItem\",\"position\":2,\"name\":\"Regisztr\u00e1ci\u00f3\"}]},{\"@type\":\"WebSite\",\"@id\":\"https:\/\/22bet.spot\/hu\/#website\",\"url\":\"https:\/\/22bet.spot\/hu\/\",\"name\":\"22Bet Spot HU\",\"description\":\"\",\"potentialAction\":[{\"@type\":\"SearchAction\",\"target\":{\"@type\":\"EntryPoint\",\"urlTemplate\":\"https:\/\/22bet.spot\/hu\/?s={search_term_string}\"},\"query-input\":{\"@type\":\"PropertyValueSpecification\",\"valueRequired\":true,\"valueName\":\"search_term_string\"}}],\"inLanguage\":\"hu\"}]}<\/script>\n<!-- \/ Yoast SEO plugin. -->","yoast_head_json":{"title":"22Bet fi\u00f3k regisztr\u00e1ci\u00f3 \u2714\ufe0f Profil l\u00e9trehoz\u00e1sa \u00e9s j\u00e1t\u00e9k 2026","description":"Tudja meg, hogyan regisztr\u00e1lhat a 22Bet-en p\u00e1r perc alatt \u2705 v\u00e1lasszon egy m\u00f3dszert (telefon, e-mail vagy k\u00f6z\u00f6ss\u00e9gi m\u00e9dia), t\u00f6ltse ki az \u0171rlapot, er\u0151s\u00edtse meg fi\u00f3kj\u00e1t, \u00e9s m\u00e1ris hozz\u00e1f\u00e9rhet a fogad\u00e1sokhoz \u00e9s kaszin\u00f3 j\u00e1t\u00e9kokhoz minden eszk\u00f6z\u00f6n.","robots":{"index":"index","follow":"follow","max-snippet":"max-snippet:-1","max-image-preview":"max-image-preview:large","max-video-preview":"max-video-preview:-1"},"canonical":"https:\/\/22bet.spot\/hu\/registration\/","og_locale":"hu_HU","og_type":"article","og_title":"22Bet fi\u00f3k regisztr\u00e1ci\u00f3 \u2714\ufe0f Profil l\u00e9trehoz\u00e1sa \u00e9s j\u00e1t\u00e9k 2026","og_description":"Tudja meg, hogyan regisztr\u00e1lhat a 22Bet-en p\u00e1r perc alatt \u2705 v\u00e1lasszon egy m\u00f3dszert (telefon, e-mail vagy k\u00f6z\u00f6ss\u00e9gi m\u00e9dia), t\u00f6ltse ki az \u0171rlapot, er\u0151s\u00edtse meg fi\u00f3kj\u00e1t, \u00e9s m\u00e1ris hozz\u00e1f\u00e9rhet a fogad\u00e1sokhoz \u00e9s kaszin\u00f3 j\u00e1t\u00e9kokhoz minden eszk\u00f6z\u00f6n.","og_url":"https:\/\/22bet.spot\/hu\/registration\/","og_site_name":"22Bet Spot HU","article_modified_time":"2026-02-02T12:11:07+00:00","twitter_card":"summary_large_image","schema":{"@context":"https:\/\/schema.org","@graph":[{"@type":"WebPage","@id":"https:\/\/22bet.spot\/hu\/registration\/","url":"https:\/\/22bet.spot\/hu\/registration\/","name":"22Bet fi\u00f3k regisztr\u00e1ci\u00f3 \u2714\ufe0f Profil l\u00e9trehoz\u00e1sa \u00e9s j\u00e1t\u00e9k 2026","isPartOf":{"@id":"https:\/\/22bet.spot\/hu\/#website"},"datePublished":"2026-01-17T04:35:15+00:00","dateModified":"2026-02-02T12:11:07+00:00","description":"Tudja meg, hogyan regisztr\u00e1lhat a 22Bet-en p\u00e1r perc alatt \u2705 v\u00e1lasszon egy m\u00f3dszert (telefon, e-mail vagy k\u00f6z\u00f6ss\u00e9gi m\u00e9dia), t\u00f6ltse ki az \u0171rlapot, er\u0151s\u00edtse meg fi\u00f3kj\u00e1t, \u00e9s m\u00e1ris hozz\u00e1f\u00e9rhet a fogad\u00e1sokhoz \u00e9s kaszin\u00f3 j\u00e1t\u00e9kokhoz minden eszk\u00f6z\u00f6n.","breadcrumb":{"@id":"https:\/\/22bet.spot\/hu\/registration\/#breadcrumb"},"inLanguage":"hu","potentialAction":[{"@type":"ReadAction","target":["https:\/\/22bet.spot\/hu\/registration\/"]}]},{"@type":"BreadcrumbList","@id":"https:\/\/22bet.spot\/hu\/registration\/#breadcrumb","itemListElement":[{"@type":"ListItem","position":1,"name":"Home","item":"https:\/\/22bet.spot\/hu\/"},{"@type":"ListItem","position":2,"name":"Regisztr\u00e1ci\u00f3"}]},{"@type":"WebSite","@id":"https:\/\/22bet.spot\/hu\/#website","url":"https:\/\/22bet.spot\/hu\/","name":"22Bet Spot HU","description":"","potentialAction":[{"@type":"SearchAction","target":{"@type":"EntryPoint","urlTemplate":"https:\/\/22bet.spot\/hu\/?s={search_term_string}"},"query-input":{"@type":"PropertyValueSpecification","valueRequired":true,"valueName":"search_term_string"}}],"inLanguage":"hu"}]}},"_links":{"self":[{"href":"https:\/\/22bet.spot\/hu\/wp-json\/wp\/v2\/pages\/1084","targetHints":{"allow":["GET"]}}],"collection":[{"href":"https:\/\/22bet.spot\/hu\/wp-json\/wp\/v2\/pages"}],"about":[{"href":"https:\/\/22bet.spot\/hu\/wp-json\/wp\/v2\/types\/page"}],"author":[{"embeddable":true,"href":"https:\/\/22bet.spot\/hu\/wp-json\/wp\/v2\/users\/1"}],"replies":[{"embeddable":true,"href":"https:\/\/22bet.spot\/hu\/wp-json\/wp\/v2\/comments?post=1084"}],"version-history":[{"count":4,"href":"https:\/\/22bet.spot\/hu\/wp-json\/wp\/v2\/pages\/1084\/revisions"}],"predecessor-version":[{"id":1218,"href":"https:\/\/22bet.spot\/hu\/wp-json\/wp\/v2\/pages\/1084\/revisions\/1218"}],"wp:attachment":[{"href":"https:\/\/22bet.spot\/hu\/wp-json\/wp\/v2\/media?parent=1084"}],"curies":[{"name":"wp","href":"https:\/\/api.w.org\/{rel}","templated":true}]}}