{"id":1004,"date":"2026-01-14T19:50:51","date_gmt":"2026-01-14T16:50:51","guid":{"rendered":"https:\/\/22bet.spot\/pl\/?page_id=1004"},"modified":"2026-04-07T15:05:15","modified_gmt":"2026-04-07T12:05:15","slug":"bonus","status":"publish","type":"page","link":"https:\/\/22bet.spot\/pl\/bonus\/","title":{"rendered":"Bonus"},"content":{"rendered":"","protected":false},"excerpt":{"rendered":"","protected":false},"author":1,"featured_media":0,"parent":0,"menu_order":0,"comment_status":"closed","ping_status":"closed","template":"","meta":{"_acf_changed":false,"footnotes":""},"class_list":["post-1004","page","type-page","status-publish","hentry"],"acf":[],"yoast_head":"<!-- This site is optimized with the Yoast SEO plugin v26.7 - https:\/\/yoast.com\/wordpress\/plugins\/seo\/ -->\n<title>Bonusy 22Bet 2026 \u2714\ufe0f Promocje, oferty i nagrody<\/title>\n<meta name=\"description\" content=\"Dowiedz si\u0119 wszystkiego o bonusach 22Bet \u2705 100% bonus powitalny na zak\u0142ady sportowe i kasyno, cotygodniowy zwrot got\u00f3wki, darmowe zak\u0142ady oraz ekskluzywne promocje dla sta\u0142ych graczy. Skorzystaj z tych atrakcyjnych ofert ju\u017c dzi\u015b!\" \/>\n<meta name=\"robots\" content=\"index, follow, max-snippet:-1, max-image-preview:large, max-video-preview:-1\" \/>\n<link rel=\"canonical\" href=\"https:\/\/22bet.spot\/pl\/bonus\/\" \/>\n<meta property=\"og:locale\" content=\"pl_PL\" \/>\n<meta property=\"og:type\" content=\"article\" \/>\n<meta property=\"og:title\" content=\"Bonusy 22Bet 2026 \u2714\ufe0f Promocje, oferty i nagrody\" \/>\n<meta property=\"og:description\" content=\"Dowiedz si\u0119 wszystkiego o bonusach 22Bet \u2705 100% bonus powitalny na zak\u0142ady sportowe i kasyno, cotygodniowy zwrot got\u00f3wki, darmowe zak\u0142ady oraz ekskluzywne promocje dla sta\u0142ych graczy. Skorzystaj z tych atrakcyjnych ofert ju\u017c dzi\u015b!\" \/>\n<meta property=\"og:url\" content=\"https:\/\/22bet.spot\/pl\/bonus\/\" \/>\n<meta property=\"og:site_name\" content=\"22Bet Spot PL\" \/>\n<meta property=\"article:modified_time\" content=\"2026-04-07T12:05:15+00:00\" \/>\n<meta name=\"twitter:card\" content=\"summary_large_image\" \/>\n<script type=\"application\/ld+json\" class=\"yoast-schema-graph\">{\"@context\":\"https:\/\/schema.org\",\"@graph\":[{\"@type\":\"WebPage\",\"@id\":\"https:\/\/22bet.spot\/pl\/bonus\/\",\"url\":\"https:\/\/22bet.spot\/pl\/bonus\/\",\"name\":\"Bonusy 22Bet 2026 \u2714\ufe0f Promocje, oferty i nagrody\",\"isPartOf\":{\"@id\":\"https:\/\/22bet.spot\/pl\/#website\"},\"datePublished\":\"2026-01-14T16:50:51+00:00\",\"dateModified\":\"2026-04-07T12:05:15+00:00\",\"description\":\"Dowiedz si\u0119 wszystkiego o bonusach 22Bet \u2705 100% bonus powitalny na zak\u0142ady sportowe i kasyno, cotygodniowy zwrot got\u00f3wki, darmowe zak\u0142ady oraz ekskluzywne promocje dla sta\u0142ych graczy. Skorzystaj z tych atrakcyjnych ofert ju\u017c dzi\u015b!\",\"breadcrumb\":{\"@id\":\"https:\/\/22bet.spot\/pl\/bonus\/#breadcrumb\"},\"inLanguage\":\"pl-PL\",\"potentialAction\":[{\"@type\":\"ReadAction\",\"target\":[\"https:\/\/22bet.spot\/pl\/bonus\/\"]}]},{\"@type\":\"BreadcrumbList\",\"@id\":\"https:\/\/22bet.spot\/pl\/bonus\/#breadcrumb\",\"itemListElement\":[{\"@type\":\"ListItem\",\"position\":1,\"name\":\"Home\",\"item\":\"https:\/\/22bet.spot\/pl\/\"},{\"@type\":\"ListItem\",\"position\":2,\"name\":\"Bonus\"}]},{\"@type\":\"WebSite\",\"@id\":\"https:\/\/22bet.spot\/pl\/#website\",\"url\":\"https:\/\/22bet.spot\/pl\/\",\"name\":\"22Bet Spot PL\",\"description\":\"\",\"potentialAction\":[{\"@type\":\"SearchAction\",\"target\":{\"@type\":\"EntryPoint\",\"urlTemplate\":\"https:\/\/22bet.spot\/pl\/?s={search_term_string}\"},\"query-input\":{\"@type\":\"PropertyValueSpecification\",\"valueRequired\":true,\"valueName\":\"search_term_string\"}}],\"inLanguage\":\"pl-PL\"}]}<\/script>\n<!-- \/ Yoast SEO plugin. -->","yoast_head_json":{"title":"Bonusy 22Bet 2026 \u2714\ufe0f Promocje, oferty i nagrody","description":"Dowiedz si\u0119 wszystkiego o bonusach 22Bet \u2705 100% bonus powitalny na zak\u0142ady sportowe i kasyno, cotygodniowy zwrot got\u00f3wki, darmowe zak\u0142ady oraz ekskluzywne promocje dla sta\u0142ych graczy. Skorzystaj z tych atrakcyjnych ofert ju\u017c dzi\u015b!","robots":{"index":"index","follow":"follow","max-snippet":"max-snippet:-1","max-image-preview":"max-image-preview:large","max-video-preview":"max-video-preview:-1"},"canonical":"https:\/\/22bet.spot\/pl\/bonus\/","og_locale":"pl_PL","og_type":"article","og_title":"Bonusy 22Bet 2026 \u2714\ufe0f Promocje, oferty i nagrody","og_description":"Dowiedz si\u0119 wszystkiego o bonusach 22Bet \u2705 100% bonus powitalny na zak\u0142ady sportowe i kasyno, cotygodniowy zwrot got\u00f3wki, darmowe zak\u0142ady oraz ekskluzywne promocje dla sta\u0142ych graczy. Skorzystaj z tych atrakcyjnych ofert ju\u017c dzi\u015b!","og_url":"https:\/\/22bet.spot\/pl\/bonus\/","og_site_name":"22Bet Spot PL","article_modified_time":"2026-04-07T12:05:15+00:00","twitter_card":"summary_large_image","schema":{"@context":"https:\/\/schema.org","@graph":[{"@type":"WebPage","@id":"https:\/\/22bet.spot\/pl\/bonus\/","url":"https:\/\/22bet.spot\/pl\/bonus\/","name":"Bonusy 22Bet 2026 \u2714\ufe0f Promocje, oferty i nagrody","isPartOf":{"@id":"https:\/\/22bet.spot\/pl\/#website"},"datePublished":"2026-01-14T16:50:51+00:00","dateModified":"2026-04-07T12:05:15+00:00","description":"Dowiedz si\u0119 wszystkiego o bonusach 22Bet \u2705 100% bonus powitalny na zak\u0142ady sportowe i kasyno, cotygodniowy zwrot got\u00f3wki, darmowe zak\u0142ady oraz ekskluzywne promocje dla sta\u0142ych graczy. Skorzystaj z tych atrakcyjnych ofert ju\u017c dzi\u015b!","breadcrumb":{"@id":"https:\/\/22bet.spot\/pl\/bonus\/#breadcrumb"},"inLanguage":"pl-PL","potentialAction":[{"@type":"ReadAction","target":["https:\/\/22bet.spot\/pl\/bonus\/"]}]},{"@type":"BreadcrumbList","@id":"https:\/\/22bet.spot\/pl\/bonus\/#breadcrumb","itemListElement":[{"@type":"ListItem","position":1,"name":"Home","item":"https:\/\/22bet.spot\/pl\/"},{"@type":"ListItem","position":2,"name":"Bonus"}]},{"@type":"WebSite","@id":"https:\/\/22bet.spot\/pl\/#website","url":"https:\/\/22bet.spot\/pl\/","name":"22Bet Spot PL","description":"","potentialAction":[{"@type":"SearchAction","target":{"@type":"EntryPoint","urlTemplate":"https:\/\/22bet.spot\/pl\/?s={search_term_string}"},"query-input":{"@type":"PropertyValueSpecification","valueRequired":true,"valueName":"search_term_string"}}],"inLanguage":"pl-PL"}]}},"_links":{"self":[{"href":"https:\/\/22bet.spot\/pl\/wp-json\/wp\/v2\/pages\/1004","targetHints":{"allow":["GET"]}}],"collection":[{"href":"https:\/\/22bet.spot\/pl\/wp-json\/wp\/v2\/pages"}],"about":[{"href":"https:\/\/22bet.spot\/pl\/wp-json\/wp\/v2\/types\/page"}],"author":[{"embeddable":true,"href":"https:\/\/22bet.spot\/pl\/wp-json\/wp\/v2\/users\/1"}],"replies":[{"embeddable":true,"href":"https:\/\/22bet.spot\/pl\/wp-json\/wp\/v2\/comments?post=1004"}],"version-history":[{"count":5,"href":"https:\/\/22bet.spot\/pl\/wp-json\/wp\/v2\/pages\/1004\/revisions"}],"predecessor-version":[{"id":1214,"href":"https:\/\/22bet.spot\/pl\/wp-json\/wp\/v2\/pages\/1004\/revisions\/1214"}],"wp:attachment":[{"href":"https:\/\/22bet.spot\/pl\/wp-json\/wp\/v2\/media?parent=1004"}],"curies":[{"name":"wp","href":"https:\/\/api.w.org\/{rel}","templated":true}]}}