{"id":1051,"date":"2026-01-15T18:48:14","date_gmt":"2026-01-15T15:48:14","guid":{"rendered":"https:\/\/22bet.spot\/pl\/?page_id=1051"},"modified":"2026-04-07T16:08:26","modified_gmt":"2026-04-07T13:08:26","slug":"login","status":"publish","type":"page","link":"https:\/\/22bet.spot\/pl\/login\/","title":{"rendered":"Zaloguj si\u0119"},"content":{"rendered":"","protected":false},"excerpt":{"rendered":"","protected":false},"author":1,"featured_media":0,"parent":0,"menu_order":0,"comment_status":"closed","ping_status":"closed","template":"","meta":{"_acf_changed":false,"footnotes":""},"class_list":["post-1051","page","type-page","status-publish","hentry"],"acf":[],"yoast_head":"<!-- This site is optimized with the Yoast SEO plugin v26.7 - https:\/\/yoast.com\/wordpress\/plugins\/seo\/ -->\n<title>Zaloguj si\u0119 do serwisu 22Bet 2026 \u2714\ufe0f Wejd\u017a na swoje konto<\/title>\n<meta name=\"description\" content=\"Szybkie logowanie na konto 22Bet \u2705 \u2013 logowanie za pomoc\u0105 adresu e-mail\/numeru telefonu, has\u0142a, uwierzytelniania dwusk\u0142adnikowego (2FA) oraz opcji odzyskiwania has\u0142a. Korzystaj z zak\u0142ad\u00f3w, kasyna i bonus\u00f3w na komputerze, urz\u0105dzeniu z systemem Android lub iOS bez \u017cadnych ogranicze\u0144.\" \/>\n<meta name=\"robots\" content=\"index, follow, max-snippet:-1, max-image-preview:large, max-video-preview:-1\" \/>\n<link rel=\"canonical\" href=\"https:\/\/22bet.spot\/pl\/login\/\" \/>\n<meta property=\"og:locale\" content=\"pl_PL\" \/>\n<meta property=\"og:type\" content=\"article\" \/>\n<meta property=\"og:title\" content=\"Zaloguj si\u0119 do serwisu 22Bet 2026 \u2714\ufe0f Wejd\u017a na swoje konto\" \/>\n<meta property=\"og:description\" content=\"Szybkie logowanie na konto 22Bet \u2705 \u2013 logowanie za pomoc\u0105 adresu e-mail\/numeru telefonu, has\u0142a, uwierzytelniania dwusk\u0142adnikowego (2FA) oraz opcji odzyskiwania has\u0142a. Korzystaj z zak\u0142ad\u00f3w, kasyna i bonus\u00f3w na komputerze, urz\u0105dzeniu z systemem Android lub iOS bez \u017cadnych ogranicze\u0144.\" \/>\n<meta property=\"og:url\" content=\"https:\/\/22bet.spot\/pl\/login\/\" \/>\n<meta property=\"og:site_name\" content=\"22Bet Spot PL\" \/>\n<meta property=\"article:modified_time\" content=\"2026-04-07T13:08:26+00:00\" \/>\n<meta name=\"twitter:card\" content=\"summary_large_image\" \/>\n<script type=\"application\/ld+json\" class=\"yoast-schema-graph\">{\"@context\":\"https:\/\/schema.org\",\"@graph\":[{\"@type\":\"WebPage\",\"@id\":\"https:\/\/22bet.spot\/pl\/login\/\",\"url\":\"https:\/\/22bet.spot\/pl\/login\/\",\"name\":\"Zaloguj si\u0119 do serwisu 22Bet 2026 \u2714\ufe0f Wejd\u017a na swoje konto\",\"isPartOf\":{\"@id\":\"https:\/\/22bet.spot\/pl\/#website\"},\"datePublished\":\"2026-01-15T15:48:14+00:00\",\"dateModified\":\"2026-04-07T13:08:26+00:00\",\"description\":\"Szybkie logowanie na konto 22Bet \u2705 \u2013 logowanie za pomoc\u0105 adresu e-mail\/numeru telefonu, has\u0142a, uwierzytelniania dwusk\u0142adnikowego (2FA) oraz opcji odzyskiwania has\u0142a. Korzystaj z zak\u0142ad\u00f3w, kasyna i bonus\u00f3w na komputerze, urz\u0105dzeniu z systemem Android lub iOS bez \u017cadnych ogranicze\u0144.\",\"breadcrumb\":{\"@id\":\"https:\/\/22bet.spot\/pl\/login\/#breadcrumb\"},\"inLanguage\":\"pl-PL\",\"potentialAction\":[{\"@type\":\"ReadAction\",\"target\":[\"https:\/\/22bet.spot\/pl\/login\/\"]}]},{\"@type\":\"BreadcrumbList\",\"@id\":\"https:\/\/22bet.spot\/pl\/login\/#breadcrumb\",\"itemListElement\":[{\"@type\":\"ListItem\",\"position\":1,\"name\":\"Home\",\"item\":\"https:\/\/22bet.spot\/pl\/\"},{\"@type\":\"ListItem\",\"position\":2,\"name\":\"Zaloguj si\u0119\"}]},{\"@type\":\"WebSite\",\"@id\":\"https:\/\/22bet.spot\/pl\/#website\",\"url\":\"https:\/\/22bet.spot\/pl\/\",\"name\":\"22Bet Spot PL\",\"description\":\"\",\"potentialAction\":[{\"@type\":\"SearchAction\",\"target\":{\"@type\":\"EntryPoint\",\"urlTemplate\":\"https:\/\/22bet.spot\/pl\/?s={search_term_string}\"},\"query-input\":{\"@type\":\"PropertyValueSpecification\",\"valueRequired\":true,\"valueName\":\"search_term_string\"}}],\"inLanguage\":\"pl-PL\"}]}<\/script>\n<!-- \/ Yoast SEO plugin. -->","yoast_head_json":{"title":"Zaloguj si\u0119 do serwisu 22Bet 2026 \u2714\ufe0f Wejd\u017a na swoje konto","description":"Szybkie logowanie na konto 22Bet \u2705 \u2013 logowanie za pomoc\u0105 adresu e-mail\/numeru telefonu, has\u0142a, uwierzytelniania dwusk\u0142adnikowego (2FA) oraz opcji odzyskiwania has\u0142a. Korzystaj z zak\u0142ad\u00f3w, kasyna i bonus\u00f3w na komputerze, urz\u0105dzeniu z systemem Android lub iOS bez \u017cadnych ogranicze\u0144.","robots":{"index":"index","follow":"follow","max-snippet":"max-snippet:-1","max-image-preview":"max-image-preview:large","max-video-preview":"max-video-preview:-1"},"canonical":"https:\/\/22bet.spot\/pl\/login\/","og_locale":"pl_PL","og_type":"article","og_title":"Zaloguj si\u0119 do serwisu 22Bet 2026 \u2714\ufe0f Wejd\u017a na swoje konto","og_description":"Szybkie logowanie na konto 22Bet \u2705 \u2013 logowanie za pomoc\u0105 adresu e-mail\/numeru telefonu, has\u0142a, uwierzytelniania dwusk\u0142adnikowego (2FA) oraz opcji odzyskiwania has\u0142a. Korzystaj z zak\u0142ad\u00f3w, kasyna i bonus\u00f3w na komputerze, urz\u0105dzeniu z systemem Android lub iOS bez \u017cadnych ogranicze\u0144.","og_url":"https:\/\/22bet.spot\/pl\/login\/","og_site_name":"22Bet Spot PL","article_modified_time":"2026-04-07T13:08:26+00:00","twitter_card":"summary_large_image","schema":{"@context":"https:\/\/schema.org","@graph":[{"@type":"WebPage","@id":"https:\/\/22bet.spot\/pl\/login\/","url":"https:\/\/22bet.spot\/pl\/login\/","name":"Zaloguj si\u0119 do serwisu 22Bet 2026 \u2714\ufe0f Wejd\u017a na swoje konto","isPartOf":{"@id":"https:\/\/22bet.spot\/pl\/#website"},"datePublished":"2026-01-15T15:48:14+00:00","dateModified":"2026-04-07T13:08:26+00:00","description":"Szybkie logowanie na konto 22Bet \u2705 \u2013 logowanie za pomoc\u0105 adresu e-mail\/numeru telefonu, has\u0142a, uwierzytelniania dwusk\u0142adnikowego (2FA) oraz opcji odzyskiwania has\u0142a. Korzystaj z zak\u0142ad\u00f3w, kasyna i bonus\u00f3w na komputerze, urz\u0105dzeniu z systemem Android lub iOS bez \u017cadnych ogranicze\u0144.","breadcrumb":{"@id":"https:\/\/22bet.spot\/pl\/login\/#breadcrumb"},"inLanguage":"pl-PL","potentialAction":[{"@type":"ReadAction","target":["https:\/\/22bet.spot\/pl\/login\/"]}]},{"@type":"BreadcrumbList","@id":"https:\/\/22bet.spot\/pl\/login\/#breadcrumb","itemListElement":[{"@type":"ListItem","position":1,"name":"Home","item":"https:\/\/22bet.spot\/pl\/"},{"@type":"ListItem","position":2,"name":"Zaloguj si\u0119"}]},{"@type":"WebSite","@id":"https:\/\/22bet.spot\/pl\/#website","url":"https:\/\/22bet.spot\/pl\/","name":"22Bet Spot PL","description":"","potentialAction":[{"@type":"SearchAction","target":{"@type":"EntryPoint","urlTemplate":"https:\/\/22bet.spot\/pl\/?s={search_term_string}"},"query-input":{"@type":"PropertyValueSpecification","valueRequired":true,"valueName":"search_term_string"}}],"inLanguage":"pl-PL"}]}},"_links":{"self":[{"href":"https:\/\/22bet.spot\/pl\/wp-json\/wp\/v2\/pages\/1051","targetHints":{"allow":["GET"]}}],"collection":[{"href":"https:\/\/22bet.spot\/pl\/wp-json\/wp\/v2\/pages"}],"about":[{"href":"https:\/\/22bet.spot\/pl\/wp-json\/wp\/v2\/types\/page"}],"author":[{"embeddable":true,"href":"https:\/\/22bet.spot\/pl\/wp-json\/wp\/v2\/users\/1"}],"replies":[{"embeddable":true,"href":"https:\/\/22bet.spot\/pl\/wp-json\/wp\/v2\/comments?post=1051"}],"version-history":[{"count":5,"href":"https:\/\/22bet.spot\/pl\/wp-json\/wp\/v2\/pages\/1051\/revisions"}],"predecessor-version":[{"id":1219,"href":"https:\/\/22bet.spot\/pl\/wp-json\/wp\/v2\/pages\/1051\/revisions\/1219"}],"wp:attachment":[{"href":"https:\/\/22bet.spot\/pl\/wp-json\/wp\/v2\/media?parent=1051"}],"curies":[{"name":"wp","href":"https:\/\/api.w.org\/{rel}","templated":true}]}}