{"id":1084,"date":"2026-01-17T07:35:15","date_gmt":"2026-01-17T04:35:15","guid":{"rendered":"https:\/\/22bet.spot\/pl\/?page_id=1084"},"modified":"2026-04-07T16:30:06","modified_gmt":"2026-04-07T13:30:06","slug":"registration","status":"publish","type":"page","link":"https:\/\/22bet.spot\/pl\/registration\/","title":{"rendered":"Rejestracja"},"content":{"rendered":"","protected":false},"excerpt":{"rendered":"","protected":false},"author":1,"featured_media":0,"parent":0,"menu_order":0,"comment_status":"closed","ping_status":"closed","template":"","meta":{"_acf_changed":false,"footnotes":""},"class_list":["post-1084","page","type-page","status-publish","hentry"],"acf":[],"yoast_head":"<!-- This site is optimized with the Yoast SEO plugin v26.7 - https:\/\/yoast.com\/wordpress\/plugins\/seo\/ -->\n<title>Rejestracja konta w 22Bet \u2714\ufe0f Utw\u00f3rz profil i graj w 2026<\/title>\n<meta name=\"description\" content=\"Dowiedz si\u0119, jak zarejestrowa\u0107 si\u0119 w serwisie 22Bet w zaledwie kilka minut \u2705 wybierz metod\u0119 (telefon, e-mail lub media spo\u0142eczno\u015bciowe), wype\u0142nij formularz, potwierd\u017a swoje konto i uzyskaj dost\u0119p do zak\u0142ad\u00f3w bukmacherskich oraz gier kasynowych na wszystkich urz\u0105dzeniach.\" \/>\n<meta name=\"robots\" content=\"index, follow, max-snippet:-1, max-image-preview:large, max-video-preview:-1\" \/>\n<link rel=\"canonical\" href=\"https:\/\/22bet.spot\/pl\/registration\/\" \/>\n<meta property=\"og:locale\" content=\"pl_PL\" \/>\n<meta property=\"og:type\" content=\"article\" \/>\n<meta property=\"og:title\" content=\"Rejestracja konta w 22Bet \u2714\ufe0f Utw\u00f3rz profil i graj w 2026\" \/>\n<meta property=\"og:description\" content=\"Dowiedz si\u0119, jak zarejestrowa\u0107 si\u0119 w serwisie 22Bet w zaledwie kilka minut \u2705 wybierz metod\u0119 (telefon, e-mail lub media spo\u0142eczno\u015bciowe), wype\u0142nij formularz, potwierd\u017a swoje konto i uzyskaj dost\u0119p do zak\u0142ad\u00f3w bukmacherskich oraz gier kasynowych na wszystkich urz\u0105dzeniach.\" \/>\n<meta property=\"og:url\" content=\"https:\/\/22bet.spot\/pl\/registration\/\" \/>\n<meta property=\"og:site_name\" content=\"22Bet Spot PL\" \/>\n<meta property=\"article:modified_time\" content=\"2026-04-07T13:30:06+00:00\" \/>\n<meta name=\"twitter:card\" content=\"summary_large_image\" \/>\n<script type=\"application\/ld+json\" class=\"yoast-schema-graph\">{\"@context\":\"https:\/\/schema.org\",\"@graph\":[{\"@type\":\"WebPage\",\"@id\":\"https:\/\/22bet.spot\/pl\/registration\/\",\"url\":\"https:\/\/22bet.spot\/pl\/registration\/\",\"name\":\"Rejestracja konta w 22Bet \u2714\ufe0f Utw\u00f3rz profil i graj w 2026\",\"isPartOf\":{\"@id\":\"https:\/\/22bet.spot\/pl\/#website\"},\"datePublished\":\"2026-01-17T04:35:15+00:00\",\"dateModified\":\"2026-04-07T13:30:06+00:00\",\"description\":\"Dowiedz si\u0119, jak zarejestrowa\u0107 si\u0119 w serwisie 22Bet w zaledwie kilka minut \u2705 wybierz metod\u0119 (telefon, e-mail lub media spo\u0142eczno\u015bciowe), wype\u0142nij formularz, potwierd\u017a swoje konto i uzyskaj dost\u0119p do zak\u0142ad\u00f3w bukmacherskich oraz gier kasynowych na wszystkich urz\u0105dzeniach.\",\"breadcrumb\":{\"@id\":\"https:\/\/22bet.spot\/pl\/registration\/#breadcrumb\"},\"inLanguage\":\"pl-PL\",\"potentialAction\":[{\"@type\":\"ReadAction\",\"target\":[\"https:\/\/22bet.spot\/pl\/registration\/\"]}]},{\"@type\":\"BreadcrumbList\",\"@id\":\"https:\/\/22bet.spot\/pl\/registration\/#breadcrumb\",\"itemListElement\":[{\"@type\":\"ListItem\",\"position\":1,\"name\":\"Home\",\"item\":\"https:\/\/22bet.spot\/pl\/\"},{\"@type\":\"ListItem\",\"position\":2,\"name\":\"Rejestracja\"}]},{\"@type\":\"WebSite\",\"@id\":\"https:\/\/22bet.spot\/pl\/#website\",\"url\":\"https:\/\/22bet.spot\/pl\/\",\"name\":\"22Bet Spot PL\",\"description\":\"\",\"potentialAction\":[{\"@type\":\"SearchAction\",\"target\":{\"@type\":\"EntryPoint\",\"urlTemplate\":\"https:\/\/22bet.spot\/pl\/?s={search_term_string}\"},\"query-input\":{\"@type\":\"PropertyValueSpecification\",\"valueRequired\":true,\"valueName\":\"search_term_string\"}}],\"inLanguage\":\"pl-PL\"}]}<\/script>\n<!-- \/ Yoast SEO plugin. -->","yoast_head_json":{"title":"Rejestracja konta w 22Bet \u2714\ufe0f Utw\u00f3rz profil i graj w 2026","description":"Dowiedz si\u0119, jak zarejestrowa\u0107 si\u0119 w serwisie 22Bet w zaledwie kilka minut \u2705 wybierz metod\u0119 (telefon, e-mail lub media spo\u0142eczno\u015bciowe), wype\u0142nij formularz, potwierd\u017a swoje konto i uzyskaj dost\u0119p do zak\u0142ad\u00f3w bukmacherskich oraz gier kasynowych na wszystkich urz\u0105dzeniach.","robots":{"index":"index","follow":"follow","max-snippet":"max-snippet:-1","max-image-preview":"max-image-preview:large","max-video-preview":"max-video-preview:-1"},"canonical":"https:\/\/22bet.spot\/pl\/registration\/","og_locale":"pl_PL","og_type":"article","og_title":"Rejestracja konta w 22Bet \u2714\ufe0f Utw\u00f3rz profil i graj w 2026","og_description":"Dowiedz si\u0119, jak zarejestrowa\u0107 si\u0119 w serwisie 22Bet w zaledwie kilka minut \u2705 wybierz metod\u0119 (telefon, e-mail lub media spo\u0142eczno\u015bciowe), wype\u0142nij formularz, potwierd\u017a swoje konto i uzyskaj dost\u0119p do zak\u0142ad\u00f3w bukmacherskich oraz gier kasynowych na wszystkich urz\u0105dzeniach.","og_url":"https:\/\/22bet.spot\/pl\/registration\/","og_site_name":"22Bet Spot PL","article_modified_time":"2026-04-07T13:30:06+00:00","twitter_card":"summary_large_image","schema":{"@context":"https:\/\/schema.org","@graph":[{"@type":"WebPage","@id":"https:\/\/22bet.spot\/pl\/registration\/","url":"https:\/\/22bet.spot\/pl\/registration\/","name":"Rejestracja konta w 22Bet \u2714\ufe0f Utw\u00f3rz profil i graj w 2026","isPartOf":{"@id":"https:\/\/22bet.spot\/pl\/#website"},"datePublished":"2026-01-17T04:35:15+00:00","dateModified":"2026-04-07T13:30:06+00:00","description":"Dowiedz si\u0119, jak zarejestrowa\u0107 si\u0119 w serwisie 22Bet w zaledwie kilka minut \u2705 wybierz metod\u0119 (telefon, e-mail lub media spo\u0142eczno\u015bciowe), wype\u0142nij formularz, potwierd\u017a swoje konto i uzyskaj dost\u0119p do zak\u0142ad\u00f3w bukmacherskich oraz gier kasynowych na wszystkich urz\u0105dzeniach.","breadcrumb":{"@id":"https:\/\/22bet.spot\/pl\/registration\/#breadcrumb"},"inLanguage":"pl-PL","potentialAction":[{"@type":"ReadAction","target":["https:\/\/22bet.spot\/pl\/registration\/"]}]},{"@type":"BreadcrumbList","@id":"https:\/\/22bet.spot\/pl\/registration\/#breadcrumb","itemListElement":[{"@type":"ListItem","position":1,"name":"Home","item":"https:\/\/22bet.spot\/pl\/"},{"@type":"ListItem","position":2,"name":"Rejestracja"}]},{"@type":"WebSite","@id":"https:\/\/22bet.spot\/pl\/#website","url":"https:\/\/22bet.spot\/pl\/","name":"22Bet Spot PL","description":"","potentialAction":[{"@type":"SearchAction","target":{"@type":"EntryPoint","urlTemplate":"https:\/\/22bet.spot\/pl\/?s={search_term_string}"},"query-input":{"@type":"PropertyValueSpecification","valueRequired":true,"valueName":"search_term_string"}}],"inLanguage":"pl-PL"}]}},"_links":{"self":[{"href":"https:\/\/22bet.spot\/pl\/wp-json\/wp\/v2\/pages\/1084","targetHints":{"allow":["GET"]}}],"collection":[{"href":"https:\/\/22bet.spot\/pl\/wp-json\/wp\/v2\/pages"}],"about":[{"href":"https:\/\/22bet.spot\/pl\/wp-json\/wp\/v2\/types\/page"}],"author":[{"embeddable":true,"href":"https:\/\/22bet.spot\/pl\/wp-json\/wp\/v2\/users\/1"}],"replies":[{"embeddable":true,"href":"https:\/\/22bet.spot\/pl\/wp-json\/wp\/v2\/comments?post=1084"}],"version-history":[{"count":5,"href":"https:\/\/22bet.spot\/pl\/wp-json\/wp\/v2\/pages\/1084\/revisions"}],"predecessor-version":[{"id":1221,"href":"https:\/\/22bet.spot\/pl\/wp-json\/wp\/v2\/pages\/1084\/revisions\/1221"}],"wp:attachment":[{"href":"https:\/\/22bet.spot\/pl\/wp-json\/wp\/v2\/media?parent=1084"}],"curies":[{"name":"wp","href":"https:\/\/api.w.org\/{rel}","templated":true}]}}