{"id":1114,"date":"2026-01-18T09:10:57","date_gmt":"2026-01-18T06:10:57","guid":{"rendered":"https:\/\/22bet.spot\/pl\/?page_id=1114"},"modified":"2026-04-07T12:24:43","modified_gmt":"2026-04-07T09:24:43","slug":"affiliate","status":"publish","type":"page","link":"https:\/\/22bet.spot\/pl\/affiliate\/","title":{"rendered":"Partner"},"content":{"rendered":"","protected":false},"excerpt":{"rendered":"","protected":false},"author":1,"featured_media":0,"parent":0,"menu_order":0,"comment_status":"closed","ping_status":"closed","template":"","meta":{"_acf_changed":false,"footnotes":""},"class_list":["post-1114","page","type-page","status-publish","hentry"],"acf":[],"yoast_head":"<!-- This site is optimized with the Yoast SEO plugin v26.7 - https:\/\/yoast.com\/wordpress\/plugins\/seo\/ -->\n<title>Partnerzy 22Bet 2026 program partnerski<\/title>\n<meta name=\"description\" content=\"Do\u0142\u0105cz do programu partnerskiego 22Bet \u2705 i zarabiaj nawet 50% prowizji od obrot\u00f3w (RevShare) lub wynagrodzenia za pozyskanego klienta (CPA), przyci\u0105gaj\u0105c graczy do sekcji sportowej i kasyna. Cotygodniowe wyp\u0142aty, materia\u0142y marketingowe i wsparcie.\" \/>\n<meta name=\"robots\" content=\"index, follow, max-snippet:-1, max-image-preview:large, max-video-preview:-1\" \/>\n<link rel=\"canonical\" href=\"https:\/\/22bet.spot\/pl\/affiliate\/\" \/>\n<meta property=\"og:locale\" content=\"pl_PL\" \/>\n<meta property=\"og:type\" content=\"article\" \/>\n<meta property=\"og:title\" content=\"Partnerzy 22Bet 2026 program partnerski\" \/>\n<meta property=\"og:description\" content=\"Do\u0142\u0105cz do programu partnerskiego 22Bet \u2705 i zarabiaj nawet 50% prowizji od obrot\u00f3w (RevShare) lub wynagrodzenia za pozyskanego klienta (CPA), przyci\u0105gaj\u0105c graczy do sekcji sportowej i kasyna. Cotygodniowe wyp\u0142aty, materia\u0142y marketingowe i wsparcie.\" \/>\n<meta property=\"og:url\" content=\"https:\/\/22bet.spot\/pl\/affiliate\/\" \/>\n<meta property=\"og:site_name\" content=\"22Bet Spot PL\" \/>\n<meta property=\"article:modified_time\" content=\"2026-04-07T09:24:43+00:00\" \/>\n<meta name=\"twitter:card\" content=\"summary_large_image\" \/>\n<script type=\"application\/ld+json\" class=\"yoast-schema-graph\">{\"@context\":\"https:\/\/schema.org\",\"@graph\":[{\"@type\":\"WebPage\",\"@id\":\"https:\/\/22bet.spot\/pl\/affiliate\/\",\"url\":\"https:\/\/22bet.spot\/pl\/affiliate\/\",\"name\":\"Partnerzy 22Bet 2026 program partnerski\",\"isPartOf\":{\"@id\":\"https:\/\/22bet.spot\/pl\/#website\"},\"datePublished\":\"2026-01-18T06:10:57+00:00\",\"dateModified\":\"2026-04-07T09:24:43+00:00\",\"description\":\"Do\u0142\u0105cz do programu partnerskiego 22Bet \u2705 i zarabiaj nawet 50% prowizji od obrot\u00f3w (RevShare) lub wynagrodzenia za pozyskanego klienta (CPA), przyci\u0105gaj\u0105c graczy do sekcji sportowej i kasyna. Cotygodniowe wyp\u0142aty, materia\u0142y marketingowe i wsparcie.\",\"breadcrumb\":{\"@id\":\"https:\/\/22bet.spot\/pl\/affiliate\/#breadcrumb\"},\"inLanguage\":\"pl-PL\",\"potentialAction\":[{\"@type\":\"ReadAction\",\"target\":[\"https:\/\/22bet.spot\/pl\/affiliate\/\"]}]},{\"@type\":\"BreadcrumbList\",\"@id\":\"https:\/\/22bet.spot\/pl\/affiliate\/#breadcrumb\",\"itemListElement\":[{\"@type\":\"ListItem\",\"position\":1,\"name\":\"Home\",\"item\":\"https:\/\/22bet.spot\/pl\/\"},{\"@type\":\"ListItem\",\"position\":2,\"name\":\"Partner\"}]},{\"@type\":\"WebSite\",\"@id\":\"https:\/\/22bet.spot\/pl\/#website\",\"url\":\"https:\/\/22bet.spot\/pl\/\",\"name\":\"22Bet Spot PL\",\"description\":\"\",\"potentialAction\":[{\"@type\":\"SearchAction\",\"target\":{\"@type\":\"EntryPoint\",\"urlTemplate\":\"https:\/\/22bet.spot\/pl\/?s={search_term_string}\"},\"query-input\":{\"@type\":\"PropertyValueSpecification\",\"valueRequired\":true,\"valueName\":\"search_term_string\"}}],\"inLanguage\":\"pl-PL\"}]}<\/script>\n<!-- \/ Yoast SEO plugin. -->","yoast_head_json":{"title":"Partnerzy 22Bet 2026 program partnerski","description":"Do\u0142\u0105cz do programu partnerskiego 22Bet \u2705 i zarabiaj nawet 50% prowizji od obrot\u00f3w (RevShare) lub wynagrodzenia za pozyskanego klienta (CPA), przyci\u0105gaj\u0105c graczy do sekcji sportowej i kasyna. Cotygodniowe wyp\u0142aty, materia\u0142y marketingowe i wsparcie.","robots":{"index":"index","follow":"follow","max-snippet":"max-snippet:-1","max-image-preview":"max-image-preview:large","max-video-preview":"max-video-preview:-1"},"canonical":"https:\/\/22bet.spot\/pl\/affiliate\/","og_locale":"pl_PL","og_type":"article","og_title":"Partnerzy 22Bet 2026 program partnerski","og_description":"Do\u0142\u0105cz do programu partnerskiego 22Bet \u2705 i zarabiaj nawet 50% prowizji od obrot\u00f3w (RevShare) lub wynagrodzenia za pozyskanego klienta (CPA), przyci\u0105gaj\u0105c graczy do sekcji sportowej i kasyna. Cotygodniowe wyp\u0142aty, materia\u0142y marketingowe i wsparcie.","og_url":"https:\/\/22bet.spot\/pl\/affiliate\/","og_site_name":"22Bet Spot PL","article_modified_time":"2026-04-07T09:24:43+00:00","twitter_card":"summary_large_image","schema":{"@context":"https:\/\/schema.org","@graph":[{"@type":"WebPage","@id":"https:\/\/22bet.spot\/pl\/affiliate\/","url":"https:\/\/22bet.spot\/pl\/affiliate\/","name":"Partnerzy 22Bet 2026 program partnerski","isPartOf":{"@id":"https:\/\/22bet.spot\/pl\/#website"},"datePublished":"2026-01-18T06:10:57+00:00","dateModified":"2026-04-07T09:24:43+00:00","description":"Do\u0142\u0105cz do programu partnerskiego 22Bet \u2705 i zarabiaj nawet 50% prowizji od obrot\u00f3w (RevShare) lub wynagrodzenia za pozyskanego klienta (CPA), przyci\u0105gaj\u0105c graczy do sekcji sportowej i kasyna. Cotygodniowe wyp\u0142aty, materia\u0142y marketingowe i wsparcie.","breadcrumb":{"@id":"https:\/\/22bet.spot\/pl\/affiliate\/#breadcrumb"},"inLanguage":"pl-PL","potentialAction":[{"@type":"ReadAction","target":["https:\/\/22bet.spot\/pl\/affiliate\/"]}]},{"@type":"BreadcrumbList","@id":"https:\/\/22bet.spot\/pl\/affiliate\/#breadcrumb","itemListElement":[{"@type":"ListItem","position":1,"name":"Home","item":"https:\/\/22bet.spot\/pl\/"},{"@type":"ListItem","position":2,"name":"Partner"}]},{"@type":"WebSite","@id":"https:\/\/22bet.spot\/pl\/#website","url":"https:\/\/22bet.spot\/pl\/","name":"22Bet Spot PL","description":"","potentialAction":[{"@type":"SearchAction","target":{"@type":"EntryPoint","urlTemplate":"https:\/\/22bet.spot\/pl\/?s={search_term_string}"},"query-input":{"@type":"PropertyValueSpecification","valueRequired":true,"valueName":"search_term_string"}}],"inLanguage":"pl-PL"}]}},"_links":{"self":[{"href":"https:\/\/22bet.spot\/pl\/wp-json\/wp\/v2\/pages\/1114","targetHints":{"allow":["GET"]}}],"collection":[{"href":"https:\/\/22bet.spot\/pl\/wp-json\/wp\/v2\/pages"}],"about":[{"href":"https:\/\/22bet.spot\/pl\/wp-json\/wp\/v2\/types\/page"}],"author":[{"embeddable":true,"href":"https:\/\/22bet.spot\/pl\/wp-json\/wp\/v2\/users\/1"}],"replies":[{"embeddable":true,"href":"https:\/\/22bet.spot\/pl\/wp-json\/wp\/v2\/comments?post=1114"}],"version-history":[{"count":5,"href":"https:\/\/22bet.spot\/pl\/wp-json\/wp\/v2\/pages\/1114\/revisions"}],"predecessor-version":[{"id":1209,"href":"https:\/\/22bet.spot\/pl\/wp-json\/wp\/v2\/pages\/1114\/revisions\/1209"}],"wp:attachment":[{"href":"https:\/\/22bet.spot\/pl\/wp-json\/wp\/v2\/media?parent=1114"}],"curies":[{"name":"wp","href":"https:\/\/api.w.org\/{rel}","templated":true}]}}