{"id":2,"date":"2025-08-22T14:28:47","date_gmt":"2025-08-22T11:28:47","guid":{"rendered":"https:\/\/22bet.spot\/pl\/?page_id=2"},"modified":"2026-04-07T15:52:04","modified_gmt":"2026-04-07T12:52:04","slug":"home","status":"publish","type":"page","link":"https:\/\/22bet.spot\/pl\/","title":{"rendered":"Strona g\u0142\u00f3wna"},"content":{"rendered":"","protected":false},"excerpt":{"rendered":"","protected":false},"author":1,"featured_media":0,"parent":0,"menu_order":0,"comment_status":"closed","ping_status":"closed","template":"","meta":{"_acf_changed":false,"footnotes":""},"class_list":["post-2","page","type-page","status-publish","hentry"],"acf":[],"yoast_head":"<!-- This site is optimized with the Yoast SEO plugin v26.7 - https:\/\/yoast.com\/wordpress\/plugins\/seo\/ -->\n<title>Bukmacher i kasyno 22Bet \u27a4 Bonus 100% do 500 PLN<\/title>\n<meta name=\"description\" content=\"22Bet to sprawdzona platforma bukmacherska, oferuj\u0105ca 100% bonus od pierwszej wp\u0142aty do kwoty 500 PLN. Szeroki wyb\u00f3r zak\u0142ad\u00f3w sportowych, gier kasynowych i gier hazardowych, bezpieczne p\u0142atno\u015bci oraz ca\u0142odobowa obs\u0142uga klienta!\" \/>\n<meta name=\"robots\" content=\"index, follow, max-snippet:-1, max-image-preview:large, max-video-preview:-1\" \/>\n<link rel=\"canonical\" href=\"https:\/\/22bet.spot\/pl\/\" \/>\n<meta property=\"og:locale\" content=\"pl_PL\" \/>\n<meta property=\"og:type\" content=\"article\" \/>\n<meta property=\"og:title\" content=\"Bukmacher i kasyno 22Bet \u27a4 Bonus 100% do 500 PLN\" \/>\n<meta property=\"og:description\" content=\"22Bet to sprawdzona platforma bukmacherska, oferuj\u0105ca 100% bonus od pierwszej wp\u0142aty do kwoty 500 PLN. Szeroki wyb\u00f3r zak\u0142ad\u00f3w sportowych, gier kasynowych i gier hazardowych, bezpieczne p\u0142atno\u015bci oraz ca\u0142odobowa obs\u0142uga klienta!\" \/>\n<meta property=\"og:url\" content=\"https:\/\/22bet.spot\/pl\/\" \/>\n<meta property=\"og:site_name\" content=\"22Bet Spot PL\" \/>\n<meta property=\"article:modified_time\" content=\"2026-04-07T12:52:04+00:00\" \/>\n<meta name=\"twitter:card\" content=\"summary_large_image\" \/>\n<script type=\"application\/ld+json\" class=\"yoast-schema-graph\">{\"@context\":\"https:\/\/schema.org\",\"@graph\":[{\"@type\":\"WebPage\",\"@id\":\"https:\/\/22bet.spot\/pl\/\",\"url\":\"https:\/\/22bet.spot\/pl\/\",\"name\":\"Bukmacher i kasyno 22Bet \u27a4 Bonus 100% do 500 PLN\",\"isPartOf\":{\"@id\":\"https:\/\/22bet.spot\/pl\/#website\"},\"datePublished\":\"2025-08-22T11:28:47+00:00\",\"dateModified\":\"2026-04-07T12:52:04+00:00\",\"description\":\"22Bet to sprawdzona platforma bukmacherska, oferuj\u0105ca 100% bonus od pierwszej wp\u0142aty do kwoty 500 PLN. Szeroki wyb\u00f3r zak\u0142ad\u00f3w sportowych, gier kasynowych i gier hazardowych, bezpieczne p\u0142atno\u015bci oraz ca\u0142odobowa obs\u0142uga klienta!\",\"breadcrumb\":{\"@id\":\"https:\/\/22bet.spot\/pl\/#breadcrumb\"},\"inLanguage\":\"pl-PL\",\"potentialAction\":[{\"@type\":\"ReadAction\",\"target\":[\"https:\/\/22bet.spot\/pl\/\"]}]},{\"@type\":\"BreadcrumbList\",\"@id\":\"https:\/\/22bet.spot\/pl\/#breadcrumb\",\"itemListElement\":[{\"@type\":\"ListItem\",\"position\":1,\"name\":\"Home\",\"item\":\"https:\/\/22bet.spot\/pl\/\"},{\"@type\":\"ListItem\",\"position\":2,\"name\":\"Strona g\u0142\u00f3wna\"}]},{\"@type\":\"WebSite\",\"@id\":\"https:\/\/22bet.spot\/pl\/#website\",\"url\":\"https:\/\/22bet.spot\/pl\/\",\"name\":\"22Bet Spot PL\",\"description\":\"\",\"potentialAction\":[{\"@type\":\"SearchAction\",\"target\":{\"@type\":\"EntryPoint\",\"urlTemplate\":\"https:\/\/22bet.spot\/pl\/?s={search_term_string}\"},\"query-input\":{\"@type\":\"PropertyValueSpecification\",\"valueRequired\":true,\"valueName\":\"search_term_string\"}}],\"inLanguage\":\"pl-PL\"}]}<\/script>\n<!-- \/ Yoast SEO plugin. -->","yoast_head_json":{"title":"Bukmacher i kasyno 22Bet \u27a4 Bonus 100% do 500 PLN","description":"22Bet to sprawdzona platforma bukmacherska, oferuj\u0105ca 100% bonus od pierwszej wp\u0142aty do kwoty 500 PLN. Szeroki wyb\u00f3r zak\u0142ad\u00f3w sportowych, gier kasynowych i gier hazardowych, bezpieczne p\u0142atno\u015bci oraz ca\u0142odobowa obs\u0142uga klienta!","robots":{"index":"index","follow":"follow","max-snippet":"max-snippet:-1","max-image-preview":"max-image-preview:large","max-video-preview":"max-video-preview:-1"},"canonical":"https:\/\/22bet.spot\/pl\/","og_locale":"pl_PL","og_type":"article","og_title":"Bukmacher i kasyno 22Bet \u27a4 Bonus 100% do 500 PLN","og_description":"22Bet to sprawdzona platforma bukmacherska, oferuj\u0105ca 100% bonus od pierwszej wp\u0142aty do kwoty 500 PLN. Szeroki wyb\u00f3r zak\u0142ad\u00f3w sportowych, gier kasynowych i gier hazardowych, bezpieczne p\u0142atno\u015bci oraz ca\u0142odobowa obs\u0142uga klienta!","og_url":"https:\/\/22bet.spot\/pl\/","og_site_name":"22Bet Spot PL","article_modified_time":"2026-04-07T12:52:04+00:00","twitter_card":"summary_large_image","schema":{"@context":"https:\/\/schema.org","@graph":[{"@type":"WebPage","@id":"https:\/\/22bet.spot\/pl\/","url":"https:\/\/22bet.spot\/pl\/","name":"Bukmacher i kasyno 22Bet \u27a4 Bonus 100% do 500 PLN","isPartOf":{"@id":"https:\/\/22bet.spot\/pl\/#website"},"datePublished":"2025-08-22T11:28:47+00:00","dateModified":"2026-04-07T12:52:04+00:00","description":"22Bet to sprawdzona platforma bukmacherska, oferuj\u0105ca 100% bonus od pierwszej wp\u0142aty do kwoty 500 PLN. Szeroki wyb\u00f3r zak\u0142ad\u00f3w sportowych, gier kasynowych i gier hazardowych, bezpieczne p\u0142atno\u015bci oraz ca\u0142odobowa obs\u0142uga klienta!","breadcrumb":{"@id":"https:\/\/22bet.spot\/pl\/#breadcrumb"},"inLanguage":"pl-PL","potentialAction":[{"@type":"ReadAction","target":["https:\/\/22bet.spot\/pl\/"]}]},{"@type":"BreadcrumbList","@id":"https:\/\/22bet.spot\/pl\/#breadcrumb","itemListElement":[{"@type":"ListItem","position":1,"name":"Home","item":"https:\/\/22bet.spot\/pl\/"},{"@type":"ListItem","position":2,"name":"Strona g\u0142\u00f3wna"}]},{"@type":"WebSite","@id":"https:\/\/22bet.spot\/pl\/#website","url":"https:\/\/22bet.spot\/pl\/","name":"22Bet Spot PL","description":"","potentialAction":[{"@type":"SearchAction","target":{"@type":"EntryPoint","urlTemplate":"https:\/\/22bet.spot\/pl\/?s={search_term_string}"},"query-input":{"@type":"PropertyValueSpecification","valueRequired":true,"valueName":"search_term_string"}}],"inLanguage":"pl-PL"}]}},"_links":{"self":[{"href":"https:\/\/22bet.spot\/pl\/wp-json\/wp\/v2\/pages\/2","targetHints":{"allow":["GET"]}}],"collection":[{"href":"https:\/\/22bet.spot\/pl\/wp-json\/wp\/v2\/pages"}],"about":[{"href":"https:\/\/22bet.spot\/pl\/wp-json\/wp\/v2\/types\/page"}],"author":[{"embeddable":true,"href":"https:\/\/22bet.spot\/pl\/wp-json\/wp\/v2\/users\/1"}],"replies":[{"embeddable":true,"href":"https:\/\/22bet.spot\/pl\/wp-json\/wp\/v2\/comments?post=2"}],"version-history":[{"count":5,"href":"https:\/\/22bet.spot\/pl\/wp-json\/wp\/v2\/pages\/2\/revisions"}],"predecessor-version":[{"id":1217,"href":"https:\/\/22bet.spot\/pl\/wp-json\/wp\/v2\/pages\/2\/revisions\/1217"}],"wp:attachment":[{"href":"https:\/\/22bet.spot\/pl\/wp-json\/wp\/v2\/media?parent=2"}],"curies":[{"name":"wp","href":"https:\/\/api.w.org\/{rel}","templated":true}]}}