{"id":853,"date":"2026-01-12T14:39:34","date_gmt":"2026-01-12T11:39:34","guid":{"rendered":"https:\/\/22bet.spot\/pl\/?page_id=853"},"modified":"2026-04-07T14:17:19","modified_gmt":"2026-04-07T11:17:19","slug":"app","status":"publish","type":"page","link":"https:\/\/22bet.spot\/pl\/app\/","title":{"rendered":"Aplikacja"},"content":{"rendered":"","protected":false},"excerpt":{"rendered":"","protected":false},"author":1,"featured_media":0,"parent":0,"menu_order":0,"comment_status":"closed","ping_status":"closed","template":"","meta":{"_acf_changed":false,"footnotes":""},"class_list":["post-853","page","type-page","status-publish","hentry"],"acf":[],"yoast_head":"<!-- This site is optimized with the Yoast SEO plugin v26.7 - https:\/\/yoast.com\/wordpress\/plugins\/seo\/ -->\n<title>Aplikacja 22Bet 2026 \u2705 Pobierz aplikacj\u0119 na Androida i iOS<\/title>\n<meta name=\"description\" content=\"Pobierz aplikacj\u0119 22Bet na Androida i iOS \u2714\ufe0f zak\u0142ady sportowe, kasyno na \u017cywo, bonusy i szybki dost\u0119p do swoich kont. Pe\u0142na funkcjonalno\u015b\u0107 strony internetowej w wygodnej aplikacji mobilnej ju\u017c teraz!\" \/>\n<meta name=\"robots\" content=\"index, follow, max-snippet:-1, max-image-preview:large, max-video-preview:-1\" \/>\n<link rel=\"canonical\" href=\"https:\/\/22bet.spot\/pl\/app\/\" \/>\n<meta property=\"og:locale\" content=\"pl_PL\" \/>\n<meta property=\"og:type\" content=\"article\" \/>\n<meta property=\"og:title\" content=\"Aplikacja 22Bet 2026 \u2705 Pobierz aplikacj\u0119 na Androida i iOS\" \/>\n<meta property=\"og:description\" content=\"Pobierz aplikacj\u0119 22Bet na Androida i iOS \u2714\ufe0f zak\u0142ady sportowe, kasyno na \u017cywo, bonusy i szybki dost\u0119p do swoich kont. Pe\u0142na funkcjonalno\u015b\u0107 strony internetowej w wygodnej aplikacji mobilnej ju\u017c teraz!\" \/>\n<meta property=\"og:url\" content=\"https:\/\/22bet.spot\/pl\/app\/\" \/>\n<meta property=\"og:site_name\" content=\"22Bet Spot PL\" \/>\n<meta property=\"article:modified_time\" content=\"2026-04-07T11:17:19+00:00\" \/>\n<meta name=\"twitter:card\" content=\"summary_large_image\" \/>\n<script type=\"application\/ld+json\" class=\"yoast-schema-graph\">{\"@context\":\"https:\/\/schema.org\",\"@graph\":[{\"@type\":\"WebPage\",\"@id\":\"https:\/\/22bet.spot\/pl\/app\/\",\"url\":\"https:\/\/22bet.spot\/pl\/app\/\",\"name\":\"Aplikacja 22Bet 2026 \u2705 Pobierz aplikacj\u0119 na Androida i iOS\",\"isPartOf\":{\"@id\":\"https:\/\/22bet.spot\/pl\/#website\"},\"datePublished\":\"2026-01-12T11:39:34+00:00\",\"dateModified\":\"2026-04-07T11:17:19+00:00\",\"description\":\"Pobierz aplikacj\u0119 22Bet na Androida i iOS \u2714\ufe0f zak\u0142ady sportowe, kasyno na \u017cywo, bonusy i szybki dost\u0119p do swoich kont. Pe\u0142na funkcjonalno\u015b\u0107 strony internetowej w wygodnej aplikacji mobilnej ju\u017c teraz!\",\"breadcrumb\":{\"@id\":\"https:\/\/22bet.spot\/pl\/app\/#breadcrumb\"},\"inLanguage\":\"pl-PL\",\"potentialAction\":[{\"@type\":\"ReadAction\",\"target\":[\"https:\/\/22bet.spot\/pl\/app\/\"]}]},{\"@type\":\"BreadcrumbList\",\"@id\":\"https:\/\/22bet.spot\/pl\/app\/#breadcrumb\",\"itemListElement\":[{\"@type\":\"ListItem\",\"position\":1,\"name\":\"Home\",\"item\":\"https:\/\/22bet.spot\/pl\/\"},{\"@type\":\"ListItem\",\"position\":2,\"name\":\"Aplikacja\"}]},{\"@type\":\"WebSite\",\"@id\":\"https:\/\/22bet.spot\/pl\/#website\",\"url\":\"https:\/\/22bet.spot\/pl\/\",\"name\":\"22Bet Spot PL\",\"description\":\"\",\"potentialAction\":[{\"@type\":\"SearchAction\",\"target\":{\"@type\":\"EntryPoint\",\"urlTemplate\":\"https:\/\/22bet.spot\/pl\/?s={search_term_string}\"},\"query-input\":{\"@type\":\"PropertyValueSpecification\",\"valueRequired\":true,\"valueName\":\"search_term_string\"}}],\"inLanguage\":\"pl-PL\"}]}<\/script>\n<!-- \/ Yoast SEO plugin. -->","yoast_head_json":{"title":"Aplikacja 22Bet 2026 \u2705 Pobierz aplikacj\u0119 na Androida i iOS","description":"Pobierz aplikacj\u0119 22Bet na Androida i iOS \u2714\ufe0f zak\u0142ady sportowe, kasyno na \u017cywo, bonusy i szybki dost\u0119p do swoich kont. Pe\u0142na funkcjonalno\u015b\u0107 strony internetowej w wygodnej aplikacji mobilnej ju\u017c teraz!","robots":{"index":"index","follow":"follow","max-snippet":"max-snippet:-1","max-image-preview":"max-image-preview:large","max-video-preview":"max-video-preview:-1"},"canonical":"https:\/\/22bet.spot\/pl\/app\/","og_locale":"pl_PL","og_type":"article","og_title":"Aplikacja 22Bet 2026 \u2705 Pobierz aplikacj\u0119 na Androida i iOS","og_description":"Pobierz aplikacj\u0119 22Bet na Androida i iOS \u2714\ufe0f zak\u0142ady sportowe, kasyno na \u017cywo, bonusy i szybki dost\u0119p do swoich kont. Pe\u0142na funkcjonalno\u015b\u0107 strony internetowej w wygodnej aplikacji mobilnej ju\u017c teraz!","og_url":"https:\/\/22bet.spot\/pl\/app\/","og_site_name":"22Bet Spot PL","article_modified_time":"2026-04-07T11:17:19+00:00","twitter_card":"summary_large_image","schema":{"@context":"https:\/\/schema.org","@graph":[{"@type":"WebPage","@id":"https:\/\/22bet.spot\/pl\/app\/","url":"https:\/\/22bet.spot\/pl\/app\/","name":"Aplikacja 22Bet 2026 \u2705 Pobierz aplikacj\u0119 na Androida i iOS","isPartOf":{"@id":"https:\/\/22bet.spot\/pl\/#website"},"datePublished":"2026-01-12T11:39:34+00:00","dateModified":"2026-04-07T11:17:19+00:00","description":"Pobierz aplikacj\u0119 22Bet na Androida i iOS \u2714\ufe0f zak\u0142ady sportowe, kasyno na \u017cywo, bonusy i szybki dost\u0119p do swoich kont. Pe\u0142na funkcjonalno\u015b\u0107 strony internetowej w wygodnej aplikacji mobilnej ju\u017c teraz!","breadcrumb":{"@id":"https:\/\/22bet.spot\/pl\/app\/#breadcrumb"},"inLanguage":"pl-PL","potentialAction":[{"@type":"ReadAction","target":["https:\/\/22bet.spot\/pl\/app\/"]}]},{"@type":"BreadcrumbList","@id":"https:\/\/22bet.spot\/pl\/app\/#breadcrumb","itemListElement":[{"@type":"ListItem","position":1,"name":"Home","item":"https:\/\/22bet.spot\/pl\/"},{"@type":"ListItem","position":2,"name":"Aplikacja"}]},{"@type":"WebSite","@id":"https:\/\/22bet.spot\/pl\/#website","url":"https:\/\/22bet.spot\/pl\/","name":"22Bet Spot PL","description":"","potentialAction":[{"@type":"SearchAction","target":{"@type":"EntryPoint","urlTemplate":"https:\/\/22bet.spot\/pl\/?s={search_term_string}"},"query-input":{"@type":"PropertyValueSpecification","valueRequired":true,"valueName":"search_term_string"}}],"inLanguage":"pl-PL"}]}},"_links":{"self":[{"href":"https:\/\/22bet.spot\/pl\/wp-json\/wp\/v2\/pages\/853","targetHints":{"allow":["GET"]}}],"collection":[{"href":"https:\/\/22bet.spot\/pl\/wp-json\/wp\/v2\/pages"}],"about":[{"href":"https:\/\/22bet.spot\/pl\/wp-json\/wp\/v2\/types\/page"}],"author":[{"embeddable":true,"href":"https:\/\/22bet.spot\/pl\/wp-json\/wp\/v2\/users\/1"}],"replies":[{"embeddable":true,"href":"https:\/\/22bet.spot\/pl\/wp-json\/wp\/v2\/comments?post=853"}],"version-history":[{"count":5,"href":"https:\/\/22bet.spot\/pl\/wp-json\/wp\/v2\/pages\/853\/revisions"}],"predecessor-version":[{"id":1212,"href":"https:\/\/22bet.spot\/pl\/wp-json\/wp\/v2\/pages\/853\/revisions\/1212"}],"wp:attachment":[{"href":"https:\/\/22bet.spot\/pl\/wp-json\/wp\/v2\/media?parent=853"}],"curies":[{"name":"wp","href":"https:\/\/api.w.org\/{rel}","templated":true}]}}