{"id":1004,"date":"2026-01-14T19:50:51","date_gmt":"2026-01-14T16:50:51","guid":{"rendered":"https:\/\/22bet.spot\/pt\/?page_id=1004"},"modified":"2026-01-21T17:10:22","modified_gmt":"2026-01-21T14:10:22","slug":"bonus","status":"publish","type":"page","link":"https:\/\/22bet.spot\/pt\/bonus\/","title":{"rendered":"B\u00f3nus"},"content":{"rendered":"","protected":false},"excerpt":{"rendered":"","protected":false},"author":1,"featured_media":0,"parent":0,"menu_order":0,"comment_status":"closed","ping_status":"closed","template":"","meta":{"_acf_changed":false,"footnotes":""},"class_list":["post-1004","page","type-page","status-publish","hentry"],"acf":[],"yoast_head":"<!-- This site is optimized with the Yoast SEO plugin v26.7 - https:\/\/yoast.com\/wordpress\/plugins\/seo\/ -->\n<title>22Bet B\u00f3nus 2026 \u2714\ufe0f Promo\u00e7\u00f5es, ofertas e recompensas<\/title>\n<meta name=\"description\" content=\"Descubra tudo sobre os b\u00f3nus da 22Bet \u2705 B\u00f3nus de boas-vindas de 100% para desportos e casino, reembolso semanal, apostas gr\u00e1tis e promo\u00e7\u00f5es exclusivas para jogadores regulares. Ative hoje mesmo estas ofertas lucrativas!\" \/>\n<meta name=\"robots\" content=\"index, follow, max-snippet:-1, max-image-preview:large, max-video-preview:-1\" \/>\n<link rel=\"canonical\" href=\"https:\/\/22bet.spot\/pt\/bonus\/\" \/>\n<meta property=\"og:locale\" content=\"pt_PT\" \/>\n<meta property=\"og:type\" content=\"article\" \/>\n<meta property=\"og:title\" content=\"22Bet B\u00f3nus 2026 \u2714\ufe0f Promo\u00e7\u00f5es, ofertas e recompensas\" \/>\n<meta property=\"og:description\" content=\"Descubra tudo sobre os b\u00f3nus da 22Bet \u2705 B\u00f3nus de boas-vindas de 100% para desportos e casino, reembolso semanal, apostas gr\u00e1tis e promo\u00e7\u00f5es exclusivas para jogadores regulares. Ative hoje mesmo estas ofertas lucrativas!\" \/>\n<meta property=\"og:url\" content=\"https:\/\/22bet.spot\/pt\/bonus\/\" \/>\n<meta property=\"og:site_name\" content=\"22Bet Spot PT\" \/>\n<meta property=\"article:modified_time\" content=\"2026-01-21T14:10:22+00:00\" \/>\n<meta name=\"twitter:card\" content=\"summary_large_image\" \/>\n<script type=\"application\/ld+json\" class=\"yoast-schema-graph\">{\"@context\":\"https:\/\/schema.org\",\"@graph\":[{\"@type\":\"WebPage\",\"@id\":\"https:\/\/22bet.spot\/pt\/bonus\/\",\"url\":\"https:\/\/22bet.spot\/pt\/bonus\/\",\"name\":\"22Bet B\u00f3nus 2026 \u2714\ufe0f Promo\u00e7\u00f5es, ofertas e recompensas\",\"isPartOf\":{\"@id\":\"https:\/\/22bet.spot\/pt\/#website\"},\"datePublished\":\"2026-01-14T16:50:51+00:00\",\"dateModified\":\"2026-01-21T14:10:22+00:00\",\"description\":\"Descubra tudo sobre os b\u00f3nus da 22Bet \u2705 B\u00f3nus de boas-vindas de 100% para desportos e casino, reembolso semanal, apostas gr\u00e1tis e promo\u00e7\u00f5es exclusivas para jogadores regulares. Ative hoje mesmo estas ofertas lucrativas!\",\"breadcrumb\":{\"@id\":\"https:\/\/22bet.spot\/pt\/bonus\/#breadcrumb\"},\"inLanguage\":\"pt-PT\",\"potentialAction\":[{\"@type\":\"ReadAction\",\"target\":[\"https:\/\/22bet.spot\/pt\/bonus\/\"]}]},{\"@type\":\"BreadcrumbList\",\"@id\":\"https:\/\/22bet.spot\/pt\/bonus\/#breadcrumb\",\"itemListElement\":[{\"@type\":\"ListItem\",\"position\":1,\"name\":\"Home\",\"item\":\"https:\/\/22bet.spot\/pt\/\"},{\"@type\":\"ListItem\",\"position\":2,\"name\":\"B\u00f3nus\"}]},{\"@type\":\"WebSite\",\"@id\":\"https:\/\/22bet.spot\/pt\/#website\",\"url\":\"https:\/\/22bet.spot\/pt\/\",\"name\":\"22Bet Spot PT\",\"description\":\"\",\"potentialAction\":[{\"@type\":\"SearchAction\",\"target\":{\"@type\":\"EntryPoint\",\"urlTemplate\":\"https:\/\/22bet.spot\/pt\/?s={search_term_string}\"},\"query-input\":{\"@type\":\"PropertyValueSpecification\",\"valueRequired\":true,\"valueName\":\"search_term_string\"}}],\"inLanguage\":\"pt-PT\"}]}<\/script>\n<!-- \/ Yoast SEO plugin. -->","yoast_head_json":{"title":"22Bet B\u00f3nus 2026 \u2714\ufe0f Promo\u00e7\u00f5es, ofertas e recompensas","description":"Descubra tudo sobre os b\u00f3nus da 22Bet \u2705 B\u00f3nus de boas-vindas de 100% para desportos e casino, reembolso semanal, apostas gr\u00e1tis e promo\u00e7\u00f5es exclusivas para jogadores regulares. Ative hoje mesmo estas ofertas lucrativas!","robots":{"index":"index","follow":"follow","max-snippet":"max-snippet:-1","max-image-preview":"max-image-preview:large","max-video-preview":"max-video-preview:-1"},"canonical":"https:\/\/22bet.spot\/pt\/bonus\/","og_locale":"pt_PT","og_type":"article","og_title":"22Bet B\u00f3nus 2026 \u2714\ufe0f Promo\u00e7\u00f5es, ofertas e recompensas","og_description":"Descubra tudo sobre os b\u00f3nus da 22Bet \u2705 B\u00f3nus de boas-vindas de 100% para desportos e casino, reembolso semanal, apostas gr\u00e1tis e promo\u00e7\u00f5es exclusivas para jogadores regulares. Ative hoje mesmo estas ofertas lucrativas!","og_url":"https:\/\/22bet.spot\/pt\/bonus\/","og_site_name":"22Bet Spot PT","article_modified_time":"2026-01-21T14:10:22+00:00","twitter_card":"summary_large_image","schema":{"@context":"https:\/\/schema.org","@graph":[{"@type":"WebPage","@id":"https:\/\/22bet.spot\/pt\/bonus\/","url":"https:\/\/22bet.spot\/pt\/bonus\/","name":"22Bet B\u00f3nus 2026 \u2714\ufe0f Promo\u00e7\u00f5es, ofertas e recompensas","isPartOf":{"@id":"https:\/\/22bet.spot\/pt\/#website"},"datePublished":"2026-01-14T16:50:51+00:00","dateModified":"2026-01-21T14:10:22+00:00","description":"Descubra tudo sobre os b\u00f3nus da 22Bet \u2705 B\u00f3nus de boas-vindas de 100% para desportos e casino, reembolso semanal, apostas gr\u00e1tis e promo\u00e7\u00f5es exclusivas para jogadores regulares. Ative hoje mesmo estas ofertas lucrativas!","breadcrumb":{"@id":"https:\/\/22bet.spot\/pt\/bonus\/#breadcrumb"},"inLanguage":"pt-PT","potentialAction":[{"@type":"ReadAction","target":["https:\/\/22bet.spot\/pt\/bonus\/"]}]},{"@type":"BreadcrumbList","@id":"https:\/\/22bet.spot\/pt\/bonus\/#breadcrumb","itemListElement":[{"@type":"ListItem","position":1,"name":"Home","item":"https:\/\/22bet.spot\/pt\/"},{"@type":"ListItem","position":2,"name":"B\u00f3nus"}]},{"@type":"WebSite","@id":"https:\/\/22bet.spot\/pt\/#website","url":"https:\/\/22bet.spot\/pt\/","name":"22Bet Spot PT","description":"","potentialAction":[{"@type":"SearchAction","target":{"@type":"EntryPoint","urlTemplate":"https:\/\/22bet.spot\/pt\/?s={search_term_string}"},"query-input":{"@type":"PropertyValueSpecification","valueRequired":true,"valueName":"search_term_string"}}],"inLanguage":"pt-PT"}]}},"_links":{"self":[{"href":"https:\/\/22bet.spot\/pt\/wp-json\/wp\/v2\/pages\/1004","targetHints":{"allow":["GET"]}}],"collection":[{"href":"https:\/\/22bet.spot\/pt\/wp-json\/wp\/v2\/pages"}],"about":[{"href":"https:\/\/22bet.spot\/pt\/wp-json\/wp\/v2\/types\/page"}],"author":[{"embeddable":true,"href":"https:\/\/22bet.spot\/pt\/wp-json\/wp\/v2\/users\/1"}],"replies":[{"embeddable":true,"href":"https:\/\/22bet.spot\/pt\/wp-json\/wp\/v2\/comments?post=1004"}],"version-history":[{"count":5,"href":"https:\/\/22bet.spot\/pt\/wp-json\/wp\/v2\/pages\/1004\/revisions"}],"predecessor-version":[{"id":1176,"href":"https:\/\/22bet.spot\/pt\/wp-json\/wp\/v2\/pages\/1004\/revisions\/1176"}],"wp:attachment":[{"href":"https:\/\/22bet.spot\/pt\/wp-json\/wp\/v2\/media?parent=1004"}],"curies":[{"name":"wp","href":"https:\/\/api.w.org\/{rel}","templated":true}]}}