{"id":1031,"date":"2026-01-15T13:09:51","date_gmt":"2026-01-15T10:09:51","guid":{"rendered":"https:\/\/22bet.spot\/pt\/?page_id=1031"},"modified":"2026-01-21T19:59:14","modified_gmt":"2026-01-21T16:59:14","slug":"promo-code","status":"publish","type":"page","link":"https:\/\/22bet.spot\/pt\/promo-code\/","title":{"rendered":"C\u00f3digo promocional"},"content":{"rendered":"","protected":false},"excerpt":{"rendered":"","protected":false},"author":1,"featured_media":0,"parent":0,"menu_order":0,"comment_status":"closed","ping_status":"closed","template":"","meta":{"_acf_changed":false,"footnotes":""},"class_list":["post-1031","page","type-page","status-publish","hentry"],"acf":[],"yoast_head":"<!-- This site is optimized with the Yoast SEO plugin v26.7 - https:\/\/yoast.com\/wordpress\/plugins\/seo\/ -->\n<title>22Bet c\u00f3digos promocionais \u2705 B\u00f3nus, rodadas gr\u00e1tis, reembolso<\/title>\n<meta name=\"description\" content=\"Aprenda a usar os c\u00f3digos promocionais da 22Bet \u2714\ufe0f e desbloqueie b\u00f3nus exclusivos, rodadas gr\u00e1tis, recargas e cashback aumentado. Ative c\u00f3digos secretos e obtenha mais benef\u00edcios do jogo!\" \/>\n<meta name=\"robots\" content=\"index, follow, max-snippet:-1, max-image-preview:large, max-video-preview:-1\" \/>\n<link rel=\"canonical\" href=\"https:\/\/22bet.spot\/pt\/promo-code\/\" \/>\n<meta property=\"og:locale\" content=\"pt_PT\" \/>\n<meta property=\"og:type\" content=\"article\" \/>\n<meta property=\"og:title\" content=\"22Bet c\u00f3digos promocionais \u2705 B\u00f3nus, rodadas gr\u00e1tis, reembolso\" \/>\n<meta property=\"og:description\" content=\"Aprenda a usar os c\u00f3digos promocionais da 22Bet \u2714\ufe0f e desbloqueie b\u00f3nus exclusivos, rodadas gr\u00e1tis, recargas e cashback aumentado. Ative c\u00f3digos secretos e obtenha mais benef\u00edcios do jogo!\" \/>\n<meta property=\"og:url\" content=\"https:\/\/22bet.spot\/pt\/promo-code\/\" \/>\n<meta property=\"og:site_name\" content=\"22Bet Spot PT\" \/>\n<meta property=\"article:modified_time\" content=\"2026-01-21T16:59:14+00:00\" \/>\n<meta name=\"twitter:card\" content=\"summary_large_image\" \/>\n<script type=\"application\/ld+json\" class=\"yoast-schema-graph\">{\"@context\":\"https:\/\/schema.org\",\"@graph\":[{\"@type\":\"WebPage\",\"@id\":\"https:\/\/22bet.spot\/pt\/promo-code\/\",\"url\":\"https:\/\/22bet.spot\/pt\/promo-code\/\",\"name\":\"22Bet c\u00f3digos promocionais \u2705 B\u00f3nus, rodadas gr\u00e1tis, reembolso\",\"isPartOf\":{\"@id\":\"https:\/\/22bet.spot\/pt\/#website\"},\"datePublished\":\"2026-01-15T10:09:51+00:00\",\"dateModified\":\"2026-01-21T16:59:14+00:00\",\"description\":\"Aprenda a usar os c\u00f3digos promocionais da 22Bet \u2714\ufe0f e desbloqueie b\u00f3nus exclusivos, rodadas gr\u00e1tis, recargas e cashback aumentado. Ative c\u00f3digos secretos e obtenha mais benef\u00edcios do jogo!\",\"breadcrumb\":{\"@id\":\"https:\/\/22bet.spot\/pt\/promo-code\/#breadcrumb\"},\"inLanguage\":\"pt-PT\",\"potentialAction\":[{\"@type\":\"ReadAction\",\"target\":[\"https:\/\/22bet.spot\/pt\/promo-code\/\"]}]},{\"@type\":\"BreadcrumbList\",\"@id\":\"https:\/\/22bet.spot\/pt\/promo-code\/#breadcrumb\",\"itemListElement\":[{\"@type\":\"ListItem\",\"position\":1,\"name\":\"Home\",\"item\":\"https:\/\/22bet.spot\/pt\/\"},{\"@type\":\"ListItem\",\"position\":2,\"name\":\"C\u00f3digo promocional\"}]},{\"@type\":\"WebSite\",\"@id\":\"https:\/\/22bet.spot\/pt\/#website\",\"url\":\"https:\/\/22bet.spot\/pt\/\",\"name\":\"22Bet Spot PT\",\"description\":\"\",\"potentialAction\":[{\"@type\":\"SearchAction\",\"target\":{\"@type\":\"EntryPoint\",\"urlTemplate\":\"https:\/\/22bet.spot\/pt\/?s={search_term_string}\"},\"query-input\":{\"@type\":\"PropertyValueSpecification\",\"valueRequired\":true,\"valueName\":\"search_term_string\"}}],\"inLanguage\":\"pt-PT\"}]}<\/script>\n<!-- \/ Yoast SEO plugin. -->","yoast_head_json":{"title":"22Bet c\u00f3digos promocionais \u2705 B\u00f3nus, rodadas gr\u00e1tis, reembolso","description":"Aprenda a usar os c\u00f3digos promocionais da 22Bet \u2714\ufe0f e desbloqueie b\u00f3nus exclusivos, rodadas gr\u00e1tis, recargas e cashback aumentado. Ative c\u00f3digos secretos e obtenha mais benef\u00edcios do jogo!","robots":{"index":"index","follow":"follow","max-snippet":"max-snippet:-1","max-image-preview":"max-image-preview:large","max-video-preview":"max-video-preview:-1"},"canonical":"https:\/\/22bet.spot\/pt\/promo-code\/","og_locale":"pt_PT","og_type":"article","og_title":"22Bet c\u00f3digos promocionais \u2705 B\u00f3nus, rodadas gr\u00e1tis, reembolso","og_description":"Aprenda a usar os c\u00f3digos promocionais da 22Bet \u2714\ufe0f e desbloqueie b\u00f3nus exclusivos, rodadas gr\u00e1tis, recargas e cashback aumentado. Ative c\u00f3digos secretos e obtenha mais benef\u00edcios do jogo!","og_url":"https:\/\/22bet.spot\/pt\/promo-code\/","og_site_name":"22Bet Spot PT","article_modified_time":"2026-01-21T16:59:14+00:00","twitter_card":"summary_large_image","schema":{"@context":"https:\/\/schema.org","@graph":[{"@type":"WebPage","@id":"https:\/\/22bet.spot\/pt\/promo-code\/","url":"https:\/\/22bet.spot\/pt\/promo-code\/","name":"22Bet c\u00f3digos promocionais \u2705 B\u00f3nus, rodadas gr\u00e1tis, reembolso","isPartOf":{"@id":"https:\/\/22bet.spot\/pt\/#website"},"datePublished":"2026-01-15T10:09:51+00:00","dateModified":"2026-01-21T16:59:14+00:00","description":"Aprenda a usar os c\u00f3digos promocionais da 22Bet \u2714\ufe0f e desbloqueie b\u00f3nus exclusivos, rodadas gr\u00e1tis, recargas e cashback aumentado. Ative c\u00f3digos secretos e obtenha mais benef\u00edcios do jogo!","breadcrumb":{"@id":"https:\/\/22bet.spot\/pt\/promo-code\/#breadcrumb"},"inLanguage":"pt-PT","potentialAction":[{"@type":"ReadAction","target":["https:\/\/22bet.spot\/pt\/promo-code\/"]}]},{"@type":"BreadcrumbList","@id":"https:\/\/22bet.spot\/pt\/promo-code\/#breadcrumb","itemListElement":[{"@type":"ListItem","position":1,"name":"Home","item":"https:\/\/22bet.spot\/pt\/"},{"@type":"ListItem","position":2,"name":"C\u00f3digo promocional"}]},{"@type":"WebSite","@id":"https:\/\/22bet.spot\/pt\/#website","url":"https:\/\/22bet.spot\/pt\/","name":"22Bet Spot PT","description":"","potentialAction":[{"@type":"SearchAction","target":{"@type":"EntryPoint","urlTemplate":"https:\/\/22bet.spot\/pt\/?s={search_term_string}"},"query-input":{"@type":"PropertyValueSpecification","valueRequired":true,"valueName":"search_term_string"}}],"inLanguage":"pt-PT"}]}},"_links":{"self":[{"href":"https:\/\/22bet.spot\/pt\/wp-json\/wp\/v2\/pages\/1031","targetHints":{"allow":["GET"]}}],"collection":[{"href":"https:\/\/22bet.spot\/pt\/wp-json\/wp\/v2\/pages"}],"about":[{"href":"https:\/\/22bet.spot\/pt\/wp-json\/wp\/v2\/types\/page"}],"author":[{"embeddable":true,"href":"https:\/\/22bet.spot\/pt\/wp-json\/wp\/v2\/users\/1"}],"replies":[{"embeddable":true,"href":"https:\/\/22bet.spot\/pt\/wp-json\/wp\/v2\/comments?post=1031"}],"version-history":[{"count":5,"href":"https:\/\/22bet.spot\/pt\/wp-json\/wp\/v2\/pages\/1031\/revisions"}],"predecessor-version":[{"id":1182,"href":"https:\/\/22bet.spot\/pt\/wp-json\/wp\/v2\/pages\/1031\/revisions\/1182"}],"wp:attachment":[{"href":"https:\/\/22bet.spot\/pt\/wp-json\/wp\/v2\/media?parent=1031"}],"curies":[{"name":"wp","href":"https:\/\/api.w.org\/{rel}","templated":true}]}}