{"id":1051,"date":"2026-01-15T18:48:14","date_gmt":"2026-01-15T15:48:14","guid":{"rendered":"https:\/\/22bet.spot\/pt\/?page_id=1051"},"modified":"2026-01-21T20:14:49","modified_gmt":"2026-01-21T17:14:49","slug":"login","status":"publish","type":"page","link":"https:\/\/22bet.spot\/pt\/login\/","title":{"rendered":"Entrar"},"content":{"rendered":"","protected":false},"excerpt":{"rendered":"","protected":false},"author":1,"featured_media":0,"parent":0,"menu_order":0,"comment_status":"closed","ping_status":"closed","template":"","meta":{"_acf_changed":false,"footnotes":""},"class_list":["post-1051","page","type-page","status-publish","hentry"],"acf":[],"yoast_head":"<!-- This site is optimized with the Yoast SEO plugin v26.7 - https:\/\/yoast.com\/wordpress\/plugins\/seo\/ -->\n<title>Entrar em 22Bet 2026 \u2714\ufe0f Acesso a partir de qualquer dispositivo<\/title>\n<meta name=\"description\" content=\"Inicie sess\u00e3o rapidamente na sua conta 22Bet \u2705 Inicie sess\u00e3o por e-mail\/telefone, palavra-passe, 2FA e recupera\u00e7\u00e3o. Aceda a apostas, casino e b\u00f3nus a partir do seu PC, Android ou iOS sem restri\u00e7\u00f5es.\" \/>\n<meta name=\"robots\" content=\"index, follow, max-snippet:-1, max-image-preview:large, max-video-preview:-1\" \/>\n<link rel=\"canonical\" href=\"https:\/\/22bet.spot\/pt\/login\/\" \/>\n<meta property=\"og:locale\" content=\"pt_PT\" \/>\n<meta property=\"og:type\" content=\"article\" \/>\n<meta property=\"og:title\" content=\"Entrar em 22Bet 2026 \u2714\ufe0f Acesso a partir de qualquer dispositivo\" \/>\n<meta property=\"og:description\" content=\"Inicie sess\u00e3o rapidamente na sua conta 22Bet \u2705 Inicie sess\u00e3o por e-mail\/telefone, palavra-passe, 2FA e recupera\u00e7\u00e3o. Aceda a apostas, casino e b\u00f3nus a partir do seu PC, Android ou iOS sem restri\u00e7\u00f5es.\" \/>\n<meta property=\"og:url\" content=\"https:\/\/22bet.spot\/pt\/login\/\" \/>\n<meta property=\"og:site_name\" content=\"22Bet Spot PT\" \/>\n<meta property=\"article:modified_time\" content=\"2026-01-21T17:14:49+00:00\" \/>\n<meta name=\"twitter:card\" content=\"summary_large_image\" \/>\n<script type=\"application\/ld+json\" class=\"yoast-schema-graph\">{\"@context\":\"https:\/\/schema.org\",\"@graph\":[{\"@type\":\"WebPage\",\"@id\":\"https:\/\/22bet.spot\/pt\/login\/\",\"url\":\"https:\/\/22bet.spot\/pt\/login\/\",\"name\":\"Entrar em 22Bet 2026 \u2714\ufe0f Acesso a partir de qualquer dispositivo\",\"isPartOf\":{\"@id\":\"https:\/\/22bet.spot\/pt\/#website\"},\"datePublished\":\"2026-01-15T15:48:14+00:00\",\"dateModified\":\"2026-01-21T17:14:49+00:00\",\"description\":\"Inicie sess\u00e3o rapidamente na sua conta 22Bet \u2705 Inicie sess\u00e3o por e-mail\/telefone, palavra-passe, 2FA e recupera\u00e7\u00e3o. Aceda a apostas, casino e b\u00f3nus a partir do seu PC, Android ou iOS sem restri\u00e7\u00f5es.\",\"breadcrumb\":{\"@id\":\"https:\/\/22bet.spot\/pt\/login\/#breadcrumb\"},\"inLanguage\":\"pt-PT\",\"potentialAction\":[{\"@type\":\"ReadAction\",\"target\":[\"https:\/\/22bet.spot\/pt\/login\/\"]}]},{\"@type\":\"BreadcrumbList\",\"@id\":\"https:\/\/22bet.spot\/pt\/login\/#breadcrumb\",\"itemListElement\":[{\"@type\":\"ListItem\",\"position\":1,\"name\":\"Home\",\"item\":\"https:\/\/22bet.spot\/pt\/\"},{\"@type\":\"ListItem\",\"position\":2,\"name\":\"Entrar\"}]},{\"@type\":\"WebSite\",\"@id\":\"https:\/\/22bet.spot\/pt\/#website\",\"url\":\"https:\/\/22bet.spot\/pt\/\",\"name\":\"22Bet Spot PT\",\"description\":\"\",\"potentialAction\":[{\"@type\":\"SearchAction\",\"target\":{\"@type\":\"EntryPoint\",\"urlTemplate\":\"https:\/\/22bet.spot\/pt\/?s={search_term_string}\"},\"query-input\":{\"@type\":\"PropertyValueSpecification\",\"valueRequired\":true,\"valueName\":\"search_term_string\"}}],\"inLanguage\":\"pt-PT\"}]}<\/script>\n<!-- \/ Yoast SEO plugin. -->","yoast_head_json":{"title":"Entrar em 22Bet 2026 \u2714\ufe0f Acesso a partir de qualquer dispositivo","description":"Inicie sess\u00e3o rapidamente na sua conta 22Bet \u2705 Inicie sess\u00e3o por e-mail\/telefone, palavra-passe, 2FA e recupera\u00e7\u00e3o. Aceda a apostas, casino e b\u00f3nus a partir do seu PC, Android ou iOS sem restri\u00e7\u00f5es.","robots":{"index":"index","follow":"follow","max-snippet":"max-snippet:-1","max-image-preview":"max-image-preview:large","max-video-preview":"max-video-preview:-1"},"canonical":"https:\/\/22bet.spot\/pt\/login\/","og_locale":"pt_PT","og_type":"article","og_title":"Entrar em 22Bet 2026 \u2714\ufe0f Acesso a partir de qualquer dispositivo","og_description":"Inicie sess\u00e3o rapidamente na sua conta 22Bet \u2705 Inicie sess\u00e3o por e-mail\/telefone, palavra-passe, 2FA e recupera\u00e7\u00e3o. Aceda a apostas, casino e b\u00f3nus a partir do seu PC, Android ou iOS sem restri\u00e7\u00f5es.","og_url":"https:\/\/22bet.spot\/pt\/login\/","og_site_name":"22Bet Spot PT","article_modified_time":"2026-01-21T17:14:49+00:00","twitter_card":"summary_large_image","schema":{"@context":"https:\/\/schema.org","@graph":[{"@type":"WebPage","@id":"https:\/\/22bet.spot\/pt\/login\/","url":"https:\/\/22bet.spot\/pt\/login\/","name":"Entrar em 22Bet 2026 \u2714\ufe0f Acesso a partir de qualquer dispositivo","isPartOf":{"@id":"https:\/\/22bet.spot\/pt\/#website"},"datePublished":"2026-01-15T15:48:14+00:00","dateModified":"2026-01-21T17:14:49+00:00","description":"Inicie sess\u00e3o rapidamente na sua conta 22Bet \u2705 Inicie sess\u00e3o por e-mail\/telefone, palavra-passe, 2FA e recupera\u00e7\u00e3o. Aceda a apostas, casino e b\u00f3nus a partir do seu PC, Android ou iOS sem restri\u00e7\u00f5es.","breadcrumb":{"@id":"https:\/\/22bet.spot\/pt\/login\/#breadcrumb"},"inLanguage":"pt-PT","potentialAction":[{"@type":"ReadAction","target":["https:\/\/22bet.spot\/pt\/login\/"]}]},{"@type":"BreadcrumbList","@id":"https:\/\/22bet.spot\/pt\/login\/#breadcrumb","itemListElement":[{"@type":"ListItem","position":1,"name":"Home","item":"https:\/\/22bet.spot\/pt\/"},{"@type":"ListItem","position":2,"name":"Entrar"}]},{"@type":"WebSite","@id":"https:\/\/22bet.spot\/pt\/#website","url":"https:\/\/22bet.spot\/pt\/","name":"22Bet Spot PT","description":"","potentialAction":[{"@type":"SearchAction","target":{"@type":"EntryPoint","urlTemplate":"https:\/\/22bet.spot\/pt\/?s={search_term_string}"},"query-input":{"@type":"PropertyValueSpecification","valueRequired":true,"valueName":"search_term_string"}}],"inLanguage":"pt-PT"}]}},"_links":{"self":[{"href":"https:\/\/22bet.spot\/pt\/wp-json\/wp\/v2\/pages\/1051","targetHints":{"allow":["GET"]}}],"collection":[{"href":"https:\/\/22bet.spot\/pt\/wp-json\/wp\/v2\/pages"}],"about":[{"href":"https:\/\/22bet.spot\/pt\/wp-json\/wp\/v2\/types\/page"}],"author":[{"embeddable":true,"href":"https:\/\/22bet.spot\/pt\/wp-json\/wp\/v2\/users\/1"}],"replies":[{"embeddable":true,"href":"https:\/\/22bet.spot\/pt\/wp-json\/wp\/v2\/comments?post=1051"}],"version-history":[{"count":5,"href":"https:\/\/22bet.spot\/pt\/wp-json\/wp\/v2\/pages\/1051\/revisions"}],"predecessor-version":[{"id":1184,"href":"https:\/\/22bet.spot\/pt\/wp-json\/wp\/v2\/pages\/1051\/revisions\/1184"}],"wp:attachment":[{"href":"https:\/\/22bet.spot\/pt\/wp-json\/wp\/v2\/media?parent=1051"}],"curies":[{"name":"wp","href":"https:\/\/api.w.org\/{rel}","templated":true}]}}