{"id":2,"date":"2025-08-22T14:28:47","date_gmt":"2025-08-22T11:28:47","guid":{"rendered":"https:\/\/22bet.spot\/pt\/?page_id=2"},"modified":"2026-01-21T19:36:46","modified_gmt":"2026-01-21T16:36:46","slug":"home","status":"publish","type":"page","link":"https:\/\/22bet.spot\/pt\/","title":{"rendered":"P\u00e1gina inicial"},"content":{"rendered":"","protected":false},"excerpt":{"rendered":"","protected":false},"author":1,"featured_media":0,"parent":0,"menu_order":0,"comment_status":"closed","ping_status":"closed","template":"","meta":{"_acf_changed":false,"footnotes":""},"class_list":["post-2","page","type-page","status-publish","hentry"],"acf":[],"yoast_head":"<!-- This site is optimized with the Yoast SEO plugin v26.7 - https:\/\/yoast.com\/wordpress\/plugins\/seo\/ -->\n<title>22Bet Casa de Apostas e Casino | B\u00f3nus de 100% at\u00e9 \u20ac122<\/title>\n<meta name=\"description\" content=\"A 22Bet \u00e9 uma plataforma de apostas fi\u00e1vel com um b\u00f3nus de 100% no seu primeiro dep\u00f3sito at\u00e9 122 \u20ac. Uma ampla sele\u00e7\u00e3o de desportos, jogos de casino e jogos de azar, pagamentos seguros e suporte 24 horas por dia!\" \/>\n<meta name=\"robots\" content=\"index, follow, max-snippet:-1, max-image-preview:large, max-video-preview:-1\" \/>\n<link rel=\"canonical\" href=\"https:\/\/22bet.spot\/pt\/\" \/>\n<meta property=\"og:locale\" content=\"pt_PT\" \/>\n<meta property=\"og:type\" content=\"article\" \/>\n<meta property=\"og:title\" content=\"22Bet Casa de Apostas e Casino | B\u00f3nus de 100% at\u00e9 \u20ac122\" \/>\n<meta property=\"og:description\" content=\"A 22Bet \u00e9 uma plataforma de apostas fi\u00e1vel com um b\u00f3nus de 100% no seu primeiro dep\u00f3sito at\u00e9 122 \u20ac. Uma ampla sele\u00e7\u00e3o de desportos, jogos de casino e jogos de azar, pagamentos seguros e suporte 24 horas por dia!\" \/>\n<meta property=\"og:url\" content=\"https:\/\/22bet.spot\/pt\/\" \/>\n<meta property=\"og:site_name\" content=\"22Bet Spot PT\" \/>\n<meta property=\"article:modified_time\" content=\"2026-01-21T16:36:46+00:00\" \/>\n<meta name=\"twitter:card\" content=\"summary_large_image\" \/>\n<script type=\"application\/ld+json\" class=\"yoast-schema-graph\">{\"@context\":\"https:\/\/schema.org\",\"@graph\":[{\"@type\":\"WebPage\",\"@id\":\"https:\/\/22bet.spot\/pt\/\",\"url\":\"https:\/\/22bet.spot\/pt\/\",\"name\":\"22Bet Casa de Apostas e Casino | B\u00f3nus de 100% at\u00e9 \u20ac122\",\"isPartOf\":{\"@id\":\"https:\/\/22bet.spot\/pt\/#website\"},\"datePublished\":\"2025-08-22T11:28:47+00:00\",\"dateModified\":\"2026-01-21T16:36:46+00:00\",\"description\":\"A 22Bet \u00e9 uma plataforma de apostas fi\u00e1vel com um b\u00f3nus de 100% no seu primeiro dep\u00f3sito at\u00e9 122 \u20ac. Uma ampla sele\u00e7\u00e3o de desportos, jogos de casino e jogos de azar, pagamentos seguros e suporte 24 horas por dia!\",\"breadcrumb\":{\"@id\":\"https:\/\/22bet.spot\/pt\/#breadcrumb\"},\"inLanguage\":\"pt-PT\",\"potentialAction\":[{\"@type\":\"ReadAction\",\"target\":[\"https:\/\/22bet.spot\/pt\/\"]}]},{\"@type\":\"BreadcrumbList\",\"@id\":\"https:\/\/22bet.spot\/pt\/#breadcrumb\",\"itemListElement\":[{\"@type\":\"ListItem\",\"position\":1,\"name\":\"Home\",\"item\":\"https:\/\/22bet.spot\/pt\/\"},{\"@type\":\"ListItem\",\"position\":2,\"name\":\"P\u00e1gina inicial\"}]},{\"@type\":\"WebSite\",\"@id\":\"https:\/\/22bet.spot\/pt\/#website\",\"url\":\"https:\/\/22bet.spot\/pt\/\",\"name\":\"22Bet Spot PT\",\"description\":\"\",\"potentialAction\":[{\"@type\":\"SearchAction\",\"target\":{\"@type\":\"EntryPoint\",\"urlTemplate\":\"https:\/\/22bet.spot\/pt\/?s={search_term_string}\"},\"query-input\":{\"@type\":\"PropertyValueSpecification\",\"valueRequired\":true,\"valueName\":\"search_term_string\"}}],\"inLanguage\":\"pt-PT\"}]}<\/script>\n<!-- \/ Yoast SEO plugin. -->","yoast_head_json":{"title":"22Bet Casa de Apostas e Casino | B\u00f3nus de 100% at\u00e9 \u20ac122","description":"A 22Bet \u00e9 uma plataforma de apostas fi\u00e1vel com um b\u00f3nus de 100% no seu primeiro dep\u00f3sito at\u00e9 122 \u20ac. Uma ampla sele\u00e7\u00e3o de desportos, jogos de casino e jogos de azar, pagamentos seguros e suporte 24 horas por dia!","robots":{"index":"index","follow":"follow","max-snippet":"max-snippet:-1","max-image-preview":"max-image-preview:large","max-video-preview":"max-video-preview:-1"},"canonical":"https:\/\/22bet.spot\/pt\/","og_locale":"pt_PT","og_type":"article","og_title":"22Bet Casa de Apostas e Casino | B\u00f3nus de 100% at\u00e9 \u20ac122","og_description":"A 22Bet \u00e9 uma plataforma de apostas fi\u00e1vel com um b\u00f3nus de 100% no seu primeiro dep\u00f3sito at\u00e9 122 \u20ac. Uma ampla sele\u00e7\u00e3o de desportos, jogos de casino e jogos de azar, pagamentos seguros e suporte 24 horas por dia!","og_url":"https:\/\/22bet.spot\/pt\/","og_site_name":"22Bet Spot PT","article_modified_time":"2026-01-21T16:36:46+00:00","twitter_card":"summary_large_image","schema":{"@context":"https:\/\/schema.org","@graph":[{"@type":"WebPage","@id":"https:\/\/22bet.spot\/pt\/","url":"https:\/\/22bet.spot\/pt\/","name":"22Bet Casa de Apostas e Casino | B\u00f3nus de 100% at\u00e9 \u20ac122","isPartOf":{"@id":"https:\/\/22bet.spot\/pt\/#website"},"datePublished":"2025-08-22T11:28:47+00:00","dateModified":"2026-01-21T16:36:46+00:00","description":"A 22Bet \u00e9 uma plataforma de apostas fi\u00e1vel com um b\u00f3nus de 100% no seu primeiro dep\u00f3sito at\u00e9 122 \u20ac. Uma ampla sele\u00e7\u00e3o de desportos, jogos de casino e jogos de azar, pagamentos seguros e suporte 24 horas por dia!","breadcrumb":{"@id":"https:\/\/22bet.spot\/pt\/#breadcrumb"},"inLanguage":"pt-PT","potentialAction":[{"@type":"ReadAction","target":["https:\/\/22bet.spot\/pt\/"]}]},{"@type":"BreadcrumbList","@id":"https:\/\/22bet.spot\/pt\/#breadcrumb","itemListElement":[{"@type":"ListItem","position":1,"name":"Home","item":"https:\/\/22bet.spot\/pt\/"},{"@type":"ListItem","position":2,"name":"P\u00e1gina inicial"}]},{"@type":"WebSite","@id":"https:\/\/22bet.spot\/pt\/#website","url":"https:\/\/22bet.spot\/pt\/","name":"22Bet Spot PT","description":"","potentialAction":[{"@type":"SearchAction","target":{"@type":"EntryPoint","urlTemplate":"https:\/\/22bet.spot\/pt\/?s={search_term_string}"},"query-input":{"@type":"PropertyValueSpecification","valueRequired":true,"valueName":"search_term_string"}}],"inLanguage":"pt-PT"}]}},"_links":{"self":[{"href":"https:\/\/22bet.spot\/pt\/wp-json\/wp\/v2\/pages\/2","targetHints":{"allow":["GET"]}}],"collection":[{"href":"https:\/\/22bet.spot\/pt\/wp-json\/wp\/v2\/pages"}],"about":[{"href":"https:\/\/22bet.spot\/pt\/wp-json\/wp\/v2\/types\/page"}],"author":[{"embeddable":true,"href":"https:\/\/22bet.spot\/pt\/wp-json\/wp\/v2\/users\/1"}],"replies":[{"embeddable":true,"href":"https:\/\/22bet.spot\/pt\/wp-json\/wp\/v2\/comments?post=2"}],"version-history":[{"count":5,"href":"https:\/\/22bet.spot\/pt\/wp-json\/wp\/v2\/pages\/2\/revisions"}],"predecessor-version":[{"id":1179,"href":"https:\/\/22bet.spot\/pt\/wp-json\/wp\/v2\/pages\/2\/revisions\/1179"}],"wp:attachment":[{"href":"https:\/\/22bet.spot\/pt\/wp-json\/wp\/v2\/media?parent=2"}],"curies":[{"name":"wp","href":"https:\/\/api.w.org\/{rel}","templated":true}]}}