{"id":1004,"date":"2026-01-14T19:50:51","date_gmt":"2026-01-14T16:50:51","guid":{"rendered":"https:\/\/22bet.spot\/ro\/?page_id=1004"},"modified":"2026-04-08T15:11:27","modified_gmt":"2026-04-08T12:11:27","slug":"bonus","status":"publish","type":"page","link":"https:\/\/22bet.spot\/ro\/bonus\/","title":{"rendered":"Bonus"},"content":{"rendered":"","protected":false},"excerpt":{"rendered":"","protected":false},"author":1,"featured_media":0,"parent":0,"menu_order":0,"comment_status":"closed","ping_status":"closed","template":"","meta":{"_acf_changed":false,"footnotes":""},"class_list":["post-1004","page","type-page","status-publish","hentry"],"acf":[],"yoast_head":"<!-- This site is optimized with the Yoast SEO plugin v26.7 - https:\/\/yoast.com\/wordpress\/plugins\/seo\/ -->\n<title>Bonusuri 22Bet Anul curent\u2714\ufe0f Promo\u021bii, oferte \u0219i recompense<\/title>\n<meta name=\"description\" content=\"Afl\u0103 totul despre bonusurile 22Bet \u2705 Bonus de bun venit de 100% pentru pariuri sportive \u0219i cazinou, ramburs\u0103ri s\u0103pt\u0103m\u00e2nale, pariuri gratuite \u0219i promo\u021bii exclusive pentru juc\u0103torii fideli. Activeaz\u0103 aceste oferte avantajoase chiar azi!\" \/>\n<meta name=\"robots\" content=\"index, follow, max-snippet:-1, max-image-preview:large, max-video-preview:-1\" \/>\n<link rel=\"canonical\" href=\"https:\/\/22bet.spot\/ro\/bonus\/\" \/>\n<meta property=\"og:locale\" content=\"ro_RO\" \/>\n<meta property=\"og:type\" content=\"article\" \/>\n<meta property=\"og:title\" content=\"Bonusuri 22Bet Anul curent\u2714\ufe0f Promo\u021bii, oferte \u0219i recompense\" \/>\n<meta property=\"og:description\" content=\"Afl\u0103 totul despre bonusurile 22Bet \u2705 Bonus de bun venit de 100% pentru pariuri sportive \u0219i cazinou, ramburs\u0103ri s\u0103pt\u0103m\u00e2nale, pariuri gratuite \u0219i promo\u021bii exclusive pentru juc\u0103torii fideli. Activeaz\u0103 aceste oferte avantajoase chiar azi!\" \/>\n<meta property=\"og:url\" content=\"https:\/\/22bet.spot\/ro\/bonus\/\" \/>\n<meta property=\"og:site_name\" content=\"22Bet Spot ro\" \/>\n<meta property=\"article:modified_time\" content=\"2026-04-08T12:11:27+00:00\" \/>\n<meta name=\"twitter:card\" content=\"summary_large_image\" \/>\n<script type=\"application\/ld+json\" class=\"yoast-schema-graph\">{\"@context\":\"https:\/\/schema.org\",\"@graph\":[{\"@type\":\"WebPage\",\"@id\":\"https:\/\/22bet.spot\/ro\/bonus\/\",\"url\":\"https:\/\/22bet.spot\/ro\/bonus\/\",\"name\":\"Bonusuri 22Bet Anul curent\u2714\ufe0f Promo\u021bii, oferte \u0219i recompense\",\"isPartOf\":{\"@id\":\"https:\/\/22bet.spot\/ro\/#website\"},\"datePublished\":\"2026-01-14T16:50:51+00:00\",\"dateModified\":\"2026-04-08T12:11:27+00:00\",\"description\":\"Afl\u0103 totul despre bonusurile 22Bet \u2705 Bonus de bun venit de 100% pentru pariuri sportive \u0219i cazinou, ramburs\u0103ri s\u0103pt\u0103m\u00e2nale, pariuri gratuite \u0219i promo\u021bii exclusive pentru juc\u0103torii fideli. Activeaz\u0103 aceste oferte avantajoase chiar azi!\",\"breadcrumb\":{\"@id\":\"https:\/\/22bet.spot\/ro\/bonus\/#breadcrumb\"},\"inLanguage\":\"ro-RO\",\"potentialAction\":[{\"@type\":\"ReadAction\",\"target\":[\"https:\/\/22bet.spot\/ro\/bonus\/\"]}]},{\"@type\":\"BreadcrumbList\",\"@id\":\"https:\/\/22bet.spot\/ro\/bonus\/#breadcrumb\",\"itemListElement\":[{\"@type\":\"ListItem\",\"position\":1,\"name\":\"Home\",\"item\":\"https:\/\/22bet.spot\/ro\/\"},{\"@type\":\"ListItem\",\"position\":2,\"name\":\"Bonus\"}]},{\"@type\":\"WebSite\",\"@id\":\"https:\/\/22bet.spot\/ro\/#website\",\"url\":\"https:\/\/22bet.spot\/ro\/\",\"name\":\"22Bet Spot ro\",\"description\":\"\",\"potentialAction\":[{\"@type\":\"SearchAction\",\"target\":{\"@type\":\"EntryPoint\",\"urlTemplate\":\"https:\/\/22bet.spot\/ro\/?s={search_term_string}\"},\"query-input\":{\"@type\":\"PropertyValueSpecification\",\"valueRequired\":true,\"valueName\":\"search_term_string\"}}],\"inLanguage\":\"ro-RO\"}]}<\/script>\n<!-- \/ Yoast SEO plugin. -->","yoast_head_json":{"title":"Bonusuri 22Bet Anul curent\u2714\ufe0f Promo\u021bii, oferte \u0219i recompense","description":"Afl\u0103 totul despre bonusurile 22Bet \u2705 Bonus de bun venit de 100% pentru pariuri sportive \u0219i cazinou, ramburs\u0103ri s\u0103pt\u0103m\u00e2nale, pariuri gratuite \u0219i promo\u021bii exclusive pentru juc\u0103torii fideli. Activeaz\u0103 aceste oferte avantajoase chiar azi!","robots":{"index":"index","follow":"follow","max-snippet":"max-snippet:-1","max-image-preview":"max-image-preview:large","max-video-preview":"max-video-preview:-1"},"canonical":"https:\/\/22bet.spot\/ro\/bonus\/","og_locale":"ro_RO","og_type":"article","og_title":"Bonusuri 22Bet Anul curent\u2714\ufe0f Promo\u021bii, oferte \u0219i recompense","og_description":"Afl\u0103 totul despre bonusurile 22Bet \u2705 Bonus de bun venit de 100% pentru pariuri sportive \u0219i cazinou, ramburs\u0103ri s\u0103pt\u0103m\u00e2nale, pariuri gratuite \u0219i promo\u021bii exclusive pentru juc\u0103torii fideli. Activeaz\u0103 aceste oferte avantajoase chiar azi!","og_url":"https:\/\/22bet.spot\/ro\/bonus\/","og_site_name":"22Bet Spot ro","article_modified_time":"2026-04-08T12:11:27+00:00","twitter_card":"summary_large_image","schema":{"@context":"https:\/\/schema.org","@graph":[{"@type":"WebPage","@id":"https:\/\/22bet.spot\/ro\/bonus\/","url":"https:\/\/22bet.spot\/ro\/bonus\/","name":"Bonusuri 22Bet Anul curent\u2714\ufe0f Promo\u021bii, oferte \u0219i recompense","isPartOf":{"@id":"https:\/\/22bet.spot\/ro\/#website"},"datePublished":"2026-01-14T16:50:51+00:00","dateModified":"2026-04-08T12:11:27+00:00","description":"Afl\u0103 totul despre bonusurile 22Bet \u2705 Bonus de bun venit de 100% pentru pariuri sportive \u0219i cazinou, ramburs\u0103ri s\u0103pt\u0103m\u00e2nale, pariuri gratuite \u0219i promo\u021bii exclusive pentru juc\u0103torii fideli. Activeaz\u0103 aceste oferte avantajoase chiar azi!","breadcrumb":{"@id":"https:\/\/22bet.spot\/ro\/bonus\/#breadcrumb"},"inLanguage":"ro-RO","potentialAction":[{"@type":"ReadAction","target":["https:\/\/22bet.spot\/ro\/bonus\/"]}]},{"@type":"BreadcrumbList","@id":"https:\/\/22bet.spot\/ro\/bonus\/#breadcrumb","itemListElement":[{"@type":"ListItem","position":1,"name":"Home","item":"https:\/\/22bet.spot\/ro\/"},{"@type":"ListItem","position":2,"name":"Bonus"}]},{"@type":"WebSite","@id":"https:\/\/22bet.spot\/ro\/#website","url":"https:\/\/22bet.spot\/ro\/","name":"22Bet Spot ro","description":"","potentialAction":[{"@type":"SearchAction","target":{"@type":"EntryPoint","urlTemplate":"https:\/\/22bet.spot\/ro\/?s={search_term_string}"},"query-input":{"@type":"PropertyValueSpecification","valueRequired":true,"valueName":"search_term_string"}}],"inLanguage":"ro-RO"}]}},"_links":{"self":[{"href":"https:\/\/22bet.spot\/ro\/wp-json\/wp\/v2\/pages\/1004","targetHints":{"allow":["GET"]}}],"collection":[{"href":"https:\/\/22bet.spot\/ro\/wp-json\/wp\/v2\/pages"}],"about":[{"href":"https:\/\/22bet.spot\/ro\/wp-json\/wp\/v2\/types\/page"}],"author":[{"embeddable":true,"href":"https:\/\/22bet.spot\/ro\/wp-json\/wp\/v2\/users\/1"}],"replies":[{"embeddable":true,"href":"https:\/\/22bet.spot\/ro\/wp-json\/wp\/v2\/comments?post=1004"}],"version-history":[{"count":5,"href":"https:\/\/22bet.spot\/ro\/wp-json\/wp\/v2\/pages\/1004\/revisions"}],"predecessor-version":[{"id":1216,"href":"https:\/\/22bet.spot\/ro\/wp-json\/wp\/v2\/pages\/1004\/revisions\/1216"}],"wp:attachment":[{"href":"https:\/\/22bet.spot\/ro\/wp-json\/wp\/v2\/media?parent=1004"}],"curies":[{"name":"wp","href":"https:\/\/api.w.org\/{rel}","templated":true}]}}