{"id":1031,"date":"2026-01-15T13:09:51","date_gmt":"2026-01-15T10:09:51","guid":{"rendered":"https:\/\/22bet.spot\/ro\/?page_id=1031"},"modified":"2026-04-08T17:57:08","modified_gmt":"2026-04-08T14:57:08","slug":"promo-code","status":"publish","type":"page","link":"https:\/\/22bet.spot\/ro\/promo-code\/","title":{"rendered":"Cod promo\u021bional"},"content":{"rendered":"","protected":false},"excerpt":{"rendered":"","protected":false},"author":1,"featured_media":0,"parent":0,"menu_order":0,"comment_status":"closed","ping_status":"closed","template":"","meta":{"_acf_changed":false,"footnotes":""},"class_list":["post-1031","page","type-page","status-publish","hentry"],"acf":[],"yoast_head":"<!-- This site is optimized with the Yoast SEO plugin v26.7 - https:\/\/yoast.com\/wordpress\/plugins\/seo\/ -->\n<title>Coduri promo\u021bionale 22Bet \u2705 Bonusuri, rotiri gratuite \u0219i ramburs\u0103ri<\/title>\n<meta name=\"description\" content=\"Afl\u0103 cum s\u0103 folose\u0219ti codurile promo\u021bionale 22Bet \u2714\ufe0f \u0219i deblocheaz\u0103 bonusuri exclusive, rotiri gratuite, bonusuri de re\u00eenc\u0103rcare \u0219i ramburs\u0103ri mai mari. Activeaz\u0103 codurile secrete \u0219i beneficiaz\u0103 de mai multe avantaje \u00een joc!\" \/>\n<meta name=\"robots\" content=\"index, follow, max-snippet:-1, max-image-preview:large, max-video-preview:-1\" \/>\n<link rel=\"canonical\" href=\"https:\/\/22bet.spot\/ro\/promo-code\/\" \/>\n<meta property=\"og:locale\" content=\"ro_RO\" \/>\n<meta property=\"og:type\" content=\"article\" \/>\n<meta property=\"og:title\" content=\"Coduri promo\u021bionale 22Bet \u2705 Bonusuri, rotiri gratuite \u0219i ramburs\u0103ri\" \/>\n<meta property=\"og:description\" content=\"Afl\u0103 cum s\u0103 folose\u0219ti codurile promo\u021bionale 22Bet \u2714\ufe0f \u0219i deblocheaz\u0103 bonusuri exclusive, rotiri gratuite, bonusuri de re\u00eenc\u0103rcare \u0219i ramburs\u0103ri mai mari. Activeaz\u0103 codurile secrete \u0219i beneficiaz\u0103 de mai multe avantaje \u00een joc!\" \/>\n<meta property=\"og:url\" content=\"https:\/\/22bet.spot\/ro\/promo-code\/\" \/>\n<meta property=\"og:site_name\" content=\"22Bet Spot ro\" \/>\n<meta property=\"article:modified_time\" content=\"2026-04-08T14:57:08+00:00\" \/>\n<meta name=\"twitter:card\" content=\"summary_large_image\" \/>\n<script type=\"application\/ld+json\" class=\"yoast-schema-graph\">{\"@context\":\"https:\/\/schema.org\",\"@graph\":[{\"@type\":\"WebPage\",\"@id\":\"https:\/\/22bet.spot\/ro\/promo-code\/\",\"url\":\"https:\/\/22bet.spot\/ro\/promo-code\/\",\"name\":\"Coduri promo\u021bionale 22Bet \u2705 Bonusuri, rotiri gratuite \u0219i ramburs\u0103ri\",\"isPartOf\":{\"@id\":\"https:\/\/22bet.spot\/ro\/#website\"},\"datePublished\":\"2026-01-15T10:09:51+00:00\",\"dateModified\":\"2026-04-08T14:57:08+00:00\",\"description\":\"Afl\u0103 cum s\u0103 folose\u0219ti codurile promo\u021bionale 22Bet \u2714\ufe0f \u0219i deblocheaz\u0103 bonusuri exclusive, rotiri gratuite, bonusuri de re\u00eenc\u0103rcare \u0219i ramburs\u0103ri mai mari. Activeaz\u0103 codurile secrete \u0219i beneficiaz\u0103 de mai multe avantaje \u00een joc!\",\"breadcrumb\":{\"@id\":\"https:\/\/22bet.spot\/ro\/promo-code\/#breadcrumb\"},\"inLanguage\":\"ro-RO\",\"potentialAction\":[{\"@type\":\"ReadAction\",\"target\":[\"https:\/\/22bet.spot\/ro\/promo-code\/\"]}]},{\"@type\":\"BreadcrumbList\",\"@id\":\"https:\/\/22bet.spot\/ro\/promo-code\/#breadcrumb\",\"itemListElement\":[{\"@type\":\"ListItem\",\"position\":1,\"name\":\"Home\",\"item\":\"https:\/\/22bet.spot\/ro\/\"},{\"@type\":\"ListItem\",\"position\":2,\"name\":\"Cod promo\u021bional\"}]},{\"@type\":\"WebSite\",\"@id\":\"https:\/\/22bet.spot\/ro\/#website\",\"url\":\"https:\/\/22bet.spot\/ro\/\",\"name\":\"22Bet Spot ro\",\"description\":\"\",\"potentialAction\":[{\"@type\":\"SearchAction\",\"target\":{\"@type\":\"EntryPoint\",\"urlTemplate\":\"https:\/\/22bet.spot\/ro\/?s={search_term_string}\"},\"query-input\":{\"@type\":\"PropertyValueSpecification\",\"valueRequired\":true,\"valueName\":\"search_term_string\"}}],\"inLanguage\":\"ro-RO\"}]}<\/script>\n<!-- \/ Yoast SEO plugin. -->","yoast_head_json":{"title":"Coduri promo\u021bionale 22Bet \u2705 Bonusuri, rotiri gratuite \u0219i ramburs\u0103ri","description":"Afl\u0103 cum s\u0103 folose\u0219ti codurile promo\u021bionale 22Bet \u2714\ufe0f \u0219i deblocheaz\u0103 bonusuri exclusive, rotiri gratuite, bonusuri de re\u00eenc\u0103rcare \u0219i ramburs\u0103ri mai mari. Activeaz\u0103 codurile secrete \u0219i beneficiaz\u0103 de mai multe avantaje \u00een joc!","robots":{"index":"index","follow":"follow","max-snippet":"max-snippet:-1","max-image-preview":"max-image-preview:large","max-video-preview":"max-video-preview:-1"},"canonical":"https:\/\/22bet.spot\/ro\/promo-code\/","og_locale":"ro_RO","og_type":"article","og_title":"Coduri promo\u021bionale 22Bet \u2705 Bonusuri, rotiri gratuite \u0219i ramburs\u0103ri","og_description":"Afl\u0103 cum s\u0103 folose\u0219ti codurile promo\u021bionale 22Bet \u2714\ufe0f \u0219i deblocheaz\u0103 bonusuri exclusive, rotiri gratuite, bonusuri de re\u00eenc\u0103rcare \u0219i ramburs\u0103ri mai mari. Activeaz\u0103 codurile secrete \u0219i beneficiaz\u0103 de mai multe avantaje \u00een joc!","og_url":"https:\/\/22bet.spot\/ro\/promo-code\/","og_site_name":"22Bet Spot ro","article_modified_time":"2026-04-08T14:57:08+00:00","twitter_card":"summary_large_image","schema":{"@context":"https:\/\/schema.org","@graph":[{"@type":"WebPage","@id":"https:\/\/22bet.spot\/ro\/promo-code\/","url":"https:\/\/22bet.spot\/ro\/promo-code\/","name":"Coduri promo\u021bionale 22Bet \u2705 Bonusuri, rotiri gratuite \u0219i ramburs\u0103ri","isPartOf":{"@id":"https:\/\/22bet.spot\/ro\/#website"},"datePublished":"2026-01-15T10:09:51+00:00","dateModified":"2026-04-08T14:57:08+00:00","description":"Afl\u0103 cum s\u0103 folose\u0219ti codurile promo\u021bionale 22Bet \u2714\ufe0f \u0219i deblocheaz\u0103 bonusuri exclusive, rotiri gratuite, bonusuri de re\u00eenc\u0103rcare \u0219i ramburs\u0103ri mai mari. Activeaz\u0103 codurile secrete \u0219i beneficiaz\u0103 de mai multe avantaje \u00een joc!","breadcrumb":{"@id":"https:\/\/22bet.spot\/ro\/promo-code\/#breadcrumb"},"inLanguage":"ro-RO","potentialAction":[{"@type":"ReadAction","target":["https:\/\/22bet.spot\/ro\/promo-code\/"]}]},{"@type":"BreadcrumbList","@id":"https:\/\/22bet.spot\/ro\/promo-code\/#breadcrumb","itemListElement":[{"@type":"ListItem","position":1,"name":"Home","item":"https:\/\/22bet.spot\/ro\/"},{"@type":"ListItem","position":2,"name":"Cod promo\u021bional"}]},{"@type":"WebSite","@id":"https:\/\/22bet.spot\/ro\/#website","url":"https:\/\/22bet.spot\/ro\/","name":"22Bet Spot ro","description":"","potentialAction":[{"@type":"SearchAction","target":{"@type":"EntryPoint","urlTemplate":"https:\/\/22bet.spot\/ro\/?s={search_term_string}"},"query-input":{"@type":"PropertyValueSpecification","valueRequired":true,"valueName":"search_term_string"}}],"inLanguage":"ro-RO"}]}},"_links":{"self":[{"href":"https:\/\/22bet.spot\/ro\/wp-json\/wp\/v2\/pages\/1031","targetHints":{"allow":["GET"]}}],"collection":[{"href":"https:\/\/22bet.spot\/ro\/wp-json\/wp\/v2\/pages"}],"about":[{"href":"https:\/\/22bet.spot\/ro\/wp-json\/wp\/v2\/types\/page"}],"author":[{"embeddable":true,"href":"https:\/\/22bet.spot\/ro\/wp-json\/wp\/v2\/users\/1"}],"replies":[{"embeddable":true,"href":"https:\/\/22bet.spot\/ro\/wp-json\/wp\/v2\/comments?post=1031"}],"version-history":[{"count":5,"href":"https:\/\/22bet.spot\/ro\/wp-json\/wp\/v2\/pages\/1031\/revisions"}],"predecessor-version":[{"id":1224,"href":"https:\/\/22bet.spot\/ro\/wp-json\/wp\/v2\/pages\/1031\/revisions\/1224"}],"wp:attachment":[{"href":"https:\/\/22bet.spot\/ro\/wp-json\/wp\/v2\/media?parent=1031"}],"curies":[{"name":"wp","href":"https:\/\/api.w.org\/{rel}","templated":true}]}}