{"id":1084,"date":"2026-01-17T07:35:15","date_gmt":"2026-01-17T04:35:15","guid":{"rendered":"https:\/\/22bet.spot\/ro\/?page_id=1084"},"modified":"2026-04-08T18:09:44","modified_gmt":"2026-04-08T15:09:44","slug":"registration","status":"publish","type":"page","link":"https:\/\/22bet.spot\/ro\/registration\/","title":{"rendered":"\u00cenregistrare"},"content":{"rendered":"","protected":false},"excerpt":{"rendered":"","protected":false},"author":1,"featured_media":0,"parent":0,"menu_order":0,"comment_status":"closed","ping_status":"closed","template":"","meta":{"_acf_changed":false,"footnotes":""},"class_list":["post-1084","page","type-page","status-publish","hentry"],"acf":[],"yoast_head":"<!-- This site is optimized with the Yoast SEO plugin v26.7 - https:\/\/yoast.com\/wordpress\/plugins\/seo\/ -->\n<title>\u00cenregistrarea unui cont 22Bet \u2714\ufe0f Creeaz\u0103-\u021bi un profil \u0219i joac\u0103 pe<\/title>\n<meta name=\"description\" content=\"Afl\u0103 cum te po\u021bi \u00eenregistra la 22Bet \u00een doar c\u00e2teva minute \u2705 alege o metod\u0103 (telefon, e-mail sau re\u021bele sociale), completeaz\u0103 formularul, confirm\u0103-\u021bi contul \u0219i bucur\u0103-te de pariuri \u0219i jocuri de cazino pe toate dispozitivele.\" \/>\n<meta name=\"robots\" content=\"index, follow, max-snippet:-1, max-image-preview:large, max-video-preview:-1\" \/>\n<link rel=\"canonical\" href=\"https:\/\/22bet.spot\/ro\/registration\/\" \/>\n<meta property=\"og:locale\" content=\"ro_RO\" \/>\n<meta property=\"og:type\" content=\"article\" \/>\n<meta property=\"og:title\" content=\"\u00cenregistrarea unui cont 22Bet \u2714\ufe0f Creeaz\u0103-\u021bi un profil \u0219i joac\u0103 pe\" \/>\n<meta property=\"og:description\" content=\"Afl\u0103 cum te po\u021bi \u00eenregistra la 22Bet \u00een doar c\u00e2teva minute \u2705 alege o metod\u0103 (telefon, e-mail sau re\u021bele sociale), completeaz\u0103 formularul, confirm\u0103-\u021bi contul \u0219i bucur\u0103-te de pariuri \u0219i jocuri de cazino pe toate dispozitivele.\" \/>\n<meta property=\"og:url\" content=\"https:\/\/22bet.spot\/ro\/registration\/\" \/>\n<meta property=\"og:site_name\" content=\"22Bet Spot ro\" \/>\n<meta property=\"article:modified_time\" content=\"2026-04-08T15:09:44+00:00\" \/>\n<meta name=\"twitter:card\" content=\"summary_large_image\" \/>\n<script type=\"application\/ld+json\" class=\"yoast-schema-graph\">{\"@context\":\"https:\/\/schema.org\",\"@graph\":[{\"@type\":\"WebPage\",\"@id\":\"https:\/\/22bet.spot\/ro\/registration\/\",\"url\":\"https:\/\/22bet.spot\/ro\/registration\/\",\"name\":\"\u00cenregistrarea unui cont 22Bet \u2714\ufe0f Creeaz\u0103-\u021bi un profil \u0219i joac\u0103 pe\",\"isPartOf\":{\"@id\":\"https:\/\/22bet.spot\/ro\/#website\"},\"datePublished\":\"2026-01-17T04:35:15+00:00\",\"dateModified\":\"2026-04-08T15:09:44+00:00\",\"description\":\"Afl\u0103 cum te po\u021bi \u00eenregistra la 22Bet \u00een doar c\u00e2teva minute \u2705 alege o metod\u0103 (telefon, e-mail sau re\u021bele sociale), completeaz\u0103 formularul, confirm\u0103-\u021bi contul \u0219i bucur\u0103-te de pariuri \u0219i jocuri de cazino pe toate dispozitivele.\",\"breadcrumb\":{\"@id\":\"https:\/\/22bet.spot\/ro\/registration\/#breadcrumb\"},\"inLanguage\":\"ro-RO\",\"potentialAction\":[{\"@type\":\"ReadAction\",\"target\":[\"https:\/\/22bet.spot\/ro\/registration\/\"]}]},{\"@type\":\"BreadcrumbList\",\"@id\":\"https:\/\/22bet.spot\/ro\/registration\/#breadcrumb\",\"itemListElement\":[{\"@type\":\"ListItem\",\"position\":1,\"name\":\"Home\",\"item\":\"https:\/\/22bet.spot\/ro\/\"},{\"@type\":\"ListItem\",\"position\":2,\"name\":\"\u00cenregistrare\"}]},{\"@type\":\"WebSite\",\"@id\":\"https:\/\/22bet.spot\/ro\/#website\",\"url\":\"https:\/\/22bet.spot\/ro\/\",\"name\":\"22Bet Spot ro\",\"description\":\"\",\"potentialAction\":[{\"@type\":\"SearchAction\",\"target\":{\"@type\":\"EntryPoint\",\"urlTemplate\":\"https:\/\/22bet.spot\/ro\/?s={search_term_string}\"},\"query-input\":{\"@type\":\"PropertyValueSpecification\",\"valueRequired\":true,\"valueName\":\"search_term_string\"}}],\"inLanguage\":\"ro-RO\"}]}<\/script>\n<!-- \/ Yoast SEO plugin. -->","yoast_head_json":{"title":"\u00cenregistrarea unui cont 22Bet \u2714\ufe0f Creeaz\u0103-\u021bi un profil \u0219i joac\u0103 pe","description":"Afl\u0103 cum te po\u021bi \u00eenregistra la 22Bet \u00een doar c\u00e2teva minute \u2705 alege o metod\u0103 (telefon, e-mail sau re\u021bele sociale), completeaz\u0103 formularul, confirm\u0103-\u021bi contul \u0219i bucur\u0103-te de pariuri \u0219i jocuri de cazino pe toate dispozitivele.","robots":{"index":"index","follow":"follow","max-snippet":"max-snippet:-1","max-image-preview":"max-image-preview:large","max-video-preview":"max-video-preview:-1"},"canonical":"https:\/\/22bet.spot\/ro\/registration\/","og_locale":"ro_RO","og_type":"article","og_title":"\u00cenregistrarea unui cont 22Bet \u2714\ufe0f Creeaz\u0103-\u021bi un profil \u0219i joac\u0103 pe","og_description":"Afl\u0103 cum te po\u021bi \u00eenregistra la 22Bet \u00een doar c\u00e2teva minute \u2705 alege o metod\u0103 (telefon, e-mail sau re\u021bele sociale), completeaz\u0103 formularul, confirm\u0103-\u021bi contul \u0219i bucur\u0103-te de pariuri \u0219i jocuri de cazino pe toate dispozitivele.","og_url":"https:\/\/22bet.spot\/ro\/registration\/","og_site_name":"22Bet Spot ro","article_modified_time":"2026-04-08T15:09:44+00:00","twitter_card":"summary_large_image","schema":{"@context":"https:\/\/schema.org","@graph":[{"@type":"WebPage","@id":"https:\/\/22bet.spot\/ro\/registration\/","url":"https:\/\/22bet.spot\/ro\/registration\/","name":"\u00cenregistrarea unui cont 22Bet \u2714\ufe0f Creeaz\u0103-\u021bi un profil \u0219i joac\u0103 pe","isPartOf":{"@id":"https:\/\/22bet.spot\/ro\/#website"},"datePublished":"2026-01-17T04:35:15+00:00","dateModified":"2026-04-08T15:09:44+00:00","description":"Afl\u0103 cum te po\u021bi \u00eenregistra la 22Bet \u00een doar c\u00e2teva minute \u2705 alege o metod\u0103 (telefon, e-mail sau re\u021bele sociale), completeaz\u0103 formularul, confirm\u0103-\u021bi contul \u0219i bucur\u0103-te de pariuri \u0219i jocuri de cazino pe toate dispozitivele.","breadcrumb":{"@id":"https:\/\/22bet.spot\/ro\/registration\/#breadcrumb"},"inLanguage":"ro-RO","potentialAction":[{"@type":"ReadAction","target":["https:\/\/22bet.spot\/ro\/registration\/"]}]},{"@type":"BreadcrumbList","@id":"https:\/\/22bet.spot\/ro\/registration\/#breadcrumb","itemListElement":[{"@type":"ListItem","position":1,"name":"Home","item":"https:\/\/22bet.spot\/ro\/"},{"@type":"ListItem","position":2,"name":"\u00cenregistrare"}]},{"@type":"WebSite","@id":"https:\/\/22bet.spot\/ro\/#website","url":"https:\/\/22bet.spot\/ro\/","name":"22Bet Spot ro","description":"","potentialAction":[{"@type":"SearchAction","target":{"@type":"EntryPoint","urlTemplate":"https:\/\/22bet.spot\/ro\/?s={search_term_string}"},"query-input":{"@type":"PropertyValueSpecification","valueRequired":true,"valueName":"search_term_string"}}],"inLanguage":"ro-RO"}]}},"_links":{"self":[{"href":"https:\/\/22bet.spot\/ro\/wp-json\/wp\/v2\/pages\/1084","targetHints":{"allow":["GET"]}}],"collection":[{"href":"https:\/\/22bet.spot\/ro\/wp-json\/wp\/v2\/pages"}],"about":[{"href":"https:\/\/22bet.spot\/ro\/wp-json\/wp\/v2\/types\/page"}],"author":[{"embeddable":true,"href":"https:\/\/22bet.spot\/ro\/wp-json\/wp\/v2\/users\/1"}],"replies":[{"embeddable":true,"href":"https:\/\/22bet.spot\/ro\/wp-json\/wp\/v2\/comments?post=1084"}],"version-history":[{"count":5,"href":"https:\/\/22bet.spot\/ro\/wp-json\/wp\/v2\/pages\/1084\/revisions"}],"predecessor-version":[{"id":1225,"href":"https:\/\/22bet.spot\/ro\/wp-json\/wp\/v2\/pages\/1084\/revisions\/1225"}],"wp:attachment":[{"href":"https:\/\/22bet.spot\/ro\/wp-json\/wp\/v2\/media?parent=1084"}],"curies":[{"name":"wp","href":"https:\/\/api.w.org\/{rel}","templated":true}]}}