{"id":1114,"date":"2026-01-18T09:10:57","date_gmt":"2026-01-18T06:10:57","guid":{"rendered":"https:\/\/22bet.spot\/ro\/?page_id=1114"},"modified":"2026-04-08T13:48:41","modified_gmt":"2026-04-08T10:48:41","slug":"affiliate","status":"publish","type":"page","link":"https:\/\/22bet.spot\/ro\/affiliate\/","title":{"rendered":"Afiliat"},"content":{"rendered":"","protected":false},"excerpt":{"rendered":"","protected":false},"author":1,"featured_media":0,"parent":0,"menu_order":0,"comment_status":"closed","ping_status":"closed","template":"","meta":{"_acf_changed":false,"footnotes":""},"class_list":["post-1114","page","type-page","status-publish","hentry"],"acf":[],"yoast_head":"<!-- This site is optimized with the Yoast SEO plugin v26.7 - https:\/\/yoast.com\/wordpress\/plugins\/seo\/ -->\n<title>Programul de afiliere 22Bet Partners \u2714\ufe0f 50% din venituri<\/title>\n<meta name=\"description\" content=\"Al\u0103tur\u0103-te programului 22Bet Partners \u2705 c\u00e2\u0219tig\u0103 p\u00e2n\u0103 la 50% din venituri (RevShare) sau CPA, atrage juc\u0103tori c\u0103tre sec\u021biunile de pariuri sportive \u0219i cazinou. Pl\u0103\u021bi s\u0103pt\u0103m\u00e2nale, materiale de marketing \u0219i asisten\u021b\u0103.\" \/>\n<meta name=\"robots\" content=\"index, follow, max-snippet:-1, max-image-preview:large, max-video-preview:-1\" \/>\n<link rel=\"canonical\" href=\"https:\/\/22bet.spot\/ro\/affiliate\/\" \/>\n<meta property=\"og:locale\" content=\"ro_RO\" \/>\n<meta property=\"og:type\" content=\"article\" \/>\n<meta property=\"og:title\" content=\"Programul de afiliere 22Bet Partners \u2714\ufe0f 50% din venituri\" \/>\n<meta property=\"og:description\" content=\"Al\u0103tur\u0103-te programului 22Bet Partners \u2705 c\u00e2\u0219tig\u0103 p\u00e2n\u0103 la 50% din venituri (RevShare) sau CPA, atrage juc\u0103tori c\u0103tre sec\u021biunile de pariuri sportive \u0219i cazinou. Pl\u0103\u021bi s\u0103pt\u0103m\u00e2nale, materiale de marketing \u0219i asisten\u021b\u0103.\" \/>\n<meta property=\"og:url\" content=\"https:\/\/22bet.spot\/ro\/affiliate\/\" \/>\n<meta property=\"og:site_name\" content=\"22Bet Spot ro\" \/>\n<meta property=\"article:modified_time\" content=\"2026-04-08T10:48:41+00:00\" \/>\n<meta name=\"twitter:card\" content=\"summary_large_image\" \/>\n<script type=\"application\/ld+json\" class=\"yoast-schema-graph\">{\"@context\":\"https:\/\/schema.org\",\"@graph\":[{\"@type\":\"WebPage\",\"@id\":\"https:\/\/22bet.spot\/ro\/affiliate\/\",\"url\":\"https:\/\/22bet.spot\/ro\/affiliate\/\",\"name\":\"Programul de afiliere 22Bet Partners \u2714\ufe0f 50% din venituri\",\"isPartOf\":{\"@id\":\"https:\/\/22bet.spot\/ro\/#website\"},\"datePublished\":\"2026-01-18T06:10:57+00:00\",\"dateModified\":\"2026-04-08T10:48:41+00:00\",\"description\":\"Al\u0103tur\u0103-te programului 22Bet Partners \u2705 c\u00e2\u0219tig\u0103 p\u00e2n\u0103 la 50% din venituri (RevShare) sau CPA, atrage juc\u0103tori c\u0103tre sec\u021biunile de pariuri sportive \u0219i cazinou. Pl\u0103\u021bi s\u0103pt\u0103m\u00e2nale, materiale de marketing \u0219i asisten\u021b\u0103.\",\"breadcrumb\":{\"@id\":\"https:\/\/22bet.spot\/ro\/affiliate\/#breadcrumb\"},\"inLanguage\":\"ro-RO\",\"potentialAction\":[{\"@type\":\"ReadAction\",\"target\":[\"https:\/\/22bet.spot\/ro\/affiliate\/\"]}]},{\"@type\":\"BreadcrumbList\",\"@id\":\"https:\/\/22bet.spot\/ro\/affiliate\/#breadcrumb\",\"itemListElement\":[{\"@type\":\"ListItem\",\"position\":1,\"name\":\"Home\",\"item\":\"https:\/\/22bet.spot\/ro\/\"},{\"@type\":\"ListItem\",\"position\":2,\"name\":\"Afiliat\"}]},{\"@type\":\"WebSite\",\"@id\":\"https:\/\/22bet.spot\/ro\/#website\",\"url\":\"https:\/\/22bet.spot\/ro\/\",\"name\":\"22Bet Spot ro\",\"description\":\"\",\"potentialAction\":[{\"@type\":\"SearchAction\",\"target\":{\"@type\":\"EntryPoint\",\"urlTemplate\":\"https:\/\/22bet.spot\/ro\/?s={search_term_string}\"},\"query-input\":{\"@type\":\"PropertyValueSpecification\",\"valueRequired\":true,\"valueName\":\"search_term_string\"}}],\"inLanguage\":\"ro-RO\"}]}<\/script>\n<!-- \/ Yoast SEO plugin. -->","yoast_head_json":{"title":"Programul de afiliere 22Bet Partners \u2714\ufe0f 50% din venituri","description":"Al\u0103tur\u0103-te programului 22Bet Partners \u2705 c\u00e2\u0219tig\u0103 p\u00e2n\u0103 la 50% din venituri (RevShare) sau CPA, atrage juc\u0103tori c\u0103tre sec\u021biunile de pariuri sportive \u0219i cazinou. Pl\u0103\u021bi s\u0103pt\u0103m\u00e2nale, materiale de marketing \u0219i asisten\u021b\u0103.","robots":{"index":"index","follow":"follow","max-snippet":"max-snippet:-1","max-image-preview":"max-image-preview:large","max-video-preview":"max-video-preview:-1"},"canonical":"https:\/\/22bet.spot\/ro\/affiliate\/","og_locale":"ro_RO","og_type":"article","og_title":"Programul de afiliere 22Bet Partners \u2714\ufe0f 50% din venituri","og_description":"Al\u0103tur\u0103-te programului 22Bet Partners \u2705 c\u00e2\u0219tig\u0103 p\u00e2n\u0103 la 50% din venituri (RevShare) sau CPA, atrage juc\u0103tori c\u0103tre sec\u021biunile de pariuri sportive \u0219i cazinou. Pl\u0103\u021bi s\u0103pt\u0103m\u00e2nale, materiale de marketing \u0219i asisten\u021b\u0103.","og_url":"https:\/\/22bet.spot\/ro\/affiliate\/","og_site_name":"22Bet Spot ro","article_modified_time":"2026-04-08T10:48:41+00:00","twitter_card":"summary_large_image","schema":{"@context":"https:\/\/schema.org","@graph":[{"@type":"WebPage","@id":"https:\/\/22bet.spot\/ro\/affiliate\/","url":"https:\/\/22bet.spot\/ro\/affiliate\/","name":"Programul de afiliere 22Bet Partners \u2714\ufe0f 50% din venituri","isPartOf":{"@id":"https:\/\/22bet.spot\/ro\/#website"},"datePublished":"2026-01-18T06:10:57+00:00","dateModified":"2026-04-08T10:48:41+00:00","description":"Al\u0103tur\u0103-te programului 22Bet Partners \u2705 c\u00e2\u0219tig\u0103 p\u00e2n\u0103 la 50% din venituri (RevShare) sau CPA, atrage juc\u0103tori c\u0103tre sec\u021biunile de pariuri sportive \u0219i cazinou. Pl\u0103\u021bi s\u0103pt\u0103m\u00e2nale, materiale de marketing \u0219i asisten\u021b\u0103.","breadcrumb":{"@id":"https:\/\/22bet.spot\/ro\/affiliate\/#breadcrumb"},"inLanguage":"ro-RO","potentialAction":[{"@type":"ReadAction","target":["https:\/\/22bet.spot\/ro\/affiliate\/"]}]},{"@type":"BreadcrumbList","@id":"https:\/\/22bet.spot\/ro\/affiliate\/#breadcrumb","itemListElement":[{"@type":"ListItem","position":1,"name":"Home","item":"https:\/\/22bet.spot\/ro\/"},{"@type":"ListItem","position":2,"name":"Afiliat"}]},{"@type":"WebSite","@id":"https:\/\/22bet.spot\/ro\/#website","url":"https:\/\/22bet.spot\/ro\/","name":"22Bet Spot ro","description":"","potentialAction":[{"@type":"SearchAction","target":{"@type":"EntryPoint","urlTemplate":"https:\/\/22bet.spot\/ro\/?s={search_term_string}"},"query-input":{"@type":"PropertyValueSpecification","valueRequired":true,"valueName":"search_term_string"}}],"inLanguage":"ro-RO"}]}},"_links":{"self":[{"href":"https:\/\/22bet.spot\/ro\/wp-json\/wp\/v2\/pages\/1114","targetHints":{"allow":["GET"]}}],"collection":[{"href":"https:\/\/22bet.spot\/ro\/wp-json\/wp\/v2\/pages"}],"about":[{"href":"https:\/\/22bet.spot\/ro\/wp-json\/wp\/v2\/types\/page"}],"author":[{"embeddable":true,"href":"https:\/\/22bet.spot\/ro\/wp-json\/wp\/v2\/users\/1"}],"replies":[{"embeddable":true,"href":"https:\/\/22bet.spot\/ro\/wp-json\/wp\/v2\/comments?post=1114"}],"version-history":[{"count":5,"href":"https:\/\/22bet.spot\/ro\/wp-json\/wp\/v2\/pages\/1114\/revisions"}],"predecessor-version":[{"id":1209,"href":"https:\/\/22bet.spot\/ro\/wp-json\/wp\/v2\/pages\/1114\/revisions\/1209"}],"wp:attachment":[{"href":"https:\/\/22bet.spot\/ro\/wp-json\/wp\/v2\/media?parent=1114"}],"curies":[{"name":"wp","href":"https:\/\/api.w.org\/{rel}","templated":true}]}}