{"id":1004,"date":"2026-01-14T19:50:51","date_gmt":"2026-01-14T16:50:51","guid":{"rendered":"https:\/\/22bet.spot\/sk\/?page_id=1004"},"modified":"2026-02-17T15:49:59","modified_gmt":"2026-02-17T12:49:59","slug":"bonus","status":"publish","type":"page","link":"https:\/\/22bet.spot\/sk\/bonus\/","title":{"rendered":"Bonus"},"content":{"rendered":"","protected":false},"excerpt":{"rendered":"","protected":false},"author":1,"featured_media":0,"parent":0,"menu_order":0,"comment_status":"closed","ping_status":"closed","template":"","meta":{"_acf_changed":false,"footnotes":""},"class_list":["post-1004","page","type-page","status-publish","hentry"],"acf":[],"yoast_head":"<!-- This site is optimized with the Yoast SEO plugin v26.7 - https:\/\/yoast.com\/wordpress\/plugins\/seo\/ -->\n<title>Bonusy 22Bet 2026 \u2714\ufe0f Propaga\u010dn\u00e9 akcie, ponuky a odmeny<\/title>\n<meta name=\"description\" content=\"Zistite v\u0161etko o bonusoch 22Bet \u2705 100 % uv\u00edtac\u00ed bonus na \u0161portov\u00e9 st\u00e1vky a kas\u00edno, t\u00fd\u017edenn\u00fd cashback, st\u00e1vky zadarmo a exkluz\u00edvne promo akcie pre pravideln\u00fdch hr\u00e1\u010dov. Aktivujte tieto lukrat\u00edvne ponuky e\u0161te dnes!\" \/>\n<meta name=\"robots\" content=\"index, follow, max-snippet:-1, max-image-preview:large, max-video-preview:-1\" \/>\n<link rel=\"canonical\" href=\"https:\/\/22bet.spot\/sk\/bonus\/\" \/>\n<meta property=\"og:locale\" content=\"sk_SK\" \/>\n<meta property=\"og:type\" content=\"article\" \/>\n<meta property=\"og:title\" content=\"Bonusy 22Bet 2026 \u2714\ufe0f Propaga\u010dn\u00e9 akcie, ponuky a odmeny\" \/>\n<meta property=\"og:description\" content=\"Zistite v\u0161etko o bonusoch 22Bet \u2705 100 % uv\u00edtac\u00ed bonus na \u0161portov\u00e9 st\u00e1vky a kas\u00edno, t\u00fd\u017edenn\u00fd cashback, st\u00e1vky zadarmo a exkluz\u00edvne promo akcie pre pravideln\u00fdch hr\u00e1\u010dov. Aktivujte tieto lukrat\u00edvne ponuky e\u0161te dnes!\" \/>\n<meta property=\"og:url\" content=\"https:\/\/22bet.spot\/sk\/bonus\/\" \/>\n<meta property=\"og:site_name\" content=\"22Bet Spot SK\" \/>\n<meta property=\"article:modified_time\" content=\"2026-02-17T12:49:59+00:00\" \/>\n<meta name=\"twitter:card\" content=\"summary_large_image\" \/>\n<script type=\"application\/ld+json\" class=\"yoast-schema-graph\">{\"@context\":\"https:\/\/schema.org\",\"@graph\":[{\"@type\":\"WebPage\",\"@id\":\"https:\/\/22bet.spot\/sk\/bonus\/\",\"url\":\"https:\/\/22bet.spot\/sk\/bonus\/\",\"name\":\"Bonusy 22Bet 2026 \u2714\ufe0f Propaga\u010dn\u00e9 akcie, ponuky a odmeny\",\"isPartOf\":{\"@id\":\"https:\/\/22bet.spot\/sk\/#website\"},\"datePublished\":\"2026-01-14T16:50:51+00:00\",\"dateModified\":\"2026-02-17T12:49:59+00:00\",\"description\":\"Zistite v\u0161etko o bonusoch 22Bet \u2705 100 % uv\u00edtac\u00ed bonus na \u0161portov\u00e9 st\u00e1vky a kas\u00edno, t\u00fd\u017edenn\u00fd cashback, st\u00e1vky zadarmo a exkluz\u00edvne promo akcie pre pravideln\u00fdch hr\u00e1\u010dov. Aktivujte tieto lukrat\u00edvne ponuky e\u0161te dnes!\",\"breadcrumb\":{\"@id\":\"https:\/\/22bet.spot\/sk\/bonus\/#breadcrumb\"},\"inLanguage\":\"sk-SK\",\"potentialAction\":[{\"@type\":\"ReadAction\",\"target\":[\"https:\/\/22bet.spot\/sk\/bonus\/\"]}]},{\"@type\":\"BreadcrumbList\",\"@id\":\"https:\/\/22bet.spot\/sk\/bonus\/#breadcrumb\",\"itemListElement\":[{\"@type\":\"ListItem\",\"position\":1,\"name\":\"Home\",\"item\":\"https:\/\/22bet.spot\/sk\/\"},{\"@type\":\"ListItem\",\"position\":2,\"name\":\"Bonus\"}]},{\"@type\":\"WebSite\",\"@id\":\"https:\/\/22bet.spot\/sk\/#website\",\"url\":\"https:\/\/22bet.spot\/sk\/\",\"name\":\"22Bet Spot SK\",\"description\":\"\",\"potentialAction\":[{\"@type\":\"SearchAction\",\"target\":{\"@type\":\"EntryPoint\",\"urlTemplate\":\"https:\/\/22bet.spot\/sk\/?s={search_term_string}\"},\"query-input\":{\"@type\":\"PropertyValueSpecification\",\"valueRequired\":true,\"valueName\":\"search_term_string\"}}],\"inLanguage\":\"sk-SK\"}]}<\/script>\n<!-- \/ Yoast SEO plugin. -->","yoast_head_json":{"title":"Bonusy 22Bet 2026 \u2714\ufe0f Propaga\u010dn\u00e9 akcie, ponuky a odmeny","description":"Zistite v\u0161etko o bonusoch 22Bet \u2705 100 % uv\u00edtac\u00ed bonus na \u0161portov\u00e9 st\u00e1vky a kas\u00edno, t\u00fd\u017edenn\u00fd cashback, st\u00e1vky zadarmo a exkluz\u00edvne promo akcie pre pravideln\u00fdch hr\u00e1\u010dov. Aktivujte tieto lukrat\u00edvne ponuky e\u0161te dnes!","robots":{"index":"index","follow":"follow","max-snippet":"max-snippet:-1","max-image-preview":"max-image-preview:large","max-video-preview":"max-video-preview:-1"},"canonical":"https:\/\/22bet.spot\/sk\/bonus\/","og_locale":"sk_SK","og_type":"article","og_title":"Bonusy 22Bet 2026 \u2714\ufe0f Propaga\u010dn\u00e9 akcie, ponuky a odmeny","og_description":"Zistite v\u0161etko o bonusoch 22Bet \u2705 100 % uv\u00edtac\u00ed bonus na \u0161portov\u00e9 st\u00e1vky a kas\u00edno, t\u00fd\u017edenn\u00fd cashback, st\u00e1vky zadarmo a exkluz\u00edvne promo akcie pre pravideln\u00fdch hr\u00e1\u010dov. Aktivujte tieto lukrat\u00edvne ponuky e\u0161te dnes!","og_url":"https:\/\/22bet.spot\/sk\/bonus\/","og_site_name":"22Bet Spot SK","article_modified_time":"2026-02-17T12:49:59+00:00","twitter_card":"summary_large_image","schema":{"@context":"https:\/\/schema.org","@graph":[{"@type":"WebPage","@id":"https:\/\/22bet.spot\/sk\/bonus\/","url":"https:\/\/22bet.spot\/sk\/bonus\/","name":"Bonusy 22Bet 2026 \u2714\ufe0f Propaga\u010dn\u00e9 akcie, ponuky a odmeny","isPartOf":{"@id":"https:\/\/22bet.spot\/sk\/#website"},"datePublished":"2026-01-14T16:50:51+00:00","dateModified":"2026-02-17T12:49:59+00:00","description":"Zistite v\u0161etko o bonusoch 22Bet \u2705 100 % uv\u00edtac\u00ed bonus na \u0161portov\u00e9 st\u00e1vky a kas\u00edno, t\u00fd\u017edenn\u00fd cashback, st\u00e1vky zadarmo a exkluz\u00edvne promo akcie pre pravideln\u00fdch hr\u00e1\u010dov. Aktivujte tieto lukrat\u00edvne ponuky e\u0161te dnes!","breadcrumb":{"@id":"https:\/\/22bet.spot\/sk\/bonus\/#breadcrumb"},"inLanguage":"sk-SK","potentialAction":[{"@type":"ReadAction","target":["https:\/\/22bet.spot\/sk\/bonus\/"]}]},{"@type":"BreadcrumbList","@id":"https:\/\/22bet.spot\/sk\/bonus\/#breadcrumb","itemListElement":[{"@type":"ListItem","position":1,"name":"Home","item":"https:\/\/22bet.spot\/sk\/"},{"@type":"ListItem","position":2,"name":"Bonus"}]},{"@type":"WebSite","@id":"https:\/\/22bet.spot\/sk\/#website","url":"https:\/\/22bet.spot\/sk\/","name":"22Bet Spot SK","description":"","potentialAction":[{"@type":"SearchAction","target":{"@type":"EntryPoint","urlTemplate":"https:\/\/22bet.spot\/sk\/?s={search_term_string}"},"query-input":{"@type":"PropertyValueSpecification","valueRequired":true,"valueName":"search_term_string"}}],"inLanguage":"sk-SK"}]}},"_links":{"self":[{"href":"https:\/\/22bet.spot\/sk\/wp-json\/wp\/v2\/pages\/1004","targetHints":{"allow":["GET"]}}],"collection":[{"href":"https:\/\/22bet.spot\/sk\/wp-json\/wp\/v2\/pages"}],"about":[{"href":"https:\/\/22bet.spot\/sk\/wp-json\/wp\/v2\/types\/page"}],"author":[{"embeddable":true,"href":"https:\/\/22bet.spot\/sk\/wp-json\/wp\/v2\/users\/1"}],"replies":[{"embeddable":true,"href":"https:\/\/22bet.spot\/sk\/wp-json\/wp\/v2\/comments?post=1004"}],"version-history":[{"count":5,"href":"https:\/\/22bet.spot\/sk\/wp-json\/wp\/v2\/pages\/1004\/revisions"}],"predecessor-version":[{"id":1212,"href":"https:\/\/22bet.spot\/sk\/wp-json\/wp\/v2\/pages\/1004\/revisions\/1212"}],"wp:attachment":[{"href":"https:\/\/22bet.spot\/sk\/wp-json\/wp\/v2\/media?parent=1004"}],"curies":[{"name":"wp","href":"https:\/\/api.w.org\/{rel}","templated":true}]}}