{"id":853,"date":"2026-01-12T14:39:34","date_gmt":"2026-01-12T11:39:34","guid":{"rendered":"https:\/\/22bet.spot\/sk\/?page_id=853"},"modified":"2026-02-17T15:50:43","modified_gmt":"2026-02-17T12:50:43","slug":"app","status":"publish","type":"page","link":"https:\/\/22bet.spot\/sk\/app\/","title":{"rendered":"Aplik\u00e1cia"},"content":{"rendered":"","protected":false},"excerpt":{"rendered":"","protected":false},"author":1,"featured_media":0,"parent":0,"menu_order":0,"comment_status":"closed","ping_status":"closed","template":"","meta":{"_acf_changed":false,"footnotes":""},"class_list":["post-853","page","type-page","status-publish","hentry"],"acf":[],"yoast_head":"<!-- This site is optimized with the Yoast SEO plugin v26.7 - https:\/\/yoast.com\/wordpress\/plugins\/seo\/ -->\n<title>22Bet App 2026 \u2705 Stiahnite si aplik\u00e1ciu pre Android a iOS<\/title>\n<meta name=\"description\" content=\"Stiahnite si aplik\u00e1ciu 22Bet pre Android a iOS \u2714\ufe0f \u0161portov\u00e9 st\u00e1vky, live kas\u00edno, bonusy a r\u00fdchly pr\u00edstup k va\u0161im \u00fa\u010dtom. Pln\u00e1 funk\u010dnos\u0165 webovej str\u00e1nky v praktickej mobilnej aplik\u00e1cii u\u017e teraz!\" \/>\n<meta name=\"robots\" content=\"index, follow, max-snippet:-1, max-image-preview:large, max-video-preview:-1\" \/>\n<link rel=\"canonical\" href=\"https:\/\/22bet.spot\/sk\/app\/\" \/>\n<meta property=\"og:locale\" content=\"sk_SK\" \/>\n<meta property=\"og:type\" content=\"article\" \/>\n<meta property=\"og:title\" content=\"22Bet App 2026 \u2705 Stiahnite si aplik\u00e1ciu pre Android a iOS\" \/>\n<meta property=\"og:description\" content=\"Stiahnite si aplik\u00e1ciu 22Bet pre Android a iOS \u2714\ufe0f \u0161portov\u00e9 st\u00e1vky, live kas\u00edno, bonusy a r\u00fdchly pr\u00edstup k va\u0161im \u00fa\u010dtom. Pln\u00e1 funk\u010dnos\u0165 webovej str\u00e1nky v praktickej mobilnej aplik\u00e1cii u\u017e teraz!\" \/>\n<meta property=\"og:url\" content=\"https:\/\/22bet.spot\/sk\/app\/\" \/>\n<meta property=\"og:site_name\" content=\"22Bet Spot SK\" \/>\n<meta property=\"article:modified_time\" content=\"2026-02-17T12:50:43+00:00\" \/>\n<meta name=\"twitter:card\" content=\"summary_large_image\" \/>\n<script type=\"application\/ld+json\" class=\"yoast-schema-graph\">{\"@context\":\"https:\/\/schema.org\",\"@graph\":[{\"@type\":\"WebPage\",\"@id\":\"https:\/\/22bet.spot\/sk\/app\/\",\"url\":\"https:\/\/22bet.spot\/sk\/app\/\",\"name\":\"22Bet App 2026 \u2705 Stiahnite si aplik\u00e1ciu pre Android a iOS\",\"isPartOf\":{\"@id\":\"https:\/\/22bet.spot\/sk\/#website\"},\"datePublished\":\"2026-01-12T11:39:34+00:00\",\"dateModified\":\"2026-02-17T12:50:43+00:00\",\"description\":\"Stiahnite si aplik\u00e1ciu 22Bet pre Android a iOS \u2714\ufe0f \u0161portov\u00e9 st\u00e1vky, live kas\u00edno, bonusy a r\u00fdchly pr\u00edstup k va\u0161im \u00fa\u010dtom. Pln\u00e1 funk\u010dnos\u0165 webovej str\u00e1nky v praktickej mobilnej aplik\u00e1cii u\u017e teraz!\",\"breadcrumb\":{\"@id\":\"https:\/\/22bet.spot\/sk\/app\/#breadcrumb\"},\"inLanguage\":\"sk-SK\",\"potentialAction\":[{\"@type\":\"ReadAction\",\"target\":[\"https:\/\/22bet.spot\/sk\/app\/\"]}]},{\"@type\":\"BreadcrumbList\",\"@id\":\"https:\/\/22bet.spot\/sk\/app\/#breadcrumb\",\"itemListElement\":[{\"@type\":\"ListItem\",\"position\":1,\"name\":\"Home\",\"item\":\"https:\/\/22bet.spot\/sk\/\"},{\"@type\":\"ListItem\",\"position\":2,\"name\":\"Aplik\u00e1cia\"}]},{\"@type\":\"WebSite\",\"@id\":\"https:\/\/22bet.spot\/sk\/#website\",\"url\":\"https:\/\/22bet.spot\/sk\/\",\"name\":\"22Bet Spot SK\",\"description\":\"\",\"potentialAction\":[{\"@type\":\"SearchAction\",\"target\":{\"@type\":\"EntryPoint\",\"urlTemplate\":\"https:\/\/22bet.spot\/sk\/?s={search_term_string}\"},\"query-input\":{\"@type\":\"PropertyValueSpecification\",\"valueRequired\":true,\"valueName\":\"search_term_string\"}}],\"inLanguage\":\"sk-SK\"}]}<\/script>\n<!-- \/ Yoast SEO plugin. -->","yoast_head_json":{"title":"22Bet App 2026 \u2705 Stiahnite si aplik\u00e1ciu pre Android a iOS","description":"Stiahnite si aplik\u00e1ciu 22Bet pre Android a iOS \u2714\ufe0f \u0161portov\u00e9 st\u00e1vky, live kas\u00edno, bonusy a r\u00fdchly pr\u00edstup k va\u0161im \u00fa\u010dtom. Pln\u00e1 funk\u010dnos\u0165 webovej str\u00e1nky v praktickej mobilnej aplik\u00e1cii u\u017e teraz!","robots":{"index":"index","follow":"follow","max-snippet":"max-snippet:-1","max-image-preview":"max-image-preview:large","max-video-preview":"max-video-preview:-1"},"canonical":"https:\/\/22bet.spot\/sk\/app\/","og_locale":"sk_SK","og_type":"article","og_title":"22Bet App 2026 \u2705 Stiahnite si aplik\u00e1ciu pre Android a iOS","og_description":"Stiahnite si aplik\u00e1ciu 22Bet pre Android a iOS \u2714\ufe0f \u0161portov\u00e9 st\u00e1vky, live kas\u00edno, bonusy a r\u00fdchly pr\u00edstup k va\u0161im \u00fa\u010dtom. Pln\u00e1 funk\u010dnos\u0165 webovej str\u00e1nky v praktickej mobilnej aplik\u00e1cii u\u017e teraz!","og_url":"https:\/\/22bet.spot\/sk\/app\/","og_site_name":"22Bet Spot SK","article_modified_time":"2026-02-17T12:50:43+00:00","twitter_card":"summary_large_image","schema":{"@context":"https:\/\/schema.org","@graph":[{"@type":"WebPage","@id":"https:\/\/22bet.spot\/sk\/app\/","url":"https:\/\/22bet.spot\/sk\/app\/","name":"22Bet App 2026 \u2705 Stiahnite si aplik\u00e1ciu pre Android a iOS","isPartOf":{"@id":"https:\/\/22bet.spot\/sk\/#website"},"datePublished":"2026-01-12T11:39:34+00:00","dateModified":"2026-02-17T12:50:43+00:00","description":"Stiahnite si aplik\u00e1ciu 22Bet pre Android a iOS \u2714\ufe0f \u0161portov\u00e9 st\u00e1vky, live kas\u00edno, bonusy a r\u00fdchly pr\u00edstup k va\u0161im \u00fa\u010dtom. Pln\u00e1 funk\u010dnos\u0165 webovej str\u00e1nky v praktickej mobilnej aplik\u00e1cii u\u017e teraz!","breadcrumb":{"@id":"https:\/\/22bet.spot\/sk\/app\/#breadcrumb"},"inLanguage":"sk-SK","potentialAction":[{"@type":"ReadAction","target":["https:\/\/22bet.spot\/sk\/app\/"]}]},{"@type":"BreadcrumbList","@id":"https:\/\/22bet.spot\/sk\/app\/#breadcrumb","itemListElement":[{"@type":"ListItem","position":1,"name":"Home","item":"https:\/\/22bet.spot\/sk\/"},{"@type":"ListItem","position":2,"name":"Aplik\u00e1cia"}]},{"@type":"WebSite","@id":"https:\/\/22bet.spot\/sk\/#website","url":"https:\/\/22bet.spot\/sk\/","name":"22Bet Spot SK","description":"","potentialAction":[{"@type":"SearchAction","target":{"@type":"EntryPoint","urlTemplate":"https:\/\/22bet.spot\/sk\/?s={search_term_string}"},"query-input":{"@type":"PropertyValueSpecification","valueRequired":true,"valueName":"search_term_string"}}],"inLanguage":"sk-SK"}]}},"_links":{"self":[{"href":"https:\/\/22bet.spot\/sk\/wp-json\/wp\/v2\/pages\/853","targetHints":{"allow":["GET"]}}],"collection":[{"href":"https:\/\/22bet.spot\/sk\/wp-json\/wp\/v2\/pages"}],"about":[{"href":"https:\/\/22bet.spot\/sk\/wp-json\/wp\/v2\/types\/page"}],"author":[{"embeddable":true,"href":"https:\/\/22bet.spot\/sk\/wp-json\/wp\/v2\/users\/1"}],"replies":[{"embeddable":true,"href":"https:\/\/22bet.spot\/sk\/wp-json\/wp\/v2\/comments?post=853"}],"version-history":[{"count":5,"href":"https:\/\/22bet.spot\/sk\/wp-json\/wp\/v2\/pages\/853\/revisions"}],"predecessor-version":[{"id":1213,"href":"https:\/\/22bet.spot\/sk\/wp-json\/wp\/v2\/pages\/853\/revisions\/1213"}],"wp:attachment":[{"href":"https:\/\/22bet.spot\/sk\/wp-json\/wp\/v2\/media?parent=853"}],"curies":[{"name":"wp","href":"https:\/\/api.w.org\/{rel}","templated":true}]}}