{"id":1114,"date":"2026-01-18T09:10:57","date_gmt":"2026-01-18T06:10:57","guid":{"rendered":"https:\/\/22bet.spot\/tj\/?page_id=1114"},"modified":"2026-04-23T21:12:08","modified_gmt":"2026-04-23T18:12:08","slug":"affiliate","status":"publish","type":"page","link":"https:\/\/22bet.spot\/tj\/affiliate\/","title":{"rendered":"\u04b2\u0430\u043c\u043a\u043e\u0440"},"content":{"rendered":"","protected":false},"excerpt":{"rendered":"","protected":false},"author":1,"featured_media":0,"parent":0,"menu_order":0,"comment_status":"closed","ping_status":"closed","template":"","meta":{"_acf_changed":false,"footnotes":""},"class_list":["post-1114","page","type-page","status-publish","hentry"],"acf":[],"yoast_head":"<!-- This site is optimized with the Yoast SEO plugin v26.7 - https:\/\/yoast.com\/wordpress\/plugins\/seo\/ -->\n<title>22Bet Partners ortakl\u0131k program\u0131 \u2714\ufe0f gelir payla\u015f\u0131m\u0131<\/title>\n<meta name=\"description\" content=\"22Bet Partners&#039;a kat\u0131l\u0131n \u2705 &#039;ye varan RevShare veya CPA kazan\u0131n, spor ve casino b\u00f6l\u00fcmlerine oyuncu \u00e7ekin. Haftal\u0131k \u00f6demeler, pazarlama materyalleri ve destek.\" \/>\n<meta name=\"robots\" content=\"index, follow, max-snippet:-1, max-image-preview:large, max-video-preview:-1\" \/>\n<link rel=\"canonical\" href=\"https:\/\/22bet.spot\/tj\/affiliate\/\" \/>\n<meta property=\"og:locale\" content=\"tg_TJ\" \/>\n<meta property=\"og:type\" content=\"article\" \/>\n<meta property=\"og:title\" content=\"22Bet Partners ortakl\u0131k program\u0131 \u2714\ufe0f gelir payla\u015f\u0131m\u0131\" \/>\n<meta property=\"og:description\" content=\"22Bet Partners&#039;a kat\u0131l\u0131n \u2705 &#039;ye varan RevShare veya CPA kazan\u0131n, spor ve casino b\u00f6l\u00fcmlerine oyuncu \u00e7ekin. Haftal\u0131k \u00f6demeler, pazarlama materyalleri ve destek.\" \/>\n<meta property=\"og:url\" content=\"https:\/\/22bet.spot\/tj\/affiliate\/\" \/>\n<meta property=\"og:site_name\" content=\"22Bet Sport tj\" \/>\n<meta property=\"article:modified_time\" content=\"2026-04-23T18:12:08+00:00\" \/>\n<meta name=\"twitter:card\" content=\"summary_large_image\" \/>\n<script type=\"application\/ld+json\" class=\"yoast-schema-graph\">{\"@context\":\"https:\/\/schema.org\",\"@graph\":[{\"@type\":\"WebPage\",\"@id\":\"https:\/\/22bet.spot\/tj\/affiliate\/\",\"url\":\"https:\/\/22bet.spot\/tj\/affiliate\/\",\"name\":\"22Bet Partners ortakl\u0131k program\u0131 \u2714\ufe0f gelir payla\u015f\u0131m\u0131\",\"isPartOf\":{\"@id\":\"https:\/\/22bet.spot\/tj\/#website\"},\"datePublished\":\"2026-01-18T06:10:57+00:00\",\"dateModified\":\"2026-04-23T18:12:08+00:00\",\"description\":\"22Bet Partners'a kat\u0131l\u0131n \u2705 'ye varan RevShare veya CPA kazan\u0131n, spor ve casino b\u00f6l\u00fcmlerine oyuncu \u00e7ekin. Haftal\u0131k \u00f6demeler, pazarlama materyalleri ve destek.\",\"breadcrumb\":{\"@id\":\"https:\/\/22bet.spot\/tj\/affiliate\/#breadcrumb\"},\"inLanguage\":\"tg-TJ\",\"potentialAction\":[{\"@type\":\"ReadAction\",\"target\":[\"https:\/\/22bet.spot\/tj\/affiliate\/\"]}]},{\"@type\":\"BreadcrumbList\",\"@id\":\"https:\/\/22bet.spot\/tj\/affiliate\/#breadcrumb\",\"itemListElement\":[{\"@type\":\"ListItem\",\"position\":1,\"name\":\"Home\",\"item\":\"https:\/\/22bet.spot\/tj\/\"},{\"@type\":\"ListItem\",\"position\":2,\"name\":\"\u04b2\u0430\u043c\u043a\u043e\u0440\"}]},{\"@type\":\"WebSite\",\"@id\":\"https:\/\/22bet.spot\/tj\/#website\",\"url\":\"https:\/\/22bet.spot\/tj\/\",\"name\":\"22Bet Sport tj\",\"description\":\"\",\"potentialAction\":[{\"@type\":\"SearchAction\",\"target\":{\"@type\":\"EntryPoint\",\"urlTemplate\":\"https:\/\/22bet.spot\/tj\/?s={search_term_string}\"},\"query-input\":{\"@type\":\"PropertyValueSpecification\",\"valueRequired\":true,\"valueName\":\"search_term_string\"}}],\"inLanguage\":\"tg-TJ\"}]}<\/script>\n<!-- \/ Yoast SEO plugin. -->","yoast_head_json":{"title":"22Bet Partners ortakl\u0131k program\u0131 \u2714\ufe0f gelir payla\u015f\u0131m\u0131","description":"22Bet Partners'a kat\u0131l\u0131n \u2705 'ye varan RevShare veya CPA kazan\u0131n, spor ve casino b\u00f6l\u00fcmlerine oyuncu \u00e7ekin. Haftal\u0131k \u00f6demeler, pazarlama materyalleri ve destek.","robots":{"index":"index","follow":"follow","max-snippet":"max-snippet:-1","max-image-preview":"max-image-preview:large","max-video-preview":"max-video-preview:-1"},"canonical":"https:\/\/22bet.spot\/tj\/affiliate\/","og_locale":"tg_TJ","og_type":"article","og_title":"22Bet Partners ortakl\u0131k program\u0131 \u2714\ufe0f gelir payla\u015f\u0131m\u0131","og_description":"22Bet Partners'a kat\u0131l\u0131n \u2705 'ye varan RevShare veya CPA kazan\u0131n, spor ve casino b\u00f6l\u00fcmlerine oyuncu \u00e7ekin. Haftal\u0131k \u00f6demeler, pazarlama materyalleri ve destek.","og_url":"https:\/\/22bet.spot\/tj\/affiliate\/","og_site_name":"22Bet Sport tj","article_modified_time":"2026-04-23T18:12:08+00:00","twitter_card":"summary_large_image","schema":{"@context":"https:\/\/schema.org","@graph":[{"@type":"WebPage","@id":"https:\/\/22bet.spot\/tj\/affiliate\/","url":"https:\/\/22bet.spot\/tj\/affiliate\/","name":"22Bet Partners ortakl\u0131k program\u0131 \u2714\ufe0f gelir payla\u015f\u0131m\u0131","isPartOf":{"@id":"https:\/\/22bet.spot\/tj\/#website"},"datePublished":"2026-01-18T06:10:57+00:00","dateModified":"2026-04-23T18:12:08+00:00","description":"22Bet Partners'a kat\u0131l\u0131n \u2705 'ye varan RevShare veya CPA kazan\u0131n, spor ve casino b\u00f6l\u00fcmlerine oyuncu \u00e7ekin. Haftal\u0131k \u00f6demeler, pazarlama materyalleri ve destek.","breadcrumb":{"@id":"https:\/\/22bet.spot\/tj\/affiliate\/#breadcrumb"},"inLanguage":"tg-TJ","potentialAction":[{"@type":"ReadAction","target":["https:\/\/22bet.spot\/tj\/affiliate\/"]}]},{"@type":"BreadcrumbList","@id":"https:\/\/22bet.spot\/tj\/affiliate\/#breadcrumb","itemListElement":[{"@type":"ListItem","position":1,"name":"Home","item":"https:\/\/22bet.spot\/tj\/"},{"@type":"ListItem","position":2,"name":"\u04b2\u0430\u043c\u043a\u043e\u0440"}]},{"@type":"WebSite","@id":"https:\/\/22bet.spot\/tj\/#website","url":"https:\/\/22bet.spot\/tj\/","name":"22Bet Sport tj","description":"","potentialAction":[{"@type":"SearchAction","target":{"@type":"EntryPoint","urlTemplate":"https:\/\/22bet.spot\/tj\/?s={search_term_string}"},"query-input":{"@type":"PropertyValueSpecification","valueRequired":true,"valueName":"search_term_string"}}],"inLanguage":"tg-TJ"}]}},"_links":{"self":[{"href":"https:\/\/22bet.spot\/tj\/wp-json\/wp\/v2\/pages\/1114","targetHints":{"allow":["GET"]}}],"collection":[{"href":"https:\/\/22bet.spot\/tj\/wp-json\/wp\/v2\/pages"}],"about":[{"href":"https:\/\/22bet.spot\/tj\/wp-json\/wp\/v2\/types\/page"}],"author":[{"embeddable":true,"href":"https:\/\/22bet.spot\/tj\/wp-json\/wp\/v2\/users\/1"}],"replies":[{"embeddable":true,"href":"https:\/\/22bet.spot\/tj\/wp-json\/wp\/v2\/comments?post=1114"}],"version-history":[{"count":5,"href":"https:\/\/22bet.spot\/tj\/wp-json\/wp\/v2\/pages\/1114\/revisions"}],"predecessor-version":[{"id":1212,"href":"https:\/\/22bet.spot\/tj\/wp-json\/wp\/v2\/pages\/1114\/revisions\/1212"}],"wp:attachment":[{"href":"https:\/\/22bet.spot\/tj\/wp-json\/wp\/v2\/media?parent=1114"}],"curies":[{"name":"wp","href":"https:\/\/api.w.org\/{rel}","templated":true}]}}